{"id":3,"date":"2010-04-06T11:12:51","date_gmt":"2010-04-06T15:12:51","guid":{"rendered":"http:\/\/gobierno.udd.cl\/programa-gestion-politicas-educativas\/proyectos\/"},"modified":"2012-11-28T16:19:37","modified_gmt":"2012-11-28T19:19:37","slug":"proyectos-y-capacitacion","status":"publish","type":"page","link":"https:\/\/gobierno.udd.cl\/programa-gestion-politicas-educativas\/proyectos-y-capacitacion\/","title":{"rendered":"PROYECTOS Y CAPACITACI\u00d3N 2011-2012"},"content":{"rendered":"<p><strong>I. Municipalidad de Recoleta \u2013 Asesor\u00eda T\u00e9cnica Educativa <\/strong><\/p>\n<p>Objetivo General:<\/p>\n<p>Implementar, monitorear y evaluar las acciones presentadas en los Planes de Mejoramiento de las escuelas municipales de Recoleta adscritas a la Ley SEP, con el objeto de mejorar efectivamente la calidad de la educaci\u00f3n impartida en \u00e9stas. Adem\u00e1s, se elaborar\u00e1 el Plan de Mejoramiento del a\u00f1o 2010 con las metas anuales correspondientes.<\/p>\n<p><strong>II. Municipalidad de La Reina \u2013 Asesor\u00eda T\u00e9cnica Educativa<\/strong><\/p>\n<p>Objetivos Generales:<\/p>\n<p>Adquirir herramientas te\u00f3rico pr\u00e1cticas para fortalecer las competencias claves que se requieren en el desempe\u00f1o de la gesti\u00f3n pedag\u00f3gica y curricular.<\/p>\n<p>Prestar Asistencia T\u00e9cnica y Capacitaci\u00f3n para Elaborar la Pol\u00edtica Comunal de Educaci\u00f3n, PADEM Y PEI.<\/p>\n<p><strong>III. Municipalidad de Vitacura\u00a0 \u2013 Asesor\u00eda T\u00e9cnica Educativa<\/strong><\/p>\n<p>Objetivo General:<\/p>\n<p>Consolidar la desconcentraci\u00f3n de la gesti\u00f3n Educacional para mejorar la calidad de los Procesos Educativos de los colegios Municipales de Vitacura, con el fin de mejorar la gesti\u00f3n Educacional, hacer m\u00e1s eficiente la utilizaci\u00f3n de los recursos para obtener m\u00e1s y mejores aprendizajes para los alumnos.<\/p>\n","protected":false},"excerpt":{"rendered":"<p>I. Municipalidad de Recoleta \u2013 Asesor\u00eda T\u00e9cnica Educativa Objetivo General: Implementar, monitorear y evaluar las acciones presentadas en los Planes de Mejoramiento de las escuelas municipales de Recoleta adscritas a la Ley SEP, con el objeto de mejorar efectivamente la calidad de la educaci\u00f3n impartida en \u00e9stas. Adem\u00e1s, se elaborar\u00e1 el Plan de Mejoramiento del [&hellip;]<\/p>\n","protected":false},"author":1,"featured_media":0,"parent":0,"menu_order":0,"comment_status":"open","ping_status":"open","template":"","meta":{"footnotes":""},"class_list":["post-3","page","type-page","status-publish","hentry"],"_links":{"self":[{"href":"https:\/\/gobierno.udd.cl\/programa-gestion-politicas-educativas\/wp-json\/wp\/v2\/pages\/3","targetHints":{"allow":["GET"]}}],"collection":[{"href":"https:\/\/gobierno.udd.cl\/programa-gestion-politicas-educativas\/wp-json\/wp\/v2\/pages"}],"about":[{"href":"https:\/\/gobierno.udd.cl\/programa-gestion-politicas-educativas\/wp-json\/wp\/v2\/types\/page"}],"author":[{"embeddable":true,"href":"https:\/\/gobierno.udd.cl\/programa-gestion-politicas-educativas\/wp-json\/wp\/v2\/users\/1"}],"replies":[{"embeddable":true,"href":"https:\/\/gobierno.udd.cl\/programa-gestion-politicas-educativas\/wp-json\/wp\/v2\/comments?post=3"}],"version-history":[{"count":6,"href":"https:\/\/gobierno.udd.cl\/programa-gestion-politicas-educativas\/wp-json\/wp\/v2\/pages\/3\/revisions"}],"predecessor-version":[{"id":91,"href":"https:\/\/gobierno.udd.cl\/programa-gestion-politicas-educativas\/wp-json\/wp\/v2\/pages\/3\/revisions\/91"}],"wp:attachment":[{"href":"https:\/\/gobierno.udd.cl\/programa-gestion-politicas-educativas\/wp-json\/wp\/v2\/media?parent=3"}],"curies":[{"name":"wp","href":"https:\/\/api.w.org\/{rel}","templated":true}]}}