{"id":11,"date":"2010-04-06T11:12:51","date_gmt":"2010-04-06T15:12:51","guid":{"rendered":"http:\/\/gobierno.udd.cl\/programa-gestion-politicas-educativas\/sobre-el-centro\/convenios-y-alianzas\/"},"modified":"2012-11-28T16:17:56","modified_gmt":"2012-11-28T19:17:56","slug":"convenios-y-alianzas","status":"publish","type":"page","link":"https:\/\/gobierno.udd.cl\/programa-gestion-politicas-educativas\/convenios-y-alianzas\/","title":{"rendered":"Convenios y alianzas"},"content":{"rendered":"<p><strong>ALIANZA ESTRAT\u00c9GICA<\/strong><\/p>\n<p>Con la finalidad de entregar un servicio de primera calidad, la Universidad del Desarrollo ha formado una alianza estrat\u00e9gica con El Centro Nacional de Productividad y Calidad, ChileCalidad, instituci\u00f3n que ha desarrollado con \u00e9xito modelos de gesti\u00f3n de excelencia.\u00a0 En este contexto, Chilecalidad ha desarrollado un Sistema de Acreditaci\u00f3n de la Calidad del Servicio de Salas Cuna y Jardines Infantiles, es por esto, que su participaci\u00f3n en este programa, aportar\u00e1 a ofrecer un servicio moderno e innovador.<\/p>\n<p><strong> <\/strong><\/p>\n<p><strong>Chile Calidad<\/strong><\/p>\n<p>El Centro Nacional de Productividad y Calidad, ChileCalidad opera desde 1996 como un Comit\u00e9 de la Corporaci\u00f3n de Fomento de la Producci\u00f3n, CORFO, siendo un espacio de colaboraci\u00f3n tripartita entre trabajadores, empresarios y servidores p\u00fablicos para enfrentar los desaf\u00edos competitivos del pa\u00eds. ChileCalidad es una entidad que busca ser referente y promotor de la gesti\u00f3n de excelencia dentro de las organizaciones.\u00a0 Para ello, establece alianzas con otras instituciones del mundo p\u00fablico y privado, al mismo tiempo que genera redes para construir una masa cr\u00edtica de organizaciones que utilicen el Modelo de Excelencia como sistema para mejorar sus resultados.<\/p>\n<p><strong>Misi\u00f3n, Valores, Clientes y Mapa Estrat\u00e9gico<\/strong><\/p>\n<p>ChileCalidad tiene como misi\u00f3n promover en el pa\u00eds un movimiento por la mejora continua y la innovaci\u00f3n en la gesti\u00f3n organizacional de empresas y servicios p\u00fablicos, mejorando significativamente su calidad, productividad y relaciones laborales. Para eso, promueve y apoya la aplicaci\u00f3n de modelos, herramientas y pr\u00e1cticas que han demostrado su eficacia y eficiencia en organizaciones exitosas en todo el mundo.<\/p>\n","protected":false},"excerpt":{"rendered":"<p>Convenios con distintas instituciones.<\/p>\n","protected":false},"author":1,"featured_media":0,"parent":0,"menu_order":30,"comment_status":"open","ping_status":"open","template":"","meta":{"footnotes":""},"class_list":["post-11","page","type-page","status-publish","hentry"],"_links":{"self":[{"href":"https:\/\/gobierno.udd.cl\/programa-gestion-politicas-educativas\/wp-json\/wp\/v2\/pages\/11","targetHints":{"allow":["GET"]}}],"collection":[{"href":"https:\/\/gobierno.udd.cl\/programa-gestion-politicas-educativas\/wp-json\/wp\/v2\/pages"}],"about":[{"href":"https:\/\/gobierno.udd.cl\/programa-gestion-politicas-educativas\/wp-json\/wp\/v2\/types\/page"}],"author":[{"embeddable":true,"href":"https:\/\/gobierno.udd.cl\/programa-gestion-politicas-educativas\/wp-json\/wp\/v2\/users\/1"}],"replies":[{"embeddable":true,"href":"https:\/\/gobierno.udd.cl\/programa-gestion-politicas-educativas\/wp-json\/wp\/v2\/comments?post=11"}],"version-history":[{"count":4,"href":"https:\/\/gobierno.udd.cl\/programa-gestion-politicas-educativas\/wp-json\/wp\/v2\/pages\/11\/revisions"}],"predecessor-version":[{"id":89,"href":"https:\/\/gobierno.udd.cl\/programa-gestion-politicas-educativas\/wp-json\/wp\/v2\/pages\/11\/revisions\/89"}],"wp:attachment":[{"href":"https:\/\/gobierno.udd.cl\/programa-gestion-politicas-educativas\/wp-json\/wp\/v2\/media?parent=11"}],"curies":[{"name":"wp","href":"https:\/\/api.w.org\/{rel}","templated":true}]}}