{"id":8,"date":"2010-04-06T10:13:53","date_gmt":"2010-04-06T14:13:53","guid":{"rendered":"http:\/\/gobierno.udd.cl\/estudio-rrii\/sobre-el-centro\/mision\/"},"modified":"2025-03-10T11:12:26","modified_gmt":"2025-03-10T14:12:26","slug":"descripcion","status":"publish","type":"page","link":"https:\/\/gobierno.udd.cl\/estudio-rrii\/sobre-el-programa\/descripcion\/","title":{"rendered":"Sobre el CERI"},"content":{"rendered":"<section class=\"wp-block-udd-text-row block--bg-gray\">\n\t<div class=\"text-row\">\n\t\t<div class=\"text-row__content\">\n\t\t\t<div class=\"text-row__content-inner text\">\n\t\t\t\t\t\t\t\t\n<p>La creciente globalizaci\u00f3n y la inserci\u00f3n internacional de nuestro pa\u00eds, especialmente a trav\u00e9s de la firma de los TLCs y participaci\u00f3n en organismos internacionales, obligan a realizar un profundo an\u00e1lisis de estas realidades mediante una \u00f3ptica del estudio de las relaciones internacionales.<\/p>\n\n<p>Este centro busca ser una entidad que lidere la reflexi\u00f3n, an\u00e1lisis y debate. Se estudiar\u00e1 la din\u00e1mica internacional, los efectos de la globalizaci\u00f3n en las pol\u00edticas exteriores implementadas por los Estados, y los cambios recientes del Sistema Internacional, principalmente la inserci\u00f3n de China. <br><\/p>\n\t\t\t<\/div>\n\t\t<\/div>\n\t\t<div class=\"text-row__media\">\n\t\t\t<img loading=\"lazy\" decoding=\"async\" width=\"952\" height=\"534\" src=\"https:\/\/gobierno.udd.cl\/estudio-rrii\/files\/2020\/09\/pexels-nastyasensei-335393-680x382.jpg\" class=\"text-row__media-image lazyload\" alt=\"\" sizes=\"auto, (max-width: 952px) 100vw, 952px\" data-src=\"https:\/\/gobierno.udd.cl\/estudio-rrii\/files\/2020\/09\/pexels-nastyasensei-335393-952x534.jpg\" data-srcset=\"https:\/\/gobierno.udd.cl\/estudio-rrii\/files\/2020\/09\/pexels-nastyasensei-335393-952x534.jpg 952w, https:\/\/gobierno.udd.cl\/estudio-rrii\/files\/2020\/09\/pexels-nastyasensei-335393-1366x768.jpg 1366w, https:\/\/gobierno.udd.cl\/estudio-rrii\/files\/2020\/09\/pexels-nastyasensei-335393-680x382.jpg 680w\" \/>\t\t<\/div>\n\t<\/div>\n<\/section>\n\n\n<!-- WP Block: UDD - People -->\n<section class=\"wp-block-udd-people \">\n\t<div class=\"container\">\n\t\t\t\t<header class=\"block__header\">\n\t\t\t\t\t\t\t\n<h2 class=\"wp-block-heading\">equipo<\/h2>\n\t\t\t\t\t\t\t\t<\/header>\n\t\t\t\t<div class=\"people-cards\">\n\t\t\t\t\t<div class=\"person-card\">\n\t<a href=\"https:\/\/gobierno.udd.cl\/estudio-rrii\/persona\/yun-tso-lee-c\/\"\n\t\tclass=\"person-card__inner js-person-modal\"\n\t\tdata-post-id=\"461\"\n\t\tdata-postid=\"461\"\n\t>\n\t\t\t<div class=\"person-card__media\">\n\t\t\t<img loading=\"lazy\" decoding=\"async\" width=\"500\" height=\"500\" src=\"https:\/\/gobierno.udd.cl\/estudio-rrii\/files\/2020\/09\/dsc_4029-1-62x62.jpg\" class=\"person-card__image wp-post-image lazyload\" alt=\"\" sizes=\"auto, (max-width: 500px) 100vw, 500px\" data-src=\"https:\/\/gobierno.udd.cl\/estudio-rrii\/files\/2020\/09\/dsc_4029-1-500x500.jpg\" data-srcset=\"https:\/\/gobierno.udd.cl\/estudio-rrii\/files\/2020\/09\/dsc_4029-1-500x500.jpg 500w, https:\/\/gobierno.udd.cl\/estudio-rrii\/files\/2020\/09\/dsc_4029-1-300x300.jpg 300w, https:\/\/gobierno.udd.cl\/estudio-rrii\/files\/2020\/09\/dsc_4029-1-1024x1024.jpg 1024w, https:\/\/gobierno.udd.cl\/estudio-rrii\/files\/2020\/09\/dsc_4029-1-150x150.jpg 150w, https:\/\/gobierno.udd.cl\/estudio-rrii\/files\/2020\/09\/dsc_4029-1-768x768.jpg 768w, https:\/\/gobierno.udd.cl\/estudio-rrii\/files\/2020\/09\/dsc_4029-1-62x62.jpg 62w, https:\/\/gobierno.udd.cl\/estudio-rrii\/files\/2020\/09\/dsc_4029-1-1536x1536.jpg 1536w, https:\/\/gobierno.udd.cl\/estudio-rrii\/files\/2020\/09\/dsc_4029-1-750x750.jpg 750w, https:\/\/gobierno.udd.cl\/estudio-rrii\/files\/2020\/09\/dsc_4029-1-250x250.jpg 250w, https:\/\/gobierno.udd.cl\/estudio-rrii\/files\/2020\/09\/dsc_4029-1-126x126.jpg 126w, https:\/\/gobierno.udd.cl\/estudio-rrii\/files\/2020\/09\/dsc_4029-1.jpg 2000w\" \/>\t\t<\/div>\n\t\t\t<div class=\"person-card__content\">\n\t\t\t<h3 class=\"person-card__name\">Yun-Tso  Lee C.<\/h3>\n\t\t\t\t\t<span class=\"person-card__description\">Director Centro de Estudios de Relaciones Internacionales<\/span>\n\t\t\t\t\t<span class=\"person-card__cta\">Ver perfil<\/span>\n\t\t<\/div>\n\t<\/a>\n<\/div>\n\t\t\t\t\t<div class=\"person-card\">\n\t<a href=\"https:\/\/gobierno.udd.cl\/estudio-rrii\/persona\/isabel-rodriguez-aranda\/\"\n\t\tclass=\"person-card__inner js-person-modal\"\n\t\tdata-post-id=\"473\"\n\t\tdata-postid=\"473\"\n\t>\n\t\t\t<div class=\"person-card__media\">\n\t\t\t<img loading=\"lazy\" decoding=\"async\" width=\"500\" height=\"500\" src=\"https:\/\/gobierno.udd.cl\/estudio-rrii\/files\/2020\/09\/dsc_4017-1-62x62.jpg\" class=\"person-card__image wp-post-image lazyload\" alt=\"\" sizes=\"auto, (max-width: 500px) 100vw, 500px\" data-src=\"https:\/\/gobierno.udd.cl\/estudio-rrii\/files\/2020\/09\/dsc_4017-1-500x500.jpg\" data-srcset=\"https:\/\/gobierno.udd.cl\/estudio-rrii\/files\/2020\/09\/dsc_4017-1-500x500.jpg 500w, https:\/\/gobierno.udd.cl\/estudio-rrii\/files\/2020\/09\/dsc_4017-1-300x300.jpg 300w, https:\/\/gobierno.udd.cl\/estudio-rrii\/files\/2020\/09\/dsc_4017-1-1024x1024.jpg 1024w, https:\/\/gobierno.udd.cl\/estudio-rrii\/files\/2020\/09\/dsc_4017-1-150x150.jpg 150w, https:\/\/gobierno.udd.cl\/estudio-rrii\/files\/2020\/09\/dsc_4017-1-768x768.jpg 768w, https:\/\/gobierno.udd.cl\/estudio-rrii\/files\/2020\/09\/dsc_4017-1-62x62.jpg 62w, https:\/\/gobierno.udd.cl\/estudio-rrii\/files\/2020\/09\/dsc_4017-1-1536x1536.jpg 1536w, https:\/\/gobierno.udd.cl\/estudio-rrii\/files\/2020\/09\/dsc_4017-1-750x750.jpg 750w, https:\/\/gobierno.udd.cl\/estudio-rrii\/files\/2020\/09\/dsc_4017-1-250x250.jpg 250w, https:\/\/gobierno.udd.cl\/estudio-rrii\/files\/2020\/09\/dsc_4017-1-126x126.jpg 126w, https:\/\/gobierno.udd.cl\/estudio-rrii\/files\/2020\/09\/dsc_4017-1.jpg 2000w\" \/>\t\t<\/div>\n\t\t\t<div class=\"person-card__content\">\n\t\t\t<h3 class=\"person-card__name\">Isabel  Rodr\u00edguez<\/h3>\n\t\t\t\t\t<span class=\"person-card__description\">Directora Carrera Ciencia Pol\u00edtica y Pol\u00edticas P\u00fablicas.<\/span>\n\t\t\t\t\t<span class=\"person-card__cta\">Ver perfil<\/span>\n\t\t<\/div>\n\t<\/a>\n<\/div>\n\t\t\t\t\t<div class=\"person-card\">\n\t<a href=\"https:\/\/gobierno.udd.cl\/estudio-rrii\/persona\/juan-pablo-sims\/\"\n\t\tclass=\"person-card__inner js-person-modal\"\n\t\tdata-post-id=\"3058\"\n\t\tdata-postid=\"3058\"\n\t>\n\t\t\t<div class=\"person-card__media\">\n\t\t\t<img loading=\"lazy\" decoding=\"async\" width=\"500\" height=\"500\" src=\"https:\/\/gobierno.udd.cl\/estudio-rrii\/files\/2022\/08\/Retratos_IMG_9554-62x62.jpg\" class=\"person-card__image wp-post-image lazyload\" alt=\"\" sizes=\"auto, (max-width: 500px) 100vw, 500px\" data-src=\"https:\/\/gobierno.udd.cl\/estudio-rrii\/files\/2022\/08\/Retratos_IMG_9554-500x500.jpg\" data-srcset=\"https:\/\/gobierno.udd.cl\/estudio-rrii\/files\/2022\/08\/Retratos_IMG_9554-500x500.jpg 500w, https:\/\/gobierno.udd.cl\/estudio-rrii\/files\/2022\/08\/Retratos_IMG_9554-150x150.jpg 150w, https:\/\/gobierno.udd.cl\/estudio-rrii\/files\/2022\/08\/Retratos_IMG_9554-62x62.jpg 62w, https:\/\/gobierno.udd.cl\/estudio-rrii\/files\/2022\/08\/Retratos_IMG_9554-750x750.jpg 750w, https:\/\/gobierno.udd.cl\/estudio-rrii\/files\/2022\/08\/Retratos_IMG_9554-250x250.jpg 250w, https:\/\/gobierno.udd.cl\/estudio-rrii\/files\/2022\/08\/Retratos_IMG_9554-126x126.jpg 126w\" \/>\t\t<\/div>\n\t\t\t<div class=\"person-card__content\">\n\t\t\t<h3 class=\"person-card__name\">Juan Pablo Sims<\/h3>\n\t\t\t\t\t<span class=\"person-card__description\">Investigador Centro de Estudios de Relaciones Internacionales (CERI)<\/span>\n\t\t\t\t\t<span class=\"person-card__cta\">Ver perfil<\/span>\n\t\t<\/div>\n\t<\/a>\n<\/div>\n\t\t\t\t<\/div>\n\t<\/div>\n<\/section>\n","protected":false},"excerpt":{"rendered":"<p>Conoce el Programa de Estudios en Relaciones Internacionales.<\/p>\n","protected":false},"author":1,"featured_media":0,"parent":7,"menu_order":0,"comment_status":"open","ping_status":"open","template":"","meta":{"footnotes":""},"class_list":["post-8","page","type-page","status-publish","hentry"],"_links":{"self":[{"href":"https:\/\/gobierno.udd.cl\/estudio-rrii\/wp-json\/wp\/v2\/pages\/8","targetHints":{"allow":["GET"]}}],"collection":[{"href":"https:\/\/gobierno.udd.cl\/estudio-rrii\/wp-json\/wp\/v2\/pages"}],"about":[{"href":"https:\/\/gobierno.udd.cl\/estudio-rrii\/wp-json\/wp\/v2\/types\/page"}],"author":[{"embeddable":true,"href":"https:\/\/gobierno.udd.cl\/estudio-rrii\/wp-json\/wp\/v2\/users\/1"}],"replies":[{"embeddable":true,"href":"https:\/\/gobierno.udd.cl\/estudio-rrii\/wp-json\/wp\/v2\/comments?post=8"}],"version-history":[{"count":41,"href":"https:\/\/gobierno.udd.cl\/estudio-rrii\/wp-json\/wp\/v2\/pages\/8\/revisions"}],"predecessor-version":[{"id":3207,"href":"https:\/\/gobierno.udd.cl\/estudio-rrii\/wp-json\/wp\/v2\/pages\/8\/revisions\/3207"}],"up":[{"embeddable":true,"href":"https:\/\/gobierno.udd.cl\/estudio-rrii\/wp-json\/wp\/v2\/pages\/7"}],"wp:attachment":[{"href":"https:\/\/gobierno.udd.cl\/estudio-rrii\/wp-json\/wp\/v2\/media?parent=8"}],"curies":[{"name":"wp","href":"https:\/\/api.w.org\/{rel}","templated":true}]}}