{"id":638,"date":"2014-06-03T17:34:15","date_gmt":"2014-06-03T21:34:15","guid":{"rendered":"http:\/\/gobierno.udd.cl\/estudio-rrii\/?page_id=638"},"modified":"2016-01-20T20:44:02","modified_gmt":"2016-01-20T23:44:02","slug":"investigadores-visitantes","status":"publish","type":"page","link":"https:\/\/gobierno.udd.cl\/estudio-rrii\/investigacion-y-publicaciones\/investigadores-visitantes\/","title":{"rendered":"Investigadores visitantes"},"content":{"rendered":"<p style=\"text-align: justify;\"><strong>INVESTIGADORES VISITANTES<\/strong><\/p>\n<ul style=\"text-align: justify;\">\n<li>Visita de Romer Cornejo, profesor del \u00a0Centro de Estudios de Asia y \u00c1frica, de El Colegio de M\u00e9xico, a la Faculta de Gobierno de la Universidad del Desarrollo, el 3 de noviembre de 2015. Romer expuso ante estudiantes de la universidad sobre El Sistema Pol\u00edtico Chino.<\/li>\n<li>El Director del CERI, Yun-Tso Lee, junto al Decano de la Facultad de Gobierno, Eugenio Guzm\u00e1n, visitaron durante el mes de octubre de 2015 la Academia China de Ciencia Sociales, en Beijing, para firmar un acuerdo marco para desarrollar una agenda de investigaci\u00f3n sobre tendencias sociales en Am\u00e9rica Latina, particularmente en Chile.<\/li>\n<li>El Director del CERI, Yun-Tso Lee, junto al Decano de la Facultad de Gobierno, Eugenio Guzm\u00e1n, visitaron el 15 de octubre de 2015 la Universidad <a href=\"http:\/\/www.chula.ac.th\/en\/\" target=\"_blank\"><b>Chulalongkom University<\/b><\/a><b>,<\/b> reconocida como la segunda mejor universidad de Tailandia, para establecer las bases para la firma de un acuerdo marco de cooperaci\u00f3n en investigaci\u00f3n e intercambio de profesores entre ambas facultades (<a href=\"https:\/\/es.wikipedia.org\/wiki\/Memor%C3%A1ndum_de_entendimiento\" target=\"_blank\">Memorandum of Understandig<\/a>, MOU).<\/li>\n<li>La investigadora del CERI, Isabel Rodr\u00edguez, visit\u00f3 en agosto de 2015 el Colegio de Estudios Superiores de la Administraci\u00f3n de Colombia, CESA, para presentar su libro \u201cPerspectivas y Oportunidades de la Alianza del Pac\u00edfico\u201d, en coedici\u00f3n con Edgar Vieira, Director del CEGLI. Con el mismo objetivo, la investigadora visit\u00f3 el Departamento de Estudios del Pac\u00edfico de la Universidad de Guadalajara, M\u00e9xico, el 21 al 25 de septiembre del mismo a\u00f1o.<\/li>\n<li>Visita de la investigadora Isabel Rodr\u00edguez a FLACSO M\u00e9xico en abril de 2014 para participar en la publicaci\u00f3n del libro China en Am\u00e9rica Latina: relaci\u00f3n estrat\u00e9gica en un mundo en transformaci\u00f3n en septiembre de 2014. Este Proyecto es financiado por la Secretar\u00eda General de FLACSO y el Banco de Desarrollo de Am\u00e9rica Latina (CAF).<\/li>\n<\/ul>\n<ul style=\"text-align: justify;\">\n<li>Visita de investigadores de la Southwest University of Science and Technology de China, en modalidad pasant\u00eda de investigaci\u00f3n durante el a\u00f1o 2014 en el CERI: Professor Chen Wenjun, Phd Economics; Associate Professor Yunan Yang MA Economics; y Associate Professor Li Renfang, MA Management.<\/li>\n<\/ul>\n<ul style=\"text-align: justify;\">\n<li>Estancia de investigaci\u00f3n del Director del CERI, Yun Tso Lee, en la Academia China de Ciencias Sociales (CASS) de Beijing, China, en el mes de abril de 2014.<\/li>\n<\/ul>\n<ul style=\"text-align: justify;\">\n<li>Visita de Edgar Vieira Posada, Coordinador del CEGLI, en enero de 2013, a la Universidad del Desarrollo para la presentaci\u00f3n de su libro \u201cLa globalizaci\u00f3n en un mundo en transformaci\u00f3n\u201d (Ediciones CESA, 2012) el marco de las actividades acad\u00e9micas del CERI.<\/li>\n<\/ul>\n<ul style=\"text-align: justify;\">\n<li>Visita del Director del CERI, Yun Tso Lee, al CICIR de China en enero de 2013 en el marco del Conicyt N\u00b0 120043 sobre Redes Internacionales adjudicado por el CERI el a\u00f1o 2012, con el fin de realizar una estad\u00eda en dicha instituci\u00f3n, una de las modalidades de vinculaci\u00f3n comprometidas.<\/li>\n<\/ul>\n<ul style=\"text-align: justify;\">\n<li>Colaboraci\u00f3n con el Departamento de Ciencia Pol\u00edtica y de la Administraci\u00f3n II\u00a0de la Facultad de Ciencias Pol\u00edticas y Sociolog\u00eda de la Universidad Complutense de Madrid que se concreta en la estancia de investigaci\u00f3n en el CERI de Chile de la investigadora Consuelo Laiz Castro de la UCM en septiembre de 2013.<\/li>\n<\/ul>\n<ul style=\"text-align: justify;\">\n<li>Visita de la investigadora y doctoranda del CERI, Natalia Lizama, al CICIR de China en enero de 2013 en el marco del Conicyt N\u00b0 120043 sobre Redes Internacionales adjudicado por el CERI el a\u00f1o 2012, con el fin de realizar una pasant\u00eda de perfeccionamiento en dicha instituci\u00f3n, otra de las modalidades de vinculaci\u00f3n comprometidas.<\/li>\n<\/ul>\n<ul style=\"text-align: justify;\">\n<li>Visita del acad\u00e9mico Boris Martinov, Vice-Director del Instituto de Am\u00e9rica Latina de Rusia, miembro del Consejo Cient\u00edfico del Consejo de Seguridad de Rusia y del Consejo Cient\u00edfico del Consejo de la Federaci\u00f3n del Parlamento Ruso. Su charla, realizada el 19 de abril de 2013 en el CERI, trat\u00f3 sobre \u201cLas relaciones de Rusia con Latinoam\u00e9rica: paradigma BRICS\u201d.<\/li>\n<\/ul>\n<ul>\n<li style=\"text-align: justify;\">Visita de la investigadora Pamela Ar\u00f3stica de la Freie Universit\u00e4t Berlin en Alemania y Becaria del German Academic Exchange Service (DAAD), el 3 de mayo de 2013. Su charla en el CERI fue sobre \u201cNuevos Espacios de Interacci\u00f3n en la Relaci\u00f3n China &#8211; Am\u00e9rica Latina\u201c.<\/li>\n<\/ul>\n","protected":false},"excerpt":{"rendered":"<p>INVESTIGADORES VISITANTES Visita de Romer Cornejo, profesor del \u00a0Centro de Estudios de Asia y \u00c1frica, de El Colegio de M\u00e9xico, a la Faculta de Gobierno de la Universidad del Desarrollo, el 3 de noviembre de 2015. Romer expuso ante estudiantes de la universidad sobre El Sistema Pol\u00edtico Chino. El Director del CERI, Yun-Tso Lee, junto [&hellip;]<\/p>\n","protected":false},"author":22,"featured_media":0,"parent":615,"menu_order":5,"comment_status":"open","ping_status":"open","template":"","meta":{"footnotes":""},"class_list":["post-638","page","type-page","status-publish","hentry"],"_links":{"self":[{"href":"https:\/\/gobierno.udd.cl\/estudio-rrii\/wp-json\/wp\/v2\/pages\/638","targetHints":{"allow":["GET"]}}],"collection":[{"href":"https:\/\/gobierno.udd.cl\/estudio-rrii\/wp-json\/wp\/v2\/pages"}],"about":[{"href":"https:\/\/gobierno.udd.cl\/estudio-rrii\/wp-json\/wp\/v2\/types\/page"}],"author":[{"embeddable":true,"href":"https:\/\/gobierno.udd.cl\/estudio-rrii\/wp-json\/wp\/v2\/users\/22"}],"replies":[{"embeddable":true,"href":"https:\/\/gobierno.udd.cl\/estudio-rrii\/wp-json\/wp\/v2\/comments?post=638"}],"version-history":[{"count":5,"href":"https:\/\/gobierno.udd.cl\/estudio-rrii\/wp-json\/wp\/v2\/pages\/638\/revisions"}],"predecessor-version":[{"id":1535,"href":"https:\/\/gobierno.udd.cl\/estudio-rrii\/wp-json\/wp\/v2\/pages\/638\/revisions\/1535"}],"up":[{"embeddable":true,"href":"https:\/\/gobierno.udd.cl\/estudio-rrii\/wp-json\/wp\/v2\/pages\/615"}],"wp:attachment":[{"href":"https:\/\/gobierno.udd.cl\/estudio-rrii\/wp-json\/wp\/v2\/media?parent=638"}],"curies":[{"name":"wp","href":"https:\/\/api.w.org\/{rel}","templated":true}]}}