{"id":633,"date":"2014-06-03T17:32:28","date_gmt":"2014-06-03T21:32:28","guid":{"rendered":"http:\/\/gobierno.udd.cl\/estudio-rrii\/?page_id=633"},"modified":"2020-04-14T16:31:20","modified_gmt":"2020-04-14T20:31:20","slug":"articulos-indexados","status":"publish","type":"page","link":"https:\/\/gobierno.udd.cl\/estudio-rrii\/investigacion-y-publicaciones\/articulos-indexados\/","title":{"rendered":"Art\u00edculos Indexados"},"content":{"rendered":"\n<ul class=\"wp-block-list\"><li style=\"text-align: justify;\"><strong><span style=\"color: #464646;\">Schmidt, F. (2017).<\/span><\/strong><span style=\"color: #464646;\">\u201cThe Causal Role of Ideas in Taiwan\u2019s Protectionist Agricultural Trade Policy\u201d,&nbsp;<em>Issues and Studies<\/em>, Vol 53. No. 3, SCOPUS<\/span><\/li><li style=\"text-align: justify;\"><strong><span style=\"color: #464646;\">Schmidt, F. (2017)<\/span><\/strong><b>.&nbsp;<\/b>\u201cEngaging Taiwan and Overcoming its Protectionism: An Analysis of the Case of Meat Trade\u201d,&nbsp;<em>Tamkang Journal of International Affairs<\/em>, Vol 21, Number 1, SCOPUS<\/li><li style=\"text-align: justify;\"><strong><span style=\"color: #464646;\">Schmidt, F. (2017)<\/span>. <\/strong>Understanding Taiwan\u2019s Agricultural Protectionism: Is the strong State argument still valid? Revista European<em> Journal Of East Asian Studies<\/em>, Volume 16. (Indexada en Scopus).<\/li><li style=\"text-align: justify;\"><strong><span style=\"color: #464646;\">Caro, I &amp; Rodr\u00edguez, I. (2016).<\/span><\/strong> El enfoque del di\u00e1logo civilizacional desde Am\u00e9rica Latina. Revista de <i>Relaciones Internacionales, Estrategia y Seguridad<\/i>, Volumen 11, N\u00b0 1, enero-junio 2016 (Indexada en ISI).<\/li><li style=\"text-align: justify;\"><span style=\"color: #464646;\"><strong>Rod<\/strong><\/span><span style=\"color: #464646;\"><strong>r\u00edguez, I. (2014).<\/strong><\/span> Nuevas Configuraciones Econ\u00f3micas en el Asia-Pac\u00edfico y sus consecuencias para Am\u00e9rica Latina: Desde APEC a la Alianza del Pac\u00edfico\u201d. Dados- Revista de Ci\u00eancias Sociais, Forthcoming. (Indexada en ISI).<\/li><li style=\"text-align: justify;\"><span style=\"color: #464646;\"><strong>Rodr\u00edguez, I. (2014).<\/strong><\/span> La pol\u00edtica exterior China desde el neorrealismo en las Relaciones Internacionales: un an\u00e1lisis de Brasil y Venezuela como \u201csocios estrat\u00e9gicos\u201d. Revista de Ciencias Sociales (RCS), Forthcoming. (Indexada en ISI).<\/li><li style=\"text-align: justify;\"><span style=\"color: #464646;\"><strong>Rodr\u00edguez, I. &amp; Leiva, D. (2013).<\/strong><\/span> El soft power en la pol\u00edtica exterior de china: Consecuencias para Am\u00e9rica Latina. Polis, Revista Latinoamericana 35. (Indexada en Scopus).<\/li><li style=\"text-align: justify;\"><span style=\"color: #464646;\"><strong>Lee, Y. T. &amp; Lizama, N. (2013).<\/strong><\/span> El multilateralismo ad hoc en las relaciones China-Am\u00e9rica Latina y el Caribe y las coaliciones sur-sur en las negociaciones de la OMC sobre el comercio agr\u00edcola. Revista de Relaciones Internacionales, Estrategia y Seguridad, Volumen 8, N\u00b0 2. (Indexada Scielo).<\/li><li style=\"text-align: justify;\"><span style=\"color: #464646;\"><strong>Rodr\u00edguez, I. (2011).<\/strong> <\/span>Los Desaf\u00edos a la Reunificaci\u00f3n de China y Taiw\u00e1n: la Ley Antisecesi\u00f3n (2005) y el Acuerdo Marco de Cooperaci\u00f3n Econ\u00f3mica (2010)\u201d. Revista Brasileira de Pol\u00edtica Internacional. N\u00ba 1\/2011 (Vol. 54 &#8211; No. 1).<\/li><\/ul>\n","protected":false},"excerpt":{"rendered":"<p>Schmidt, F. (2017).\u201cThe Causal Role of Ideas in Taiwan\u2019s Protectionist Agricultural Trade Policy\u201d,&nbsp;Issues and Studies, Vol 53. No. 3, SCOPUS Schmidt, F. (2017).&nbsp;\u201cEngaging Taiwan and Overcoming its Protectionism: An Analysis of the Case of Meat Trade\u201d,&nbsp;Tamkang Journal of International Affairs, Vol 21, Number 1, SCOPUS Schmidt, F. (2017). Understanding Taiwan\u2019s Agricultural Protectionism: Is the strong [&hellip;]<\/p>\n","protected":false},"author":22,"featured_media":0,"parent":615,"menu_order":3,"comment_status":"open","ping_status":"open","template":"","meta":{"footnotes":""},"class_list":["post-633","page","type-page","status-publish","hentry"],"_links":{"self":[{"href":"https:\/\/gobierno.udd.cl\/estudio-rrii\/wp-json\/wp\/v2\/pages\/633","targetHints":{"allow":["GET"]}}],"collection":[{"href":"https:\/\/gobierno.udd.cl\/estudio-rrii\/wp-json\/wp\/v2\/pages"}],"about":[{"href":"https:\/\/gobierno.udd.cl\/estudio-rrii\/wp-json\/wp\/v2\/types\/page"}],"author":[{"embeddable":true,"href":"https:\/\/gobierno.udd.cl\/estudio-rrii\/wp-json\/wp\/v2\/users\/22"}],"replies":[{"embeddable":true,"href":"https:\/\/gobierno.udd.cl\/estudio-rrii\/wp-json\/wp\/v2\/comments?post=633"}],"version-history":[{"count":14,"href":"https:\/\/gobierno.udd.cl\/estudio-rrii\/wp-json\/wp\/v2\/pages\/633\/revisions"}],"predecessor-version":[{"id":2916,"href":"https:\/\/gobierno.udd.cl\/estudio-rrii\/wp-json\/wp\/v2\/pages\/633\/revisions\/2916"}],"up":[{"embeddable":true,"href":"https:\/\/gobierno.udd.cl\/estudio-rrii\/wp-json\/wp\/v2\/pages\/615"}],"wp:attachment":[{"href":"https:\/\/gobierno.udd.cl\/estudio-rrii\/wp-json\/wp\/v2\/media?parent=633"}],"curies":[{"name":"wp","href":"https:\/\/api.w.org\/{rel}","templated":true}]}}