{"id":6,"date":"2010-04-06T10:13:53","date_gmt":"2010-04-06T14:13:53","guid":{"rendered":"http:\/\/gobierno.udd.cl\/estudio-rrii\/fondos-concursables\/"},"modified":"2020-09-23T15:23:57","modified_gmt":"2020-09-23T18:23:57","slug":"embajadores-del-futuro-2","status":"publish","type":"page","link":"https:\/\/gobierno.udd.cl\/estudio-rrii\/embajadores-del-futuro-2\/","title":{"rendered":"Embajadores del Futuro"},"content":{"rendered":"<!-- WP Block: UDD - Content Gallery -->\n<section class=\"wp-block-udd-content-gallery block--bg-gray\">\n\t<div class=\"content-gallery\">\n\t\t<main class=\"content-gallery__content\">\n\t\t\t<div class=\"content-gallery__content-inner\">\n\t\t\t\t<h2 class=\"block__title content-gallery__title\">Embajadores del Futuro<\/h2>\n\t\t\t\t<div class=\"text\">\n\t\t\t\t\t\n<p>Considerando que los cambios en la sociedad son el resultado de asociaciones, alianzas y encuentros, la UDD asume el desaf\u00edo de buscar nuevos convenios y crear iniciativas que fortalezcan las relaciones existentes. En este contexto, la Facultad de Gobierno junto a la Direcci\u00f3n de Asuntos Estudiantiles (DAE), ha desarrollado el programa&nbsp;<strong>\u201cEmbajadores del Futuro\u201d,<\/strong>&nbsp;iniciativa acad\u00e9mica dirigida a alumnos de pre y postgrado y Alumni UDD, que busca inculcar la importancia de las relaciones internacionales y da la oportunidad de conocer la situaci\u00f3n pol\u00edtica, econ\u00f3mica, social y cultural del continente asi\u00e1tico.&nbsp;<\/p>\n\n<p>\u00a1Pronto anunciaremos novedades de una pr\u00f3xima versi\u00f3n!<\/p>\n\t\t\t\t<\/div>\n\t\t\t<\/div>\n\t\t<\/main>\n\t\t<aside class=\"content-gallery__media\">\n\t\t\t<div id=\"gallery-carousel-b83bf6297a\" class=\"carousel slide carousel-gallery\" data-ride=\"carousel\" data-interval=\"false\">\n\t\t\t\t<div class=\"carousel-inner\" role=\"listbox\">\n\t\t\t\t\t\t\t\t\t\t\t<div class=\"carousel-item active\">\n\t\t\t\t\t\t\t<img loading=\"lazy\" decoding=\"async\" width=\"1366\" height=\"768\" src=\"https:\/\/gobierno.udd.cl\/estudio-rrii\/files\/2020\/09\/Embajadores-del-Futuro-680x382.jpg\" class=\"content-gallery__media-image lazyload\" alt=\"\" sizes=\"auto, (max-width: 1366px) 100vw, 1366px\" data-src=\"https:\/\/gobierno.udd.cl\/estudio-rrii\/files\/2020\/09\/Embajadores-del-Futuro-1366x768.jpg\" data-srcset=\"https:\/\/gobierno.udd.cl\/estudio-rrii\/files\/2020\/09\/Embajadores-del-Futuro-1366x768.jpg 1366w, https:\/\/gobierno.udd.cl\/estudio-rrii\/files\/2020\/09\/Embajadores-del-Futuro-1920x1080.jpg 1920w, https:\/\/gobierno.udd.cl\/estudio-rrii\/files\/2020\/09\/Embajadores-del-Futuro-952x534.jpg 952w, https:\/\/gobierno.udd.cl\/estudio-rrii\/files\/2020\/09\/Embajadores-del-Futuro-680x382.jpg 680w\" \/>\t\t\t\t\t\t\t\t\t\t\t\t\t<\/div>\n\t\t\t\t\t\t\t\t\t\t\t<div class=\"carousel-item\">\n\t\t\t\t\t\t\t<img loading=\"lazy\" decoding=\"async\" width=\"1024\" height=\"768\" src=\"https:\/\/gobierno.udd.cl\/estudio-rrii\/files\/2011\/07\/DSCN2117-800x450.jpg\" class=\"content-gallery__media-image lazyload\" alt=\"\" sizes=\"auto, (max-width: 1024px) 100vw, 1024px\" data-src=\"https:\/\/gobierno.udd.cl\/estudio-rrii\/files\/2011\/07\/DSCN2117.jpg\" data-srcset=\"https:\/\/gobierno.udd.cl\/estudio-rrii\/files\/2011\/07\/DSCN2117.jpg 2272w, https:\/\/gobierno.udd.cl\/estudio-rrii\/files\/2011\/07\/DSCN2117-300x224.jpg 300w, https:\/\/gobierno.udd.cl\/estudio-rrii\/files\/2011\/07\/DSCN2117-1024x768.jpg 1024w, https:\/\/gobierno.udd.cl\/estudio-rrii\/files\/2011\/07\/DSCN2117-960x720.jpg 960w\" \/>\t\t\t\t\t\t\t\t\t\t\t\t\t<\/div>\n\t\t\t\t\t\t\t\t\t\t\t<div class=\"carousel-item\">\n\t\t\t\t\t\t\t<img loading=\"lazy\" decoding=\"async\" width=\"1366\" height=\"768\" src=\"https:\/\/gobierno.udd.cl\/estudio-rrii\/files\/2020\/09\/Embajadores-del-Futuro-1-680x382.jpg\" class=\"content-gallery__media-image lazyload\" alt=\"\" sizes=\"auto, (max-width: 1366px) 100vw, 1366px\" data-src=\"https:\/\/gobierno.udd.cl\/estudio-rrii\/files\/2020\/09\/Embajadores-del-Futuro-1-1366x768.jpg\" data-srcset=\"https:\/\/gobierno.udd.cl\/estudio-rrii\/files\/2020\/09\/Embajadores-del-Futuro-1-1366x768.jpg 1366w, https:\/\/gobierno.udd.cl\/estudio-rrii\/files\/2020\/09\/Embajadores-del-Futuro-1-1920x1080.jpg 1920w, https:\/\/gobierno.udd.cl\/estudio-rrii\/files\/2020\/09\/Embajadores-del-Futuro-1-952x534.jpg 952w, https:\/\/gobierno.udd.cl\/estudio-rrii\/files\/2020\/09\/Embajadores-del-Futuro-1-680x382.jpg 680w\" \/>\t\t\t\t\t\t\t\t\t\t\t\t\t<\/div>\n\t\t\t\t\t\t\t\t\t\t\t<div class=\"carousel-item\">\n\t\t\t\t\t\t\t<img loading=\"lazy\" decoding=\"async\" width=\"1366\" height=\"768\" src=\"https:\/\/gobierno.udd.cl\/estudio-rrii\/files\/2020\/09\/Embajadores-del-Futuro-2-680x382.jpg\" class=\"content-gallery__media-image lazyload\" alt=\"\" sizes=\"auto, (max-width: 1366px) 100vw, 1366px\" data-src=\"https:\/\/gobierno.udd.cl\/estudio-rrii\/files\/2020\/09\/Embajadores-del-Futuro-2-1366x768.jpg\" data-srcset=\"https:\/\/gobierno.udd.cl\/estudio-rrii\/files\/2020\/09\/Embajadores-del-Futuro-2-1366x768.jpg 1366w, https:\/\/gobierno.udd.cl\/estudio-rrii\/files\/2020\/09\/Embajadores-del-Futuro-2-1920x1080.jpg 1920w, https:\/\/gobierno.udd.cl\/estudio-rrii\/files\/2020\/09\/Embajadores-del-Futuro-2-952x534.jpg 952w, https:\/\/gobierno.udd.cl\/estudio-rrii\/files\/2020\/09\/Embajadores-del-Futuro-2-680x382.jpg 680w\" \/>\t\t\t\t\t\t\t\t\t\t\t\t\t<\/div>\n\t\t\t\t\t\t\t\t\t\t\t<div class=\"carousel-item\">\n\t\t\t\t\t\t\t<img loading=\"lazy\" decoding=\"async\" width=\"1024\" height=\"768\" src=\"https:\/\/gobierno.udd.cl\/estudio-rrii\/files\/2011\/07\/DSCN2103-800x450.jpg\" class=\"content-gallery__media-image lazyload\" alt=\"\" sizes=\"auto, (max-width: 1024px) 100vw, 1024px\" data-src=\"https:\/\/gobierno.udd.cl\/estudio-rrii\/files\/2011\/07\/DSCN2103.jpg\" data-srcset=\"https:\/\/gobierno.udd.cl\/estudio-rrii\/files\/2011\/07\/DSCN2103.jpg 2272w, https:\/\/gobierno.udd.cl\/estudio-rrii\/files\/2011\/07\/DSCN2103-300x224.jpg 300w, https:\/\/gobierno.udd.cl\/estudio-rrii\/files\/2011\/07\/DSCN2103-1024x768.jpg 1024w, https:\/\/gobierno.udd.cl\/estudio-rrii\/files\/2011\/07\/DSCN2103-960x720.jpg 960w\" \/>\t\t\t\t\t\t\t\t\t\t\t\t\t<\/div>\n\t\t\t\t\t\t\t\t\t\t\t<div class=\"carousel-item\">\n\t\t\t\t\t\t\t<img loading=\"lazy\" decoding=\"async\" width=\"1366\" height=\"768\" src=\"https:\/\/gobierno.udd.cl\/estudio-rrii\/files\/2020\/09\/Embajadores-del-Futuro-5-680x382.jpg\" class=\"content-gallery__media-image lazyload\" alt=\"\" sizes=\"auto, (max-width: 1366px) 100vw, 1366px\" data-src=\"https:\/\/gobierno.udd.cl\/estudio-rrii\/files\/2020\/09\/Embajadores-del-Futuro-5-1366x768.jpg\" data-srcset=\"https:\/\/gobierno.udd.cl\/estudio-rrii\/files\/2020\/09\/Embajadores-del-Futuro-5-1366x768.jpg 1366w, https:\/\/gobierno.udd.cl\/estudio-rrii\/files\/2020\/09\/Embajadores-del-Futuro-5-1920x1080.jpg 1920w, https:\/\/gobierno.udd.cl\/estudio-rrii\/files\/2020\/09\/Embajadores-del-Futuro-5-952x534.jpg 952w, https:\/\/gobierno.udd.cl\/estudio-rrii\/files\/2020\/09\/Embajadores-del-Futuro-5-680x382.jpg 680w\" \/>\t\t\t\t\t\t\t\t\t\t\t\t\t<\/div>\n\t\t\t\t\t\t\t\t\t\t\t<div class=\"carousel-item\">\n\t\t\t\t\t\t\t<img loading=\"lazy\" decoding=\"async\" width=\"1366\" height=\"768\" src=\"https:\/\/gobierno.udd.cl\/estudio-rrii\/files\/2020\/09\/Embajadores-del-Futuro-6-680x382.jpg\" class=\"content-gallery__media-image lazyload\" alt=\"\" sizes=\"auto, (max-width: 1366px) 100vw, 1366px\" data-src=\"https:\/\/gobierno.udd.cl\/estudio-rrii\/files\/2020\/09\/Embajadores-del-Futuro-6-1366x768.jpg\" data-srcset=\"https:\/\/gobierno.udd.cl\/estudio-rrii\/files\/2020\/09\/Embajadores-del-Futuro-6-1366x768.jpg 1366w, https:\/\/gobierno.udd.cl\/estudio-rrii\/files\/2020\/09\/Embajadores-del-Futuro-6-1920x1080.jpg 1920w, https:\/\/gobierno.udd.cl\/estudio-rrii\/files\/2020\/09\/Embajadores-del-Futuro-6-952x534.jpg 952w, https:\/\/gobierno.udd.cl\/estudio-rrii\/files\/2020\/09\/Embajadores-del-Futuro-6-680x382.jpg 680w\" \/>\t\t\t\t\t\t\t\t\t\t\t\t\t<\/div>\n\t\t\t\t\t\t\t\t\t\t\t<div class=\"carousel-item\">\n\t\t\t\t\t\t\t<img loading=\"lazy\" decoding=\"async\" width=\"1366\" height=\"768\" src=\"https:\/\/gobierno.udd.cl\/estudio-rrii\/files\/2020\/09\/Embajadores-del-Futuro-7-680x382.jpg\" class=\"content-gallery__media-image lazyload\" alt=\"\" sizes=\"auto, (max-width: 1366px) 100vw, 1366px\" data-src=\"https:\/\/gobierno.udd.cl\/estudio-rrii\/files\/2020\/09\/Embajadores-del-Futuro-7-1366x768.jpg\" data-srcset=\"https:\/\/gobierno.udd.cl\/estudio-rrii\/files\/2020\/09\/Embajadores-del-Futuro-7-1366x768.jpg 1366w, https:\/\/gobierno.udd.cl\/estudio-rrii\/files\/2020\/09\/Embajadores-del-Futuro-7-1920x1080.jpg 1920w, https:\/\/gobierno.udd.cl\/estudio-rrii\/files\/2020\/09\/Embajadores-del-Futuro-7-952x534.jpg 952w, https:\/\/gobierno.udd.cl\/estudio-rrii\/files\/2020\/09\/Embajadores-del-Futuro-7-680x382.jpg 680w\" \/>\t\t\t\t\t\t\t\t\t\t\t\t\t<\/div>\n\t\t\t\t\t\t\t\t\t\t\t<div class=\"carousel-item\">\n\t\t\t\t\t\t\t<img loading=\"lazy\" decoding=\"async\" width=\"1366\" height=\"768\" src=\"https:\/\/gobierno.udd.cl\/estudio-rrii\/files\/2020\/09\/Embajadores-del-Futuro-3-680x382.jpg\" class=\"content-gallery__media-image lazyload\" alt=\"\" sizes=\"auto, (max-width: 1366px) 100vw, 1366px\" data-src=\"https:\/\/gobierno.udd.cl\/estudio-rrii\/files\/2020\/09\/Embajadores-del-Futuro-3-1366x768.jpg\" data-srcset=\"https:\/\/gobierno.udd.cl\/estudio-rrii\/files\/2020\/09\/Embajadores-del-Futuro-3-1366x768.jpg 1366w, https:\/\/gobierno.udd.cl\/estudio-rrii\/files\/2020\/09\/Embajadores-del-Futuro-3-1920x1080.jpg 1920w, https:\/\/gobierno.udd.cl\/estudio-rrii\/files\/2020\/09\/Embajadores-del-Futuro-3-952x534.jpg 952w, https:\/\/gobierno.udd.cl\/estudio-rrii\/files\/2020\/09\/Embajadores-del-Futuro-3-680x382.jpg 680w\" \/>\t\t\t\t\t\t\t\t\t\t\t\t\t<\/div>\n\t\t\t\t\t\t\t\t\t\t\t<div class=\"carousel-item\">\n\t\t\t\t\t\t\t<img loading=\"lazy\" decoding=\"async\" width=\"1366\" height=\"768\" src=\"https:\/\/gobierno.udd.cl\/estudio-rrii\/files\/2020\/09\/Embajadores-del-Futuro-8-680x382.jpg\" class=\"content-gallery__media-image lazyload\" alt=\"\" sizes=\"auto, (max-width: 1366px) 100vw, 1366px\" data-src=\"https:\/\/gobierno.udd.cl\/estudio-rrii\/files\/2020\/09\/Embajadores-del-Futuro-8-1366x768.jpg\" data-srcset=\"https:\/\/gobierno.udd.cl\/estudio-rrii\/files\/2020\/09\/Embajadores-del-Futuro-8-1366x768.jpg 1366w, https:\/\/gobierno.udd.cl\/estudio-rrii\/files\/2020\/09\/Embajadores-del-Futuro-8-1920x1080.jpg 1920w, https:\/\/gobierno.udd.cl\/estudio-rrii\/files\/2020\/09\/Embajadores-del-Futuro-8-952x534.jpg 952w, https:\/\/gobierno.udd.cl\/estudio-rrii\/files\/2020\/09\/Embajadores-del-Futuro-8-680x382.jpg 680w\" \/>\t\t\t\t\t\t\t\t\t\t\t\t\t<\/div>\n\t\t\t\t\t\t\t\t\t\t\t<div class=\"carousel-item\">\n\t\t\t\t\t\t\t<img loading=\"lazy\" decoding=\"async\" width=\"1366\" height=\"768\" src=\"https:\/\/gobierno.udd.cl\/estudio-rrii\/files\/2020\/09\/Embajadores-del-Futuro-9-680x382.jpg\" class=\"content-gallery__media-image lazyload\" alt=\"\" sizes=\"auto, (max-width: 1366px) 100vw, 1366px\" data-src=\"https:\/\/gobierno.udd.cl\/estudio-rrii\/files\/2020\/09\/Embajadores-del-Futuro-9-1366x768.jpg\" data-srcset=\"https:\/\/gobierno.udd.cl\/estudio-rrii\/files\/2020\/09\/Embajadores-del-Futuro-9-1366x768.jpg 1366w, https:\/\/gobierno.udd.cl\/estudio-rrii\/files\/2020\/09\/Embajadores-del-Futuro-9-1920x1080.jpg 1920w, https:\/\/gobierno.udd.cl\/estudio-rrii\/files\/2020\/09\/Embajadores-del-Futuro-9-952x534.jpg 952w, https:\/\/gobierno.udd.cl\/estudio-rrii\/files\/2020\/09\/Embajadores-del-Futuro-9-680x382.jpg 680w\" \/>\t\t\t\t\t\t\t\t\t\t\t\t\t<\/div>\n\t\t\t\t\t\t\t\t\t\t\t<div class=\"carousel-item\">\n\t\t\t\t\t\t\t<img loading=\"lazy\" decoding=\"async\" width=\"1366\" height=\"768\" src=\"https:\/\/gobierno.udd.cl\/estudio-rrii\/files\/2020\/09\/Embajadores-del-Futuro-10-680x382.jpg\" class=\"content-gallery__media-image lazyload\" alt=\"\" sizes=\"auto, (max-width: 1366px) 100vw, 1366px\" data-src=\"https:\/\/gobierno.udd.cl\/estudio-rrii\/files\/2020\/09\/Embajadores-del-Futuro-10-1366x768.jpg\" data-srcset=\"https:\/\/gobierno.udd.cl\/estudio-rrii\/files\/2020\/09\/Embajadores-del-Futuro-10-1366x768.jpg 1366w, https:\/\/gobierno.udd.cl\/estudio-rrii\/files\/2020\/09\/Embajadores-del-Futuro-10-1920x1080.jpg 1920w, https:\/\/gobierno.udd.cl\/estudio-rrii\/files\/2020\/09\/Embajadores-del-Futuro-10-952x534.jpg 952w, https:\/\/gobierno.udd.cl\/estudio-rrii\/files\/2020\/09\/Embajadores-del-Futuro-10-680x382.jpg 680w\" \/>\t\t\t\t\t\t\t\t\t\t\t\t\t<\/div>\n\t\t\t\t\t\t\t\t\t<\/div>\n\t\t\t\t\t\t\t<footer class=\"carousel-footer\">\n\t\t\t\t\t<div class=\"carousel-counter\">\n\t\t\t\t\t\t<span class=\"carousel-counter-current\"><\/span> \/ <span class=\"carousel-counter-total\"><\/span>\n\t\t\t\t\t<\/div>\n\t\t\t\t\t<a class=\"carousel-control-prev\" href=\"#gallery-carousel-b83bf6297a\" role=\"button\" data-slide=\"prev\">\n\t\t\t\t\t\t<svg class=\"svg-chevron-left-dims\"><use xlink:href='https:\/\/gobierno.udd.cl\/estudio-rrii\/wp-content\/themes\/facultades-2018\/assets\/img\/svg\/dist\/main.svg?version=1695853099#chevron-left'><\/use><\/svg>\t\t\t\t\t\t<span class=\"sr-only\">Anterior<\/span>\n\t\t\t\t\t<\/a>\n\t\t\t\t\t<a class=\"carousel-control-next\" href=\"#gallery-carousel-b83bf6297a\" role=\"button\" data-slide=\"next\">\n\t\t\t\t\t\t<svg class=\"svg-chevron-right-dims\"><use xlink:href='https:\/\/gobierno.udd.cl\/estudio-rrii\/wp-content\/themes\/facultades-2018\/assets\/img\/svg\/dist\/main.svg?version=1695853099#chevron-right'><\/use><\/svg>\t\t\t\t\t\t<span class=\"sr-only\">Siguiente<\/span>\n\t\t\t\t\t<\/a>\n\t\t\t\t<\/footer>\n\t\t\t\t\t\t<\/div>\n\t\t<\/aside>\n\t<\/div>\n<\/section>\n","protected":false},"excerpt":{"rendered":"","protected":false},"author":1,"featured_media":0,"parent":0,"menu_order":30,"comment_status":"closed","ping_status":"open","template":"","meta":{"footnotes":""},"class_list":["post-6","page","type-page","status-publish","hentry"],"_links":{"self":[{"href":"https:\/\/gobierno.udd.cl\/estudio-rrii\/wp-json\/wp\/v2\/pages\/6","targetHints":{"allow":["GET"]}}],"collection":[{"href":"https:\/\/gobierno.udd.cl\/estudio-rrii\/wp-json\/wp\/v2\/pages"}],"about":[{"href":"https:\/\/gobierno.udd.cl\/estudio-rrii\/wp-json\/wp\/v2\/types\/page"}],"author":[{"embeddable":true,"href":"https:\/\/gobierno.udd.cl\/estudio-rrii\/wp-json\/wp\/v2\/users\/1"}],"replies":[{"embeddable":true,"href":"https:\/\/gobierno.udd.cl\/estudio-rrii\/wp-json\/wp\/v2\/comments?post=6"}],"version-history":[{"count":27,"href":"https:\/\/gobierno.udd.cl\/estudio-rrii\/wp-json\/wp\/v2\/pages\/6\/revisions"}],"predecessor-version":[{"id":3015,"href":"https:\/\/gobierno.udd.cl\/estudio-rrii\/wp-json\/wp\/v2\/pages\/6\/revisions\/3015"}],"wp:attachment":[{"href":"https:\/\/gobierno.udd.cl\/estudio-rrii\/wp-json\/wp\/v2\/media?parent=6"}],"curies":[{"name":"wp","href":"https:\/\/api.w.org\/{rel}","templated":true}]}}