{"id":2998,"date":"2020-09-16T12:15:51","date_gmt":"2020-09-16T15:15:51","guid":{"rendered":"http:\/\/gobierno.udd.cl\/estudio-rrii\/?page_id=2998"},"modified":"2020-09-16T12:15:52","modified_gmt":"2020-09-16T15:15:52","slug":"articulos-indexados","status":"publish","type":"page","link":"https:\/\/gobierno.udd.cl\/estudio-rrii\/articulos-indexados\/","title":{"rendered":"Art\u00edculos Indexados"},"content":{"rendered":"\n<p class=\"has-text-color has-vivid-green-cyan-color\"><strong>ART\u00cdCULOS INDEXADOS<\/strong><\/p>\n\n\n\n<ul class=\"wp-block-list\"><li><strong>Schmidt, F. (2017).<\/strong>\u201cThe Causal Role of Ideas in Taiwan\u2019s Protectionist Agricultural Trade Policy\u201d,&nbsp;<em>Issues and Studies<\/em>, Vol 53. No. 3, SCOPUS<\/li><li><strong>Schmidt, F. (2017)<\/strong><strong>.&nbsp;<\/strong>\u201cEngaging Taiwan and Overcoming its Protectionism: An Analysis of the Case of Meat Trade\u201d,&nbsp;<em>Tamkang Journal of International Affairs<\/em>, Vol 21, Number 1, SCOPUS<\/li><li><strong>Schmidt, F. (2017). <\/strong>Understanding Taiwan\u2019s Agricultural Protectionism: Is the strong State argument still valid? Revista European<em> Journal Of East Asian Studies<\/em>, Volume 16. (Indexada en Scopus).<\/li><li><strong>Caro, I &amp; Rodr\u00edguez, I. (2016).<\/strong> El enfoque del di\u00e1logo civilizacional desde Am\u00e9rica Latina. Revista de <em>Relaciones Internacionales, Estrategia y Seguridad<\/em>, Volumen 11, N\u00b0 1, enero-junio 2016 (Indexada en ISI).<\/li><li><strong>Rod<\/strong><strong>r\u00edguez, I. (2014).<\/strong> Nuevas Configuraciones Econ\u00f3micas en el Asia-Pac\u00edfico y sus consecuencias para Am\u00e9rica Latina: Desde APEC a la Alianza del Pac\u00edfico\u201d. Dados- Revista de Ci\u00eancias Sociais, Forthcoming. (Indexada en ISI).<\/li><li><strong>Rodr\u00edguez, I. (2014).<\/strong> La pol\u00edtica exterior China desde el neorrealismo en las Relaciones Internacionales: un an\u00e1lisis de Brasil y Venezuela como \u201csocios estrat\u00e9gicos\u201d. Revista de Ciencias Sociales (RCS), Forthcoming. (Indexada en ISI).<\/li><li><strong>Rodr\u00edguez, I. &amp; Leiva, D. (2013).<\/strong> El soft power en la pol\u00edtica exterior de china: Consecuencias para Am\u00e9rica Latina. Polis, Revista Latinoamericana 35. (Indexada en Scopus).<\/li><li><strong>Lee, Y. T. &amp; Lizama, N. (2013).<\/strong> El multilateralismo ad hoc en las relaciones China-Am\u00e9rica Latina y el Caribe y las coaliciones sur-sur en las negociaciones de la OMC sobre el comercio agr\u00edcola. Revista de Relaciones Internacionales, Estrategia y Seguridad, Volumen 8, N\u00b0 2. (Indexada Scielo).<\/li><li><strong>Rodr\u00edguez, I. (2011).<\/strong> Los Desaf\u00edos a la Reunificaci\u00f3n de China y Taiw\u00e1n: la Ley Antisecesi\u00f3n (2005) y el Acuerdo Marco de Cooperaci\u00f3n Econ\u00f3mica (2010)\u201d. Revista Brasileira de Pol\u00edtica Internacional. N\u00ba 1\/2011 (Vol. 54 &#8211; No. 1).<\/li><\/ul>\n","protected":false},"excerpt":{"rendered":"<p>ART\u00cdCULOS INDEXADOS Schmidt, F. (2017).\u201cThe Causal Role of Ideas in Taiwan\u2019s Protectionist Agricultural Trade Policy\u201d,&nbsp;Issues and Studies, Vol 53. No. 3, SCOPUS Schmidt, F. (2017).&nbsp;\u201cEngaging Taiwan and Overcoming its Protectionism: An Analysis of the Case of Meat Trade\u201d,&nbsp;Tamkang Journal of International Affairs, Vol 21, Number 1, SCOPUS Schmidt, F. (2017). Understanding Taiwan\u2019s Agricultural Protectionism: Is [&hellip;]<\/p>\n","protected":false},"author":22,"featured_media":0,"parent":0,"menu_order":0,"comment_status":"closed","ping_status":"closed","template":"","meta":{"footnotes":""},"class_list":["post-2998","page","type-page","status-publish","hentry"],"_links":{"self":[{"href":"https:\/\/gobierno.udd.cl\/estudio-rrii\/wp-json\/wp\/v2\/pages\/2998","targetHints":{"allow":["GET"]}}],"collection":[{"href":"https:\/\/gobierno.udd.cl\/estudio-rrii\/wp-json\/wp\/v2\/pages"}],"about":[{"href":"https:\/\/gobierno.udd.cl\/estudio-rrii\/wp-json\/wp\/v2\/types\/page"}],"author":[{"embeddable":true,"href":"https:\/\/gobierno.udd.cl\/estudio-rrii\/wp-json\/wp\/v2\/users\/22"}],"replies":[{"embeddable":true,"href":"https:\/\/gobierno.udd.cl\/estudio-rrii\/wp-json\/wp\/v2\/comments?post=2998"}],"version-history":[{"count":1,"href":"https:\/\/gobierno.udd.cl\/estudio-rrii\/wp-json\/wp\/v2\/pages\/2998\/revisions"}],"predecessor-version":[{"id":2999,"href":"https:\/\/gobierno.udd.cl\/estudio-rrii\/wp-json\/wp\/v2\/pages\/2998\/revisions\/2999"}],"wp:attachment":[{"href":"https:\/\/gobierno.udd.cl\/estudio-rrii\/wp-json\/wp\/v2\/media?parent=2998"}],"curies":[{"name":"wp","href":"https:\/\/api.w.org\/{rel}","templated":true}]}}