{"id":120,"date":"2011-07-22T14:31:47","date_gmt":"2011-07-22T18:31:47","guid":{"rendered":"http:\/\/gobierno.udd.cl\/estudio-rrii\/"},"modified":"2012-12-31T14:59:19","modified_gmt":"2012-12-31T17:59:19","slug":"diplomado-en-asuntos-asiaticos","status":"publish","type":"page","link":"https:\/\/gobierno.udd.cl\/estudio-rrii\/diplomado-en-asuntos-asiaticos\/","title":{"rendered":"Diplomado en Asuntos asi\u00e1ticos"},"content":{"rendered":"<p style=\"text-align: justify;\"><strong>Descripci\u00f3n:<\/strong><\/p>\n<p style=\"text-align: justify;\">El programa se orienta al conocimiento y an\u00e1lisis de la regi\u00f3n de Asia en los \u00e1mbitos de las relaciones internacionales, la pol\u00edtica, la econom\u00eda y la cultura, poniendo \u00e9nfasis en los pa\u00edses asi\u00e1ticos claves para el desarrollo e inserci\u00f3n de Chile en el sistema internacional -tales como China, Jap\u00f3n, India y Rusia, entre otros -, dado el tama\u00f1o y dinamismo de sus econom\u00edas y mercados, ubicaci\u00f3n geogr\u00e1fica estrat\u00e9gica y sus influencias a nivel global.<\/p>\n<p style=\"text-align: justify;\">Cabe destacar que este diplomado ofrece la posibilidad<strong> de doble titulaci\u00f3n con Beijing Foreing Studies University \u2013 China<\/strong>, por medio de una semana intensiva de clases durante el transcurso de los estudios (el viaje debe ser financiado por el participante. Valor referencial US$4.500. Incluye. pasajes, estadia y visitas tur\u00edsticas).<\/p>\n<p style=\"text-align: justify;\"><strong>Objetivos del diplomado:<\/strong><\/p>\n<p style=\"text-align: justify;\">1) Comprender y analizar la contingencia y el rol de la regi\u00f3n asi\u00e1tica en el contexto global.<\/p>\n<p style=\"text-align: justify;\">2) Brindar una visi\u00f3n general de los aspectos econ\u00f3micos, pol\u00edticos, sociales y culturales de la regi\u00f3n.<\/p>\n<p style=\"text-align: justify;\">3) Proporcionar el conocimiento y elementos claves de la cultura de los negocios en Asia que orienten el emprendimiento exitoso con el mundo oriental.<\/p>\n<p style=\"text-align: justify;\"><strong>Programa acad\u00e9mico:<\/strong><\/p>\n<p style=\"text-align: justify;\">El diplomado est\u00e1 compuesto de doce cursos distribuidos en cuatro \u00e1reas de estudio pol\u00edtico y democracia, relaciones internacionales, econom\u00eda y negocios y cultura y sociedad. Adem\u00e1s, incorpora un seminario internacional, en el cual embajadores y representantes de pa\u00edses asi\u00e1ticos en Chile ofrecen charlas, creando un espacio a los participantes para generar contactos y conocer en profundidad la contingencia de estos pa\u00edses.<\/p>\n<p style=\"text-align: justify;\"><strong>Requisitos de admisi\u00f3n:<\/strong><\/p>\n<p style=\"text-align: justify;\">Presentar grado acad\u00e9mico o t\u00edtulo profesional equivalente.<\/p>\n<p style=\"text-align: justify;\">\n<p style=\"text-align: justify;\">\n<p style=\"text-align: justify;\">\n<p style=\"text-align: justify;\">\n<p style=\"text-align: justify;\">Para mayor informaci\u00f3n, en la siguiente imagen se puede descargar el documento informativo del Diplomado en Asuntos Asi\u00e1ticos en formato PDF:<\/p>\n<p style=\"text-align: justify;\">\n<p style=\"text-align: center;\"><a href=\"http:\/\/gobierno.udd.cl\/estudio-rrii\/files\/2011\/07\/Diplomado-en-Asuntos-Asi\u00e1ticos.pdf\"><img loading=\"lazy\" decoding=\"async\" class=\"size-full wp-image-251 aligncenter\" title=\"Diplomado en Asuntos Asi\u00e1ticos\" src=\"http:\/\/gobierno.udd.cl\/estudio-rrii\/files\/2011\/07\/Diplomado-en-Asuntos-Asi\u00e1ticos1.jpg\" alt=\"\" width=\"390\" height=\"250\" \/><\/a><\/p>\n","protected":false},"excerpt":{"rendered":"<p>Descripci\u00f3n: El programa se orienta al conocimiento y an\u00e1lisis de la regi\u00f3n de Asia en los \u00e1mbitos de las relaciones internacionales, la pol\u00edtica, la econom\u00eda y la cultura, poniendo \u00e9nfasis en los pa\u00edses asi\u00e1ticos claves para el desarrollo e inserci\u00f3n de Chile en el sistema internacional -tales como China, Jap\u00f3n, India y Rusia, entre otros [&hellip;]<\/p>\n","protected":false},"author":1,"featured_media":0,"parent":0,"menu_order":1,"comment_status":"open","ping_status":"open","template":"","meta":{"footnotes":""},"class_list":["post-120","page","type-page","status-publish","hentry"],"_links":{"self":[{"href":"https:\/\/gobierno.udd.cl\/estudio-rrii\/wp-json\/wp\/v2\/pages\/120","targetHints":{"allow":["GET"]}}],"collection":[{"href":"https:\/\/gobierno.udd.cl\/estudio-rrii\/wp-json\/wp\/v2\/pages"}],"about":[{"href":"https:\/\/gobierno.udd.cl\/estudio-rrii\/wp-json\/wp\/v2\/types\/page"}],"author":[{"embeddable":true,"href":"https:\/\/gobierno.udd.cl\/estudio-rrii\/wp-json\/wp\/v2\/users\/1"}],"replies":[{"embeddable":true,"href":"https:\/\/gobierno.udd.cl\/estudio-rrii\/wp-json\/wp\/v2\/comments?post=120"}],"version-history":[{"count":10,"href":"https:\/\/gobierno.udd.cl\/estudio-rrii\/wp-json\/wp\/v2\/pages\/120\/revisions"}],"predecessor-version":[{"id":388,"href":"https:\/\/gobierno.udd.cl\/estudio-rrii\/wp-json\/wp\/v2\/pages\/120\/revisions\/388"}],"wp:attachment":[{"href":"https:\/\/gobierno.udd.cl\/estudio-rrii\/wp-json\/wp\/v2\/media?parent=120"}],"curies":[{"name":"wp","href":"https:\/\/api.w.org\/{rel}","templated":true}]}}