{"id":11,"date":"2010-04-06T10:13:53","date_gmt":"2010-04-06T14:13:53","guid":{"rendered":"http:\/\/gobierno.udd.cl\/estudio-rrii\/sobre-el-centro\/convenios-y-alianzas\/"},"modified":"2020-04-14T15:33:01","modified_gmt":"2020-04-14T19:33:01","slug":"convenios-y-alianzas","status":"publish","type":"page","link":"https:\/\/gobierno.udd.cl\/estudio-rrii\/sobre-el-programa\/convenios-y-alianzas\/","title":{"rendered":"Convenios y alianzas"},"content":{"rendered":"\n<p>El CERI ha establecido lazos con instituciones de investigaci\u00f3n chinas, gracias a lo que actualmente contamos con un amplio convenio de colaboraci\u00f3n entre <a href=\"http:\/\/www.cicir.ac.cn\/english\/default.aspx\">China Institutes of Contemporary International Relations (CICIR)<\/a> y la UDD. Se suman otras instituciones de gran prestigio, tales como la Academia China de Ciencias Sociales (CASS), la <a href=\"http:\/\/www.bfsu.edu.cn\/publish\/default_en.aspx\">Universidad de Estudios Extranjeros de Beijing (Beijing Foreign Studies University)<\/a> y la <a href=\"http:\/\/www.english.swust.edu.cn\/\">Universidad de Ciencia y Tecnolog\u00eda del Sudoeste (Southwest University of Science and Technology).<\/a><\/p>\n\n\n\n<p>Tambi\u00e9n el CERI ha desarrollado v\u00ednculos con universidades latinoamericanas, entre ellas el Colegio de Estudios Superiores de Administraci\u00f3n de Colombia (CESA); el <a href=\" http:\/\/www.cesa.edu.co\/El-Cesa\/CEGLI\/Que-es.aspx\">Centro de Estudios sobre Globalizaci\u00f3n e Integraci\u00f3n (CEGLI);<\/a> <a href=\"http:\/\/www.flacso.edu.mx\/\">FLACSO M\u00e9xico<\/a>; el Centro de Estudios de Fronteras e Integraci\u00f3n de la Universidad de Los Andes de Venezuela; y tambi\u00e9n el Instituto de Am\u00e9rica Latina de Rusia; y el <a href=\"http:\/\/www.lai.fu-berlin.de\/es\/\">Instituto de Estudios Latinoamericanos de la Freie Universit\u00e4t Berl\u00edn de Alemania.<\/a><\/p>\n\n\n\n<p><strong>\u00bfPara qu\u00e9 sirven los convenios del CERI? <\/strong><\/p>\n\n\n\n<p>Los convenios del CERI son para intercambio de alumnos, pasant\u00eda de profesores e investigaci\u00f3n conjunta.<\/p>\n","protected":false},"excerpt":{"rendered":"<p>Conoce los convenios y alianzas<\/p>\n","protected":false},"author":1,"featured_media":0,"parent":7,"menu_order":2,"comment_status":"open","ping_status":"open","template":"","meta":{"footnotes":""},"class_list":["post-11","page","type-page","status-publish","hentry"],"_links":{"self":[{"href":"https:\/\/gobierno.udd.cl\/estudio-rrii\/wp-json\/wp\/v2\/pages\/11","targetHints":{"allow":["GET"]}}],"collection":[{"href":"https:\/\/gobierno.udd.cl\/estudio-rrii\/wp-json\/wp\/v2\/pages"}],"about":[{"href":"https:\/\/gobierno.udd.cl\/estudio-rrii\/wp-json\/wp\/v2\/types\/page"}],"author":[{"embeddable":true,"href":"https:\/\/gobierno.udd.cl\/estudio-rrii\/wp-json\/wp\/v2\/users\/1"}],"replies":[{"embeddable":true,"href":"https:\/\/gobierno.udd.cl\/estudio-rrii\/wp-json\/wp\/v2\/comments?post=11"}],"version-history":[{"count":36,"href":"https:\/\/gobierno.udd.cl\/estudio-rrii\/wp-json\/wp\/v2\/pages\/11\/revisions"}],"predecessor-version":[{"id":2883,"href":"https:\/\/gobierno.udd.cl\/estudio-rrii\/wp-json\/wp\/v2\/pages\/11\/revisions\/2883"}],"up":[{"embeddable":true,"href":"https:\/\/gobierno.udd.cl\/estudio-rrii\/wp-json\/wp\/v2\/pages\/7"}],"wp:attachment":[{"href":"https:\/\/gobierno.udd.cl\/estudio-rrii\/wp-json\/wp\/v2\/media?parent=11"}],"curies":[{"name":"wp","href":"https:\/\/api.w.org\/{rel}","templated":true}]}}