{"id":25,"date":"2014-07-08T05:42:27","date_gmt":"2014-07-08T05:42:27","guid":{"rendered":"http:\/\/gobierno.udd.cl\/elecciones\/?page_id=25"},"modified":"2014-08-01T03:34:17","modified_gmt":"2014-08-01T03:34:17","slug":"descripcion","status":"publish","type":"page","link":"https:\/\/gobierno.udd.cl\/elecciones\/sobre-elecciones-udd\/descripcion\/","title":{"rendered":"Descripci\u00f3n"},"content":{"rendered":"<p style=\"text-align: center;\"><strong>ELECCIONES UDD<\/strong><\/p>\n<p>\u00a0<a href=\"http:\/\/gobierno.udd.cl\/elecciones\/files\/2014\/07\/eccc.jpg\"><img loading=\"lazy\" decoding=\"async\" class=\"aligncenter size-medium wp-image-203\" alt=\"eccc\" src=\"http:\/\/gobierno.udd.cl\/elecciones\/files\/2014\/07\/eccc-300x188.jpg\" width=\"300\" height=\"188\" srcset=\"https:\/\/gobierno.udd.cl\/elecciones\/files\/2014\/07\/eccc-300x188.jpg 300w, https:\/\/gobierno.udd.cl\/elecciones\/files\/2014\/07\/eccc.jpg 700w\" sizes=\"auto, (max-width: 300px) 100vw, 300px\" \/><\/a><\/p>\n<p style=\"text-align: justify;\"><strong>Elecciones UDD<\/strong> es un blog del Programa de Opini\u00f3n P\u00fablica orientado a informar sobre nuestros estudios, cartas y columnas de opini\u00f3n, relacionadas al \u00e1mbito electoral, que incluye comportamiento y sistemas electorales, partidos y sistemas pol\u00edticos, instituciones y legislaci\u00f3n sobre votaciones. Dejamos a disposici\u00f3n nuestra encuesta realizada en colaboraci\u00f3n con La Segunda en Santiago y Diario El Sur en Concepci\u00f3n, adem\u00e1s de la participaci\u00f3n de nuestros investigadores en medios y debates televisivos.<\/p>\n<p style=\"text-align: justify;\">\n","protected":false},"excerpt":{"rendered":"<p>ELECCIONES UDD \u00a0 Elecciones UDD es un blog del Programa de Opini\u00f3n P\u00fablica orientado a informar sobre nuestros estudios, cartas y columnas de opini\u00f3n, relacionadas al \u00e1mbito electoral, que incluye comportamiento y sistemas electorales, partidos y sistemas pol\u00edticos, instituciones y legislaci\u00f3n sobre votaciones. Dejamos a disposici\u00f3n nuestra encuesta realizada en colaboraci\u00f3n con La Segunda en [&hellip;]<\/p>\n","protected":false},"author":22,"featured_media":0,"parent":18,"menu_order":1,"comment_status":"open","ping_status":"open","template":"","meta":{"footnotes":""},"class_list":["post-25","page","type-page","status-publish","hentry"],"_links":{"self":[{"href":"https:\/\/gobierno.udd.cl\/elecciones\/wp-json\/wp\/v2\/pages\/25","targetHints":{"allow":["GET"]}}],"collection":[{"href":"https:\/\/gobierno.udd.cl\/elecciones\/wp-json\/wp\/v2\/pages"}],"about":[{"href":"https:\/\/gobierno.udd.cl\/elecciones\/wp-json\/wp\/v2\/types\/page"}],"author":[{"embeddable":true,"href":"https:\/\/gobierno.udd.cl\/elecciones\/wp-json\/wp\/v2\/users\/22"}],"replies":[{"embeddable":true,"href":"https:\/\/gobierno.udd.cl\/elecciones\/wp-json\/wp\/v2\/comments?post=25"}],"version-history":[{"count":4,"href":"https:\/\/gobierno.udd.cl\/elecciones\/wp-json\/wp\/v2\/pages\/25\/revisions"}],"predecessor-version":[{"id":202,"href":"https:\/\/gobierno.udd.cl\/elecciones\/wp-json\/wp\/v2\/pages\/25\/revisions\/202"}],"up":[{"embeddable":true,"href":"https:\/\/gobierno.udd.cl\/elecciones\/wp-json\/wp\/v2\/pages\/18"}],"wp:attachment":[{"href":"https:\/\/gobierno.udd.cl\/elecciones\/wp-json\/wp\/v2\/media?parent=25"}],"curies":[{"name":"wp","href":"https:\/\/api.w.org\/{rel}","templated":true}]}}