{"id":8,"date":"2010-04-06T08:39:36","date_gmt":"2010-04-06T12:39:36","guid":{"rendered":"http:\/\/gobierno.udd.cl\/centro-economia-politica\/sobre-el-centro\/mision\/"},"modified":"2010-06-17T11:39:07","modified_gmt":"2010-06-17T15:39:07","slug":"descripcion-del-programa","status":"publish","type":"page","link":"https:\/\/gobierno.udd.cl\/economia-politica\/sobre-el-programa\/descripcion-del-programa\/","title":{"rendered":"Descripci\u00f3n del programa"},"content":{"rendered":"<p><span style=\"font-size: x-small\">El Programa de Investigaci\u00f3n en Econom\u00eda Pol\u00edtica e Instituciones, utilizando la metodolog\u00eda de las ciencias econ\u00f3micas, busca estudiar procesos de toma de decisiones que no son t\u00edpicamente sujetos del an\u00e1lisis econ\u00f3mico. En este sentido, este programa, analizar\u00e1 temas en la intersecci\u00f3n de las disciplinas de la econom\u00eda, ciencia pol\u00edtica e historia, con un \u00e9nfasis especial en una aproximaci\u00f3n econ\u00f3mica a los procesos pol\u00edticos.<\/p>\n<p>En esta l\u00ednea otorgamos especial importancia al estudio de formulaci\u00f3n, aprobaci\u00f3n y puesta en marcha de las pol\u00edticas p\u00fablicas, proceso en el cual participan un conjunto amplio y diverso de actores, todos los cuales participan de acuerdo a distintos tipos de incentivos o dentro del marco de diferentes restricciones. En el Programa de Econom\u00eda Pol\u00edtica e Instituciones se busca estudiar c\u00f3mo instituciones, tales como las regulaciones, las normas del sistema pol\u00edtico, las leyes que sustentan la actividad econ\u00f3mica y las estructuras de gobierno p\u00fablico y privado, explican el comportamiento de los actores que participan del proceso de formulaci\u00f3n e implementaci\u00f3n de las pol\u00edticas, y complementar el debate respecto del contenido de \u00e9stas con conocimientos y propuestas relativas a c\u00f3mo lograr que dicho contenido sea plasmado en las pol\u00edticas del pa\u00eds.<\/p>\n<p><\/span><\/p>\n","protected":false},"excerpt":{"rendered":"<p>Sepa m\u00e1s de nuestro Porgrama de Investigaci\u00f3n<\/p>\n","protected":false},"author":1,"featured_media":0,"parent":7,"menu_order":0,"comment_status":"closed","ping_status":"open","template":"","meta":{"footnotes":""},"class_list":["post-8","page","type-page","status-publish","hentry"],"_links":{"self":[{"href":"https:\/\/gobierno.udd.cl\/economia-politica\/wp-json\/wp\/v2\/pages\/8","targetHints":{"allow":["GET"]}}],"collection":[{"href":"https:\/\/gobierno.udd.cl\/economia-politica\/wp-json\/wp\/v2\/pages"}],"about":[{"href":"https:\/\/gobierno.udd.cl\/economia-politica\/wp-json\/wp\/v2\/types\/page"}],"author":[{"embeddable":true,"href":"https:\/\/gobierno.udd.cl\/economia-politica\/wp-json\/wp\/v2\/users\/1"}],"replies":[{"embeddable":true,"href":"https:\/\/gobierno.udd.cl\/economia-politica\/wp-json\/wp\/v2\/comments?post=8"}],"version-history":[{"count":4,"href":"https:\/\/gobierno.udd.cl\/economia-politica\/wp-json\/wp\/v2\/pages\/8\/revisions"}],"predecessor-version":[{"id":108,"href":"https:\/\/gobierno.udd.cl\/economia-politica\/wp-json\/wp\/v2\/pages\/8\/revisions\/108"}],"up":[{"embeddable":true,"href":"https:\/\/gobierno.udd.cl\/economia-politica\/wp-json\/wp\/v2\/pages\/7"}],"wp:attachment":[{"href":"https:\/\/gobierno.udd.cl\/economia-politica\/wp-json\/wp\/v2\/media?parent=8"}],"curies":[{"name":"wp","href":"https:\/\/api.w.org\/{rel}","templated":true}]}}