{"id":4,"date":"2026-01-27T13:16:08","date_gmt":"2026-01-27T12:16:08","guid":{"rendered":"https:\/\/gobierno.udd.cl\/dpp\/?page_id=4"},"modified":"2026-04-14T17:04:15","modified_gmt":"2026-04-14T15:04:15","slug":"inicio","status":"publish","type":"page","link":"https:\/\/gobierno.udd.cl\/dpp\/","title":{"rendered":"Inicio"},"content":{"rendered":"\n<div class=\"wp-block-media-text alignfull is-stacked-on-mobile is-image-fill-element\"><figure class=\"wp-block-media-text__media\"><img loading=\"lazy\" decoding=\"async\" width=\"1024\" height=\"574\" src=\"http:\/\/gobierno.udd.cl\/dpp\/files\/2026\/01\/cpp2-1024x574.jpg\" alt=\"\" class=\"wp-image-22 size-large\" style=\"object-position:50% 50%\" srcset=\"https:\/\/gobierno.udd.cl\/dpp\/files\/2026\/01\/cpp2-1024x574.jpg 1024w, https:\/\/gobierno.udd.cl\/dpp\/files\/2026\/01\/cpp2-300x168.jpg 300w, https:\/\/gobierno.udd.cl\/dpp\/files\/2026\/01\/cpp2-768x430.jpg 768w, https:\/\/gobierno.udd.cl\/dpp\/files\/2026\/01\/cpp2-1536x861.jpg 1536w, https:\/\/gobierno.udd.cl\/dpp\/files\/2026\/01\/cpp2-952x534.jpg 952w, https:\/\/gobierno.udd.cl\/dpp\/files\/2026\/01\/cpp2-680x382.jpg 680w\" sizes=\"auto, (max-width: 1024px) 100vw, 1024px\" \/><\/figure><div class=\"wp-block-media-text__content\">\n<p>El Doctorado en Pol\u00edticas P\u00fablicas de la Universidad del Desarrollo es un programa de formaci\u00f3n doctoral orientado al desarrollo de capacidades avanzadas en investigaci\u00f3n y an\u00e1lisis en el \u00e1mbito de las pol\u00edticas p\u00fablicas.&nbsp;<\/p>\n\n\n\n<p>El programa se fundamenta en un enfoque interdisciplinario, integrando aportes de la econom\u00eda, la ciencia pol\u00edtica y otras disciplinas afines, con \u00e9nfasis en el estudio de pol\u00edticas p\u00fablicas en los \u00e1mbitos de la educaci\u00f3n y la salud. Su prop\u00f3sito es formar investigadores capaces de analizar, dise\u00f1ar, implementar y evaluar pol\u00edticas p\u00fablicas basadas en evidencia, contribuyendo a la comprensi\u00f3n y abordaje de problemas p\u00fablicos complejos.&nbsp;<\/p>\n\n\n\n<p>La creaci\u00f3n del programa responde a la necesidad de fortalecer la formaci\u00f3n doctoral en pol\u00edticas p\u00fablicas en Chile, considerando los desaf\u00edos sociales, econ\u00f3micos y culturales del pa\u00eds, as\u00ed como la demanda de capital humano avanzado con competencias en investigaci\u00f3n aplicada al \u00e1mbito p\u00fablico.<\/p>\n<\/div><\/div>\n\n\n<!-- WP Block: UDD - Banner -->\n<section class=\"wp-block-udd-banner is-style-default \">\n\t\n<a href=\"https:\/\/gobierno.udd.cl\/doctorado\/7-anos-acreditados\/\" class=\"banner banner--fullwidth\" data-url=\"https:\/\/gobierno.udd.cl\/doctorado\/7-anos-acreditados\/\">\n\t\t\t<img loading=\"lazy\" decoding=\"async\" width=\"1920\" height=\"1080\" src=\"https:\/\/gobierno.udd.cl\/dpp\/files\/2026\/01\/cpp1-680x382.jpg\" class=\"banner__image lazyload\" alt=\"\" sizes=\"auto, (max-width: 1920px) 100vw, 1920px\" data-src=\"https:\/\/gobierno.udd.cl\/dpp\/files\/2026\/01\/cpp1-1920x1080.jpg\" data-srcset=\"https:\/\/gobierno.udd.cl\/dpp\/files\/2026\/01\/cpp1-1920x1080.jpg 1920w, https:\/\/gobierno.udd.cl\/dpp\/files\/2026\/01\/cpp1-1366x768.jpg 1366w, https:\/\/gobierno.udd.cl\/dpp\/files\/2026\/01\/cpp1-680x382.jpg 680w\" \/>\t\t<div class=\"banner__content\">\n\t\t<span class=\"banner__title\">Caracter\u00edsticas del programa<\/span>\n\t\t<span class=\"banner__description\">El Doctorado en Pol\u00edticas P\u00fablicas se estructura a partir de una formaci\u00f3n interdisciplinaria que integra herramientas te\u00f3ricas y metodol\u00f3gicas orientadas al an\u00e1lisis de pol\u00edticas p\u00fablicas. El programa promueve el desarrollo de investigaci\u00f3n en torno a problemas p\u00fablicos relevantes, con especial \u00e9nfasis en los sectores de educaci\u00f3n y salud, considerando la influencia de las instituciones y la econom\u00eda pol\u00edtica en el dise\u00f1o, implementaci\u00f3n y evaluaci\u00f3n de pol\u00edticas p\u00fablicas. Asimismo, el programa busca contribuir a la formaci\u00f3n de investigadores con capacidad para generar conocimiento original y relevante en el \u00e1mbito acad\u00e9mico y en el an\u00e1lisis de pol\u00edticas p\u00fablicas.<\/span>\n\t<\/div>\n<\/a>\n<\/section>\n\n\n<!-- WP Block: UDD - Cards Alternate -->\n<section class=\"wp-block-udd-cards\" style=\"--udd-blocks-has-columns-number: 4\">\n\t<div class=\"container\">\n\t\t\t\t\t\t\t\t\t<div class=\"block__content\">\n\t\t\t<div class=\"cards\">\n\t\t\t\t\t\t\t\t\t\t\t\t\t\t\t\t\t<div class=\"card-wrapper\">\n\t\t\t\t\t\t<div class=\"card\">\n\t\t\t\t\t\t\t<h3 class=\"card__title\">Admisi\u00f3n 2026<\/h3>\n\t\t\t\t\t\t\t\t\t\t\t\t\t\t<div class=\"card__description\">\n\t\t\t\t\t\t\t\t<p><a href=\"https:\/\/gobierno.udd.cl\/dpp\/admision\/\"><strong>M\u00e1s informaci\u00f3n<\/strong><\/a><\/p>\n\t\t\t\t\t\t\t<\/div>\n\t\t\t\t\t\t\t\t\t\t\t\t\t<\/div>\n\t\t\t\t\t<\/div>\n\t\t\t\t\t\t\t\t\t\t\t\t\t\t\t\t\t\t\t\t\t<div class=\"card-wrapper\">\n\t\t\t\t\t\t<div class=\"card\">\n\t\t\t\t\t\t\t<h3 class=\"card__title\">Perfil de egreso<\/h3>\n\t\t\t\t\t\t\t\t\t\t\t\t\t\t<div class=\"card__description\">\n\t\t\t\t\t\t\t\t<p><a href=\"https:\/\/gobierno.udd.cl\/dpp\/perfil-de-egreso\/\"><strong>M\u00e1s informaci\u00f3n<\/strong><\/a><\/p>\n\t\t\t\t\t\t\t<\/div>\n\t\t\t\t\t\t\t\t\t\t\t\t\t<\/div>\n\t\t\t\t\t<\/div>\n\t\t\t\t\t\t\t\t\t\t\t\t\t\t\t\t\t\t\t\t\t<div class=\"card-wrapper\">\n\t\t\t\t\t\t<div class=\"card\">\n\t\t\t\t\t\t\t<h3 class=\"card__title\">Plan de estudios<\/h3>\n\t\t\t\t\t\t\t\t\t\t\t\t\t\t<div class=\"card__description\">\n\t\t\t\t\t\t\t\t<p><strong><a href=\"https:\/\/gobierno.udd.cl\/dpp\/plan-de-estudio-doctorado-politicas-publicas\/\">M\u00e1s informaci\u00f3n<\/a><\/strong> <\/p>\n\t\t\t\t\t\t\t<\/div>\n\t\t\t\t\t\t\t\t\t\t\t\t\t<\/div>\n\t\t\t\t\t<\/div>\n\t\t\t\t\t\t\t\t\t\t\t\t\t\t\t\t\t\t\t\t\t<div class=\"card-wrapper\">\n\t\t\t\t\t\t<div class=\"card\">\n\t\t\t\t\t\t\t<h3 class=\"card__title\">L\u00edneas de Investigaci\u00f3n<\/h3>\n\t\t\t\t\t\t\t\t\t\t\t\t\t\t<div class=\"card__description\">\n\t\t\t\t\t\t\t\t<p><strong><a href=\"https:\/\/gobierno.udd.cl\/dpp\/lineas-de-investigacion-doctorado-en-politicas-publicas\/\">M\u00e1s informaci\u00f3n<\/a><\/strong><\/p>\n\t\t\t\t\t\t\t<\/div>\n\t\t\t\t\t\t\t\t\t\t\t\t\t<\/div>\n\t\t\t\t\t<\/div>\n\t\t\t\t\t\t\t\t\t\t<\/div>\n\t\t<\/div>\n\t<\/div>\n<\/section>\n\n\n<!-- WP Block: UDD - People -->\n<section class=\"wp-block-udd-people \">\n\t<div class=\"container\">\n\t\t\t\t<header class=\"block__header\">\n\t\t\t\t\t\t\t\n<h2 class=\"wp-block-heading\">EQUIPO<\/h2>\n\t\t\t\t\t\t\t\t\t<a href=\"https:\/\/gobierno.udd.cl\/dpp\/cuerpo-academico-doctorado-en-politicas-publicas\/\" class=\"block__view-more\">\n\t\t\t\tVer equipo ac\u00e1demico\t\t\t<\/a>\n\t\t\t\t\t<\/header>\n\t\t\t\t<div class=\"people-cards\">\n\t\t\t\t\t<div class=\"person-card\">\n\t<a href=\"https:\/\/gobierno.udd.cl\/dpp\/persona\/claudio-sapelli\/\"\n\t\tclass=\"person-card__inner js-person-modal\"\n\t\tdata-post-id=\"47\"\n\t\tdata-postid=\"47\"\n\t>\n\t\t\t<div class=\"person-card__media\">\n\t\t\t<img loading=\"lazy\" decoding=\"async\" width=\"500\" height=\"500\" src=\"https:\/\/gobierno.udd.cl\/dpp\/files\/2026\/01\/csapelli-62x62.jpeg\" class=\"person-card__image wp-post-image lazyload\" alt=\"\" sizes=\"auto, (max-width: 500px) 100vw, 500px\" data-src=\"https:\/\/gobierno.udd.cl\/dpp\/files\/2026\/01\/csapelli-500x500.jpeg\" data-srcset=\"https:\/\/gobierno.udd.cl\/dpp\/files\/2026\/01\/csapelli-500x500.jpeg 500w, https:\/\/gobierno.udd.cl\/dpp\/files\/2026\/01\/csapelli-150x150.jpeg 150w, https:\/\/gobierno.udd.cl\/dpp\/files\/2026\/01\/csapelli-62x62.jpeg 62w, https:\/\/gobierno.udd.cl\/dpp\/files\/2026\/01\/csapelli-250x250.jpeg 250w, https:\/\/gobierno.udd.cl\/dpp\/files\/2026\/01\/csapelli-126x126.jpeg 126w\" \/>\t\t<\/div>\n\t\t\t<div class=\"person-card__content\">\n\t\t\t<h3 class=\"person-card__name\">Claudio  Sapelli<\/h3>\n\t\t\t\t\t<span class=\"person-card__description\">Director Doctorado en Pol\u00edticas P\u00fablicas<\/span>\n\t\t\t\t\t<span class=\"person-card__cta\">Ver perfil<\/span>\n\t\t<\/div>\n\t<\/a>\n<\/div>\n\t\t\t\t\t<div class=\"person-card\">\n\t<a href=\"https:\/\/gobierno.udd.cl\/dpp\/persona\/jorge-fabrega\/\"\n\t\tclass=\"person-card__inner js-person-modal\"\n\t\tdata-post-id=\"49\"\n\t\tdata-postid=\"49\"\n\t>\n\t\t\t<div class=\"person-card__media\">\n\t\t\t<img loading=\"lazy\" decoding=\"async\" width=\"500\" height=\"500\" src=\"https:\/\/gobierno.udd.cl\/dpp\/files\/2026\/01\/jfabrega-62x62.jpg\" class=\"person-card__image wp-post-image lazyload\" alt=\"\" sizes=\"auto, (max-width: 500px) 100vw, 500px\" data-src=\"https:\/\/gobierno.udd.cl\/dpp\/files\/2026\/01\/jfabrega-500x500.jpg\" data-srcset=\"https:\/\/gobierno.udd.cl\/dpp\/files\/2026\/01\/jfabrega-500x500.jpg 500w, https:\/\/gobierno.udd.cl\/dpp\/files\/2026\/01\/jfabrega-300x300.jpg 300w, https:\/\/gobierno.udd.cl\/dpp\/files\/2026\/01\/jfabrega-1024x1024.jpg 1024w, https:\/\/gobierno.udd.cl\/dpp\/files\/2026\/01\/jfabrega-150x150.jpg 150w, https:\/\/gobierno.udd.cl\/dpp\/files\/2026\/01\/jfabrega-768x768.jpg 768w, https:\/\/gobierno.udd.cl\/dpp\/files\/2026\/01\/jfabrega-62x62.jpg 62w, https:\/\/gobierno.udd.cl\/dpp\/files\/2026\/01\/jfabrega-1536x1536.jpg 1536w, https:\/\/gobierno.udd.cl\/dpp\/files\/2026\/01\/jfabrega-750x750.jpg 750w, https:\/\/gobierno.udd.cl\/dpp\/files\/2026\/01\/jfabrega-250x250.jpg 250w, https:\/\/gobierno.udd.cl\/dpp\/files\/2026\/01\/jfabrega-126x126.jpg 126w, https:\/\/gobierno.udd.cl\/dpp\/files\/2026\/01\/jfabrega.jpg 2000w\" \/>\t\t<\/div>\n\t\t\t<div class=\"person-card__content\">\n\t\t\t<h3 class=\"person-card__name\">Jorge F\u00e1brega<\/h3>\n\t\t\t\t\t<span class=\"person-card__cta\">Ver perfil<\/span>\n\t\t<\/div>\n\t<\/a>\n<\/div>\n\t\t\t\t\t<div class=\"person-card\">\n\t<a href=\"https:\/\/gobierno.udd.cl\/dpp\/persona\/carlos-rodriguez-sickert\/\"\n\t\tclass=\"person-card__inner js-person-modal\"\n\t\tdata-post-id=\"51\"\n\t\tdata-postid=\"51\"\n\t>\n\t\t\t<div class=\"person-card__media\">\n\t\t\t<img loading=\"lazy\" decoding=\"async\" width=\"500\" height=\"500\" src=\"https:\/\/gobierno.udd.cl\/dpp\/files\/2026\/01\/crodriguezsickert-62x62.png\" class=\"person-card__image wp-post-image lazyload\" alt=\"\" sizes=\"auto, (max-width: 500px) 100vw, 500px\" data-src=\"https:\/\/gobierno.udd.cl\/dpp\/files\/2026\/01\/crodriguezsickert-500x500.png\" data-srcset=\"https:\/\/gobierno.udd.cl\/dpp\/files\/2026\/01\/crodriguezsickert-500x500.png 500w, https:\/\/gobierno.udd.cl\/dpp\/files\/2026\/01\/crodriguezsickert-300x300.png 300w, https:\/\/gobierno.udd.cl\/dpp\/files\/2026\/01\/crodriguezsickert-150x150.png 150w, https:\/\/gobierno.udd.cl\/dpp\/files\/2026\/01\/crodriguezsickert-62x62.png 62w, https:\/\/gobierno.udd.cl\/dpp\/files\/2026\/01\/crodriguezsickert-750x750.png 750w, https:\/\/gobierno.udd.cl\/dpp\/files\/2026\/01\/crodriguezsickert-250x250.png 250w, https:\/\/gobierno.udd.cl\/dpp\/files\/2026\/01\/crodriguezsickert-126x126.png 126w, https:\/\/gobierno.udd.cl\/dpp\/files\/2026\/01\/crodriguezsickert.png 768w\" \/>\t\t<\/div>\n\t\t\t<div class=\"person-card__content\">\n\t\t\t<h3 class=\"person-card__name\">Carlos  Rodr\u00edguez-Sickert<\/h3>\n\t\t\t\t\t<span class=\"person-card__cta\">Ver perfil<\/span>\n\t\t<\/div>\n\t<\/a>\n<\/div>\n\t\t\t\t\t<div class=\"person-card\">\n\t<a href=\"https:\/\/gobierno.udd.cl\/dpp\/persona\/juan-pablo-couyoumdjian\/\"\n\t\tclass=\"person-card__inner js-person-modal\"\n\t\tdata-post-id=\"53\"\n\t\tdata-postid=\"53\"\n\t>\n\t\t\t<div class=\"person-card__media\">\n\t\t\t<img loading=\"lazy\" decoding=\"async\" width=\"500\" height=\"500\" src=\"https:\/\/gobierno.udd.cl\/dpp\/files\/2026\/01\/jpcouyoumdjian-62x62.jpg\" class=\"person-card__image wp-post-image lazyload\" alt=\"\" sizes=\"auto, (max-width: 500px) 100vw, 500px\" data-src=\"https:\/\/gobierno.udd.cl\/dpp\/files\/2026\/01\/jpcouyoumdjian-500x500.jpg\" data-srcset=\"https:\/\/gobierno.udd.cl\/dpp\/files\/2026\/01\/jpcouyoumdjian-500x500.jpg 500w, https:\/\/gobierno.udd.cl\/dpp\/files\/2026\/01\/jpcouyoumdjian-300x300.jpg 300w, https:\/\/gobierno.udd.cl\/dpp\/files\/2026\/01\/jpcouyoumdjian-1024x1024.jpg 1024w, https:\/\/gobierno.udd.cl\/dpp\/files\/2026\/01\/jpcouyoumdjian-150x150.jpg 150w, https:\/\/gobierno.udd.cl\/dpp\/files\/2026\/01\/jpcouyoumdjian-768x768.jpg 768w, https:\/\/gobierno.udd.cl\/dpp\/files\/2026\/01\/jpcouyoumdjian-62x62.jpg 62w, https:\/\/gobierno.udd.cl\/dpp\/files\/2026\/01\/jpcouyoumdjian-1536x1536.jpg 1536w, https:\/\/gobierno.udd.cl\/dpp\/files\/2026\/01\/jpcouyoumdjian-750x750.jpg 750w, https:\/\/gobierno.udd.cl\/dpp\/files\/2026\/01\/jpcouyoumdjian-250x250.jpg 250w, https:\/\/gobierno.udd.cl\/dpp\/files\/2026\/01\/jpcouyoumdjian-126x126.jpg 126w, https:\/\/gobierno.udd.cl\/dpp\/files\/2026\/01\/jpcouyoumdjian.jpg 2002w\" \/>\t\t<\/div>\n\t\t\t<div class=\"person-card__content\">\n\t\t\t<h3 class=\"person-card__name\">Juan Pablo  Couyoumdjian<\/h3>\n\t\t\t\t\t<span class=\"person-card__cta\">Ver perfil<\/span>\n\t\t<\/div>\n\t<\/a>\n<\/div>\n\t\t\t\t<\/div>\n\t<\/div>\n<\/section>\n\n\n<!-- WP Block: UDD - People -->\n<section class=\"wp-block-udd-contacts\">\n\t\t<div class=\"block__bg\">\n\t\t\t<\/div>\n\t\t<div class=\"container\">\n\t\t<header class=\"block__header\">\n\t\t\t<h2 class=\"block__title\">Contacto Doctorado en Pol\u00edticas P\u00fablicas<\/h2>\n\t\t<\/header>\n\t\t<div class=\"block__content\">\n\t\t\t<ul class=\"contacts\">\n\t\t\t\t\t\t\t<li class=\"contact\">\n\t\t\t\t\t<div class=\"person-contact\">\n\t\t\t\t\t\t\t\t\t\t\t\t<h3 class=\"person-contact__name\">Contacto y Consultas<\/h3>\n\t\t\t\t\t\t\t\t\t\t\t\t\t\t\t\t\t\t\t\t\t\t\t\t\t\t\t\t\t\t\t\t\t\t\t\t\t<span class=\"person-contact__email\">Email: <a href=\"mailto:d&#111;c&#46;&#112;o&#108;&#105;&#116;icaspubl&#105;&#99;&#97;&#115;&#64;&#117;d&#100;.c&#108;\">doc&#46;pol&#105;&#116;i&#99;&#97;&#115;pu&#98;lic&#97;s&#64;&#117;dd&#46;cl<\/a><\/span>\n\t\t\t\t\t\t\t\t\t\t\t<\/div>\n\t\t\t\t<\/li>\n\t\t\t\t\t\t<\/ul>\n\t\t<\/div>\n\t<\/div>\n<\/section>\n","protected":false},"excerpt":{"rendered":"<p>El Doctorado en Pol\u00edticas P\u00fablicas de la Universidad del Desarrollo es un programa de formaci\u00f3n doctoral orientado al desarrollo de capacidades avanzadas en investigaci\u00f3n y an\u00e1lisis en el \u00e1mbito de las pol\u00edticas p\u00fablicas.&nbsp; El programa se fundamenta en un enfoque interdisciplinario, integrando aportes de la econom\u00eda, la ciencia pol\u00edtica y otras disciplinas afines, con \u00e9nfasis [&hellip;]<\/p>\n","protected":false},"author":9192207,"featured_media":0,"parent":0,"menu_order":0,"comment_status":"closed","ping_status":"closed","template":"","meta":{"footnotes":""},"class_list":["post-4","page","type-page","status-publish","hentry"],"yoast_head":"<!-- This site is optimized with the Yoast SEO plugin v26.9 - https:\/\/yoast.com\/product\/yoast-seo-wordpress\/ -->\n<title>Inicio - Doctorado en Pol\u00edticas P\u00fablicas<\/title>\n<meta name=\"robots\" content=\"index, follow, max-snippet:-1, max-image-preview:large, max-video-preview:-1\" \/>\n<link rel=\"canonical\" href=\"https:\/\/gobierno.udd.cl\/dpp\/\" \/>\n<meta property=\"og:locale\" content=\"es_ES\" \/>\n<meta property=\"og:type\" content=\"article\" \/>\n<meta property=\"og:title\" content=\"Inicio - Doctorado en Pol\u00edticas P\u00fablicas\" \/>\n<meta property=\"og:description\" content=\"El Doctorado en Pol\u00edticas P\u00fablicas de la Universidad del Desarrollo es un programa de formaci\u00f3n doctoral orientado al desarrollo de capacidades avanzadas en investigaci\u00f3n y an\u00e1lisis en el \u00e1mbito de las pol\u00edticas p\u00fablicas.&nbsp; El programa se fundamenta en un enfoque interdisciplinario, integrando aportes de la econom\u00eda, la ciencia pol\u00edtica y otras disciplinas afines, con \u00e9nfasis [&hellip;]\" \/>\n<meta property=\"og:url\" content=\"https:\/\/gobierno.udd.cl\/dpp\/\" \/>\n<meta property=\"og:site_name\" content=\"Doctorado en Pol\u00edticas P\u00fablicas\" \/>\n<meta property=\"article:modified_time\" content=\"2026-04-14T15:04:15+00:00\" \/>\n<meta property=\"og:image\" content=\"https:\/\/gobierno.udd.cl\/dpp\/files\/2026\/01\/cpp2-1024x574.jpg\" \/>\n\t<meta property=\"og:image:width\" content=\"1024\" \/>\n\t<meta property=\"og:image:height\" content=\"574\" \/>\n\t<meta property=\"og:image:type\" content=\"image\/jpeg\" \/>\n<meta name=\"twitter:card\" content=\"summary_large_image\" \/>\n<meta name=\"twitter:label1\" content=\"Tiempo de lectura\" \/>\n\t<meta name=\"twitter:data1\" content=\"1 minuto\" \/>\n<script type=\"application\/ld+json\" class=\"yoast-schema-graph\">{\"@context\":\"https:\/\/schema.org\",\"@graph\":[{\"@type\":\"WebPage\",\"@id\":\"https:\/\/gobierno.udd.cl\/dpp\/\",\"url\":\"https:\/\/gobierno.udd.cl\/dpp\/\",\"name\":\"Inicio - Doctorado en Pol\u00edticas P\u00fablicas\",\"isPartOf\":{\"@id\":\"https:\/\/gobierno.udd.cl\/dpp\/#website\"},\"primaryImageOfPage\":{\"@id\":\"https:\/\/gobierno.udd.cl\/dpp\/#primaryimage\"},\"image\":{\"@id\":\"https:\/\/gobierno.udd.cl\/dpp\/#primaryimage\"},\"thumbnailUrl\":\"http:\/\/gobierno.udd.cl\/dpp\/files\/2026\/01\/cpp2-1024x574.jpg\",\"datePublished\":\"2026-01-27T12:16:08+00:00\",\"dateModified\":\"2026-04-14T15:04:15+00:00\",\"breadcrumb\":{\"@id\":\"https:\/\/gobierno.udd.cl\/dpp\/#breadcrumb\"},\"inLanguage\":\"es\",\"potentialAction\":[{\"@type\":\"ReadAction\",\"target\":[\"https:\/\/gobierno.udd.cl\/dpp\/\"]}]},{\"@type\":\"ImageObject\",\"inLanguage\":\"es\",\"@id\":\"https:\/\/gobierno.udd.cl\/dpp\/#primaryimage\",\"url\":\"https:\/\/gobierno.udd.cl\/dpp\/files\/2026\/01\/cpp2.jpg\",\"contentUrl\":\"https:\/\/gobierno.udd.cl\/dpp\/files\/2026\/01\/cpp2.jpg\",\"width\":8736,\"height\":4896,\"caption\":\"A Close-up Perspective on Business Team Dynamics: Professionals Reviewing and Discussing a Project Behind a Table\"},{\"@type\":\"BreadcrumbList\",\"@id\":\"https:\/\/gobierno.udd.cl\/dpp\/#breadcrumb\",\"itemListElement\":[{\"@type\":\"ListItem\",\"position\":1,\"name\":\"Portada\",\"item\":\"https:\/\/gobierno.udd.cl\/dpp\/\"},{\"@type\":\"ListItem\",\"position\":2,\"name\":\"Inicio\"}]},{\"@type\":\"WebSite\",\"@id\":\"https:\/\/gobierno.udd.cl\/dpp\/#website\",\"url\":\"https:\/\/gobierno.udd.cl\/dpp\/\",\"name\":\"Doctorado en Pol\u00edticas P\u00fablicas\",\"description\":\"\",\"inLanguage\":\"es\"}]}<\/script>\n<!-- \/ Yoast SEO plugin. -->","yoast_head_json":{"title":"Inicio - Doctorado en Pol\u00edticas P\u00fablicas","robots":{"index":"index","follow":"follow","max-snippet":"max-snippet:-1","max-image-preview":"max-image-preview:large","max-video-preview":"max-video-preview:-1"},"canonical":"https:\/\/gobierno.udd.cl\/dpp\/","og_locale":"es_ES","og_type":"article","og_title":"Inicio - Doctorado en Pol\u00edticas P\u00fablicas","og_description":"El Doctorado en Pol\u00edticas P\u00fablicas de la Universidad del Desarrollo es un programa de formaci\u00f3n doctoral orientado al desarrollo de capacidades avanzadas en investigaci\u00f3n y an\u00e1lisis en el \u00e1mbito de las pol\u00edticas p\u00fablicas.&nbsp; El programa se fundamenta en un enfoque interdisciplinario, integrando aportes de la econom\u00eda, la ciencia pol\u00edtica y otras disciplinas afines, con \u00e9nfasis [&hellip;]","og_url":"https:\/\/gobierno.udd.cl\/dpp\/","og_site_name":"Doctorado en Pol\u00edticas P\u00fablicas","article_modified_time":"2026-04-14T15:04:15+00:00","og_image":[{"width":1024,"height":574,"url":"https:\/\/gobierno.udd.cl\/dpp\/files\/2026\/01\/cpp2-1024x574.jpg","type":"image\/jpeg"}],"twitter_card":"summary_large_image","twitter_misc":{"Tiempo de lectura":"1 minuto"},"schema":{"@context":"https:\/\/schema.org","@graph":[{"@type":"WebPage","@id":"https:\/\/gobierno.udd.cl\/dpp\/","url":"https:\/\/gobierno.udd.cl\/dpp\/","name":"Inicio - Doctorado en Pol\u00edticas P\u00fablicas","isPartOf":{"@id":"https:\/\/gobierno.udd.cl\/dpp\/#website"},"primaryImageOfPage":{"@id":"https:\/\/gobierno.udd.cl\/dpp\/#primaryimage"},"image":{"@id":"https:\/\/gobierno.udd.cl\/dpp\/#primaryimage"},"thumbnailUrl":"http:\/\/gobierno.udd.cl\/dpp\/files\/2026\/01\/cpp2-1024x574.jpg","datePublished":"2026-01-27T12:16:08+00:00","dateModified":"2026-04-14T15:04:15+00:00","breadcrumb":{"@id":"https:\/\/gobierno.udd.cl\/dpp\/#breadcrumb"},"inLanguage":"es","potentialAction":[{"@type":"ReadAction","target":["https:\/\/gobierno.udd.cl\/dpp\/"]}]},{"@type":"ImageObject","inLanguage":"es","@id":"https:\/\/gobierno.udd.cl\/dpp\/#primaryimage","url":"https:\/\/gobierno.udd.cl\/dpp\/files\/2026\/01\/cpp2.jpg","contentUrl":"https:\/\/gobierno.udd.cl\/dpp\/files\/2026\/01\/cpp2.jpg","width":8736,"height":4896,"caption":"A Close-up Perspective on Business Team Dynamics: Professionals Reviewing and Discussing a Project Behind a Table"},{"@type":"BreadcrumbList","@id":"https:\/\/gobierno.udd.cl\/dpp\/#breadcrumb","itemListElement":[{"@type":"ListItem","position":1,"name":"Portada","item":"https:\/\/gobierno.udd.cl\/dpp\/"},{"@type":"ListItem","position":2,"name":"Inicio"}]},{"@type":"WebSite","@id":"https:\/\/gobierno.udd.cl\/dpp\/#website","url":"https:\/\/gobierno.udd.cl\/dpp\/","name":"Doctorado en Pol\u00edticas P\u00fablicas","description":"","inLanguage":"es"}]}},"_links":{"self":[{"href":"https:\/\/gobierno.udd.cl\/dpp\/wp-json\/wp\/v2\/pages\/4","targetHints":{"allow":["GET"]}}],"collection":[{"href":"https:\/\/gobierno.udd.cl\/dpp\/wp-json\/wp\/v2\/pages"}],"about":[{"href":"https:\/\/gobierno.udd.cl\/dpp\/wp-json\/wp\/v2\/types\/page"}],"author":[{"embeddable":true,"href":"https:\/\/gobierno.udd.cl\/dpp\/wp-json\/wp\/v2\/users\/9192207"}],"replies":[{"embeddable":true,"href":"https:\/\/gobierno.udd.cl\/dpp\/wp-json\/wp\/v2\/comments?post=4"}],"version-history":[{"count":29,"href":"https:\/\/gobierno.udd.cl\/dpp\/wp-json\/wp\/v2\/pages\/4\/revisions"}],"predecessor-version":[{"id":185,"href":"https:\/\/gobierno.udd.cl\/dpp\/wp-json\/wp\/v2\/pages\/4\/revisions\/185"}],"wp:attachment":[{"href":"https:\/\/gobierno.udd.cl\/dpp\/wp-json\/wp\/v2\/media?parent=4"}],"curies":[{"name":"wp","href":"https:\/\/api.w.org\/{rel}","templated":true}]}}