{"id":39,"date":"2026-01-27T19:20:19","date_gmt":"2026-01-27T18:20:19","guid":{"rendered":"https:\/\/gobierno.udd.cl\/dpp\/?page_id=39"},"modified":"2026-01-27T20:18:33","modified_gmt":"2026-01-27T19:18:33","slug":"lineas-de-investigacion-doctorado-en-politicas-publicas","status":"publish","type":"page","link":"https:\/\/gobierno.udd.cl\/dpp\/lineas-de-investigacion-doctorado-en-politicas-publicas\/","title":{"rendered":"L\u00edneas de investigaci\u00f3n &#8211; Doctorado en Pol\u00edticas P\u00fablicas"},"content":{"rendered":"<!-- WP Block: UDD - Cards Alternate -->\n<section class=\"wp-block-udd-cards\" style=\"--udd-blocks-has-columns-number: 2\">\n\t<div class=\"container\">\n\t\t\t\t\t\t\t\t\t<div class=\"block__content\">\n\t\t\t<div class=\"cards\">\n\t\t\t\t\t\t\t\t\t\t\t\t\t\t\t\t\t<div class=\"card-wrapper\">\n\t\t\t\t\t\t<div class=\"card\">\n\t\t\t\t\t\t\t<h3 class=\"card__title\">Pol\u00edticas de Salud\u00a0<\/h3>\n\t\t\t\t\t\t\t\t\t\t\t\t\t\t<div class=\"card__description\">\n\t\t\t\t\t\t\t\t<p>Esta l\u00ednea se orienta al dise\u00f1o, implementaci\u00f3n y evaluaci\u00f3n de pol\u00edticas p\u00fablicas en el \u00e1mbito de la salud, considerando aspectos de accesibilidad, calidad, financiamiento y prevenci\u00f3n de enfermedades.\u00a0<\/p>\n\t\t\t\t\t\t\t<\/div>\n\t\t\t\t\t\t\t\t\t\t\t\t\t<\/div>\n\t\t\t\t\t<\/div>\n\t\t\t\t\t\t\t\t\t\t\t\t\t\t\t\t\t\t\t\t\t<div class=\"card-wrapper\">\n\t\t\t\t\t\t<div class=\"card\">\n\t\t\t\t\t\t\t<h3 class=\"card__title\">Pol\u00edticas de Educaci\u00f3n\u00a0<\/h3>\n\t\t\t\t\t\t\t\t\t\t\t\t\t\t<div class=\"card__description\">\n\t\t\t\t\t\t\t\t<p>Esta l\u00ednea se enfoca en el dise\u00f1o, implementaci\u00f3n y evaluaci\u00f3n de pol\u00edticas p\u00fablicas en el \u00e1mbito de la educaci\u00f3n, considerando su impacto en la movilidad social, el desarrollo y la formaci\u00f3n de capital humano.\u00a0<\/p>\n\t\t\t\t\t\t\t<\/div>\n\t\t\t\t\t\t\t\t\t\t\t\t\t<\/div>\n\t\t\t\t\t<\/div>\n\t\t\t\t\t\t\t\t\t\t<\/div>\n\t\t<\/div>\n\t<\/div>\n<\/section>\n\n\n\n<p><\/p>\n\n\n\n<p><\/p>\n\n\n\n<p><\/p>\n\n\n\n<p><\/p>\n","protected":false},"excerpt":{"rendered":"","protected":false},"author":9192236,"featured_media":0,"parent":0,"menu_order":0,"comment_status":"closed","ping_status":"closed","template":"","meta":{"footnotes":""},"class_list":["post-39","page","type-page","status-publish","hentry"],"yoast_head":"<!-- This site is optimized with the Yoast SEO plugin v26.9 - https:\/\/yoast.com\/product\/yoast-seo-wordpress\/ -->\n<title>L\u00edneas de investigaci\u00f3n - Doctorado en Pol\u00edticas P\u00fablicas - Doctorado en Pol\u00edticas P\u00fablicas<\/title>\n<meta name=\"robots\" content=\"index, follow, max-snippet:-1, max-image-preview:large, max-video-preview:-1\" \/>\n<link rel=\"canonical\" href=\"https:\/\/gobierno.udd.cl\/dpp\/lineas-de-investigacion-doctorado-en-politicas-publicas\/\" \/>\n<meta property=\"og:locale\" content=\"es_ES\" \/>\n<meta property=\"og:type\" content=\"article\" \/>\n<meta property=\"og:title\" content=\"L\u00edneas de investigaci\u00f3n - Doctorado en Pol\u00edticas P\u00fablicas - Doctorado en Pol\u00edticas P\u00fablicas\" \/>\n<meta property=\"og:url\" content=\"https:\/\/gobierno.udd.cl\/dpp\/lineas-de-investigacion-doctorado-en-politicas-publicas\/\" \/>\n<meta property=\"og:site_name\" content=\"Doctorado en Pol\u00edticas P\u00fablicas\" \/>\n<meta property=\"article:modified_time\" content=\"2026-01-27T19:18:33+00:00\" \/>\n<meta name=\"twitter:card\" content=\"summary_large_image\" \/>\n<script type=\"application\/ld+json\" class=\"yoast-schema-graph\">{\"@context\":\"https:\/\/schema.org\",\"@graph\":[{\"@type\":\"WebPage\",\"@id\":\"https:\/\/gobierno.udd.cl\/dpp\/lineas-de-investigacion-doctorado-en-politicas-publicas\/\",\"url\":\"https:\/\/gobierno.udd.cl\/dpp\/lineas-de-investigacion-doctorado-en-politicas-publicas\/\",\"name\":\"L\u00edneas de investigaci\u00f3n - Doctorado en Pol\u00edticas P\u00fablicas - Doctorado en Pol\u00edticas P\u00fablicas\",\"isPartOf\":{\"@id\":\"https:\/\/gobierno.udd.cl\/dpp\/#website\"},\"datePublished\":\"2026-01-27T18:20:19+00:00\",\"dateModified\":\"2026-01-27T19:18:33+00:00\",\"breadcrumb\":{\"@id\":\"https:\/\/gobierno.udd.cl\/dpp\/lineas-de-investigacion-doctorado-en-politicas-publicas\/#breadcrumb\"},\"inLanguage\":\"es\",\"potentialAction\":[{\"@type\":\"ReadAction\",\"target\":[\"https:\/\/gobierno.udd.cl\/dpp\/lineas-de-investigacion-doctorado-en-politicas-publicas\/\"]}]},{\"@type\":\"BreadcrumbList\",\"@id\":\"https:\/\/gobierno.udd.cl\/dpp\/lineas-de-investigacion-doctorado-en-politicas-publicas\/#breadcrumb\",\"itemListElement\":[{\"@type\":\"ListItem\",\"position\":1,\"name\":\"Portada\",\"item\":\"https:\/\/gobierno.udd.cl\/dpp\/\"},{\"@type\":\"ListItem\",\"position\":2,\"name\":\"L\u00edneas de investigaci\u00f3n &#8211; Doctorado en Pol\u00edticas P\u00fablicas\"}]},{\"@type\":\"WebSite\",\"@id\":\"https:\/\/gobierno.udd.cl\/dpp\/#website\",\"url\":\"https:\/\/gobierno.udd.cl\/dpp\/\",\"name\":\"Doctorado en Pol\u00edticas P\u00fablicas\",\"description\":\"\",\"inLanguage\":\"es\"}]}<\/script>\n<!-- \/ Yoast SEO plugin. -->","yoast_head_json":{"title":"L\u00edneas de investigaci\u00f3n - Doctorado en Pol\u00edticas P\u00fablicas - Doctorado en Pol\u00edticas P\u00fablicas","robots":{"index":"index","follow":"follow","max-snippet":"max-snippet:-1","max-image-preview":"max-image-preview:large","max-video-preview":"max-video-preview:-1"},"canonical":"https:\/\/gobierno.udd.cl\/dpp\/lineas-de-investigacion-doctorado-en-politicas-publicas\/","og_locale":"es_ES","og_type":"article","og_title":"L\u00edneas de investigaci\u00f3n - Doctorado en Pol\u00edticas P\u00fablicas - Doctorado en Pol\u00edticas P\u00fablicas","og_url":"https:\/\/gobierno.udd.cl\/dpp\/lineas-de-investigacion-doctorado-en-politicas-publicas\/","og_site_name":"Doctorado en Pol\u00edticas P\u00fablicas","article_modified_time":"2026-01-27T19:18:33+00:00","twitter_card":"summary_large_image","schema":{"@context":"https:\/\/schema.org","@graph":[{"@type":"WebPage","@id":"https:\/\/gobierno.udd.cl\/dpp\/lineas-de-investigacion-doctorado-en-politicas-publicas\/","url":"https:\/\/gobierno.udd.cl\/dpp\/lineas-de-investigacion-doctorado-en-politicas-publicas\/","name":"L\u00edneas de investigaci\u00f3n - Doctorado en Pol\u00edticas P\u00fablicas - Doctorado en Pol\u00edticas P\u00fablicas","isPartOf":{"@id":"https:\/\/gobierno.udd.cl\/dpp\/#website"},"datePublished":"2026-01-27T18:20:19+00:00","dateModified":"2026-01-27T19:18:33+00:00","breadcrumb":{"@id":"https:\/\/gobierno.udd.cl\/dpp\/lineas-de-investigacion-doctorado-en-politicas-publicas\/#breadcrumb"},"inLanguage":"es","potentialAction":[{"@type":"ReadAction","target":["https:\/\/gobierno.udd.cl\/dpp\/lineas-de-investigacion-doctorado-en-politicas-publicas\/"]}]},{"@type":"BreadcrumbList","@id":"https:\/\/gobierno.udd.cl\/dpp\/lineas-de-investigacion-doctorado-en-politicas-publicas\/#breadcrumb","itemListElement":[{"@type":"ListItem","position":1,"name":"Portada","item":"https:\/\/gobierno.udd.cl\/dpp\/"},{"@type":"ListItem","position":2,"name":"L\u00edneas de investigaci\u00f3n &#8211; Doctorado en Pol\u00edticas P\u00fablicas"}]},{"@type":"WebSite","@id":"https:\/\/gobierno.udd.cl\/dpp\/#website","url":"https:\/\/gobierno.udd.cl\/dpp\/","name":"Doctorado en Pol\u00edticas P\u00fablicas","description":"","inLanguage":"es"}]}},"_links":{"self":[{"href":"https:\/\/gobierno.udd.cl\/dpp\/wp-json\/wp\/v2\/pages\/39","targetHints":{"allow":["GET"]}}],"collection":[{"href":"https:\/\/gobierno.udd.cl\/dpp\/wp-json\/wp\/v2\/pages"}],"about":[{"href":"https:\/\/gobierno.udd.cl\/dpp\/wp-json\/wp\/v2\/types\/page"}],"author":[{"embeddable":true,"href":"https:\/\/gobierno.udd.cl\/dpp\/wp-json\/wp\/v2\/users\/9192236"}],"replies":[{"embeddable":true,"href":"https:\/\/gobierno.udd.cl\/dpp\/wp-json\/wp\/v2\/comments?post=39"}],"version-history":[{"count":2,"href":"https:\/\/gobierno.udd.cl\/dpp\/wp-json\/wp\/v2\/pages\/39\/revisions"}],"predecessor-version":[{"id":92,"href":"https:\/\/gobierno.udd.cl\/dpp\/wp-json\/wp\/v2\/pages\/39\/revisions\/92"}],"wp:attachment":[{"href":"https:\/\/gobierno.udd.cl\/dpp\/wp-json\/wp\/v2\/media?parent=39"}],"curies":[{"name":"wp","href":"https:\/\/api.w.org\/{rel}","templated":true}]}}