{"id":29,"date":"2026-01-27T19:11:55","date_gmt":"2026-01-27T18:11:55","guid":{"rendered":"https:\/\/gobierno.udd.cl\/dpp\/?page_id=29"},"modified":"2026-04-08T23:15:15","modified_gmt":"2026-04-08T21:15:15","slug":"admision","status":"publish","type":"page","link":"https:\/\/gobierno.udd.cl\/dpp\/admision\/","title":{"rendered":"Admisi\u00f3n"},"content":{"rendered":"\n<p class=\"has-x-large-font-size\"><strong>Calendario<\/strong><\/p>\n\n\n\n<ul class=\"wp-block-list\">\n<li>Inicio de postulaci\u00f3n:&nbsp;<strong>Jueves 29 de Enero 2026<\/strong><\/li>\n\n\n\n<li>Cierre de postulaci\u00f3n:&nbsp;<strong>Lunes 01 de Junio&nbsp;de 2026.<\/strong><\/li>\n\n\n\n<li>Entrevistas y ex\u00e1menes de postulaci\u00f3n:<strong>&nbsp;Junio 2026.<\/strong><\/li>\n\n\n\n<li>Publicaci\u00f3n de resultados:&nbsp;<strong>06&nbsp;<\/strong><strong>de julio de 2026.<\/strong><\/li>\n\n\n\n<li>Inicio de clases:&nbsp;<strong>03 de agosto&nbsp;2026.<\/strong><\/li>\n<\/ul>\n\n\n\n<p class=\"has-x-large-font-size\"><strong>Requisitos y proceso&nbsp;<\/strong><\/p>\n\n\n\n<p>Para postular al Doctorado en Pol\u00edticas P\u00fablicas UDD, el\/la candidato\/a debe reunir al menos los siguientes requisitos:&nbsp;<\/p>\n\n\n\n<p>\u2022 Grado acad\u00e9mico m\u00ednimo: Licenciado\/a o t\u00edtulo profesional equivalente en \u00e1reas afines (Ciencia Pol\u00edtica, Econom\u00eda, Sociolog\u00eda, Salud P\u00fablica, Educaci\u00f3n, Derecho u otras disciplinas de las ciencias sociales y humanas).&nbsp;<br>\u2022 Dominio de idioma ingl\u00e9s: se pedir\u00e1 una autoevaluaci\u00f3n.&nbsp;<br>\u2022 Dedicaci\u00f3n: Disponibilidad de tiempo completo para el programa (40 h\/semana).&nbsp;<br>\u2022 Trayectoria acad\u00e9mica: se pedir\u00e1 certificado de notas.&nbsp;<\/p>\n\n\n\n<p class=\"has-x-large-font-size\"><strong>Documentos de postulaci\u00f3n<\/strong><\/p>\n\n\n\n<p>1. <a href=\"https:\/\/airtable.com\/appgMLo254cAJaXrM\/shrfHB8AM9OcGxZTW\" target=\"_blank\" rel=\"noreferrer noopener\">Formulario de postulaci\u00f3n (UDD)<\/a>.&nbsp;<br>2. Certificado de grado (Licenciado\/a o equivalente).&nbsp;<br>3. Curr\u00edculum vitae detallado (m\u00e1ximo 4 p\u00e1ginas), incluyendo experiencia de investigaci\u00f3n, publicaciones y actividades relevantes.&nbsp;<strong><a href=\"https:\/\/uddcl-my.sharepoint.com\/:w:\/g\/personal\/ccararo_udd_cl\/IQAhX9kvPUvZT5vtDfKVBankASLA2iOtaGp5HlVIMmsQ7V4?e=sb2lrx\" target=\"_blank\" rel=\"noreferrer noopener\">(Descargar aqu\u00ed)<\/a><\/strong><a href=\"http:\/\/gobierno.udd.cl\/dpp\/files\/2026\/01\/formato-tipo-cv-dpp-2026.docx\"><br><\/a>4. Carta de motivaci\u00f3n (2 p\u00e1ginas): describir intereses de investigaci\u00f3n, l\u00ednea preferente y contribuci\u00f3n esperada al programa.&nbsp;<br>5. Dos cartas de recomendaci\u00f3n acad\u00e9mica: de profesores o investigadores que conozcan el desempe\u00f1o del\/la postulante (Se debe Las cartas deben incluir <strong>los datos de los recomendadores<\/strong>; estas cartas ser\u00e1n solicitadas directamente por la coordinaci\u00f3n del programa).&nbsp;<br>6. Certificado de ranking de notas o equivalente de la universidad de origen.<br>*Certificados de grado, notas y ranking se solicitar\u00e1n solo a quienes pasen a la etapa de entrevista.<\/p>\n\n\n\n<p><\/p>\n\n\n\n<h2 class=\"wp-block-heading\"><strong>Criterios de selecci\u00f3n<\/strong><\/h2>\n\n\n\n<p>El proceso de selecci\u00f3n considera la evaluaci\u00f3n de dos dimensiones principales:<\/p>\n\n\n\n<ul class=\"wp-block-list\">\n<li><strong>Antecedentes acad\u00e9micos y trayectoria profesional (40%)<\/strong><br>Se eval\u00faa la formaci\u00f3n acad\u00e9mica del postulante, incluyendo estudios de pregrado y posgrado, considerando su desempe\u00f1o acad\u00e9mico, ranking de egreso y calidad de la instituci\u00f3n de origen. Asimismo, se valora la capacidad interdisciplinaria en el \u00e1mbito de las pol\u00edticas p\u00fablicas.<\/li>\n<\/ul>\n\n\n\n<p>Adicionalmente, se consideran los antecedentes de trayectoria profesional y\/o acad\u00e9mica que aporten al perfil del postulante, as\u00ed como la coherencia y pertinencia de sus intereses de investigaci\u00f3n y objetivos formativos, seg\u00fan lo declarado en la carta de intenci\u00f3n y respaldado por las cartas de recomendaci\u00f3n.<\/p>\n\n\n\n<ul class=\"wp-block-list\">\n<li><strong>Desempe\u00f1o en la entrevista (60%)<\/strong><br>Se eval\u00faa la capacidad del postulante para analizar y abordar problem\u00e1ticas vinculadas a las pol\u00edticas p\u00fablicas, a partir de los temas propuestos por el Comit\u00e9 de Admisi\u00f3n.<\/li>\n<\/ul>\n\n\n\n<p>En esta instancia se consideran, especialmente, la capacidad de s\u00edntesis, el razonamiento anal\u00edtico, el dominio conceptual y metodol\u00f3gico, y la pertinencia de sus propuestas en relaci\u00f3n con las l\u00edneas de investigaci\u00f3n del programa.<\/p>\n\n\n\n<p><strong>Cupos ofrecidos: 5&nbsp;<\/strong><\/p>\n\n\n\n<p><\/p>\n\n\n<p class=\"wp-block-udd-button text-center\"><a class=\"btn btn-primary \" href=\"http:\/\/gobierno.udd.cl\/dpp\/files\/2026\/04\/normativa-de-seleccion-dpp-2026-2-0.pdf\" data-url=\"http:\/\/gobierno.udd.cl\/dpp\/files\/2026\/04\/normativa-de-seleccion-dpp-2026-2-0.pdf\"><svg class=\"svg-download-dims\"><use xlink:href='https:\/\/gobierno.udd.cl\/dpp\/wp-content\/themes\/facultades-2018\/assets\/img\/svg\/dist\/main.svg?version=1695853099#download'><\/use><\/svg> Descargar normativa de postulaci\u00f3n y selecci\u00f3n 2026 <\/a><\/p>\n\n\n\n<p class=\"has-x-large-font-size\"><strong>Beca Doctorados UDD\u202fde Excelencia:<\/strong>&nbsp;<\/p>\n\n\n\n<p>Este programa cuenta con una&nbsp;<strong>Beca UDD que considera exenci\u00f3n (matr\u00edcula y arancel) durante el tiempo en que mantenga su condici\u00f3n de alumno regular<\/strong>.&nbsp;Adem\u00e1s, por tratarse de un programa de&nbsp;<strong>dedicaci\u00f3n exclusiva&nbsp;<\/strong>(carga m\u00ednima de trabajo semanal exigible de 40 horas cronol\u00f3gicas<a href=\"https:\/\/www.udd.cl\/wp-content\/uploads\/2014\/11\/Decreto-N%C2%B0-28-17-Reglamento-General-Programas-Doctorado.pdf\" target=\"_blank\" rel=\"noreferrer noopener\">&nbsp;seg\u00fan reglamento general de programas de Doctorado UDD)<\/a>, se otorga un&nbsp;<strong>estipendio mensual&nbsp;<\/strong>y una beca de almuerzo por alumno para ser utilizado en d\u00edas laborales efectivos en casinos y cafeter\u00edas de la universidad o que tengan convenios con ella.&nbsp;<strong>Estos beneficios son entregados autom\u00e1ticamente a todos los estudiantes que ingresan<\/strong>&nbsp;y&nbsp;tienen una duraci\u00f3n de cuatro a\u00f1os desde que iniciaron sus estudios en el programa y est\u00e1n sujetos a renovaci\u00f3n de acuerdo con la excelencia acad\u00e9mica de los alumnos.<\/p>\n\n\n<section class=\"wp-block-udd-featured-link\">\n\t<div class=\"container\">\n\t\t<div class=\"featured-link js-show-in-modal\">\n\t\t\t\t\t\t<div class=\"featured-link__media\">\n\t\t\t<a href=\"https:\/\/airtable.com\/appgMLo254cAJaXrM\/shrfHB8AM9OcGxZTW\" data-url=\"https:\/\/airtable.com\/appgMLo254cAJaXrM\/shrfHB8AM9OcGxZTW\">\n\t\t\t\t\t<img loading=\"lazy\" decoding=\"async\" width=\"680\" height=\"382\" src=\"https:\/\/gobierno.udd.cl\/dpp\/files\/2026\/01\/cpp4-680x382.jpg\" class=\"featured-link__media-image lazyload\" alt=\"\" sizes=\"auto, (max-width: 680px) 100vw, 680px\" data-src=\"https:\/\/gobierno.udd.cl\/dpp\/files\/2026\/01\/cpp4-680x382.jpg\" data-srcset=\"https:\/\/gobierno.udd.cl\/dpp\/files\/2026\/01\/cpp4-680x382.jpg 680w, https:\/\/gobierno.udd.cl\/dpp\/files\/2026\/01\/cpp4-1920x1080.jpg 1920w, https:\/\/gobierno.udd.cl\/dpp\/files\/2026\/01\/cpp4-1366x768.jpg 1366w, https:\/\/gobierno.udd.cl\/dpp\/files\/2026\/01\/cpp4-952x534.jpg 952w\" \/>\t\t\t\t<\/a>\n\t\t\t<\/div>\n\t\t\t\t\t\t<div class=\"featured-link__content\">\n\t\t\t\t\t\t\t\t\t\t\t\t\t<h3 class=\"featured-link__title\">\n\t\t\t\t\t\t<a data-url=\"https:\/\/airtable.com\/appgMLo254cAJaXrM\/shrfHB8AM9OcGxZTW\" href=\"https:\/\/airtable.com\/appgMLo254cAJaXrM\/shrfHB8AM9OcGxZTW\">\n\t\t\t\t\t\t\tComienza tu postulaci\u00f3n\t\t\t\t\t\t<\/a>\n\t\t\t\t\t<\/h3>\n\t\t\t\t\t\t\t\t\t\t\t\t\t\t\t\t\t\t\t\t<a href=\"https:\/\/airtable.com\/appgMLo254cAJaXrM\/shrfHB8AM9OcGxZTW\" data-url=\"https:\/\/airtable.com\/appgMLo254cAJaXrM\/shrfHB8AM9OcGxZTW\"\n\t\t\t\t\t class=\"featured-link__more\"\t\t\t\t>\n\t\t\t\t\tIngresa aqu\u00ed\t\t\t\t<\/a>\n\t\t\t\t\t\t\t<\/div>\n\t\t<\/div>\n\t<\/div>\n<\/section>\n\n\n<section class=\"wp-block-udd-text-row block--bg-gray\">\n\t<div class=\"text-row\">\n\t\t<div class=\"text-row__content\">\n\t\t\t<div class=\"text-row__content-inner text\">\n\t\t\t\t\t\t\t\t<h2>Formulario de contacto<\/h2>\n\t\t\t\t\t\t\t\t\n<p><a href=\"https:\/\/airtable.com\/appgMLo254cAJaXrM\/shrGoSSCOF8BP1NZy\"><strong>Ingresa aqu\u00ed<\/strong><\/a><\/p>\n\t\t\t<\/div>\n\t\t<\/div>\n\t\t<div class=\"text-row__media\">\n\t\t\t<img loading=\"lazy\" decoding=\"async\" width=\"952\" height=\"534\" src=\"https:\/\/gobierno.udd.cl\/dpp\/files\/2026\/01\/cropped-cropped-corporate-office-worker-discussion-partnership-concept-scaled-1-300x169.jpg\" class=\"text-row__media-image lazyload\" alt=\"\" sizes=\"auto, (max-width: 952px) 100vw, 952px\" data-src=\"https:\/\/gobierno.udd.cl\/dpp\/files\/2026\/01\/cropped-cropped-corporate-office-worker-discussion-partnership-concept-scaled-1-952x534.jpg\" data-srcset=\"https:\/\/gobierno.udd.cl\/dpp\/files\/2026\/01\/cropped-cropped-corporate-office-worker-discussion-partnership-concept-scaled-1-952x534.jpg 952w, https:\/\/gobierno.udd.cl\/dpp\/files\/2026\/01\/cropped-cropped-corporate-office-worker-discussion-partnership-concept-scaled-1-300x169.jpg 300w, https:\/\/gobierno.udd.cl\/dpp\/files\/2026\/01\/cropped-cropped-corporate-office-worker-discussion-partnership-concept-scaled-1-768x432.jpg 768w, https:\/\/gobierno.udd.cl\/dpp\/files\/2026\/01\/cropped-cropped-corporate-office-worker-discussion-partnership-concept-scaled-1-1366x768.jpg 1366w, https:\/\/gobierno.udd.cl\/dpp\/files\/2026\/01\/cropped-cropped-corporate-office-worker-discussion-partnership-concept-scaled-1-680x382.jpg 680w\" \/>\t\t<\/div>\n\t<\/div>\n<\/section>\n\n\n<!-- WP Block: UDD - People -->\n<section class=\"wp-block-udd-contacts\">\n\t\t<div class=\"block__bg\">\n\t\t\t<\/div>\n\t\t<div class=\"container\">\n\t\t<header class=\"block__header\">\n\t\t\t<h2 class=\"block__title\">Contacto Doctorado en Pol\u00edticas P\u00fablicas<\/h2>\n\t\t<\/header>\n\t\t<div class=\"block__content\">\n\t\t\t<ul class=\"contacts\">\n\t\t\t\t\t\t\t<li class=\"contact\">\n\t\t\t\t\t<div class=\"person-contact\">\n\t\t\t\t\t\t\t\t\t\t\t\t<h3 class=\"person-contact__name\">Contacto y consultas<\/h3>\n\t\t\t\t\t\t\t\t\t\t\t\t\t\t\t\t\t\t\t\t\t\t\t\t\t\t\t\t\t\t\t\t\t\t\t\t\t<span class=\"person-contact__email\">Email: <a href=\"mailto:&#100;&#111;c.p&#111;&#108;i&#116;ica&#115;p&#117;&#98;li&#99;&#97;s&#64;&#117;&#100;&#100;.cl\">doc.&#112;o&#108;&#105;&#116;i&#99;as&#112;u&#98;&#108;ic&#97;&#115;&#64;&#117;d&#100;.&#99;l<\/a><\/span>\n\t\t\t\t\t\t\t\t\t\t\t<\/div>\n\t\t\t\t<\/li>\n\t\t\t\t\t\t<\/ul>\n\t\t<\/div>\n\t<\/div>\n<\/section>\n\n\n\n<p><br>&nbsp;<\/p>\n","protected":false},"excerpt":{"rendered":"<p>Calendario Requisitos y proceso&nbsp; Para postular al Doctorado en Pol\u00edticas P\u00fablicas UDD, el\/la candidato\/a debe reunir al menos los siguientes requisitos:&nbsp; \u2022 Grado acad\u00e9mico m\u00ednimo: Licenciado\/a o t\u00edtulo profesional equivalente en \u00e1reas afines (Ciencia Pol\u00edtica, Econom\u00eda, Sociolog\u00eda, Salud P\u00fablica, Educaci\u00f3n, Derecho u otras disciplinas de las ciencias sociales y humanas).&nbsp;\u2022 Dominio de idioma ingl\u00e9s: se [&hellip;]<\/p>\n","protected":false},"author":9192236,"featured_media":0,"parent":0,"menu_order":0,"comment_status":"closed","ping_status":"closed","template":"","meta":{"footnotes":""},"class_list":["post-29","page","type-page","status-publish","hentry"],"yoast_head":"<!-- This site is optimized with the Yoast SEO plugin v26.9 - https:\/\/yoast.com\/product\/yoast-seo-wordpress\/ -->\n<title>Admisi\u00f3n - Doctorado en Pol\u00edticas P\u00fablicas<\/title>\n<meta name=\"robots\" content=\"index, follow, max-snippet:-1, max-image-preview:large, max-video-preview:-1\" \/>\n<link rel=\"canonical\" href=\"https:\/\/gobierno.udd.cl\/dpp\/admision\/\" \/>\n<meta property=\"og:locale\" content=\"es_ES\" \/>\n<meta property=\"og:type\" content=\"article\" \/>\n<meta property=\"og:title\" content=\"Admisi\u00f3n - Doctorado en Pol\u00edticas P\u00fablicas\" \/>\n<meta property=\"og:description\" content=\"Calendario Requisitos y proceso&nbsp; Para postular al Doctorado en Pol\u00edticas P\u00fablicas UDD, el\/la candidato\/a debe reunir al menos los siguientes requisitos:&nbsp; \u2022 Grado acad\u00e9mico m\u00ednimo: Licenciado\/a o t\u00edtulo profesional equivalente en \u00e1reas afines (Ciencia Pol\u00edtica, Econom\u00eda, Sociolog\u00eda, Salud P\u00fablica, Educaci\u00f3n, Derecho u otras disciplinas de las ciencias sociales y humanas).&nbsp;\u2022 Dominio de idioma ingl\u00e9s: se [&hellip;]\" \/>\n<meta property=\"og:url\" content=\"https:\/\/gobierno.udd.cl\/dpp\/admision\/\" \/>\n<meta property=\"og:site_name\" content=\"Doctorado en Pol\u00edticas P\u00fablicas\" \/>\n<meta property=\"article:modified_time\" content=\"2026-04-08T21:15:15+00:00\" \/>\n<meta property=\"og:image\" content=\"http:\/\/gobierno.udd.cl\/dpp\/files\/2026\/01\/cropped-cropped-corporate-office-worker-discussion-partnership-concept-scaled-1.jpg\" \/>\n<meta name=\"twitter:card\" content=\"summary_large_image\" \/>\n<meta name=\"twitter:label1\" content=\"Tiempo de lectura\" \/>\n\t<meta name=\"twitter:data1\" content=\"3 minutos\" \/>\n<script type=\"application\/ld+json\" class=\"yoast-schema-graph\">{\"@context\":\"https:\/\/schema.org\",\"@graph\":[{\"@type\":\"WebPage\",\"@id\":\"https:\/\/gobierno.udd.cl\/dpp\/admision\/\",\"url\":\"https:\/\/gobierno.udd.cl\/dpp\/admision\/\",\"name\":\"Admisi\u00f3n - Doctorado en Pol\u00edticas P\u00fablicas\",\"isPartOf\":{\"@id\":\"https:\/\/gobierno.udd.cl\/dpp\/#website\"},\"primaryImageOfPage\":{\"@id\":\"https:\/\/gobierno.udd.cl\/dpp\/admision\/#primaryimage\"},\"image\":{\"@id\":\"https:\/\/gobierno.udd.cl\/dpp\/admision\/#primaryimage\"},\"thumbnailUrl\":\"http:\/\/gobierno.udd.cl\/dpp\/files\/2026\/01\/cropped-cropped-corporate-office-worker-discussion-partnership-concept-scaled-1.jpg\",\"datePublished\":\"2026-01-27T18:11:55+00:00\",\"dateModified\":\"2026-04-08T21:15:15+00:00\",\"breadcrumb\":{\"@id\":\"https:\/\/gobierno.udd.cl\/dpp\/admision\/#breadcrumb\"},\"inLanguage\":\"es\",\"potentialAction\":[{\"@type\":\"ReadAction\",\"target\":[\"https:\/\/gobierno.udd.cl\/dpp\/admision\/\"]}]},{\"@type\":\"ImageObject\",\"inLanguage\":\"es\",\"@id\":\"https:\/\/gobierno.udd.cl\/dpp\/admision\/#primaryimage\",\"url\":\"https:\/\/gobierno.udd.cl\/dpp\/files\/2026\/01\/cropped-cropped-corporate-office-worker-discussion-partnership-concept-scaled-1.jpg\",\"contentUrl\":\"https:\/\/gobierno.udd.cl\/dpp\/files\/2026\/01\/cropped-cropped-corporate-office-worker-discussion-partnership-concept-scaled-1.jpg\",\"width\":1920,\"height\":1080,\"caption\":\"Corporate Office Worker Discussion Partnership Concept\"},{\"@type\":\"BreadcrumbList\",\"@id\":\"https:\/\/gobierno.udd.cl\/dpp\/admision\/#breadcrumb\",\"itemListElement\":[{\"@type\":\"ListItem\",\"position\":1,\"name\":\"Portada\",\"item\":\"https:\/\/gobierno.udd.cl\/dpp\/\"},{\"@type\":\"ListItem\",\"position\":2,\"name\":\"Admisi\u00f3n\"}]},{\"@type\":\"WebSite\",\"@id\":\"https:\/\/gobierno.udd.cl\/dpp\/#website\",\"url\":\"https:\/\/gobierno.udd.cl\/dpp\/\",\"name\":\"Doctorado en Pol\u00edticas P\u00fablicas\",\"description\":\"\",\"inLanguage\":\"es\"}]}<\/script>\n<!-- \/ Yoast SEO plugin. -->","yoast_head_json":{"title":"Admisi\u00f3n - Doctorado en Pol\u00edticas P\u00fablicas","robots":{"index":"index","follow":"follow","max-snippet":"max-snippet:-1","max-image-preview":"max-image-preview:large","max-video-preview":"max-video-preview:-1"},"canonical":"https:\/\/gobierno.udd.cl\/dpp\/admision\/","og_locale":"es_ES","og_type":"article","og_title":"Admisi\u00f3n - Doctorado en Pol\u00edticas P\u00fablicas","og_description":"Calendario Requisitos y proceso&nbsp; Para postular al Doctorado en Pol\u00edticas P\u00fablicas UDD, el\/la candidato\/a debe reunir al menos los siguientes requisitos:&nbsp; \u2022 Grado acad\u00e9mico m\u00ednimo: Licenciado\/a o t\u00edtulo profesional equivalente en \u00e1reas afines (Ciencia Pol\u00edtica, Econom\u00eda, Sociolog\u00eda, Salud P\u00fablica, Educaci\u00f3n, Derecho u otras disciplinas de las ciencias sociales y humanas).&nbsp;\u2022 Dominio de idioma ingl\u00e9s: se [&hellip;]","og_url":"https:\/\/gobierno.udd.cl\/dpp\/admision\/","og_site_name":"Doctorado en Pol\u00edticas P\u00fablicas","article_modified_time":"2026-04-08T21:15:15+00:00","og_image":[{"url":"http:\/\/gobierno.udd.cl\/dpp\/files\/2026\/01\/cropped-cropped-corporate-office-worker-discussion-partnership-concept-scaled-1.jpg","type":"","width":"","height":""}],"twitter_card":"summary_large_image","twitter_misc":{"Tiempo de lectura":"3 minutos"},"schema":{"@context":"https:\/\/schema.org","@graph":[{"@type":"WebPage","@id":"https:\/\/gobierno.udd.cl\/dpp\/admision\/","url":"https:\/\/gobierno.udd.cl\/dpp\/admision\/","name":"Admisi\u00f3n - Doctorado en Pol\u00edticas P\u00fablicas","isPartOf":{"@id":"https:\/\/gobierno.udd.cl\/dpp\/#website"},"primaryImageOfPage":{"@id":"https:\/\/gobierno.udd.cl\/dpp\/admision\/#primaryimage"},"image":{"@id":"https:\/\/gobierno.udd.cl\/dpp\/admision\/#primaryimage"},"thumbnailUrl":"http:\/\/gobierno.udd.cl\/dpp\/files\/2026\/01\/cropped-cropped-corporate-office-worker-discussion-partnership-concept-scaled-1.jpg","datePublished":"2026-01-27T18:11:55+00:00","dateModified":"2026-04-08T21:15:15+00:00","breadcrumb":{"@id":"https:\/\/gobierno.udd.cl\/dpp\/admision\/#breadcrumb"},"inLanguage":"es","potentialAction":[{"@type":"ReadAction","target":["https:\/\/gobierno.udd.cl\/dpp\/admision\/"]}]},{"@type":"ImageObject","inLanguage":"es","@id":"https:\/\/gobierno.udd.cl\/dpp\/admision\/#primaryimage","url":"https:\/\/gobierno.udd.cl\/dpp\/files\/2026\/01\/cropped-cropped-corporate-office-worker-discussion-partnership-concept-scaled-1.jpg","contentUrl":"https:\/\/gobierno.udd.cl\/dpp\/files\/2026\/01\/cropped-cropped-corporate-office-worker-discussion-partnership-concept-scaled-1.jpg","width":1920,"height":1080,"caption":"Corporate Office Worker Discussion Partnership Concept"},{"@type":"BreadcrumbList","@id":"https:\/\/gobierno.udd.cl\/dpp\/admision\/#breadcrumb","itemListElement":[{"@type":"ListItem","position":1,"name":"Portada","item":"https:\/\/gobierno.udd.cl\/dpp\/"},{"@type":"ListItem","position":2,"name":"Admisi\u00f3n"}]},{"@type":"WebSite","@id":"https:\/\/gobierno.udd.cl\/dpp\/#website","url":"https:\/\/gobierno.udd.cl\/dpp\/","name":"Doctorado en Pol\u00edticas P\u00fablicas","description":"","inLanguage":"es"}]}},"_links":{"self":[{"href":"https:\/\/gobierno.udd.cl\/dpp\/wp-json\/wp\/v2\/pages\/29","targetHints":{"allow":["GET"]}}],"collection":[{"href":"https:\/\/gobierno.udd.cl\/dpp\/wp-json\/wp\/v2\/pages"}],"about":[{"href":"https:\/\/gobierno.udd.cl\/dpp\/wp-json\/wp\/v2\/types\/page"}],"author":[{"embeddable":true,"href":"https:\/\/gobierno.udd.cl\/dpp\/wp-json\/wp\/v2\/users\/9192236"}],"replies":[{"embeddable":true,"href":"https:\/\/gobierno.udd.cl\/dpp\/wp-json\/wp\/v2\/comments?post=29"}],"version-history":[{"count":22,"href":"https:\/\/gobierno.udd.cl\/dpp\/wp-json\/wp\/v2\/pages\/29\/revisions"}],"predecessor-version":[{"id":176,"href":"https:\/\/gobierno.udd.cl\/dpp\/wp-json\/wp\/v2\/pages\/29\/revisions\/176"}],"wp:attachment":[{"href":"https:\/\/gobierno.udd.cl\/dpp\/wp-json\/wp\/v2\/media?parent=29"}],"curies":[{"name":"wp","href":"https:\/\/api.w.org\/{rel}","templated":true}]}}