{"id":26,"date":"2026-01-27T19:08:44","date_gmt":"2026-01-27T18:08:44","guid":{"rendered":"https:\/\/gobierno.udd.cl\/dpp\/?page_id=26"},"modified":"2026-01-27T19:08:45","modified_gmt":"2026-01-27T18:08:45","slug":"perfil-de-egreso","status":"publish","type":"page","link":"https:\/\/gobierno.udd.cl\/dpp\/perfil-de-egreso\/","title":{"rendered":"Perfil de egreso"},"content":{"rendered":"\n<p>El\/la Doctor\/a en Pol\u00edticas P\u00fablicas de la Universidad del Desarrollo ser\u00e1 un\/a investigador\/a aut\u00f3nomo\/a y multidisciplinario\/a, capaz de formular, conducir y difundir investigaciones originales de alto impacto en el \u00e1mbito de las pol\u00edticas p\u00fablicas. Poseer\u00e1 un dominio avanzado en su \u00e1rea de conocimiento, y la capacidad para conducir investigaci\u00f3n original, as\u00ed como el compromiso con la integridad y \u00e9tica cient\u00edfica. Dominar\u00e1 los fundamentos te\u00f3ricos en econom\u00eda pol\u00edtica e instituciones, las metodolog\u00edas cuantitativas y cualitativas avanzadas, y el an\u00e1lisis sectorial (educaci\u00f3n y salud), aplic\u00e1ndolos para resolver problemas reales con trascendencia cient\u00edfica y social. Comunicar\u00e1 hallazgos complejos de manera efectiva a audiencias diversas y liderar\u00e1 equipos interdisciplinarios en contextos acad\u00e9micos, gubernamentales o del sector privado.<\/p>\n\n\n\n<p><strong>Competencias espec\u00edficas:\u00a0<\/strong><\/p>\n\n\n\n<p><strong>1. Investigaci\u00f3n rigurosa:<\/strong> Dise\u00f1a y ejecuta proyectos de investigaci\u00f3n te\u00f3rico-emp\u00edrica que generan nuevos conocimientos sobre dise\u00f1o, implementaci\u00f3n y evaluaci\u00f3n de pol\u00edticas p\u00fablicas, utilizando est\u00e1ndares \u00e9ticos y metodol\u00f3gicos de vanguardia.\u00a0<br><strong>2. Implementaci\u00f3n de metodolog\u00edas emp\u00edricas avanzadas:<\/strong> Identifica, dise\u00f1a y ejecuta metodolog\u00edas de investigaci\u00f3n rigurosas, robustas y alineadas con los datos disponibles.\u00a0<br><strong>3. Comunicaci\u00f3n acad\u00e9mica y cient\u00edfica:<\/strong> Redacta y presenta resultados en publicaciones indexadas y conferencias internacionales, y divulga sus resultados a tomadores de decisiones y p\u00fablico no especializado.\u00a0<br><strong>4. \u00c9tica y responsabilidad social:<\/strong> Realizar\u00e1 sus an\u00e1lisis con integridad y compromiso para el bien com\u00fan, evaluando las implicaciones sociales de sus recomendaciones de pol\u00edtica.\u00a0<\/p>\n\n\n\n<p><\/p>\n","protected":false},"excerpt":{"rendered":"<p>El\/la Doctor\/a en Pol\u00edticas P\u00fablicas de la Universidad del Desarrollo ser\u00e1 un\/a investigador\/a aut\u00f3nomo\/a y multidisciplinario\/a, capaz de formular, conducir y difundir investigaciones originales de alto impacto en el \u00e1mbito de las pol\u00edticas p\u00fablicas. Poseer\u00e1 un dominio avanzado en su \u00e1rea de conocimiento, y la capacidad para conducir investigaci\u00f3n original, as\u00ed como el compromiso con [&hellip;]<\/p>\n","protected":false},"author":9192236,"featured_media":0,"parent":0,"menu_order":0,"comment_status":"closed","ping_status":"closed","template":"","meta":{"footnotes":""},"class_list":["post-26","page","type-page","status-publish","hentry"],"yoast_head":"<!-- This site is optimized with the Yoast SEO plugin v26.9 - https:\/\/yoast.com\/product\/yoast-seo-wordpress\/ -->\n<title>Perfil de egreso - Doctorado en Pol\u00edticas P\u00fablicas<\/title>\n<meta name=\"robots\" content=\"index, follow, max-snippet:-1, max-image-preview:large, max-video-preview:-1\" \/>\n<link rel=\"canonical\" href=\"https:\/\/gobierno.udd.cl\/dpp\/perfil-de-egreso\/\" \/>\n<meta property=\"og:locale\" content=\"es_ES\" \/>\n<meta property=\"og:type\" content=\"article\" \/>\n<meta property=\"og:title\" content=\"Perfil de egreso - Doctorado en Pol\u00edticas P\u00fablicas\" \/>\n<meta property=\"og:description\" content=\"El\/la Doctor\/a en Pol\u00edticas P\u00fablicas de la Universidad del Desarrollo ser\u00e1 un\/a investigador\/a aut\u00f3nomo\/a y multidisciplinario\/a, capaz de formular, conducir y difundir investigaciones originales de alto impacto en el \u00e1mbito de las pol\u00edticas p\u00fablicas. Poseer\u00e1 un dominio avanzado en su \u00e1rea de conocimiento, y la capacidad para conducir investigaci\u00f3n original, as\u00ed como el compromiso con [&hellip;]\" \/>\n<meta property=\"og:url\" content=\"https:\/\/gobierno.udd.cl\/dpp\/perfil-de-egreso\/\" \/>\n<meta property=\"og:site_name\" content=\"Doctorado en Pol\u00edticas P\u00fablicas\" \/>\n<meta property=\"article:modified_time\" content=\"2026-01-27T18:08:45+00:00\" \/>\n<meta name=\"twitter:card\" content=\"summary_large_image\" \/>\n<meta name=\"twitter:label1\" content=\"Tiempo de lectura\" \/>\n\t<meta name=\"twitter:data1\" content=\"1 minuto\" \/>\n<script type=\"application\/ld+json\" class=\"yoast-schema-graph\">{\"@context\":\"https:\/\/schema.org\",\"@graph\":[{\"@type\":\"WebPage\",\"@id\":\"https:\/\/gobierno.udd.cl\/dpp\/perfil-de-egreso\/\",\"url\":\"https:\/\/gobierno.udd.cl\/dpp\/perfil-de-egreso\/\",\"name\":\"Perfil de egreso - Doctorado en Pol\u00edticas P\u00fablicas\",\"isPartOf\":{\"@id\":\"https:\/\/gobierno.udd.cl\/dpp\/#website\"},\"datePublished\":\"2026-01-27T18:08:44+00:00\",\"dateModified\":\"2026-01-27T18:08:45+00:00\",\"breadcrumb\":{\"@id\":\"https:\/\/gobierno.udd.cl\/dpp\/perfil-de-egreso\/#breadcrumb\"},\"inLanguage\":\"es\",\"potentialAction\":[{\"@type\":\"ReadAction\",\"target\":[\"https:\/\/gobierno.udd.cl\/dpp\/perfil-de-egreso\/\"]}]},{\"@type\":\"BreadcrumbList\",\"@id\":\"https:\/\/gobierno.udd.cl\/dpp\/perfil-de-egreso\/#breadcrumb\",\"itemListElement\":[{\"@type\":\"ListItem\",\"position\":1,\"name\":\"Portada\",\"item\":\"https:\/\/gobierno.udd.cl\/dpp\/\"},{\"@type\":\"ListItem\",\"position\":2,\"name\":\"Perfil de egreso\"}]},{\"@type\":\"WebSite\",\"@id\":\"https:\/\/gobierno.udd.cl\/dpp\/#website\",\"url\":\"https:\/\/gobierno.udd.cl\/dpp\/\",\"name\":\"Doctorado en Pol\u00edticas P\u00fablicas\",\"description\":\"\",\"inLanguage\":\"es\"}]}<\/script>\n<!-- \/ Yoast SEO plugin. -->","yoast_head_json":{"title":"Perfil de egreso - Doctorado en Pol\u00edticas P\u00fablicas","robots":{"index":"index","follow":"follow","max-snippet":"max-snippet:-1","max-image-preview":"max-image-preview:large","max-video-preview":"max-video-preview:-1"},"canonical":"https:\/\/gobierno.udd.cl\/dpp\/perfil-de-egreso\/","og_locale":"es_ES","og_type":"article","og_title":"Perfil de egreso - Doctorado en Pol\u00edticas P\u00fablicas","og_description":"El\/la Doctor\/a en Pol\u00edticas P\u00fablicas de la Universidad del Desarrollo ser\u00e1 un\/a investigador\/a aut\u00f3nomo\/a y multidisciplinario\/a, capaz de formular, conducir y difundir investigaciones originales de alto impacto en el \u00e1mbito de las pol\u00edticas p\u00fablicas. Poseer\u00e1 un dominio avanzado en su \u00e1rea de conocimiento, y la capacidad para conducir investigaci\u00f3n original, as\u00ed como el compromiso con [&hellip;]","og_url":"https:\/\/gobierno.udd.cl\/dpp\/perfil-de-egreso\/","og_site_name":"Doctorado en Pol\u00edticas P\u00fablicas","article_modified_time":"2026-01-27T18:08:45+00:00","twitter_card":"summary_large_image","twitter_misc":{"Tiempo de lectura":"1 minuto"},"schema":{"@context":"https:\/\/schema.org","@graph":[{"@type":"WebPage","@id":"https:\/\/gobierno.udd.cl\/dpp\/perfil-de-egreso\/","url":"https:\/\/gobierno.udd.cl\/dpp\/perfil-de-egreso\/","name":"Perfil de egreso - Doctorado en Pol\u00edticas P\u00fablicas","isPartOf":{"@id":"https:\/\/gobierno.udd.cl\/dpp\/#website"},"datePublished":"2026-01-27T18:08:44+00:00","dateModified":"2026-01-27T18:08:45+00:00","breadcrumb":{"@id":"https:\/\/gobierno.udd.cl\/dpp\/perfil-de-egreso\/#breadcrumb"},"inLanguage":"es","potentialAction":[{"@type":"ReadAction","target":["https:\/\/gobierno.udd.cl\/dpp\/perfil-de-egreso\/"]}]},{"@type":"BreadcrumbList","@id":"https:\/\/gobierno.udd.cl\/dpp\/perfil-de-egreso\/#breadcrumb","itemListElement":[{"@type":"ListItem","position":1,"name":"Portada","item":"https:\/\/gobierno.udd.cl\/dpp\/"},{"@type":"ListItem","position":2,"name":"Perfil de egreso"}]},{"@type":"WebSite","@id":"https:\/\/gobierno.udd.cl\/dpp\/#website","url":"https:\/\/gobierno.udd.cl\/dpp\/","name":"Doctorado en Pol\u00edticas P\u00fablicas","description":"","inLanguage":"es"}]}},"_links":{"self":[{"href":"https:\/\/gobierno.udd.cl\/dpp\/wp-json\/wp\/v2\/pages\/26","targetHints":{"allow":["GET"]}}],"collection":[{"href":"https:\/\/gobierno.udd.cl\/dpp\/wp-json\/wp\/v2\/pages"}],"about":[{"href":"https:\/\/gobierno.udd.cl\/dpp\/wp-json\/wp\/v2\/types\/page"}],"author":[{"embeddable":true,"href":"https:\/\/gobierno.udd.cl\/dpp\/wp-json\/wp\/v2\/users\/9192236"}],"replies":[{"embeddable":true,"href":"https:\/\/gobierno.udd.cl\/dpp\/wp-json\/wp\/v2\/comments?post=26"}],"version-history":[{"count":1,"href":"https:\/\/gobierno.udd.cl\/dpp\/wp-json\/wp\/v2\/pages\/26\/revisions"}],"predecessor-version":[{"id":27,"href":"https:\/\/gobierno.udd.cl\/dpp\/wp-json\/wp\/v2\/pages\/26\/revisions\/27"}],"wp:attachment":[{"href":"https:\/\/gobierno.udd.cl\/dpp\/wp-json\/wp\/v2\/media?parent=26"}],"curies":[{"name":"wp","href":"https:\/\/api.w.org\/{rel}","templated":true}]}}