{"id":653,"date":"2017-11-30T17:54:14","date_gmt":"2017-11-30T17:54:14","guid":{"rendered":"http:\/\/dccs.udd.cl\/?page_id=653"},"modified":"2024-08-16T17:27:16","modified_gmt":"2024-08-16T21:27:16","slug":"transicion-hacia-la-investigacion","status":"publish","type":"page","link":"https:\/\/gobierno.udd.cl\/doctorate\/programa\/transicion-hacia-la-investigacion\/","title":{"rendered":"Formaci\u00f3n en investigaci\u00f3n interdisciplinaria en Ciencias Sociales"},"content":{"rendered":"<p>&nbsp;<\/p>\n<div class=\"ewa-rteLine\">En sus diez a\u00f1os de funcionamiento el DCCS ha mantenido y profundizado su vocaci\u00f3n hacia la formaci\u00f3n interdisciplinaria en un entorno interconectado con otros centros formativos y con foco en las preguntas y problem\u00e1ticas propias de las ciencias sociales.<\/div>\n<div class=\"ewa-rteLine\">\n<p>Para concretizar esta definici\u00f3n conceptual, el DCCS identific\u00f3 seis tareas permanentes para su gesti\u00f3n:<\/p>\n<\/div>\n<div class=\"ewa-rteLine\">\n<p><strong>\u2022 TAREA 1:<\/strong> Formaci\u00f3n te\u00f3rica y metodol\u00f3gica para la investigaci\u00f3n interdisciplinaria en ciencia social. Para lograrlo es necesaria una formaci\u00f3n disciplinar amplia en t\u00e9cnicas de an\u00e1lisis emp\u00edrico y de modelaci\u00f3n que desarrollen en los alumnos las capacidades de comprender, producir y dialogar con investigadores de diversas disciplinas.<\/p>\n<\/div>\n<div class=\"ewa-rteLine\">\n<p><strong>\u2022 TAREA 2:<\/strong> Inserci\u00f3n temprana en la investigaci\u00f3n interdisciplinaria. Para ello, es central el desarrollo de capacidades para el trabajo colaborativo con una malla curricular que lo facilite y promueva. Por lo tanto, el dise\u00f1o del programa permite que los alumnos sean incorporados a proyectos y l\u00edneas de investigaci\u00f3n desarrolladas tanto por profesores del claustro como por profesores colaboradores. Junto con la formaci\u00f3n acad\u00e9mica , los estudiantes deben enfrentarse, lo antes posible, al trabajo con datos, con la capacidad de delimitar una pregunta de investigaci\u00f3n y con la identificaci\u00f3n de los m\u00e9todos apropiados para llevar dicha investigaci\u00f3n a t\u00e9rmino.<\/p>\n<\/div>\n<div class=\"ewa-rteLine\">\n<p><strong>\u2022 TAREA 3:<\/strong> Formar un equipo acad\u00e9mico y de estudiantes interdisciplinario. Consolidaci\u00f3n de un cuerpo acad\u00e9mico y de estudiantes diversos en su formaci\u00f3n de origen, que convergen en temas de inter\u00e9s com\u00fan. Ello queda reflejado tanto en los procesos de admisi\u00f3n del programa como en la conformaci\u00f3n y expansi\u00f3n del cuerpo de profesores.<\/p>\n<\/div>\n<div class=\"ewa-rteLine\">\n<p><strong>\u2022 TAREA 4:<\/strong> Generar la capacidad para nutrir de datos las investigaciones. La Universidad ha garantizado la sustentabilidad de la operaci\u00f3n de los laboratorios de Neurociencia social, Comportamiento animal y humano, Ciencias sociales computacionales, Convivencia y Comportamiento pol\u00edtico.<\/p>\n<\/div>\n<div class=\"ewa-rteLine\">\n<p><strong>\u2022 TAREA 5:<\/strong> Potenciar redes de colaboraci\u00f3n. En un mundo acad\u00e9mico globalizado es crucial estar conectados a una red global de excelencia y potenciarla. Por ello, se apoya a los alumnos para realizar pasant\u00edas internacionales o co-tutelas, especialmente en los centros afines de investigaci\u00f3n con los que colabora el programa y\/o la universidad.<\/p>\n<\/div>\n<div class=\"ewa-rteLine\">\n<p><strong>\u2022 TAREA 6:<\/strong> Potenciar la transferencia de conocimientos. Para que el programa expanda las oportunidades de sus alumnos y pueda ofrecer respuestas a problemas vigentes en la sociedad, debe involucrarse en investigaci\u00f3n con fines de transferencia desde las ciencias sociales b\u00e1sicas a aplicaciones concretas, e involucrar a sus estudiantes en el desarrollo de las mismas. As\u00ed, los alumnos est\u00e1n expuestos a contextos donde pueden desarrollar la capacidad de comprometerse en di\u00e1logos cr\u00edticos, asumir liderazgo y responsabilidades dentro de equipos de trabajo y gestionar recursos.<\/p>\n<p><img loading=\"lazy\" decoding=\"async\" class=\"wp-image-4334 aligncenter\" src=\"https:\/\/gobierno.udd.cl\/doctorate\/files\/2024\/08\/interdisciplinadccs-300x187.png\" alt=\"\" width=\"552\" height=\"344\" srcset=\"https:\/\/gobierno.udd.cl\/doctorate\/files\/2024\/08\/interdisciplinadccs-300x187.png 300w, https:\/\/gobierno.udd.cl\/doctorate\/files\/2024\/08\/interdisciplinadccs-768x478.png 768w, https:\/\/gobierno.udd.cl\/doctorate\/files\/2024\/08\/interdisciplinadccs.png 850w\" sizes=\"auto, (max-width: 552px) 100vw, 552px\" \/><\/p>\n<\/div>\n","protected":false},"excerpt":{"rendered":"<p>&nbsp; En sus diez a\u00f1os de funcionamiento el DCCS ha mantenido y profundizado su vocaci\u00f3n hacia la formaci\u00f3n interdisciplinaria en un entorno interconectado con otros centros formativos y con foco en las preguntas y problem\u00e1ticas propias de las ciencias sociales. Para concretizar esta definici\u00f3n conceptual, el DCCS identific\u00f3 seis tareas permanentes para su gesti\u00f3n: \u2022 [&hellip;]<\/p>\n","protected":false},"author":0,"featured_media":0,"parent":144,"menu_order":0,"comment_status":"closed","ping_status":"closed","template":"","meta":{"footnotes":""},"class_list":["post-653","page","type-page","status-publish","hentry"],"yoast_head":"<!-- This site is optimized with the Yoast SEO plugin v26.9 - https:\/\/yoast.com\/product\/yoast-seo-wordpress\/ -->\n<title>Formaci\u00f3n en investigaci\u00f3n interdisciplinaria en Ciencias Sociales - Doctoral Program in Social Complexity Sciences<\/title>\n<meta name=\"robots\" content=\"index, follow, max-snippet:-1, max-image-preview:large, max-video-preview:-1\" \/>\n<link rel=\"canonical\" href=\"https:\/\/gobierno.udd.cl\/doctorate\/programa\/transicion-hacia-la-investigacion\/\" \/>\n<meta property=\"og:locale\" content=\"en_US\" \/>\n<meta property=\"og:type\" content=\"article\" \/>\n<meta property=\"og:title\" content=\"Formaci\u00f3n en investigaci\u00f3n interdisciplinaria en Ciencias Sociales - Doctoral Program in Social Complexity Sciences\" \/>\n<meta property=\"og:description\" content=\"&nbsp; En sus diez a\u00f1os de funcionamiento el DCCS ha mantenido y profundizado su vocaci\u00f3n hacia la formaci\u00f3n interdisciplinaria en un entorno interconectado con otros centros formativos y con foco en las preguntas y problem\u00e1ticas propias de las ciencias sociales. Para concretizar esta definici\u00f3n conceptual, el DCCS identific\u00f3 seis tareas permanentes para su gesti\u00f3n: \u2022 [&hellip;]\" \/>\n<meta property=\"og:url\" content=\"https:\/\/gobierno.udd.cl\/doctorate\/programa\/transicion-hacia-la-investigacion\/\" \/>\n<meta property=\"og:site_name\" content=\"Doctoral Program in Social Complexity Sciences\" \/>\n<meta property=\"article:modified_time\" content=\"2024-08-16T21:27:16+00:00\" \/>\n<meta property=\"og:image\" content=\"https:\/\/gobierno.udd.cl\/doctorado\/files\/2024\/08\/interdisciplinadccs-300x187.png\" \/>\n<meta name=\"twitter:card\" content=\"summary_large_image\" \/>\n<meta name=\"twitter:label1\" content=\"Est. reading time\" \/>\n\t<meta name=\"twitter:data1\" content=\"3 minutes\" \/>\n<script type=\"application\/ld+json\" class=\"yoast-schema-graph\">{\"@context\":\"https:\/\/schema.org\",\"@graph\":[{\"@type\":\"WebPage\",\"@id\":\"https:\/\/gobierno.udd.cl\/doctorate\/programa\/transicion-hacia-la-investigacion\/\",\"url\":\"https:\/\/gobierno.udd.cl\/doctorate\/programa\/transicion-hacia-la-investigacion\/\",\"name\":\"Formaci\u00f3n en investigaci\u00f3n interdisciplinaria en Ciencias Sociales - Doctoral Program in Social Complexity Sciences\",\"isPartOf\":{\"@id\":\"https:\/\/gobierno.udd.cl\/doctorate\/#website\"},\"primaryImageOfPage\":{\"@id\":\"https:\/\/gobierno.udd.cl\/doctorate\/programa\/transicion-hacia-la-investigacion\/#primaryimage\"},\"image\":{\"@id\":\"https:\/\/gobierno.udd.cl\/doctorate\/programa\/transicion-hacia-la-investigacion\/#primaryimage\"},\"thumbnailUrl\":\"https:\/\/gobierno.udd.cl\/doctorate\/files\/2024\/08\/interdisciplinadccs-300x187.png\",\"datePublished\":\"2017-11-30T17:54:14+00:00\",\"dateModified\":\"2024-08-16T21:27:16+00:00\",\"breadcrumb\":{\"@id\":\"https:\/\/gobierno.udd.cl\/doctorate\/programa\/transicion-hacia-la-investigacion\/#breadcrumb\"},\"inLanguage\":\"en-US\",\"potentialAction\":[{\"@type\":\"ReadAction\",\"target\":[\"https:\/\/gobierno.udd.cl\/doctorate\/programa\/transicion-hacia-la-investigacion\/\"]}]},{\"@type\":\"ImageObject\",\"inLanguage\":\"en-US\",\"@id\":\"https:\/\/gobierno.udd.cl\/doctorate\/programa\/transicion-hacia-la-investigacion\/#primaryimage\",\"url\":\"https:\/\/gobierno.udd.cl\/doctorate\/files\/2024\/08\/interdisciplinadccs.png\",\"contentUrl\":\"https:\/\/gobierno.udd.cl\/doctorate\/files\/2024\/08\/interdisciplinadccs.png\",\"width\":850,\"height\":529},{\"@type\":\"BreadcrumbList\",\"@id\":\"https:\/\/gobierno.udd.cl\/doctorate\/programa\/transicion-hacia-la-investigacion\/#breadcrumb\",\"itemListElement\":[{\"@type\":\"ListItem\",\"position\":1,\"name\":\"Portada\",\"item\":\"https:\/\/gobierno.udd.cl\/doctorate\/\"},{\"@type\":\"ListItem\",\"position\":2,\"name\":\"Programa\",\"item\":\"https:\/\/gobierno.udd.cl\/doctorate\/programa\/\"},{\"@type\":\"ListItem\",\"position\":3,\"name\":\"Formaci\u00f3n en investigaci\u00f3n interdisciplinaria en Ciencias Sociales\"}]},{\"@type\":\"WebSite\",\"@id\":\"https:\/\/gobierno.udd.cl\/doctorate\/#website\",\"url\":\"https:\/\/gobierno.udd.cl\/doctorate\/\",\"name\":\"Doctoral Program in Social Complexity Sciences\",\"description\":\"\",\"inLanguage\":\"en-US\"}]}<\/script>\n<!-- \/ Yoast SEO plugin. -->","yoast_head_json":{"title":"Formaci\u00f3n en investigaci\u00f3n interdisciplinaria en Ciencias Sociales - Doctoral Program in Social Complexity Sciences","robots":{"index":"index","follow":"follow","max-snippet":"max-snippet:-1","max-image-preview":"max-image-preview:large","max-video-preview":"max-video-preview:-1"},"canonical":"https:\/\/gobierno.udd.cl\/doctorate\/programa\/transicion-hacia-la-investigacion\/","og_locale":"en_US","og_type":"article","og_title":"Formaci\u00f3n en investigaci\u00f3n interdisciplinaria en Ciencias Sociales - Doctoral Program in Social Complexity Sciences","og_description":"&nbsp; En sus diez a\u00f1os de funcionamiento el DCCS ha mantenido y profundizado su vocaci\u00f3n hacia la formaci\u00f3n interdisciplinaria en un entorno interconectado con otros centros formativos y con foco en las preguntas y problem\u00e1ticas propias de las ciencias sociales. Para concretizar esta definici\u00f3n conceptual, el DCCS identific\u00f3 seis tareas permanentes para su gesti\u00f3n: \u2022 [&hellip;]","og_url":"https:\/\/gobierno.udd.cl\/doctorate\/programa\/transicion-hacia-la-investigacion\/","og_site_name":"Doctoral Program in Social Complexity Sciences","article_modified_time":"2024-08-16T21:27:16+00:00","og_image":[{"url":"https:\/\/gobierno.udd.cl\/doctorado\/files\/2024\/08\/interdisciplinadccs-300x187.png","type":"","width":"","height":""}],"twitter_card":"summary_large_image","twitter_misc":{"Est. reading time":"3 minutes"},"schema":{"@context":"https:\/\/schema.org","@graph":[{"@type":"WebPage","@id":"https:\/\/gobierno.udd.cl\/doctorate\/programa\/transicion-hacia-la-investigacion\/","url":"https:\/\/gobierno.udd.cl\/doctorate\/programa\/transicion-hacia-la-investigacion\/","name":"Formaci\u00f3n en investigaci\u00f3n interdisciplinaria en Ciencias Sociales - Doctoral Program in Social Complexity Sciences","isPartOf":{"@id":"https:\/\/gobierno.udd.cl\/doctorate\/#website"},"primaryImageOfPage":{"@id":"https:\/\/gobierno.udd.cl\/doctorate\/programa\/transicion-hacia-la-investigacion\/#primaryimage"},"image":{"@id":"https:\/\/gobierno.udd.cl\/doctorate\/programa\/transicion-hacia-la-investigacion\/#primaryimage"},"thumbnailUrl":"https:\/\/gobierno.udd.cl\/doctorate\/files\/2024\/08\/interdisciplinadccs-300x187.png","datePublished":"2017-11-30T17:54:14+00:00","dateModified":"2024-08-16T21:27:16+00:00","breadcrumb":{"@id":"https:\/\/gobierno.udd.cl\/doctorate\/programa\/transicion-hacia-la-investigacion\/#breadcrumb"},"inLanguage":"en-US","potentialAction":[{"@type":"ReadAction","target":["https:\/\/gobierno.udd.cl\/doctorate\/programa\/transicion-hacia-la-investigacion\/"]}]},{"@type":"ImageObject","inLanguage":"en-US","@id":"https:\/\/gobierno.udd.cl\/doctorate\/programa\/transicion-hacia-la-investigacion\/#primaryimage","url":"https:\/\/gobierno.udd.cl\/doctorate\/files\/2024\/08\/interdisciplinadccs.png","contentUrl":"https:\/\/gobierno.udd.cl\/doctorate\/files\/2024\/08\/interdisciplinadccs.png","width":850,"height":529},{"@type":"BreadcrumbList","@id":"https:\/\/gobierno.udd.cl\/doctorate\/programa\/transicion-hacia-la-investigacion\/#breadcrumb","itemListElement":[{"@type":"ListItem","position":1,"name":"Portada","item":"https:\/\/gobierno.udd.cl\/doctorate\/"},{"@type":"ListItem","position":2,"name":"Programa","item":"https:\/\/gobierno.udd.cl\/doctorate\/programa\/"},{"@type":"ListItem","position":3,"name":"Formaci\u00f3n en investigaci\u00f3n interdisciplinaria en Ciencias Sociales"}]},{"@type":"WebSite","@id":"https:\/\/gobierno.udd.cl\/doctorate\/#website","url":"https:\/\/gobierno.udd.cl\/doctorate\/","name":"Doctoral Program in Social Complexity Sciences","description":"","inLanguage":"en-US"}]}},"_links":{"self":[{"href":"https:\/\/gobierno.udd.cl\/doctorate\/wp-json\/wp\/v2\/pages\/653","targetHints":{"allow":["GET"]}}],"collection":[{"href":"https:\/\/gobierno.udd.cl\/doctorate\/wp-json\/wp\/v2\/pages"}],"about":[{"href":"https:\/\/gobierno.udd.cl\/doctorate\/wp-json\/wp\/v2\/types\/page"}],"replies":[{"embeddable":true,"href":"https:\/\/gobierno.udd.cl\/doctorate\/wp-json\/wp\/v2\/comments?post=653"}],"version-history":[{"count":1,"href":"https:\/\/gobierno.udd.cl\/doctorate\/wp-json\/wp\/v2\/pages\/653\/revisions"}],"predecessor-version":[{"id":4361,"href":"https:\/\/gobierno.udd.cl\/doctorate\/wp-json\/wp\/v2\/pages\/653\/revisions\/4361"}],"up":[{"embeddable":true,"href":"https:\/\/gobierno.udd.cl\/doctorate\/wp-json\/wp\/v2\/pages\/144"}],"wp:attachment":[{"href":"https:\/\/gobierno.udd.cl\/doctorate\/wp-json\/wp\/v2\/media?parent=653"}],"curies":[{"name":"wp","href":"https:\/\/api.w.org\/{rel}","templated":true}]}}