{"id":4103,"date":"2022-07-22T17:37:30","date_gmt":"2022-07-22T17:37:30","guid":{"rendered":"https:\/\/dccs.udd.cl\/?page_id=4103"},"modified":"2022-07-22T17:37:30","modified_gmt":"2022-07-22T17:37:30","slug":"researchers","status":"publish","type":"page","link":"https:\/\/gobierno.udd.cl\/doctorate\/people\/researchers\/","title":{"rendered":"Researchers"},"content":{"rendered":"\n\n","protected":false},"excerpt":{"rendered":"","protected":false},"author":0,"featured_media":0,"parent":59,"menu_order":1,"comment_status":"closed","ping_status":"closed","template":"template-children-tabs.php","meta":{"footnotes":""},"class_list":["post-4103","page","type-page","status-publish","hentry"],"yoast_head":"<!-- This site is optimized with the Yoast SEO plugin v26.9 - https:\/\/yoast.com\/product\/yoast-seo-wordpress\/ -->\n<title>Investigadores Doctorado en Ciencias de la Complejidad Social<\/title>\n<meta name=\"description\" content=\"Nuestra cuerpo acad\u00e9mico integra diversas perspectivas y herramientas psicol\u00f3gicas, econ\u00f3micas, culturales e hist\u00f3ricas.\" \/>\n<meta name=\"robots\" content=\"index, follow, max-snippet:-1, max-image-preview:large, max-video-preview:-1\" \/>\n<link rel=\"canonical\" href=\"https:\/\/gobierno.udd.cl\/doctorate\/people\/researchers\/\" \/>\n<meta property=\"og:locale\" content=\"en_US\" \/>\n<meta property=\"og:type\" content=\"article\" \/>\n<meta property=\"og:title\" content=\"Investigadores Doctorado en Ciencias de la Complejidad Social\" \/>\n<meta property=\"og:description\" content=\"Nuestra cuerpo acad\u00e9mico integra diversas perspectivas y herramientas psicol\u00f3gicas, econ\u00f3micas, culturales e hist\u00f3ricas.\" \/>\n<meta property=\"og:url\" content=\"https:\/\/gobierno.udd.cl\/doctorate\/people\/researchers\/\" \/>\n<meta property=\"og:site_name\" content=\"Doctoral Program in Social Complexity Sciences\" \/>\n<meta name=\"twitter:card\" content=\"summary_large_image\" \/>\n<script type=\"application\/ld+json\" class=\"yoast-schema-graph\">{\"@context\":\"https:\/\/schema.org\",\"@graph\":[{\"@type\":\"WebPage\",\"@id\":\"https:\/\/gobierno.udd.cl\/doctorate\/people\/researchers\/\",\"url\":\"https:\/\/gobierno.udd.cl\/doctorate\/people\/researchers\/\",\"name\":\"Investigadores Doctorado en Ciencias de la Complejidad Social\",\"isPartOf\":{\"@id\":\"https:\/\/gobierno.udd.cl\/doctorate\/#website\"},\"datePublished\":\"2022-07-22T17:37:30+00:00\",\"description\":\"Nuestra cuerpo acad\u00e9mico integra diversas perspectivas y herramientas psicol\u00f3gicas, econ\u00f3micas, culturales e hist\u00f3ricas.\",\"breadcrumb\":{\"@id\":\"https:\/\/gobierno.udd.cl\/doctorate\/people\/researchers\/#breadcrumb\"},\"inLanguage\":\"en-US\",\"potentialAction\":[{\"@type\":\"ReadAction\",\"target\":[\"https:\/\/gobierno.udd.cl\/doctorate\/people\/researchers\/\"]}]},{\"@type\":\"BreadcrumbList\",\"@id\":\"https:\/\/gobierno.udd.cl\/doctorate\/people\/researchers\/#breadcrumb\",\"itemListElement\":[{\"@type\":\"ListItem\",\"position\":1,\"name\":\"Portada\",\"item\":\"https:\/\/gobierno.udd.cl\/doctorate\/\"},{\"@type\":\"ListItem\",\"position\":2,\"name\":\"People\",\"item\":\"https:\/\/gobierno.udd.cl\/doctorate\/people\/\"},{\"@type\":\"ListItem\",\"position\":3,\"name\":\"Researchers\"}]},{\"@type\":\"WebSite\",\"@id\":\"https:\/\/gobierno.udd.cl\/doctorate\/#website\",\"url\":\"https:\/\/gobierno.udd.cl\/doctorate\/\",\"name\":\"Doctoral Program in Social Complexity Sciences\",\"description\":\"\",\"inLanguage\":\"en-US\"}]}<\/script>\n<!-- \/ Yoast SEO plugin. -->","yoast_head_json":{"title":"Investigadores Doctorado en Ciencias de la Complejidad Social","description":"Nuestra cuerpo acad\u00e9mico integra diversas perspectivas y herramientas psicol\u00f3gicas, econ\u00f3micas, culturales e hist\u00f3ricas.","robots":{"index":"index","follow":"follow","max-snippet":"max-snippet:-1","max-image-preview":"max-image-preview:large","max-video-preview":"max-video-preview:-1"},"canonical":"https:\/\/gobierno.udd.cl\/doctorate\/people\/researchers\/","og_locale":"en_US","og_type":"article","og_title":"Investigadores Doctorado en Ciencias de la Complejidad Social","og_description":"Nuestra cuerpo acad\u00e9mico integra diversas perspectivas y herramientas psicol\u00f3gicas, econ\u00f3micas, culturales e hist\u00f3ricas.","og_url":"https:\/\/gobierno.udd.cl\/doctorate\/people\/researchers\/","og_site_name":"Doctoral Program in Social Complexity Sciences","twitter_card":"summary_large_image","schema":{"@context":"https:\/\/schema.org","@graph":[{"@type":"WebPage","@id":"https:\/\/gobierno.udd.cl\/doctorate\/people\/researchers\/","url":"https:\/\/gobierno.udd.cl\/doctorate\/people\/researchers\/","name":"Investigadores Doctorado en Ciencias de la Complejidad Social","isPartOf":{"@id":"https:\/\/gobierno.udd.cl\/doctorate\/#website"},"datePublished":"2022-07-22T17:37:30+00:00","description":"Nuestra cuerpo acad\u00e9mico integra diversas perspectivas y herramientas psicol\u00f3gicas, econ\u00f3micas, culturales e hist\u00f3ricas.","breadcrumb":{"@id":"https:\/\/gobierno.udd.cl\/doctorate\/people\/researchers\/#breadcrumb"},"inLanguage":"en-US","potentialAction":[{"@type":"ReadAction","target":["https:\/\/gobierno.udd.cl\/doctorate\/people\/researchers\/"]}]},{"@type":"BreadcrumbList","@id":"https:\/\/gobierno.udd.cl\/doctorate\/people\/researchers\/#breadcrumb","itemListElement":[{"@type":"ListItem","position":1,"name":"Portada","item":"https:\/\/gobierno.udd.cl\/doctorate\/"},{"@type":"ListItem","position":2,"name":"People","item":"https:\/\/gobierno.udd.cl\/doctorate\/people\/"},{"@type":"ListItem","position":3,"name":"Researchers"}]},{"@type":"WebSite","@id":"https:\/\/gobierno.udd.cl\/doctorate\/#website","url":"https:\/\/gobierno.udd.cl\/doctorate\/","name":"Doctoral Program in Social Complexity Sciences","description":"","inLanguage":"en-US"}]}},"_links":{"self":[{"href":"https:\/\/gobierno.udd.cl\/doctorate\/wp-json\/wp\/v2\/pages\/4103","targetHints":{"allow":["GET"]}}],"collection":[{"href":"https:\/\/gobierno.udd.cl\/doctorate\/wp-json\/wp\/v2\/pages"}],"about":[{"href":"https:\/\/gobierno.udd.cl\/doctorate\/wp-json\/wp\/v2\/types\/page"}],"replies":[{"embeddable":true,"href":"https:\/\/gobierno.udd.cl\/doctorate\/wp-json\/wp\/v2\/comments?post=4103"}],"version-history":[{"count":0,"href":"https:\/\/gobierno.udd.cl\/doctorate\/wp-json\/wp\/v2\/pages\/4103\/revisions"}],"up":[{"embeddable":true,"href":"https:\/\/gobierno.udd.cl\/doctorate\/wp-json\/wp\/v2\/pages\/59"}],"wp:attachment":[{"href":"https:\/\/gobierno.udd.cl\/doctorate\/wp-json\/wp\/v2\/media?parent=4103"}],"curies":[{"name":"wp","href":"https:\/\/api.w.org\/{rel}","templated":true}]}}