{"id":27,"date":"2017-10-23T20:56:47","date_gmt":"2017-10-23T20:56:47","guid":{"rendered":"http:\/\/gobierno.udd.cl\/doctorado\/?page_id=27"},"modified":"2017-10-23T20:56:47","modified_gmt":"2017-10-23T20:56:47","slug":"research-lines","status":"publish","type":"page","link":"https:\/\/gobierno.udd.cl\/doctorate\/research-2\/research-lines\/","title":{"rendered":"Research Lines"},"content":{"rendered":"<p style=\"text-align: justify\">Once students have completed their methodological and disciplinary training , the student will be introduced to areas of study in which the student could potentially develop their thesis work.<\/p>\n<p style=\"text-align: justify\">The traditional notion of incompatibility between social sciences and natural sciences has impeded a deep understanding of social interaction. Against this tradition, science has accumulated evidence that social interaction is conditioned by biological, psychological, cultural, economic and institutional aspects.<\/p>\n<p style=\"text-align: justify\">The students of the program, from their entry, are inserted in projects associated with two lines of research:<\/p>\n<ul>\n<li>\n<p style=\"text-align: justify\"><strong>Fundamentals of Cognition and Social Behavior (Foundations of Social Cognition and Social Behavior)<\/strong>. From the use of experimental techniques (using the paradigm of the Experimental Game Theory) and, in the case of neuroscience studies, complemented with fMRI, EEG and TMS records, both in the laboratory and in the field (for this purpose the students have a mobile laboratory that has 50 tablets in a network), and informed by interdisciplinary bodies, such as evolutionary psychology, biological anthropology and political economy, the psychological mechanisms (and their neurobiological basis) are studied ) that underlie emergent behavior patterns in contexts of social interaction at the micro or meso level.<\/p>\n<\/li>\n<li>\n<p style=\"text-align: justify\"><strong>Computational Social Sciences (Computational Social Sciences).<\/strong> Through techniques such as multivariate analysis, data mining (Data Mining), automated learning (Machine Learning) or natural language processing (Natural Language Processing) and making use of the information available from the registration of our fingerprint (p .ej., Twitter, cellular networks, Web of Science), together with modeling techniques such as agent-based simulation or network analysis, study complex dynamics associated with the formation of mutual support networks and the dissemination of ideas.<\/p>\n<\/li>\n<\/ul>\n<p><img loading=\"lazy\" decoding=\"async\" class=\"aligncenter size-large wp-image-1377\" src=\"http:\/\/dccs.udd.cl\/files\/2017\/10\/L\u00ednesa-Investigaci\u00f3n-ingl\u00e9s-1024x578.png\" alt=\"L\u00ednesa Investigaci\u00f3n ingl\u00e9s\" width=\"1024\" height=\"578\" \/><\/p>\n<h2><\/h2>\n<p>&nbsp;<\/p>\n","protected":false},"excerpt":{"rendered":"<p>Once students have completed their methodological and disciplinary training , the student will be introduced to areas of study in which the student could potentially develop their thesis work. The traditional notion of incompatibility between social sciences and natural sciences has impeded a deep understanding of social interaction. Against this tradition, science has accumulated evidence [&hellip;]<\/p>\n","protected":false},"author":0,"featured_media":0,"parent":23,"menu_order":1,"comment_status":"closed","ping_status":"closed","template":"template-children-tabs.php","meta":{"footnotes":""},"class_list":["post-27","page","type-page","status-publish","hentry"],"yoast_head":"<!-- This site is optimized with the Yoast SEO plugin v26.9 - https:\/\/yoast.com\/product\/yoast-seo-wordpress\/ -->\n<title>Research Lines - Doctoral Program in Social Complexity Sciences<\/title>\n<meta name=\"robots\" content=\"index, follow, max-snippet:-1, max-image-preview:large, max-video-preview:-1\" \/>\n<link rel=\"canonical\" href=\"https:\/\/gobierno.udd.cl\/doctorate\/research-2\/research-lines\/\" \/>\n<meta property=\"og:locale\" content=\"en_US\" \/>\n<meta property=\"og:type\" content=\"article\" \/>\n<meta property=\"og:title\" content=\"Research Lines - Doctoral Program in Social Complexity Sciences\" \/>\n<meta property=\"og:description\" content=\"Once students have completed their methodological and disciplinary training , the student will be introduced to areas of study in which the student could potentially develop their thesis work. The traditional notion of incompatibility between social sciences and natural sciences has impeded a deep understanding of social interaction. Against this tradition, science has accumulated evidence [&hellip;]\" \/>\n<meta property=\"og:url\" content=\"https:\/\/gobierno.udd.cl\/doctorate\/research-2\/research-lines\/\" \/>\n<meta property=\"og:site_name\" content=\"Doctoral Program in Social Complexity Sciences\" \/>\n<meta name=\"twitter:card\" content=\"summary_large_image\" \/>\n<meta name=\"twitter:label1\" content=\"Est. reading time\" \/>\n\t<meta name=\"twitter:data1\" content=\"1 minute\" \/>\n<script type=\"application\/ld+json\" class=\"yoast-schema-graph\">{\"@context\":\"https:\/\/schema.org\",\"@graph\":[{\"@type\":\"WebPage\",\"@id\":\"https:\/\/gobierno.udd.cl\/doctorate\/research-2\/research-lines\/\",\"url\":\"https:\/\/gobierno.udd.cl\/doctorate\/research-2\/research-lines\/\",\"name\":\"Research Lines - Doctoral Program in Social Complexity Sciences\",\"isPartOf\":{\"@id\":\"https:\/\/gobierno.udd.cl\/doctorate\/#website\"},\"datePublished\":\"2017-10-23T20:56:47+00:00\",\"breadcrumb\":{\"@id\":\"https:\/\/gobierno.udd.cl\/doctorate\/research-2\/research-lines\/#breadcrumb\"},\"inLanguage\":\"en-US\",\"potentialAction\":[{\"@type\":\"ReadAction\",\"target\":[\"https:\/\/gobierno.udd.cl\/doctorate\/research-2\/research-lines\/\"]}]},{\"@type\":\"BreadcrumbList\",\"@id\":\"https:\/\/gobierno.udd.cl\/doctorate\/research-2\/research-lines\/#breadcrumb\",\"itemListElement\":[{\"@type\":\"ListItem\",\"position\":1,\"name\":\"Portada\",\"item\":\"https:\/\/gobierno.udd.cl\/doctorate\/\"},{\"@type\":\"ListItem\",\"position\":2,\"name\":\"Research\",\"item\":\"https:\/\/gobierno.udd.cl\/doctorate\/research-2\/\"},{\"@type\":\"ListItem\",\"position\":3,\"name\":\"Research Lines\"}]},{\"@type\":\"WebSite\",\"@id\":\"https:\/\/gobierno.udd.cl\/doctorate\/#website\",\"url\":\"https:\/\/gobierno.udd.cl\/doctorate\/\",\"name\":\"Doctoral Program in Social Complexity Sciences\",\"description\":\"\",\"inLanguage\":\"en-US\"}]}<\/script>\n<!-- \/ Yoast SEO plugin. -->","yoast_head_json":{"title":"Research Lines - Doctoral Program in Social Complexity Sciences","robots":{"index":"index","follow":"follow","max-snippet":"max-snippet:-1","max-image-preview":"max-image-preview:large","max-video-preview":"max-video-preview:-1"},"canonical":"https:\/\/gobierno.udd.cl\/doctorate\/research-2\/research-lines\/","og_locale":"en_US","og_type":"article","og_title":"Research Lines - Doctoral Program in Social Complexity Sciences","og_description":"Once students have completed their methodological and disciplinary training , the student will be introduced to areas of study in which the student could potentially develop their thesis work. The traditional notion of incompatibility between social sciences and natural sciences has impeded a deep understanding of social interaction. Against this tradition, science has accumulated evidence [&hellip;]","og_url":"https:\/\/gobierno.udd.cl\/doctorate\/research-2\/research-lines\/","og_site_name":"Doctoral Program in Social Complexity Sciences","twitter_card":"summary_large_image","twitter_misc":{"Est. reading time":"1 minute"},"schema":{"@context":"https:\/\/schema.org","@graph":[{"@type":"WebPage","@id":"https:\/\/gobierno.udd.cl\/doctorate\/research-2\/research-lines\/","url":"https:\/\/gobierno.udd.cl\/doctorate\/research-2\/research-lines\/","name":"Research Lines - Doctoral Program in Social Complexity Sciences","isPartOf":{"@id":"https:\/\/gobierno.udd.cl\/doctorate\/#website"},"datePublished":"2017-10-23T20:56:47+00:00","breadcrumb":{"@id":"https:\/\/gobierno.udd.cl\/doctorate\/research-2\/research-lines\/#breadcrumb"},"inLanguage":"en-US","potentialAction":[{"@type":"ReadAction","target":["https:\/\/gobierno.udd.cl\/doctorate\/research-2\/research-lines\/"]}]},{"@type":"BreadcrumbList","@id":"https:\/\/gobierno.udd.cl\/doctorate\/research-2\/research-lines\/#breadcrumb","itemListElement":[{"@type":"ListItem","position":1,"name":"Portada","item":"https:\/\/gobierno.udd.cl\/doctorate\/"},{"@type":"ListItem","position":2,"name":"Research","item":"https:\/\/gobierno.udd.cl\/doctorate\/research-2\/"},{"@type":"ListItem","position":3,"name":"Research Lines"}]},{"@type":"WebSite","@id":"https:\/\/gobierno.udd.cl\/doctorate\/#website","url":"https:\/\/gobierno.udd.cl\/doctorate\/","name":"Doctoral Program in Social Complexity Sciences","description":"","inLanguage":"en-US"}]}},"_links":{"self":[{"href":"https:\/\/gobierno.udd.cl\/doctorate\/wp-json\/wp\/v2\/pages\/27","targetHints":{"allow":["GET"]}}],"collection":[{"href":"https:\/\/gobierno.udd.cl\/doctorate\/wp-json\/wp\/v2\/pages"}],"about":[{"href":"https:\/\/gobierno.udd.cl\/doctorate\/wp-json\/wp\/v2\/types\/page"}],"replies":[{"embeddable":true,"href":"https:\/\/gobierno.udd.cl\/doctorate\/wp-json\/wp\/v2\/comments?post=27"}],"version-history":[{"count":0,"href":"https:\/\/gobierno.udd.cl\/doctorate\/wp-json\/wp\/v2\/pages\/27\/revisions"}],"up":[{"embeddable":true,"href":"https:\/\/gobierno.udd.cl\/doctorate\/wp-json\/wp\/v2\/pages\/23"}],"wp:attachment":[{"href":"https:\/\/gobierno.udd.cl\/doctorate\/wp-json\/wp\/v2\/media?parent=27"}],"curies":[{"name":"wp","href":"https:\/\/api.w.org\/{rel}","templated":true}]}}