{"id":160,"date":"2017-10-26T17:16:15","date_gmt":"2017-10-26T17:16:15","guid":{"rendered":"http:\/\/gobierno.udd.cl\/doctorado\/?page_id=160"},"modified":"2017-10-26T17:16:15","modified_gmt":"2017-10-26T17:16:15","slug":"requisitos-y-postulacion","status":"publish","type":"page","link":"https:\/\/gobierno.udd.cl\/doctorate\/admision\/requisitos-y-postulacion\/","title":{"rendered":"Requisitos y Postulaci\u00f3n"},"content":{"rendered":"<p style=\"text-align: justify\">Los postulantes al programa podr\u00e1n ser quienes posean como m\u00ednimo el grado acad\u00e9mico de Licenciado en disciplinas pertenecientes a las ciencias sociales o naturales y exactas.<\/p>\n<p><strong>Los criterios de selecci\u00f3n son:<\/strong><\/p>\n<ul>\n<li>Antecedentes Acad\u00e9micos<\/li>\n<li>Trayectoria<\/li>\n<li>Objetivo<\/li>\n<\/ul>\n<p>El proceso de postulaci\u00f3n consta de dos etapas:<\/p>\n<p style=\"text-align: justify\"><strong>I. Postulaci\u00f3n<\/strong>. Entre julio y octubre de 2024, inclusive, se recibir\u00e1n los antecedentes de los postulantes a trav\u00e9s del <a href=\"https:\/\/airtable.com\/appQ0Ozzrgfy7TGwA\/shrAuNPu8vm7jiZsN\">formulario web<\/a>. El <em>Certificado de Estado del Postulante en el programa de Postgrado Acreditado<\/em> <a href=\"https:\/\/www.conicyt.cl\/becasconicyt\/2019\/09\/12\/becas-de-doctorado-nacional-ano-academico-2020\/\">solicitado por ANID<\/a> para la postulaci\u00f3n a Becas de Doctorado, ser\u00e1 emitido por solicitud expresa del postulante al correo <a href=\"mailto:dccs@udd.cl\">dccs@udd.cl<\/a> dentro del per\u00edodo estipulado por dicha instituci\u00f3n.<\/p>\n<p style=\"text-align: justify\"><strong>II. Selecci\u00f3n<\/strong>. A partir de los antecedentes presentados, el Comit\u00e9 de Admisi\u00f3n jerarquiza a cada postulante. Aqu\u00e9llos con mayor puntaje, ser\u00e1n entrevistados posteriormente por el Comit\u00e9 en cada una de sus dimensiones, en especial la relativa a objetivos. Asimismo, durante la entrevista, el candidato debe realizar una presentaci\u00f3n de cinco minutos sobre un problema de investigaci\u00f3n pertinente.<\/p>\n<p style=\"text-align: justify\"><strong>Para m\u00e1s informaci\u00f3n sobre el proceso de postulaci\u00f3n y selecci\u00f3n, revisa la <a href=\"https:\/\/uddcl-my.sharepoint.com\/personal\/andresnilo_udd_cl\/_layouts\/15\/onedrive.aspx?id=%2Fpersonal%2Fandresnilo%5Fudd%5Fcl%2FDocuments%2FArchivos%20p%C3%BAblicos%2FNormativa%20de%20Seleccio%CC%81n%20DCCS%20%2D%202025%2E%2Epdf&amp;parent=%2Fpersonal%2Fandresnilo%5Fudd%5Fcl%2FDocuments%2FArchivos%20p%C3%BAblicos&amp;ct=1718639373735&amp;or=OWA-NTB-Mail&amp;cid=a00992de-f170-1d21-ab2a-558742b73edb&amp;ga=1\">Normativa de Selecci\u00f3n DCCS &#8211; 2025<\/a><\/strong><\/p>\n<p><strong>El pr\u00f3ximo per\u00edodo de clases comienza en marzo 2025.<\/strong><\/p>\n<p>Mayor Informaci\u00f3n: Doctorado en Ciencias de la Complejidad Social. <a href=\"mailto:dccs@udd.cl\">dccs@udd.cl<\/a><\/p>\n","protected":false},"excerpt":{"rendered":"<p>Los postulantes al programa podr\u00e1n ser quienes posean como m\u00ednimo el grado acad\u00e9mico de Licenciado en disciplinas pertenecientes a las ciencias sociales o naturales y exactas. Los criterios de selecci\u00f3n son: Antecedentes Acad\u00e9micos Trayectoria Objetivo El proceso de postulaci\u00f3n consta de dos etapas: I. Postulaci\u00f3n. Entre julio y octubre de 2024, inclusive, se recibir\u00e1n los [&hellip;]<\/p>\n","protected":false},"author":0,"featured_media":0,"parent":155,"menu_order":0,"comment_status":"closed","ping_status":"closed","template":"template-children-tabs.php","meta":{"footnotes":""},"class_list":["post-160","page","type-page","status-publish","hentry"],"yoast_head":"<!-- This site is optimized with the Yoast SEO plugin v26.9 - https:\/\/yoast.com\/product\/yoast-seo-wordpress\/ -->\n<title>Requisitos y Postulaci\u00f3n - Doctoral Program in Social Complexity Sciences<\/title>\n<meta name=\"robots\" content=\"index, follow, max-snippet:-1, max-image-preview:large, max-video-preview:-1\" \/>\n<link rel=\"canonical\" href=\"https:\/\/gobierno.udd.cl\/doctorate\/admision\/requisitos-y-postulacion\/\" \/>\n<meta property=\"og:locale\" content=\"en_US\" \/>\n<meta property=\"og:type\" content=\"article\" \/>\n<meta property=\"og:title\" content=\"Requisitos y Postulaci\u00f3n - Doctoral Program in Social Complexity Sciences\" \/>\n<meta property=\"og:description\" content=\"Los postulantes al programa podr\u00e1n ser quienes posean como m\u00ednimo el grado acad\u00e9mico de Licenciado en disciplinas pertenecientes a las ciencias sociales o naturales y exactas. Los criterios de selecci\u00f3n son: Antecedentes Acad\u00e9micos Trayectoria Objetivo El proceso de postulaci\u00f3n consta de dos etapas: I. Postulaci\u00f3n. Entre julio y octubre de 2024, inclusive, se recibir\u00e1n los [&hellip;]\" \/>\n<meta property=\"og:url\" content=\"https:\/\/gobierno.udd.cl\/doctorate\/admision\/requisitos-y-postulacion\/\" \/>\n<meta property=\"og:site_name\" content=\"Doctoral Program in Social Complexity Sciences\" \/>\n<meta name=\"twitter:card\" content=\"summary_large_image\" \/>\n<meta name=\"twitter:label1\" content=\"Est. reading time\" \/>\n\t<meta name=\"twitter:data1\" content=\"1 minute\" \/>\n<script type=\"application\/ld+json\" class=\"yoast-schema-graph\">{\"@context\":\"https:\/\/schema.org\",\"@graph\":[{\"@type\":\"WebPage\",\"@id\":\"https:\/\/gobierno.udd.cl\/doctorate\/admision\/requisitos-y-postulacion\/\",\"url\":\"https:\/\/gobierno.udd.cl\/doctorate\/admision\/requisitos-y-postulacion\/\",\"name\":\"Requisitos y Postulaci\u00f3n - Doctoral Program in Social Complexity Sciences\",\"isPartOf\":{\"@id\":\"https:\/\/gobierno.udd.cl\/doctorate\/#website\"},\"datePublished\":\"2017-10-26T17:16:15+00:00\",\"breadcrumb\":{\"@id\":\"https:\/\/gobierno.udd.cl\/doctorate\/admision\/requisitos-y-postulacion\/#breadcrumb\"},\"inLanguage\":\"en-US\",\"potentialAction\":[{\"@type\":\"ReadAction\",\"target\":[\"https:\/\/gobierno.udd.cl\/doctorate\/admision\/requisitos-y-postulacion\/\"]}]},{\"@type\":\"BreadcrumbList\",\"@id\":\"https:\/\/gobierno.udd.cl\/doctorate\/admision\/requisitos-y-postulacion\/#breadcrumb\",\"itemListElement\":[{\"@type\":\"ListItem\",\"position\":1,\"name\":\"Portada\",\"item\":\"https:\/\/gobierno.udd.cl\/doctorate\/\"},{\"@type\":\"ListItem\",\"position\":2,\"name\":\"Admisi\u00f3n 2025\",\"item\":\"https:\/\/gobierno.udd.cl\/doctorate\/admision\/\"},{\"@type\":\"ListItem\",\"position\":3,\"name\":\"Requisitos y Postulaci\u00f3n\"}]},{\"@type\":\"WebSite\",\"@id\":\"https:\/\/gobierno.udd.cl\/doctorate\/#website\",\"url\":\"https:\/\/gobierno.udd.cl\/doctorate\/\",\"name\":\"Doctoral Program in Social Complexity Sciences\",\"description\":\"\",\"inLanguage\":\"en-US\"}]}<\/script>\n<!-- \/ Yoast SEO plugin. -->","yoast_head_json":{"title":"Requisitos y Postulaci\u00f3n - Doctoral Program in Social Complexity Sciences","robots":{"index":"index","follow":"follow","max-snippet":"max-snippet:-1","max-image-preview":"max-image-preview:large","max-video-preview":"max-video-preview:-1"},"canonical":"https:\/\/gobierno.udd.cl\/doctorate\/admision\/requisitos-y-postulacion\/","og_locale":"en_US","og_type":"article","og_title":"Requisitos y Postulaci\u00f3n - Doctoral Program in Social Complexity Sciences","og_description":"Los postulantes al programa podr\u00e1n ser quienes posean como m\u00ednimo el grado acad\u00e9mico de Licenciado en disciplinas pertenecientes a las ciencias sociales o naturales y exactas. Los criterios de selecci\u00f3n son: Antecedentes Acad\u00e9micos Trayectoria Objetivo El proceso de postulaci\u00f3n consta de dos etapas: I. Postulaci\u00f3n. Entre julio y octubre de 2024, inclusive, se recibir\u00e1n los [&hellip;]","og_url":"https:\/\/gobierno.udd.cl\/doctorate\/admision\/requisitos-y-postulacion\/","og_site_name":"Doctoral Program in Social Complexity Sciences","twitter_card":"summary_large_image","twitter_misc":{"Est. reading time":"1 minute"},"schema":{"@context":"https:\/\/schema.org","@graph":[{"@type":"WebPage","@id":"https:\/\/gobierno.udd.cl\/doctorate\/admision\/requisitos-y-postulacion\/","url":"https:\/\/gobierno.udd.cl\/doctorate\/admision\/requisitos-y-postulacion\/","name":"Requisitos y Postulaci\u00f3n - Doctoral Program in Social Complexity Sciences","isPartOf":{"@id":"https:\/\/gobierno.udd.cl\/doctorate\/#website"},"datePublished":"2017-10-26T17:16:15+00:00","breadcrumb":{"@id":"https:\/\/gobierno.udd.cl\/doctorate\/admision\/requisitos-y-postulacion\/#breadcrumb"},"inLanguage":"en-US","potentialAction":[{"@type":"ReadAction","target":["https:\/\/gobierno.udd.cl\/doctorate\/admision\/requisitos-y-postulacion\/"]}]},{"@type":"BreadcrumbList","@id":"https:\/\/gobierno.udd.cl\/doctorate\/admision\/requisitos-y-postulacion\/#breadcrumb","itemListElement":[{"@type":"ListItem","position":1,"name":"Portada","item":"https:\/\/gobierno.udd.cl\/doctorate\/"},{"@type":"ListItem","position":2,"name":"Admisi\u00f3n 2025","item":"https:\/\/gobierno.udd.cl\/doctorate\/admision\/"},{"@type":"ListItem","position":3,"name":"Requisitos y Postulaci\u00f3n"}]},{"@type":"WebSite","@id":"https:\/\/gobierno.udd.cl\/doctorate\/#website","url":"https:\/\/gobierno.udd.cl\/doctorate\/","name":"Doctoral Program in Social Complexity Sciences","description":"","inLanguage":"en-US"}]}},"_links":{"self":[{"href":"https:\/\/gobierno.udd.cl\/doctorate\/wp-json\/wp\/v2\/pages\/160","targetHints":{"allow":["GET"]}}],"collection":[{"href":"https:\/\/gobierno.udd.cl\/doctorate\/wp-json\/wp\/v2\/pages"}],"about":[{"href":"https:\/\/gobierno.udd.cl\/doctorate\/wp-json\/wp\/v2\/types\/page"}],"replies":[{"embeddable":true,"href":"https:\/\/gobierno.udd.cl\/doctorate\/wp-json\/wp\/v2\/comments?post=160"}],"version-history":[{"count":0,"href":"https:\/\/gobierno.udd.cl\/doctorate\/wp-json\/wp\/v2\/pages\/160\/revisions"}],"up":[{"embeddable":true,"href":"https:\/\/gobierno.udd.cl\/doctorate\/wp-json\/wp\/v2\/pages\/155"}],"wp:attachment":[{"href":"https:\/\/gobierno.udd.cl\/doctorate\/wp-json\/wp\/v2\/media?parent=160"}],"curies":[{"name":"wp","href":"https:\/\/api.w.org\/{rel}","templated":true}]}}