{"id":158,"date":"2017-10-26T17:15:00","date_gmt":"2017-10-26T17:15:00","guid":{"rendered":"http:\/\/gobierno.udd.cl\/doctorado\/?page_id=158"},"modified":"2024-08-16T17:27:16","modified_gmt":"2024-08-16T21:27:16","slug":"antecedentes","status":"publish","type":"page","link":"https:\/\/gobierno.udd.cl\/doctorate\/admision\/antecedentes\/","title":{"rendered":"Antecedentes"},"content":{"rendered":"<div class=\"ewa-rteLine\">La filosof\u00eda de nuestro programa de doctorado es formar investigadores haciendo investigaci\u00f3n. Con este prop\u00f3sito, el doctorando se integrar\u00e1 lo antes posible al equipo de investigaci\u00f3n de su gu\u00eda de tesis. En este aspecto, el doctorado en ciencias de la complejidad social se asemeja los doctorados de ciencias naturales, en los cuales el doctorando se incorpora a un equipo de trabajo dentro de un laboratorio. El principio que hay detr\u00e1s de esta forma de ense\u00f1ar es que la investigaci\u00f3n cient\u00edfica es un oficio que s\u00f3lo puede aprenderse mediante la participaci\u00f3n activa en equipos de investigaci\u00f3n colaborativos con l\u00edneas de investigaci\u00f3n consolidadas.<\/div>\n<div class=\"ewa-rteLine\">\n<p>La adscripci\u00f3n a uno de los laboratorios de nuestra red es obligatoria desde el segundo a\u00f1o del programa y es labor del alumno gestionar la formalizaci\u00f3n de su participaci\u00f3n con el director del laboratorio o grupo. La red de laboratorios es la siguiente:<\/p>\n<\/div>\n<div class=\"ewa-rteLine\">\u2022 Laboratorio de <strong>Neurociencia Social<\/strong>.<\/div>\n<div class=\"ewa-rteLine\">\u2022 Laboratorio de <strong>Comportamiento Animal y Humano<\/strong>.<\/div>\n<div class=\"ewa-rteLine\">\u2022 Laboratorio de <strong>Ciencias Sociales Computacionales<\/strong>.<\/div>\n<div class=\"ewa-rteLine\">\u2022 Laboratorio de <strong>Comportamiento Pol\u00edtico<\/strong>.<\/div>\n<div class=\"ewa-rteLine\">\u2022 Laboratorio de <strong>Convivencia (Facultad de Psicolog\u00eda)<\/strong>.<br \/>\n\u2022 Laboratorio de <strong>Ciencias Sociales Computacionales (Facultad de Ingenier\u00eda y de Gobierno)<\/strong>.<\/div>\n<div class=\"ewa-rteLine\">\n<p>El estudiante es libre de dejar el laboratorio o grupo y cambiar por otro en cualquier momento de su formaci\u00f3n, pero es habitual que pertenezca al laboratorio o grupo donde trabaja su tutor.<\/p>\n<\/div>\n<div class=\"ewa-rteLine\">\n<p>Una vez dentro del laboratorio o grupo, cada estudiante colabora activamente en las investigaciones que ah\u00ed se realizan. Primero ayudan con labores b\u00e1sicas -como recolecci\u00f3n de datos o aprender protocolos cient\u00edficos- para luego asumir diferentes roles hasta lograr la compenetraci\u00f3n con el equipo y el desarrollo de habilidades m\u00e1s complejas. Esto les permite apoyarse en el equipo para desarrollar sus tesis y colaborar con otros proyectos de investigaci\u00f3n. Es as\u00ed como se agiliza la comprensi\u00f3n de los lineamientos \u00e9ticos que gobiernan el quehacer acad\u00e9mico, la necesidad de discriminar la calidad de productos cient\u00edficos, la valoraci\u00f3n del trabajo en todas sus dimensiones y, en general, la asimilaci\u00f3n de los protocolos intelectuales que son parte del quehacer cient\u00edfico. Esta inmersi\u00f3n en el mundo de la investigaci\u00f3n es tambi\u00e9n fundamental para desarrollar habilidades sociales como la convivencia en grupos de trabajo, la generosidad y la tolerancia, todos elementos esenciales para trabajar en equipos interdisciplinarios.<\/p>\n<\/div>\n<div class=\"ewa-rteLine\">\n<p>Junto a los laboratorios el DCCS ha perfeccionado su perfil interdisciplinario, fortaleciendo el uso de un lenguaje cient\u00edfico com\u00fan. El programa busca romper con la noci\u00f3n tradicional de incompatibilidad entre ciencias sociales y ciencias naturales que ha impedido la comprensi\u00f3n profunda de los fen\u00f3menos sociales. Contra dicha tradici\u00f3n, la ciencia ha ido acumulando evidencia de que la socialidad est\u00e1 condicionada por aspectos biol\u00f3gicos, psicol\u00f3gicos, econ\u00f3micos y evolutivos. En este sentido, el DCCS es consciente de que la formaci\u00f3n en cuerpos te\u00f3ricos en los que confluyen distintas, junto al uso de un variado grupo de m\u00e9todos de investigaci\u00f3n, son los pilares fundamentales para la construcci\u00f3n de un lenguaje com\u00fan entre distintas disciplinas, orientado a desarrollar capacidades para la investigaci\u00f3n en equipos interdisciplinarios. Lo anterior es un desaf\u00edo acad\u00e9mico que es parte de uno de los objetivos espec\u00edficos del DCCS, cuyo robustecimiento se ha logrado con la creaci\u00f3n de los grupos de trabajo. Estos se explican a continuaci\u00f3n:<\/p>\n<p>\u2022 Grupos de trabajo con foco en L\u00ednea de Investigaci\u00f3n: <strong>FUNDAMENTOS DE LA COGNICI\u00d3N Y EL COMPORTAMIENTO SOCIAL<\/strong>.<\/p>\n<\/div>\n<div class=\"ewa-rteLine\">\n<p>\u2022 <strong>NeuroCICS<\/strong> (comprende la subl\u00ednea de investigaci\u00f3n en neurociencia social), se centra en el estudio de los mecanismos neurobiol\u00f3gicos subyacentes al comportamiento y la cognici\u00f3n social.<\/p>\n<\/div>\n<div class=\"ewa-rteLine\">\n<p>\u2022 <strong>ConduCICS<\/strong> (comprende la subl\u00ednea de investigaci\u00f3n en ciencias del comportamiento), se centra en el an\u00e1lisis funcional del comportamiento y la revisi\u00f3n de estudios experimentales de la conducta. L\u00ednea de Investigaci\u00f3n: CIENCIAS SOCIALES COMPUTACIONALES.<\/p>\n<\/div>\n<div class=\"ewa-rteLine\">\n<p>\u2022 <strong>DataCICS<\/strong> (comprende la subl\u00ednea de investigaci\u00f3n en ciencia de datos) se centra en la ciencia de datos, an\u00e1lisis de redes y la modelaci\u00f3n de sistemas sociales complejos.<\/p>\n<p>\u2022 <strong>PoliCICS<\/strong> (comprende la subl\u00ednea de investigaci\u00f3n en comportamiento pol\u00edtico), se centra en la aplicaci\u00f3n de m\u00e9todos cuantitativos a problemas de econom\u00eda pol\u00edtica y potenciales implicaciones de pol\u00edtica p\u00fablica.<\/p>\n<\/div>\n<div class=\"ewa-rteLine\">\n<p>Estos grupos sesionan semanalmente e incluyen la presentaci\u00f3n de los estados de avance de la investigaci\u00f3n de los alumnos, profesores e invitados externos. Tambi\u00e9n se pilotean experimentos, se ensayan presentaciones a congresos, se discuten nuevos manuscritos y se presentan postulaciones a fondos, entre otros. Cada grupo est\u00e1 constituido por acad\u00e9micos y alumnos que pertenecen a diferentes laboratorios de la red y grupos de trabajo DCCS y tiene un calendario de presentaciones que se construye colaborativamente al principio del semestre. En los grupos de trabajo se fomenta el di\u00e1logo interdisciplinar m\u00e1s all\u00e1 del propio que se da dentro de los laboratorios. Los estudiantes de primer a\u00f1o asisten a los diferentes grupos de trabajo y a partir del segundo a\u00f1o deben mantener una asistencia continua a uno de ellos, lo que no impide que participen de los otros. Los grupos sesionan en horarios protegidos (no se pueden fijar reuniones ni otras actividades), no se solapan entre s\u00ed, se promocionan semanalmente a trav\u00e9s de las redes internas del CICS y est\u00e1n coordinados por un profesor y un estudiante.<\/p>\n<\/div>\n<div class=\"ewa-rteLine\">\n<p>En definitiva, el aseguramiento de la interdisciplina como sello identitario del programa se mantiene como un elemento central del proceso formativo a trav\u00e9s de la red de laboratorios y los grupos de trabajo.<\/p>\n<p><img loading=\"lazy\" decoding=\"async\" class=\" wp-image-4326 aligncenter\" src=\"https:\/\/gobierno.udd.cl\/doctorate\/files\/2024\/08\/investigacion-antecedentes-228x300.png\" alt=\"\" width=\"388\" height=\"511\" srcset=\"https:\/\/gobierno.udd.cl\/doctorate\/files\/2024\/08\/investigacion-antecedentes-228x300.png 228w, https:\/\/gobierno.udd.cl\/doctorate\/files\/2024\/08\/investigacion-antecedentes.png 533w\" sizes=\"auto, (max-width: 388px) 100vw, 388px\" \/><\/p>\n<\/div>\n","protected":false},"excerpt":{"rendered":"<p>La filosof\u00eda de nuestro programa de doctorado es formar investigadores haciendo investigaci\u00f3n. Con este prop\u00f3sito, el doctorando se integrar\u00e1 lo antes posible al equipo de investigaci\u00f3n de su gu\u00eda de tesis. En este aspecto, el doctorado en ciencias de la complejidad social se asemeja los doctorados de ciencias naturales, en los cuales el doctorando se [&hellip;]<\/p>\n","protected":false},"author":0,"featured_media":0,"parent":155,"menu_order":0,"comment_status":"closed","ping_status":"closed","template":"","meta":{"footnotes":""},"class_list":["post-158","page","type-page","status-publish","hentry"],"yoast_head":"<!-- This site is optimized with the Yoast SEO plugin v26.9 - https:\/\/yoast.com\/product\/yoast-seo-wordpress\/ -->\n<title>Antecedentes - Doctoral Program in Social Complexity Sciences<\/title>\n<meta name=\"robots\" content=\"index, follow, max-snippet:-1, max-image-preview:large, max-video-preview:-1\" \/>\n<link rel=\"canonical\" href=\"https:\/\/gobierno.udd.cl\/doctorate\/admision\/antecedentes\/\" \/>\n<meta property=\"og:locale\" content=\"en_US\" \/>\n<meta property=\"og:type\" content=\"article\" \/>\n<meta property=\"og:title\" content=\"Antecedentes - Doctoral Program in Social Complexity Sciences\" \/>\n<meta property=\"og:description\" content=\"La filosof\u00eda de nuestro programa de doctorado es formar investigadores haciendo investigaci\u00f3n. Con este prop\u00f3sito, el doctorando se integrar\u00e1 lo antes posible al equipo de investigaci\u00f3n de su gu\u00eda de tesis. En este aspecto, el doctorado en ciencias de la complejidad social se asemeja los doctorados de ciencias naturales, en los cuales el doctorando se [&hellip;]\" \/>\n<meta property=\"og:url\" content=\"https:\/\/gobierno.udd.cl\/doctorate\/admision\/antecedentes\/\" \/>\n<meta property=\"og:site_name\" content=\"Doctoral Program in Social Complexity Sciences\" \/>\n<meta property=\"article:modified_time\" content=\"2024-08-16T21:27:16+00:00\" \/>\n<meta property=\"og:image\" content=\"https:\/\/gobierno.udd.cl\/doctorado\/files\/2024\/08\/investigacion-antecedentes-228x300.png\" \/>\n<meta name=\"twitter:card\" content=\"summary_large_image\" \/>\n<meta name=\"twitter:label1\" content=\"Est. reading time\" \/>\n\t<meta name=\"twitter:data1\" content=\"5 minutes\" \/>\n<script type=\"application\/ld+json\" class=\"yoast-schema-graph\">{\"@context\":\"https:\/\/schema.org\",\"@graph\":[{\"@type\":\"WebPage\",\"@id\":\"https:\/\/gobierno.udd.cl\/doctorate\/admision\/antecedentes\/\",\"url\":\"https:\/\/gobierno.udd.cl\/doctorate\/admision\/antecedentes\/\",\"name\":\"Antecedentes - Doctoral Program in Social Complexity Sciences\",\"isPartOf\":{\"@id\":\"https:\/\/gobierno.udd.cl\/doctorate\/#website\"},\"primaryImageOfPage\":{\"@id\":\"https:\/\/gobierno.udd.cl\/doctorate\/admision\/antecedentes\/#primaryimage\"},\"image\":{\"@id\":\"https:\/\/gobierno.udd.cl\/doctorate\/admision\/antecedentes\/#primaryimage\"},\"thumbnailUrl\":\"https:\/\/gobierno.udd.cl\/doctorate\/files\/2024\/08\/investigacion-antecedentes-228x300.png\",\"datePublished\":\"2017-10-26T17:15:00+00:00\",\"dateModified\":\"2024-08-16T21:27:16+00:00\",\"breadcrumb\":{\"@id\":\"https:\/\/gobierno.udd.cl\/doctorate\/admision\/antecedentes\/#breadcrumb\"},\"inLanguage\":\"en-US\",\"potentialAction\":[{\"@type\":\"ReadAction\",\"target\":[\"https:\/\/gobierno.udd.cl\/doctorate\/admision\/antecedentes\/\"]}]},{\"@type\":\"ImageObject\",\"inLanguage\":\"en-US\",\"@id\":\"https:\/\/gobierno.udd.cl\/doctorate\/admision\/antecedentes\/#primaryimage\",\"url\":\"https:\/\/gobierno.udd.cl\/doctorate\/files\/2024\/08\/investigacion-antecedentes.png\",\"contentUrl\":\"https:\/\/gobierno.udd.cl\/doctorate\/files\/2024\/08\/investigacion-antecedentes.png\",\"width\":533,\"height\":701},{\"@type\":\"BreadcrumbList\",\"@id\":\"https:\/\/gobierno.udd.cl\/doctorate\/admision\/antecedentes\/#breadcrumb\",\"itemListElement\":[{\"@type\":\"ListItem\",\"position\":1,\"name\":\"Portada\",\"item\":\"https:\/\/gobierno.udd.cl\/doctorate\/\"},{\"@type\":\"ListItem\",\"position\":2,\"name\":\"Admisi\u00f3n 2025\",\"item\":\"https:\/\/gobierno.udd.cl\/doctorate\/admision\/\"},{\"@type\":\"ListItem\",\"position\":3,\"name\":\"Antecedentes\"}]},{\"@type\":\"WebSite\",\"@id\":\"https:\/\/gobierno.udd.cl\/doctorate\/#website\",\"url\":\"https:\/\/gobierno.udd.cl\/doctorate\/\",\"name\":\"Doctoral Program in Social Complexity Sciences\",\"description\":\"\",\"inLanguage\":\"en-US\"}]}<\/script>\n<!-- \/ Yoast SEO plugin. -->","yoast_head_json":{"title":"Antecedentes - Doctoral Program in Social Complexity Sciences","robots":{"index":"index","follow":"follow","max-snippet":"max-snippet:-1","max-image-preview":"max-image-preview:large","max-video-preview":"max-video-preview:-1"},"canonical":"https:\/\/gobierno.udd.cl\/doctorate\/admision\/antecedentes\/","og_locale":"en_US","og_type":"article","og_title":"Antecedentes - Doctoral Program in Social Complexity Sciences","og_description":"La filosof\u00eda de nuestro programa de doctorado es formar investigadores haciendo investigaci\u00f3n. Con este prop\u00f3sito, el doctorando se integrar\u00e1 lo antes posible al equipo de investigaci\u00f3n de su gu\u00eda de tesis. En este aspecto, el doctorado en ciencias de la complejidad social se asemeja los doctorados de ciencias naturales, en los cuales el doctorando se [&hellip;]","og_url":"https:\/\/gobierno.udd.cl\/doctorate\/admision\/antecedentes\/","og_site_name":"Doctoral Program in Social Complexity Sciences","article_modified_time":"2024-08-16T21:27:16+00:00","og_image":[{"url":"https:\/\/gobierno.udd.cl\/doctorado\/files\/2024\/08\/investigacion-antecedentes-228x300.png","type":"","width":"","height":""}],"twitter_card":"summary_large_image","twitter_misc":{"Est. reading time":"5 minutes"},"schema":{"@context":"https:\/\/schema.org","@graph":[{"@type":"WebPage","@id":"https:\/\/gobierno.udd.cl\/doctorate\/admision\/antecedentes\/","url":"https:\/\/gobierno.udd.cl\/doctorate\/admision\/antecedentes\/","name":"Antecedentes - Doctoral Program in Social Complexity Sciences","isPartOf":{"@id":"https:\/\/gobierno.udd.cl\/doctorate\/#website"},"primaryImageOfPage":{"@id":"https:\/\/gobierno.udd.cl\/doctorate\/admision\/antecedentes\/#primaryimage"},"image":{"@id":"https:\/\/gobierno.udd.cl\/doctorate\/admision\/antecedentes\/#primaryimage"},"thumbnailUrl":"https:\/\/gobierno.udd.cl\/doctorate\/files\/2024\/08\/investigacion-antecedentes-228x300.png","datePublished":"2017-10-26T17:15:00+00:00","dateModified":"2024-08-16T21:27:16+00:00","breadcrumb":{"@id":"https:\/\/gobierno.udd.cl\/doctorate\/admision\/antecedentes\/#breadcrumb"},"inLanguage":"en-US","potentialAction":[{"@type":"ReadAction","target":["https:\/\/gobierno.udd.cl\/doctorate\/admision\/antecedentes\/"]}]},{"@type":"ImageObject","inLanguage":"en-US","@id":"https:\/\/gobierno.udd.cl\/doctorate\/admision\/antecedentes\/#primaryimage","url":"https:\/\/gobierno.udd.cl\/doctorate\/files\/2024\/08\/investigacion-antecedentes.png","contentUrl":"https:\/\/gobierno.udd.cl\/doctorate\/files\/2024\/08\/investigacion-antecedentes.png","width":533,"height":701},{"@type":"BreadcrumbList","@id":"https:\/\/gobierno.udd.cl\/doctorate\/admision\/antecedentes\/#breadcrumb","itemListElement":[{"@type":"ListItem","position":1,"name":"Portada","item":"https:\/\/gobierno.udd.cl\/doctorate\/"},{"@type":"ListItem","position":2,"name":"Admisi\u00f3n 2025","item":"https:\/\/gobierno.udd.cl\/doctorate\/admision\/"},{"@type":"ListItem","position":3,"name":"Antecedentes"}]},{"@type":"WebSite","@id":"https:\/\/gobierno.udd.cl\/doctorate\/#website","url":"https:\/\/gobierno.udd.cl\/doctorate\/","name":"Doctoral Program in Social Complexity Sciences","description":"","inLanguage":"en-US"}]}},"_links":{"self":[{"href":"https:\/\/gobierno.udd.cl\/doctorate\/wp-json\/wp\/v2\/pages\/158","targetHints":{"allow":["GET"]}}],"collection":[{"href":"https:\/\/gobierno.udd.cl\/doctorate\/wp-json\/wp\/v2\/pages"}],"about":[{"href":"https:\/\/gobierno.udd.cl\/doctorate\/wp-json\/wp\/v2\/types\/page"}],"replies":[{"embeddable":true,"href":"https:\/\/gobierno.udd.cl\/doctorate\/wp-json\/wp\/v2\/comments?post=158"}],"version-history":[{"count":1,"href":"https:\/\/gobierno.udd.cl\/doctorate\/wp-json\/wp\/v2\/pages\/158\/revisions"}],"predecessor-version":[{"id":4362,"href":"https:\/\/gobierno.udd.cl\/doctorate\/wp-json\/wp\/v2\/pages\/158\/revisions\/4362"}],"up":[{"embeddable":true,"href":"https:\/\/gobierno.udd.cl\/doctorate\/wp-json\/wp\/v2\/pages\/155"}],"wp:attachment":[{"href":"https:\/\/gobierno.udd.cl\/doctorate\/wp-json\/wp\/v2\/media?parent=158"}],"curies":[{"name":"wp","href":"https:\/\/api.w.org\/{rel}","templated":true}]}}