{"id":140,"date":"2017-10-26T17:05:43","date_gmt":"2017-10-26T17:05:43","guid":{"rendered":"http:\/\/gobierno.udd.cl\/doctorado\/?page_id=140"},"modified":"2017-10-26T17:05:43","modified_gmt":"2017-10-26T17:05:43","slug":"herramientas","status":"publish","type":"page","link":"https:\/\/gobierno.udd.cl\/doctorate\/presentacion\/herramientas\/","title":{"rendered":"Investigaci\u00f3n &amp; Herramientas"},"content":{"rendered":"<ul>\n<li><strong>Inserci\u00f3n temprana<\/strong><\/li>\n<\/ul>\n<p><b><span style=\"font-weight: 400\">Desde su ingreso al programa, los estudiantes deben incorporarse a proyectos de investigaci\u00f3n en desarrollo para aprender a trabajar en equipos colaborativos e interdisciplinarios. Con el objetivo de facilitar la interacci\u00f3n con el cuerpo acad\u00e9mico al ingresar al programa, cada estudiante participa en talleres de investigaci\u00f3n paralelos a su carga acad\u00e9mica destinados a familiarizar a los alumnos con las investigaciones del cuerpo acad\u00e9mico y su red nacional e internacional.<\/span><\/b><\/p>\n<ul>\n<li><strong>Acceso a red de colaboraci\u00f3n global<\/strong><\/li>\n<\/ul>\n<p>En un mundo acad\u00e9mico globalizado es crucial estar conectados a una red global de excelencia. Para lo cual el DCCS incorpora la posibilidad de que los estudiantes del doctorado, que hayan completado los requisitos de formaci\u00f3n y aprobado su proyecto de tesis, por ende sean candidato a doctor, y adem\u00e1s, posean un nivel intermedio\/avanzado del ingl\u00e9s acad\u00e9mico, puedan desarrollar <strong>pasant\u00edas internacionales o co-tutelas<\/strong>, especialmente en los centros afines que componen la red de investigaci\u00f3n con los que colabora el programa y\/o la universidad. Durante este tiempo, tambi\u00e9n se potencia la productividad acad\u00e9mica a partir de la diversidad disciplinaria de su alumnado y la presentaci\u00f3n de sus trabajos en las conferencias m\u00e1s importantes en el contexto de nuestro programa de investigaci\u00f3n<\/p>\n<ul>\n<li><strong>Investigaci\u00f3n interdisciplinaria<\/strong><\/li>\n<\/ul>\n<p><span style=\"font-weight: 400\">El Doctorado en Ciencias de la Complejidad Social (DCCS) involucra formaci\u00f3n en dos grandes \u00e1reas (campos disciplinarios): Econom\u00eda pol\u00edtica y Fundamentos biol\u00f3gicos del comportamiento humano. La primera como espacio de convergencia del di\u00e1logo dentro de las disciplinas provenientes de las ciencias sociales, y la segunda como espacio de convergencia para el di\u00e1logo entre las ciencias sociales tradicionales y las ciencias naturales y exactas. Adem\u00e1s, los estudiantes del DCCS son provistos de una exhaustiva formaci\u00f3n en m\u00e9todos cuantitativos, tanto para analizar emp\u00edricamente sistemas sociales como para su modelaci\u00f3n matem\u00e1tica<\/span><\/p>\n<ul>\n<li><b>Acceso a redes de transferencia y desarrollo de habilidades para la inserci\u00f3n en el sector productivo.<\/b><\/li>\n<\/ul>\n<p><span style=\"font-weight: 400\">Bajo el modelo de transferencia de la investigaci\u00f3n, se pretende generar las condiciones para que los enfoques conceptuales propios de las ciencias sociales b\u00e1sicas y sus m\u00e9todos sean aplicados en grupos y contextos de inter\u00e9s. Tambi\u00e9n se incentiva que los resultados de las investigaciones contribuyan a la soluci\u00f3n de problemas relevantes a trav\u00e9s de la colaboraci\u00f3n con equipos de trabajo cercanos al sector productivo en el que se ha identificado potencial de transferencia.<\/span><\/p>\n<p>&nbsp;<\/p>\n","protected":false},"excerpt":{"rendered":"<p>Inserci\u00f3n temprana Desde su ingreso al programa, los estudiantes deben incorporarse a proyectos de investigaci\u00f3n en desarrollo para aprender a trabajar en equipos colaborativos e interdisciplinarios. Con el objetivo de facilitar la interacci\u00f3n con el cuerpo acad\u00e9mico al ingresar al programa, cada estudiante participa en talleres de investigaci\u00f3n paralelos a su carga acad\u00e9mica destinados a [&hellip;]<\/p>\n","protected":false},"author":0,"featured_media":0,"parent":136,"menu_order":3,"comment_status":"closed","ping_status":"closed","template":"template-children-tabs.php","meta":{"footnotes":""},"class_list":["post-140","page","type-page","status-publish","hentry"],"yoast_head":"<!-- This site is optimized with the Yoast SEO plugin v26.9 - https:\/\/yoast.com\/product\/yoast-seo-wordpress\/ -->\n<title>Investigaci\u00f3n &amp; Herramientas - Doctoral Program in Social Complexity Sciences<\/title>\n<meta name=\"robots\" content=\"index, follow, max-snippet:-1, max-image-preview:large, max-video-preview:-1\" \/>\n<link rel=\"canonical\" href=\"https:\/\/gobierno.udd.cl\/doctorate\/presentacion\/herramientas\/\" \/>\n<meta property=\"og:locale\" content=\"en_US\" \/>\n<meta property=\"og:type\" content=\"article\" \/>\n<meta property=\"og:title\" content=\"Investigaci\u00f3n &amp; Herramientas - Doctoral Program in Social Complexity Sciences\" \/>\n<meta property=\"og:description\" content=\"Inserci\u00f3n temprana Desde su ingreso al programa, los estudiantes deben incorporarse a proyectos de investigaci\u00f3n en desarrollo para aprender a trabajar en equipos colaborativos e interdisciplinarios. Con el objetivo de facilitar la interacci\u00f3n con el cuerpo acad\u00e9mico al ingresar al programa, cada estudiante participa en talleres de investigaci\u00f3n paralelos a su carga acad\u00e9mica destinados a [&hellip;]\" \/>\n<meta property=\"og:url\" content=\"https:\/\/gobierno.udd.cl\/doctorate\/presentacion\/herramientas\/\" \/>\n<meta property=\"og:site_name\" content=\"Doctoral Program in Social Complexity Sciences\" \/>\n<meta name=\"twitter:card\" content=\"summary_large_image\" \/>\n<meta name=\"twitter:label1\" content=\"Est. reading time\" \/>\n\t<meta name=\"twitter:data1\" content=\"2 minutes\" \/>\n<script type=\"application\/ld+json\" class=\"yoast-schema-graph\">{\"@context\":\"https:\/\/schema.org\",\"@graph\":[{\"@type\":\"WebPage\",\"@id\":\"https:\/\/gobierno.udd.cl\/doctorate\/presentacion\/herramientas\/\",\"url\":\"https:\/\/gobierno.udd.cl\/doctorate\/presentacion\/herramientas\/\",\"name\":\"Investigaci\u00f3n &amp; Herramientas - Doctoral Program in Social Complexity Sciences\",\"isPartOf\":{\"@id\":\"https:\/\/gobierno.udd.cl\/doctorate\/#website\"},\"datePublished\":\"2017-10-26T17:05:43+00:00\",\"breadcrumb\":{\"@id\":\"https:\/\/gobierno.udd.cl\/doctorate\/presentacion\/herramientas\/#breadcrumb\"},\"inLanguage\":\"en-US\",\"potentialAction\":[{\"@type\":\"ReadAction\",\"target\":[\"https:\/\/gobierno.udd.cl\/doctorate\/presentacion\/herramientas\/\"]}]},{\"@type\":\"BreadcrumbList\",\"@id\":\"https:\/\/gobierno.udd.cl\/doctorate\/presentacion\/herramientas\/#breadcrumb\",\"itemListElement\":[{\"@type\":\"ListItem\",\"position\":1,\"name\":\"Portada\",\"item\":\"https:\/\/gobierno.udd.cl\/doctorate\/\"},{\"@type\":\"ListItem\",\"position\":2,\"name\":\"Presentaci\u00f3n\",\"item\":\"https:\/\/gobierno.udd.cl\/doctorate\/presentacion\/\"},{\"@type\":\"ListItem\",\"position\":3,\"name\":\"Investigaci\u00f3n &amp; Herramientas\"}]},{\"@type\":\"WebSite\",\"@id\":\"https:\/\/gobierno.udd.cl\/doctorate\/#website\",\"url\":\"https:\/\/gobierno.udd.cl\/doctorate\/\",\"name\":\"Doctoral Program in Social Complexity Sciences\",\"description\":\"\",\"inLanguage\":\"en-US\"}]}<\/script>\n<!-- \/ Yoast SEO plugin. -->","yoast_head_json":{"title":"Investigaci\u00f3n &amp; Herramientas - Doctoral Program in Social Complexity Sciences","robots":{"index":"index","follow":"follow","max-snippet":"max-snippet:-1","max-image-preview":"max-image-preview:large","max-video-preview":"max-video-preview:-1"},"canonical":"https:\/\/gobierno.udd.cl\/doctorate\/presentacion\/herramientas\/","og_locale":"en_US","og_type":"article","og_title":"Investigaci\u00f3n &amp; Herramientas - Doctoral Program in Social Complexity Sciences","og_description":"Inserci\u00f3n temprana Desde su ingreso al programa, los estudiantes deben incorporarse a proyectos de investigaci\u00f3n en desarrollo para aprender a trabajar en equipos colaborativos e interdisciplinarios. Con el objetivo de facilitar la interacci\u00f3n con el cuerpo acad\u00e9mico al ingresar al programa, cada estudiante participa en talleres de investigaci\u00f3n paralelos a su carga acad\u00e9mica destinados a [&hellip;]","og_url":"https:\/\/gobierno.udd.cl\/doctorate\/presentacion\/herramientas\/","og_site_name":"Doctoral Program in Social Complexity Sciences","twitter_card":"summary_large_image","twitter_misc":{"Est. reading time":"2 minutes"},"schema":{"@context":"https:\/\/schema.org","@graph":[{"@type":"WebPage","@id":"https:\/\/gobierno.udd.cl\/doctorate\/presentacion\/herramientas\/","url":"https:\/\/gobierno.udd.cl\/doctorate\/presentacion\/herramientas\/","name":"Investigaci\u00f3n &amp; Herramientas - Doctoral Program in Social Complexity Sciences","isPartOf":{"@id":"https:\/\/gobierno.udd.cl\/doctorate\/#website"},"datePublished":"2017-10-26T17:05:43+00:00","breadcrumb":{"@id":"https:\/\/gobierno.udd.cl\/doctorate\/presentacion\/herramientas\/#breadcrumb"},"inLanguage":"en-US","potentialAction":[{"@type":"ReadAction","target":["https:\/\/gobierno.udd.cl\/doctorate\/presentacion\/herramientas\/"]}]},{"@type":"BreadcrumbList","@id":"https:\/\/gobierno.udd.cl\/doctorate\/presentacion\/herramientas\/#breadcrumb","itemListElement":[{"@type":"ListItem","position":1,"name":"Portada","item":"https:\/\/gobierno.udd.cl\/doctorate\/"},{"@type":"ListItem","position":2,"name":"Presentaci\u00f3n","item":"https:\/\/gobierno.udd.cl\/doctorate\/presentacion\/"},{"@type":"ListItem","position":3,"name":"Investigaci\u00f3n &amp; Herramientas"}]},{"@type":"WebSite","@id":"https:\/\/gobierno.udd.cl\/doctorate\/#website","url":"https:\/\/gobierno.udd.cl\/doctorate\/","name":"Doctoral Program in Social Complexity Sciences","description":"","inLanguage":"en-US"}]}},"_links":{"self":[{"href":"https:\/\/gobierno.udd.cl\/doctorate\/wp-json\/wp\/v2\/pages\/140","targetHints":{"allow":["GET"]}}],"collection":[{"href":"https:\/\/gobierno.udd.cl\/doctorate\/wp-json\/wp\/v2\/pages"}],"about":[{"href":"https:\/\/gobierno.udd.cl\/doctorate\/wp-json\/wp\/v2\/types\/page"}],"replies":[{"embeddable":true,"href":"https:\/\/gobierno.udd.cl\/doctorate\/wp-json\/wp\/v2\/comments?post=140"}],"version-history":[{"count":0,"href":"https:\/\/gobierno.udd.cl\/doctorate\/wp-json\/wp\/v2\/pages\/140\/revisions"}],"up":[{"embeddable":true,"href":"https:\/\/gobierno.udd.cl\/doctorate\/wp-json\/wp\/v2\/pages\/136"}],"wp:attachment":[{"href":"https:\/\/gobierno.udd.cl\/doctorate\/wp-json\/wp\/v2\/media?parent=140"}],"curies":[{"name":"wp","href":"https:\/\/api.w.org\/{rel}","templated":true}]}}