{"id":138,"date":"2017-10-26T17:05:15","date_gmt":"2017-10-26T17:05:15","guid":{"rendered":"http:\/\/gobierno.udd.cl\/doctorado\/?page_id=138"},"modified":"2017-10-26T17:05:15","modified_gmt":"2017-10-26T17:05:15","slug":"perfil-ingreso-egreso","status":"publish","type":"page","link":"https:\/\/gobierno.udd.cl\/doctorate\/presentacion\/perfil-ingreso-egreso\/","title":{"rendered":"Perfil de ingreso"},"content":{"rendered":"<p>El programa de Doctorado en Ciencias de la Complejidad Social busca en forma expl\u00edcita atraer estudiantes de diferentes disciplinas para conformar un equipo cuya diversidad enriquezca el trabajo colaborativo. Este\u00a0acepta postulantes que tengan como m\u00ednimo el grado acad\u00e9mico de Licenciado o equivalente y busca atraer a estudiantes provenientes de las <strong>Ciencias Sociales Tradicionales como de las Ciencias Naturales y Exactas<\/strong>.<\/p>\n<p>Se fomentar\u00e1 el desarrollo de proyectos de investigaci\u00f3n colaborativos en complejidad social donde puedan converger distintas perspectivas disciplinarias y tiene como p\u00fablico objetivo a estudiantes de f\u00edsica, matem\u00e1ticas, ingenier\u00eda, econom\u00eda, sociolog\u00eda, psicolog\u00eda y ciencia pol\u00edtica.<\/p>\n<p>Un pre-requisito del programa es haber recibido herramientas matem\u00e1ticas tales como c\u00e1lculo diferencial e integral, \u00e1lgebra lineal, probabilidades y estad\u00edstica. Por lo anterior, con el objetivo de facilitar la inserci\u00f3n en el programa, potenciar el di\u00e1logo y la colaboraci\u00f3n entre estudiantes de diversa formaci\u00f3n en el pregrado, el programa contempla cursos de <strong>nivelaci\u00f3n<\/strong> en Ciencias Sociales (orientado a los estudiantes provenientes de las ciencias naturales y exactas) y en Matem\u00e1ticas (orientado a los estudiantes cuya formaci\u00f3n previa no incorpora la formaci\u00f3n cuantitativa).<\/p>\n","protected":false},"excerpt":{"rendered":"<p>El programa de Doctorado en Ciencias de la Complejidad Social busca en forma expl\u00edcita atraer estudiantes de diferentes disciplinas para conformar un equipo cuya diversidad enriquezca el trabajo colaborativo. Este\u00a0acepta postulantes que tengan como m\u00ednimo el grado acad\u00e9mico de Licenciado o equivalente y busca atraer a estudiantes provenientes de las Ciencias Sociales Tradicionales como de [&hellip;]<\/p>\n","protected":false},"author":0,"featured_media":0,"parent":136,"menu_order":2,"comment_status":"closed","ping_status":"closed","template":"template-children-tabs.php","meta":{"footnotes":""},"class_list":["post-138","page","type-page","status-publish","hentry"],"yoast_head":"<!-- This site is optimized with the Yoast SEO plugin v26.9 - https:\/\/yoast.com\/product\/yoast-seo-wordpress\/ -->\n<title>Perfil de ingreso - Doctoral Program in Social Complexity Sciences<\/title>\n<meta name=\"robots\" content=\"index, follow, max-snippet:-1, max-image-preview:large, max-video-preview:-1\" \/>\n<link rel=\"canonical\" href=\"https:\/\/gobierno.udd.cl\/doctorate\/presentacion\/perfil-ingreso-egreso\/\" \/>\n<meta property=\"og:locale\" content=\"en_US\" \/>\n<meta property=\"og:type\" content=\"article\" \/>\n<meta property=\"og:title\" content=\"Perfil de ingreso - Doctoral Program in Social Complexity Sciences\" \/>\n<meta property=\"og:description\" content=\"El programa de Doctorado en Ciencias de la Complejidad Social busca en forma expl\u00edcita atraer estudiantes de diferentes disciplinas para conformar un equipo cuya diversidad enriquezca el trabajo colaborativo. Este\u00a0acepta postulantes que tengan como m\u00ednimo el grado acad\u00e9mico de Licenciado o equivalente y busca atraer a estudiantes provenientes de las Ciencias Sociales Tradicionales como de [&hellip;]\" \/>\n<meta property=\"og:url\" content=\"https:\/\/gobierno.udd.cl\/doctorate\/presentacion\/perfil-ingreso-egreso\/\" \/>\n<meta property=\"og:site_name\" content=\"Doctoral Program in Social Complexity Sciences\" \/>\n<meta name=\"twitter:card\" content=\"summary_large_image\" \/>\n<meta name=\"twitter:label1\" content=\"Est. reading time\" \/>\n\t<meta name=\"twitter:data1\" content=\"1 minute\" \/>\n<script type=\"application\/ld+json\" class=\"yoast-schema-graph\">{\"@context\":\"https:\/\/schema.org\",\"@graph\":[{\"@type\":\"WebPage\",\"@id\":\"https:\/\/gobierno.udd.cl\/doctorate\/presentacion\/perfil-ingreso-egreso\/\",\"url\":\"https:\/\/gobierno.udd.cl\/doctorate\/presentacion\/perfil-ingreso-egreso\/\",\"name\":\"Perfil de ingreso - Doctoral Program in Social Complexity Sciences\",\"isPartOf\":{\"@id\":\"https:\/\/gobierno.udd.cl\/doctorate\/#website\"},\"datePublished\":\"2017-10-26T17:05:15+00:00\",\"breadcrumb\":{\"@id\":\"https:\/\/gobierno.udd.cl\/doctorate\/presentacion\/perfil-ingreso-egreso\/#breadcrumb\"},\"inLanguage\":\"en-US\",\"potentialAction\":[{\"@type\":\"ReadAction\",\"target\":[\"https:\/\/gobierno.udd.cl\/doctorate\/presentacion\/perfil-ingreso-egreso\/\"]}]},{\"@type\":\"BreadcrumbList\",\"@id\":\"https:\/\/gobierno.udd.cl\/doctorate\/presentacion\/perfil-ingreso-egreso\/#breadcrumb\",\"itemListElement\":[{\"@type\":\"ListItem\",\"position\":1,\"name\":\"Portada\",\"item\":\"https:\/\/gobierno.udd.cl\/doctorate\/\"},{\"@type\":\"ListItem\",\"position\":2,\"name\":\"Presentaci\u00f3n\",\"item\":\"https:\/\/gobierno.udd.cl\/doctorate\/presentacion\/\"},{\"@type\":\"ListItem\",\"position\":3,\"name\":\"Perfil de ingreso\"}]},{\"@type\":\"WebSite\",\"@id\":\"https:\/\/gobierno.udd.cl\/doctorate\/#website\",\"url\":\"https:\/\/gobierno.udd.cl\/doctorate\/\",\"name\":\"Doctoral Program in Social Complexity Sciences\",\"description\":\"\",\"inLanguage\":\"en-US\"}]}<\/script>\n<!-- \/ Yoast SEO plugin. -->","yoast_head_json":{"title":"Perfil de ingreso - Doctoral Program in Social Complexity Sciences","robots":{"index":"index","follow":"follow","max-snippet":"max-snippet:-1","max-image-preview":"max-image-preview:large","max-video-preview":"max-video-preview:-1"},"canonical":"https:\/\/gobierno.udd.cl\/doctorate\/presentacion\/perfil-ingreso-egreso\/","og_locale":"en_US","og_type":"article","og_title":"Perfil de ingreso - Doctoral Program in Social Complexity Sciences","og_description":"El programa de Doctorado en Ciencias de la Complejidad Social busca en forma expl\u00edcita atraer estudiantes de diferentes disciplinas para conformar un equipo cuya diversidad enriquezca el trabajo colaborativo. Este\u00a0acepta postulantes que tengan como m\u00ednimo el grado acad\u00e9mico de Licenciado o equivalente y busca atraer a estudiantes provenientes de las Ciencias Sociales Tradicionales como de [&hellip;]","og_url":"https:\/\/gobierno.udd.cl\/doctorate\/presentacion\/perfil-ingreso-egreso\/","og_site_name":"Doctoral Program in Social Complexity Sciences","twitter_card":"summary_large_image","twitter_misc":{"Est. reading time":"1 minute"},"schema":{"@context":"https:\/\/schema.org","@graph":[{"@type":"WebPage","@id":"https:\/\/gobierno.udd.cl\/doctorate\/presentacion\/perfil-ingreso-egreso\/","url":"https:\/\/gobierno.udd.cl\/doctorate\/presentacion\/perfil-ingreso-egreso\/","name":"Perfil de ingreso - Doctoral Program in Social Complexity Sciences","isPartOf":{"@id":"https:\/\/gobierno.udd.cl\/doctorate\/#website"},"datePublished":"2017-10-26T17:05:15+00:00","breadcrumb":{"@id":"https:\/\/gobierno.udd.cl\/doctorate\/presentacion\/perfil-ingreso-egreso\/#breadcrumb"},"inLanguage":"en-US","potentialAction":[{"@type":"ReadAction","target":["https:\/\/gobierno.udd.cl\/doctorate\/presentacion\/perfil-ingreso-egreso\/"]}]},{"@type":"BreadcrumbList","@id":"https:\/\/gobierno.udd.cl\/doctorate\/presentacion\/perfil-ingreso-egreso\/#breadcrumb","itemListElement":[{"@type":"ListItem","position":1,"name":"Portada","item":"https:\/\/gobierno.udd.cl\/doctorate\/"},{"@type":"ListItem","position":2,"name":"Presentaci\u00f3n","item":"https:\/\/gobierno.udd.cl\/doctorate\/presentacion\/"},{"@type":"ListItem","position":3,"name":"Perfil de ingreso"}]},{"@type":"WebSite","@id":"https:\/\/gobierno.udd.cl\/doctorate\/#website","url":"https:\/\/gobierno.udd.cl\/doctorate\/","name":"Doctoral Program in Social Complexity Sciences","description":"","inLanguage":"en-US"}]}},"_links":{"self":[{"href":"https:\/\/gobierno.udd.cl\/doctorate\/wp-json\/wp\/v2\/pages\/138","targetHints":{"allow":["GET"]}}],"collection":[{"href":"https:\/\/gobierno.udd.cl\/doctorate\/wp-json\/wp\/v2\/pages"}],"about":[{"href":"https:\/\/gobierno.udd.cl\/doctorate\/wp-json\/wp\/v2\/types\/page"}],"replies":[{"embeddable":true,"href":"https:\/\/gobierno.udd.cl\/doctorate\/wp-json\/wp\/v2\/comments?post=138"}],"version-history":[{"count":0,"href":"https:\/\/gobierno.udd.cl\/doctorate\/wp-json\/wp\/v2\/pages\/138\/revisions"}],"up":[{"embeddable":true,"href":"https:\/\/gobierno.udd.cl\/doctorate\/wp-json\/wp\/v2\/pages\/136"}],"wp:attachment":[{"href":"https:\/\/gobierno.udd.cl\/doctorate\/wp-json\/wp\/v2\/media?parent=138"}],"curies":[{"name":"wp","href":"https:\/\/api.w.org\/{rel}","templated":true}]}}