{"id":653,"date":"2017-11-30T17:54:14","date_gmt":"2017-11-30T17:54:14","guid":{"rendered":"http:\/\/dccs.udd.cl\/?page_id=653"},"modified":"2024-09-04T11:53:49","modified_gmt":"2024-09-04T15:53:49","slug":"transicion-hacia-la-investigacion","status":"publish","type":"page","link":"https:\/\/gobierno.udd.cl\/dccs\/programa\/transicion-hacia-la-investigacion\/","title":{"rendered":"Formaci\u00f3n en investigaci\u00f3n interdisciplinaria en Ciencias Sociales"},"content":{"rendered":"\n<p>En sus diez a\u00f1os de funcionamiento el DCCS ha mantenido y profundizado su vocaci\u00f3n hacia la formaci\u00f3n interdisciplinaria en un entorno interconectado con otros centros formativos y con foco en las preguntas y problem\u00e1ticas propias de las ciencias sociales.<\/p>\n\n\n\n<p>Para concretizar esta definici\u00f3n conceptual, el DCCS identific\u00f3 seis tareas permanentes para su gesti\u00f3n:<\/p>\n\n\n\n<p><strong>\u2022 TAREA 1:<\/strong> Formaci\u00f3n te\u00f3rica y metodol\u00f3gica para la investigaci\u00f3n interdisciplinaria en ciencia social. Para lograrlo es necesaria una formaci\u00f3n disciplinar amplia en t\u00e9cnicas de an\u00e1lisis emp\u00edrico y de modelaci\u00f3n que desarrollen en los alumnos las capacidades de comprender, producir y dialogar con investigadores de diversas disciplinas.<\/p>\n\n\n\n<p><strong>\u2022 TAREA 2:<\/strong> Inserci\u00f3n temprana en la investigaci\u00f3n interdisciplinaria. Para ello, es central el desarrollo de capacidades para el trabajo colaborativo con una malla curricular que lo facilite y promueva. Por lo tanto, el dise\u00f1o del programa permite que los alumnos sean incorporados a proyectos y l\u00edneas de investigaci\u00f3n desarrolladas tanto por profesores del claustro como por profesores colaboradores. Junto con la formaci\u00f3n acad\u00e9mica , los estudiantes deben enfrentarse, lo antes posible, al trabajo con datos, con la capacidad de delimitar una pregunta de investigaci\u00f3n y con la identificaci\u00f3n de los m\u00e9todos apropiados para llevar dicha investigaci\u00f3n a t\u00e9rmino.<\/p>\n\n\n\n<p><strong>\u2022 TAREA 3:<\/strong> Formar un equipo acad\u00e9mico y de estudiantes interdisciplinario. Consolidaci\u00f3n de un cuerpo acad\u00e9mico y de estudiantes diversos en su formaci\u00f3n de origen, que convergen en temas de inter\u00e9s com\u00fan. Ello queda reflejado tanto en los procesos de admisi\u00f3n del programa como en la conformaci\u00f3n y expansi\u00f3n del cuerpo de profesores.<\/p>\n\n\n\n<p><strong>\u2022 TAREA 4:<\/strong> Generar la capacidad para nutrir de datos las investigaciones. La Universidad ha garantizado la sustentabilidad de la operaci\u00f3n de los laboratorios de Neurociencia social, Comportamiento animal y humano, Ciencias sociales computacionales, Convivencia y Comportamiento pol\u00edtico.<\/p>\n\n\n\n<p><strong>\u2022 TAREA 5:<\/strong> Potenciar redes de colaboraci\u00f3n. En un mundo acad\u00e9mico globalizado es crucial estar conectados a una red global de excelencia y potenciarla. Por ello, se apoya a los alumnos para realizar pasant\u00edas internacionales o co-tutelas, especialmente en los centros afines de investigaci\u00f3n con los que colabora el programa y\/o la universidad.<\/p>\n\n\n\n<p><strong>\u2022 TAREA 6:<\/strong> Potenciar la transferencia de conocimientos. Para que el programa expanda las oportunidades de sus alumnos y pueda ofrecer respuestas a problemas vigentes en la sociedad, debe involucrarse en investigaci\u00f3n con fines de transferencia desde las ciencias sociales b\u00e1sicas a aplicaciones concretas, e involucrar a sus estudiantes en el desarrollo de las mismas. As\u00ed, los alumnos est\u00e1n expuestos a contextos donde pueden desarrollar la capacidad de comprometerse en di\u00e1logos cr\u00edticos, asumir liderazgo y responsabilidades dentro de equipos de trabajo y gestionar recursos.<\/p>\n\n\n\n<figure class=\"wp-block-image aligncenter size-full is-resized is-style-default\"><img loading=\"lazy\" decoding=\"async\" width=\"850\" height=\"529\" src=\"https:\/\/gobierno.udd.cl\/doctorado\/files\/2024\/08\/interdisciplinadccs.png\" alt=\"\" class=\"wp-image-4334\" style=\"width:553px;height:auto\" srcset=\"https:\/\/gobierno.udd.cl\/dccs\/files\/2024\/08\/interdisciplinadccs.png 850w, https:\/\/gobierno.udd.cl\/dccs\/files\/2024\/08\/interdisciplinadccs-300x187.png 300w, https:\/\/gobierno.udd.cl\/dccs\/files\/2024\/08\/interdisciplinadccs-768x478.png 768w\" sizes=\"auto, (max-width: 850px) 100vw, 850px\" \/><\/figure>\n","protected":false},"excerpt":{"rendered":"<p>En sus diez a\u00f1os de funcionamiento el DCCS ha mantenido y profundizado su vocaci\u00f3n hacia la formaci\u00f3n interdisciplinaria en un entorno interconectado con otros centros formativos y con foco en las preguntas y problem\u00e1ticas propias de las ciencias sociales. Para concretizar esta definici\u00f3n conceptual, el DCCS identific\u00f3 seis tareas permanentes para su gesti\u00f3n: \u2022 TAREA [&hellip;]<\/p>\n","protected":false},"author":9192236,"featured_media":0,"parent":144,"menu_order":0,"comment_status":"closed","ping_status":"closed","template":"","meta":{"footnotes":""},"class_list":["post-653","page","type-page","status-publish","hentry"],"yoast_head":"<!-- This site is optimized with the Yoast SEO plugin v26.9 - https:\/\/yoast.com\/product\/yoast-seo-wordpress\/ -->\n<title>Formaci\u00f3n en investigaci\u00f3n interdisciplinaria en Ciencias Sociales - Doctorado en Ciencias de la Complejidad Social<\/title>\n<meta name=\"robots\" content=\"index, follow, max-snippet:-1, max-image-preview:large, max-video-preview:-1\" \/>\n<link rel=\"canonical\" href=\"https:\/\/gobierno.udd.cl\/dccs\/programa\/transicion-hacia-la-investigacion\/\" \/>\n<meta property=\"og:locale\" content=\"es_ES\" \/>\n<meta property=\"og:type\" content=\"article\" \/>\n<meta property=\"og:title\" content=\"Formaci\u00f3n en investigaci\u00f3n interdisciplinaria en Ciencias Sociales - Doctorado en Ciencias de la Complejidad Social\" \/>\n<meta property=\"og:description\" content=\"En sus diez a\u00f1os de funcionamiento el DCCS ha mantenido y profundizado su vocaci\u00f3n hacia la formaci\u00f3n interdisciplinaria en un entorno interconectado con otros centros formativos y con foco en las preguntas y problem\u00e1ticas propias de las ciencias sociales. Para concretizar esta definici\u00f3n conceptual, el DCCS identific\u00f3 seis tareas permanentes para su gesti\u00f3n: \u2022 TAREA [&hellip;]\" \/>\n<meta property=\"og:url\" content=\"https:\/\/gobierno.udd.cl\/dccs\/programa\/transicion-hacia-la-investigacion\/\" \/>\n<meta property=\"og:site_name\" content=\"Doctorado en Ciencias de la Complejidad Social\" \/>\n<meta property=\"article:modified_time\" content=\"2024-09-04T15:53:49+00:00\" \/>\n<meta property=\"og:image\" content=\"https:\/\/gobierno.udd.cl\/doctorado\/files\/2024\/08\/interdisciplinadccs.png\" \/>\n<meta name=\"twitter:card\" content=\"summary_large_image\" \/>\n<meta name=\"twitter:label1\" content=\"Tiempo de lectura\" \/>\n\t<meta name=\"twitter:data1\" content=\"3 minutos\" \/>\n<script type=\"application\/ld+json\" class=\"yoast-schema-graph\">{\"@context\":\"https:\/\/schema.org\",\"@graph\":[{\"@type\":\"WebPage\",\"@id\":\"https:\/\/gobierno.udd.cl\/dccs\/programa\/transicion-hacia-la-investigacion\/\",\"url\":\"https:\/\/gobierno.udd.cl\/dccs\/programa\/transicion-hacia-la-investigacion\/\",\"name\":\"Formaci\u00f3n en investigaci\u00f3n interdisciplinaria en Ciencias Sociales - Doctorado en Ciencias de la Complejidad Social\",\"isPartOf\":{\"@id\":\"https:\/\/gobierno.udd.cl\/dccs\/#website\"},\"primaryImageOfPage\":{\"@id\":\"https:\/\/gobierno.udd.cl\/dccs\/programa\/transicion-hacia-la-investigacion\/#primaryimage\"},\"image\":{\"@id\":\"https:\/\/gobierno.udd.cl\/dccs\/programa\/transicion-hacia-la-investigacion\/#primaryimage\"},\"thumbnailUrl\":\"https:\/\/gobierno.udd.cl\/doctorado\/files\/2024\/08\/interdisciplinadccs.png\",\"datePublished\":\"2017-11-30T17:54:14+00:00\",\"dateModified\":\"2024-09-04T15:53:49+00:00\",\"breadcrumb\":{\"@id\":\"https:\/\/gobierno.udd.cl\/dccs\/programa\/transicion-hacia-la-investigacion\/#breadcrumb\"},\"inLanguage\":\"es\",\"potentialAction\":[{\"@type\":\"ReadAction\",\"target\":[\"https:\/\/gobierno.udd.cl\/dccs\/programa\/transicion-hacia-la-investigacion\/\"]}]},{\"@type\":\"ImageObject\",\"inLanguage\":\"es\",\"@id\":\"https:\/\/gobierno.udd.cl\/dccs\/programa\/transicion-hacia-la-investigacion\/#primaryimage\",\"url\":\"https:\/\/gobierno.udd.cl\/doctorado\/files\/2024\/08\/interdisciplinadccs.png\",\"contentUrl\":\"https:\/\/gobierno.udd.cl\/doctorado\/files\/2024\/08\/interdisciplinadccs.png\"},{\"@type\":\"BreadcrumbList\",\"@id\":\"https:\/\/gobierno.udd.cl\/dccs\/programa\/transicion-hacia-la-investigacion\/#breadcrumb\",\"itemListElement\":[{\"@type\":\"ListItem\",\"position\":1,\"name\":\"Portada\",\"item\":\"https:\/\/gobierno.udd.cl\/dccs\/\"},{\"@type\":\"ListItem\",\"position\":2,\"name\":\"Programa\",\"item\":\"https:\/\/gobierno.udd.cl\/dccs\/programa\/\"},{\"@type\":\"ListItem\",\"position\":3,\"name\":\"Formaci\u00f3n en investigaci\u00f3n interdisciplinaria en Ciencias Sociales\"}]},{\"@type\":\"WebSite\",\"@id\":\"https:\/\/gobierno.udd.cl\/dccs\/#website\",\"url\":\"https:\/\/gobierno.udd.cl\/dccs\/\",\"name\":\"Doctorado en Ciencias de la Complejidad Social\",\"description\":\"Centro de Investigaci\u00f3n en Complejidad Social | UDD\",\"inLanguage\":\"es\"}]}<\/script>\n<!-- \/ Yoast SEO plugin. -->","yoast_head_json":{"title":"Formaci\u00f3n en investigaci\u00f3n interdisciplinaria en Ciencias Sociales - Doctorado en Ciencias de la Complejidad Social","robots":{"index":"index","follow":"follow","max-snippet":"max-snippet:-1","max-image-preview":"max-image-preview:large","max-video-preview":"max-video-preview:-1"},"canonical":"https:\/\/gobierno.udd.cl\/dccs\/programa\/transicion-hacia-la-investigacion\/","og_locale":"es_ES","og_type":"article","og_title":"Formaci\u00f3n en investigaci\u00f3n interdisciplinaria en Ciencias Sociales - Doctorado en Ciencias de la Complejidad Social","og_description":"En sus diez a\u00f1os de funcionamiento el DCCS ha mantenido y profundizado su vocaci\u00f3n hacia la formaci\u00f3n interdisciplinaria en un entorno interconectado con otros centros formativos y con foco en las preguntas y problem\u00e1ticas propias de las ciencias sociales. Para concretizar esta definici\u00f3n conceptual, el DCCS identific\u00f3 seis tareas permanentes para su gesti\u00f3n: \u2022 TAREA [&hellip;]","og_url":"https:\/\/gobierno.udd.cl\/dccs\/programa\/transicion-hacia-la-investigacion\/","og_site_name":"Doctorado en Ciencias de la Complejidad Social","article_modified_time":"2024-09-04T15:53:49+00:00","og_image":[{"url":"https:\/\/gobierno.udd.cl\/doctorado\/files\/2024\/08\/interdisciplinadccs.png","type":"","width":"","height":""}],"twitter_card":"summary_large_image","twitter_misc":{"Tiempo de lectura":"3 minutos"},"schema":{"@context":"https:\/\/schema.org","@graph":[{"@type":"WebPage","@id":"https:\/\/gobierno.udd.cl\/dccs\/programa\/transicion-hacia-la-investigacion\/","url":"https:\/\/gobierno.udd.cl\/dccs\/programa\/transicion-hacia-la-investigacion\/","name":"Formaci\u00f3n en investigaci\u00f3n interdisciplinaria en Ciencias Sociales - Doctorado en Ciencias de la Complejidad Social","isPartOf":{"@id":"https:\/\/gobierno.udd.cl\/dccs\/#website"},"primaryImageOfPage":{"@id":"https:\/\/gobierno.udd.cl\/dccs\/programa\/transicion-hacia-la-investigacion\/#primaryimage"},"image":{"@id":"https:\/\/gobierno.udd.cl\/dccs\/programa\/transicion-hacia-la-investigacion\/#primaryimage"},"thumbnailUrl":"https:\/\/gobierno.udd.cl\/doctorado\/files\/2024\/08\/interdisciplinadccs.png","datePublished":"2017-11-30T17:54:14+00:00","dateModified":"2024-09-04T15:53:49+00:00","breadcrumb":{"@id":"https:\/\/gobierno.udd.cl\/dccs\/programa\/transicion-hacia-la-investigacion\/#breadcrumb"},"inLanguage":"es","potentialAction":[{"@type":"ReadAction","target":["https:\/\/gobierno.udd.cl\/dccs\/programa\/transicion-hacia-la-investigacion\/"]}]},{"@type":"ImageObject","inLanguage":"es","@id":"https:\/\/gobierno.udd.cl\/dccs\/programa\/transicion-hacia-la-investigacion\/#primaryimage","url":"https:\/\/gobierno.udd.cl\/doctorado\/files\/2024\/08\/interdisciplinadccs.png","contentUrl":"https:\/\/gobierno.udd.cl\/doctorado\/files\/2024\/08\/interdisciplinadccs.png"},{"@type":"BreadcrumbList","@id":"https:\/\/gobierno.udd.cl\/dccs\/programa\/transicion-hacia-la-investigacion\/#breadcrumb","itemListElement":[{"@type":"ListItem","position":1,"name":"Portada","item":"https:\/\/gobierno.udd.cl\/dccs\/"},{"@type":"ListItem","position":2,"name":"Programa","item":"https:\/\/gobierno.udd.cl\/dccs\/programa\/"},{"@type":"ListItem","position":3,"name":"Formaci\u00f3n en investigaci\u00f3n interdisciplinaria en Ciencias Sociales"}]},{"@type":"WebSite","@id":"https:\/\/gobierno.udd.cl\/dccs\/#website","url":"https:\/\/gobierno.udd.cl\/dccs\/","name":"Doctorado en Ciencias de la Complejidad Social","description":"Centro de Investigaci\u00f3n en Complejidad Social | UDD","inLanguage":"es"}]}},"_links":{"self":[{"href":"https:\/\/gobierno.udd.cl\/dccs\/wp-json\/wp\/v2\/pages\/653","targetHints":{"allow":["GET"]}}],"collection":[{"href":"https:\/\/gobierno.udd.cl\/dccs\/wp-json\/wp\/v2\/pages"}],"about":[{"href":"https:\/\/gobierno.udd.cl\/dccs\/wp-json\/wp\/v2\/types\/page"}],"author":[{"embeddable":true,"href":"https:\/\/gobierno.udd.cl\/dccs\/wp-json\/wp\/v2\/users\/9192236"}],"replies":[{"embeddable":true,"href":"https:\/\/gobierno.udd.cl\/dccs\/wp-json\/wp\/v2\/comments?post=653"}],"version-history":[{"count":4,"href":"https:\/\/gobierno.udd.cl\/dccs\/wp-json\/wp\/v2\/pages\/653\/revisions"}],"predecessor-version":[{"id":4485,"href":"https:\/\/gobierno.udd.cl\/dccs\/wp-json\/wp\/v2\/pages\/653\/revisions\/4485"}],"up":[{"embeddable":true,"href":"https:\/\/gobierno.udd.cl\/dccs\/wp-json\/wp\/v2\/pages\/144"}],"wp:attachment":[{"href":"https:\/\/gobierno.udd.cl\/dccs\/wp-json\/wp\/v2\/media?parent=653"}],"curies":[{"name":"wp","href":"https:\/\/api.w.org\/{rel}","templated":true}]}}