{"id":651,"date":"2017-11-30T17:50:05","date_gmt":"2017-11-30T17:50:05","guid":{"rendered":"http:\/\/dccs.udd.cl\/?page_id=651"},"modified":"2017-11-30T17:50:05","modified_gmt":"2017-11-30T17:50:05","slug":"formacion-para-la-investigacion-en-ciencias-sociales-analiticas","status":"publish","type":"page","link":"https:\/\/gobierno.udd.cl\/dccs\/programa\/formacion-para-la-investigacion-en-ciencias-sociales-analiticas\/","title":{"rendered":"Formaci\u00f3n para la investigaci\u00f3n en Ciencias Sociales Anal\u00edticas"},"content":{"rendered":"<p>El DCCS prepara estudiantes tanto para posiciones de docencia e investigaci\u00f3n acad\u00e9mica como para posiciones de investigaci\u00f3n aplicada. El fundamento intelectual desde el cual se construye la formaci\u00f3n del doctorado es la convergencia interdisciplinaria en torno al paradigma de las ciencias de la complejidad. Es decir, el estudio de sistemas sociales cuyo funcionamiento y evoluci\u00f3n no logran explicarse apropiadamente a partir de la mera agregaci\u00f3n de sus componentes a la luz de una disciplina espec\u00edfica.<\/p>\n<p>Las tem\u00e1ticas principales que cristalizan la aproximaci\u00f3n del doctorado a la complejidad social son las siguientes:<\/p>\n<p>\u2022 El estudio de la influencia de las diferencias individuales a nivel biol\u00f3gico, psicol\u00f3gico y social en la toma de decisiones individuales y colectivas, en contextos alta relevancia social.<br \/>\n\u2022 El estudio de las variables que afectan de manera independiente o conjugada los procesos de negociaci\u00f3n e influencia mutua entre actores sociales para el acceso a recursos, as\u00ed como su impacto en la emergencia de fen\u00f3menos de relevancia social.<br \/>\n\u2022 El estudio de los efectos de la diversidad de los agentes y sus atributos sobre el desempe\u00f1o y la evoluci\u00f3n de un sistema social.<\/p>\n<p>Para lograr situar las tesis en el espectro de los temas anteriormente se\u00f1alados y bajo el alero de la interdisciplina, el doctorado provee de una rigurosa formaci\u00f3n te\u00f3rica presentando un enfoque integrado que busca comprender tanto los fundamentos de la cognici\u00f3n y el comportamiento de los individuos en sociedad como los fen\u00f3menos que emergen de su interacci\u00f3n con otros. Adem\u00e1s, ese marco te\u00f3rico es enriquecido por una formaci\u00f3n metodol\u00f3gica y de dominio de t\u00e9cnicas cuantitativas de investigaci\u00f3n emp\u00edrica en teor\u00eda de juegos, teor\u00eda de redes, ciencias sociales computacionales, neurociencia social, modelaci\u00f3n de din\u00e1micas sociales, m\u00e9todos de experimentaci\u00f3n y teor\u00eda micro y econom\u00e9trica.<\/p>\n","protected":false},"excerpt":{"rendered":"<p>El DCCS prepara estudiantes tanto para posiciones de docencia e investigaci\u00f3n acad\u00e9mica como para posiciones de investigaci\u00f3n aplicada. El fundamento intelectual desde el cual se construye la formaci\u00f3n del doctorado es la convergencia interdisciplinaria en torno al paradigma de las ciencias de la complejidad. Es decir, el estudio de sistemas sociales cuyo funcionamiento y evoluci\u00f3n [&hellip;]<\/p>\n","protected":false},"author":0,"featured_media":0,"parent":144,"menu_order":0,"comment_status":"closed","ping_status":"closed","template":"template-children-tabs.php","meta":{"footnotes":""},"class_list":["post-651","page","type-page","status-publish","hentry"],"yoast_head":"<!-- This site is optimized with the Yoast SEO plugin v26.9 - https:\/\/yoast.com\/product\/yoast-seo-wordpress\/ -->\n<title>Formaci\u00f3n para la investigaci\u00f3n en Ciencias Sociales Anal\u00edticas - Doctorado en Ciencias de la Complejidad Social<\/title>\n<meta name=\"robots\" content=\"index, follow, max-snippet:-1, max-image-preview:large, max-video-preview:-1\" \/>\n<link rel=\"canonical\" href=\"https:\/\/gobierno.udd.cl\/dccs\/programa\/formacion-para-la-investigacion-en-ciencias-sociales-analiticas\/\" \/>\n<meta property=\"og:locale\" content=\"es_ES\" \/>\n<meta property=\"og:type\" content=\"article\" \/>\n<meta property=\"og:title\" content=\"Formaci\u00f3n para la investigaci\u00f3n en Ciencias Sociales Anal\u00edticas - Doctorado en Ciencias de la Complejidad Social\" \/>\n<meta property=\"og:description\" content=\"El DCCS prepara estudiantes tanto para posiciones de docencia e investigaci\u00f3n acad\u00e9mica como para posiciones de investigaci\u00f3n aplicada. El fundamento intelectual desde el cual se construye la formaci\u00f3n del doctorado es la convergencia interdisciplinaria en torno al paradigma de las ciencias de la complejidad. Es decir, el estudio de sistemas sociales cuyo funcionamiento y evoluci\u00f3n [&hellip;]\" \/>\n<meta property=\"og:url\" content=\"https:\/\/gobierno.udd.cl\/dccs\/programa\/formacion-para-la-investigacion-en-ciencias-sociales-analiticas\/\" \/>\n<meta property=\"og:site_name\" content=\"Doctorado en Ciencias de la Complejidad Social\" \/>\n<meta name=\"twitter:card\" content=\"summary_large_image\" \/>\n<meta name=\"twitter:label1\" content=\"Tiempo de lectura\" \/>\n\t<meta name=\"twitter:data1\" content=\"2 minutos\" \/>\n<script type=\"application\/ld+json\" class=\"yoast-schema-graph\">{\"@context\":\"https:\/\/schema.org\",\"@graph\":[{\"@type\":\"WebPage\",\"@id\":\"https:\/\/gobierno.udd.cl\/dccs\/programa\/formacion-para-la-investigacion-en-ciencias-sociales-analiticas\/\",\"url\":\"https:\/\/gobierno.udd.cl\/dccs\/programa\/formacion-para-la-investigacion-en-ciencias-sociales-analiticas\/\",\"name\":\"Formaci\u00f3n para la investigaci\u00f3n en Ciencias Sociales Anal\u00edticas - Doctorado en Ciencias de la Complejidad Social\",\"isPartOf\":{\"@id\":\"https:\/\/gobierno.udd.cl\/dccs\/#website\"},\"datePublished\":\"2017-11-30T17:50:05+00:00\",\"breadcrumb\":{\"@id\":\"https:\/\/gobierno.udd.cl\/dccs\/programa\/formacion-para-la-investigacion-en-ciencias-sociales-analiticas\/#breadcrumb\"},\"inLanguage\":\"es\",\"potentialAction\":[{\"@type\":\"ReadAction\",\"target\":[\"https:\/\/gobierno.udd.cl\/dccs\/programa\/formacion-para-la-investigacion-en-ciencias-sociales-analiticas\/\"]}]},{\"@type\":\"BreadcrumbList\",\"@id\":\"https:\/\/gobierno.udd.cl\/dccs\/programa\/formacion-para-la-investigacion-en-ciencias-sociales-analiticas\/#breadcrumb\",\"itemListElement\":[{\"@type\":\"ListItem\",\"position\":1,\"name\":\"Portada\",\"item\":\"https:\/\/gobierno.udd.cl\/dccs\/\"},{\"@type\":\"ListItem\",\"position\":2,\"name\":\"Programa\",\"item\":\"https:\/\/gobierno.udd.cl\/dccs\/programa\/\"},{\"@type\":\"ListItem\",\"position\":3,\"name\":\"Formaci\u00f3n para la investigaci\u00f3n en Ciencias Sociales Anal\u00edticas\"}]},{\"@type\":\"WebSite\",\"@id\":\"https:\/\/gobierno.udd.cl\/dccs\/#website\",\"url\":\"https:\/\/gobierno.udd.cl\/dccs\/\",\"name\":\"Doctorado en Ciencias de la Complejidad Social\",\"description\":\"Centro de Investigaci\u00f3n en Complejidad Social | UDD\",\"inLanguage\":\"es\"}]}<\/script>\n<!-- \/ Yoast SEO plugin. -->","yoast_head_json":{"title":"Formaci\u00f3n para la investigaci\u00f3n en Ciencias Sociales Anal\u00edticas - Doctorado en Ciencias de la Complejidad Social","robots":{"index":"index","follow":"follow","max-snippet":"max-snippet:-1","max-image-preview":"max-image-preview:large","max-video-preview":"max-video-preview:-1"},"canonical":"https:\/\/gobierno.udd.cl\/dccs\/programa\/formacion-para-la-investigacion-en-ciencias-sociales-analiticas\/","og_locale":"es_ES","og_type":"article","og_title":"Formaci\u00f3n para la investigaci\u00f3n en Ciencias Sociales Anal\u00edticas - Doctorado en Ciencias de la Complejidad Social","og_description":"El DCCS prepara estudiantes tanto para posiciones de docencia e investigaci\u00f3n acad\u00e9mica como para posiciones de investigaci\u00f3n aplicada. El fundamento intelectual desde el cual se construye la formaci\u00f3n del doctorado es la convergencia interdisciplinaria en torno al paradigma de las ciencias de la complejidad. Es decir, el estudio de sistemas sociales cuyo funcionamiento y evoluci\u00f3n [&hellip;]","og_url":"https:\/\/gobierno.udd.cl\/dccs\/programa\/formacion-para-la-investigacion-en-ciencias-sociales-analiticas\/","og_site_name":"Doctorado en Ciencias de la Complejidad Social","twitter_card":"summary_large_image","twitter_misc":{"Tiempo de lectura":"2 minutos"},"schema":{"@context":"https:\/\/schema.org","@graph":[{"@type":"WebPage","@id":"https:\/\/gobierno.udd.cl\/dccs\/programa\/formacion-para-la-investigacion-en-ciencias-sociales-analiticas\/","url":"https:\/\/gobierno.udd.cl\/dccs\/programa\/formacion-para-la-investigacion-en-ciencias-sociales-analiticas\/","name":"Formaci\u00f3n para la investigaci\u00f3n en Ciencias Sociales Anal\u00edticas - Doctorado en Ciencias de la Complejidad Social","isPartOf":{"@id":"https:\/\/gobierno.udd.cl\/dccs\/#website"},"datePublished":"2017-11-30T17:50:05+00:00","breadcrumb":{"@id":"https:\/\/gobierno.udd.cl\/dccs\/programa\/formacion-para-la-investigacion-en-ciencias-sociales-analiticas\/#breadcrumb"},"inLanguage":"es","potentialAction":[{"@type":"ReadAction","target":["https:\/\/gobierno.udd.cl\/dccs\/programa\/formacion-para-la-investigacion-en-ciencias-sociales-analiticas\/"]}]},{"@type":"BreadcrumbList","@id":"https:\/\/gobierno.udd.cl\/dccs\/programa\/formacion-para-la-investigacion-en-ciencias-sociales-analiticas\/#breadcrumb","itemListElement":[{"@type":"ListItem","position":1,"name":"Portada","item":"https:\/\/gobierno.udd.cl\/dccs\/"},{"@type":"ListItem","position":2,"name":"Programa","item":"https:\/\/gobierno.udd.cl\/dccs\/programa\/"},{"@type":"ListItem","position":3,"name":"Formaci\u00f3n para la investigaci\u00f3n en Ciencias Sociales Anal\u00edticas"}]},{"@type":"WebSite","@id":"https:\/\/gobierno.udd.cl\/dccs\/#website","url":"https:\/\/gobierno.udd.cl\/dccs\/","name":"Doctorado en Ciencias de la Complejidad Social","description":"Centro de Investigaci\u00f3n en Complejidad Social | UDD","inLanguage":"es"}]}},"_links":{"self":[{"href":"https:\/\/gobierno.udd.cl\/dccs\/wp-json\/wp\/v2\/pages\/651","targetHints":{"allow":["GET"]}}],"collection":[{"href":"https:\/\/gobierno.udd.cl\/dccs\/wp-json\/wp\/v2\/pages"}],"about":[{"href":"https:\/\/gobierno.udd.cl\/dccs\/wp-json\/wp\/v2\/types\/page"}],"replies":[{"embeddable":true,"href":"https:\/\/gobierno.udd.cl\/dccs\/wp-json\/wp\/v2\/comments?post=651"}],"version-history":[{"count":0,"href":"https:\/\/gobierno.udd.cl\/dccs\/wp-json\/wp\/v2\/pages\/651\/revisions"}],"up":[{"embeddable":true,"href":"https:\/\/gobierno.udd.cl\/dccs\/wp-json\/wp\/v2\/pages\/144"}],"wp:attachment":[{"href":"https:\/\/gobierno.udd.cl\/dccs\/wp-json\/wp\/v2\/media?parent=651"}],"curies":[{"name":"wp","href":"https:\/\/api.w.org\/{rel}","templated":true}]}}