{"id":5,"date":"2022-05-26T16:35:37","date_gmt":"2022-05-26T16:35:37","guid":{"rendered":"https:\/\/gobierno.udd.cl\/beta-doctorado\/?page_id=5"},"modified":"2026-01-28T09:50:01","modified_gmt":"2026-01-28T12:50:01","slug":"inicio","status":"publish","type":"page","link":"https:\/\/gobierno.udd.cl\/dccs\/","title":{"rendered":"Inicio"},"content":{"rendered":"<!-- WP Block: UDD - Banner -->\n<section class=\"wp-block-udd-banner is-style-default \">\n\t\n<a href=\"https:\/\/gobierno.udd.cl\/noticias\/2025\/02\/doctorado-en-ciencias-de-la-complejidad-social-de-la-facultad-de-gobierno-recibe-acreditacion-con-nivel-de-excelencia-por-7-anos\/\" class=\"banner banner--fullwidth\" data-url=\"https:\/\/gobierno.udd.cl\/noticias\/2025\/02\/doctorado-en-ciencias-de-la-complejidad-social-de-la-facultad-de-gobierno-recibe-acreditacion-con-nivel-de-excelencia-por-7-anos\/\">\n\t\t\t<img loading=\"lazy\" decoding=\"async\" width=\"589\" height=\"156\" src=\"https:\/\/gobierno.udd.cl\/dccs\/files\/2025\/03\/imagen1-e1741779842625.jpg\" class=\"banner__image lazyload\" alt=\"\" sizes=\"auto, (max-width: 589px) 100vw, 589px\" data-src=\"https:\/\/gobierno.udd.cl\/dccs\/files\/2025\/03\/imagen1-e1741779842625.jpg\" data-srcset=\"https:\/\/gobierno.udd.cl\/dccs\/files\/2025\/03\/imagen1-e1741779842625.jpg 589w, https:\/\/gobierno.udd.cl\/dccs\/files\/2025\/03\/imagen1-e1741779842625-300x79.jpg 300w\" \/>\t\t<div class=\"banner__content\">\n\t\t<span class=\"banner__title\">\u00a17 a\u00f1os acreditados por la cna!<\/span>\n\t\t<span class=\"banner__description\">El Doctorado en Ciencias de la Complejidad Social (DCCS) de la Facultad de Gobierno de la Universidad del Desarrollo (UDD) ha alcanzado un hito destacado al obtener 7 a\u00f1os de acreditaci\u00f3n por parte de la Comisi\u00f3n Nacional de Acreditaci\u00f3n (CNA). Este logro posiciona al DCCS como un programa de excelencia y reafirma su relevancia nacional e internacional en la formaci\u00f3n interdisciplinaria de investigadores de alto nivel.<\/span>\n\t<\/div>\n<\/a>\n<\/section>\n\n\n<!-- WP Block: UDD - Banner -->\n<section class=\"wp-block-udd-banner is-style-compact \">\n\t<div class=\"container\">\n\t<div class=\"banner banner--fullwidth\">\n\t\t\t\t\t<img loading=\"lazy\" decoding=\"async\" width=\"1052\" height=\"592\" src=\"https:\/\/gobierno.udd.cl\/dccs\/files\/2019\/12\/pep4-300x169.jpg\" class=\"banner__image lazyload\" alt=\"\" sizes=\"auto, (max-width: 1052px) 100vw, 1052px\" data-src=\"https:\/\/gobierno.udd.cl\/dccs\/files\/2019\/12\/pep4.jpg\" data-srcset=\"https:\/\/gobierno.udd.cl\/dccs\/files\/2019\/12\/pep4.jpg 1052w, https:\/\/gobierno.udd.cl\/dccs\/files\/2019\/12\/pep4-300x169.jpg 300w, https:\/\/gobierno.udd.cl\/dccs\/files\/2019\/12\/pep4-1024x576.jpg 1024w, https:\/\/gobierno.udd.cl\/dccs\/files\/2019\/12\/pep4-768x432.jpg 768w, https:\/\/gobierno.udd.cl\/dccs\/files\/2019\/12\/pep4-680x382.jpg 680w\" \/>\t\t\t\t<div class=\"banner__content\">\n\t\t\t<div class=\"banner-info\">\n\t\t\t\t<span class=\"banner__title\">Presentaci\u00f3n<\/span>\n\t\t\t\t\t\t\t\t<span class=\"banner__description\">Los fen\u00f3menos sociales ocurren en entornos complejos y multicausales. Durante el siglo XX, la investigaci\u00f3n en ciencias sociales ha sido reduccionista, enfoc\u00e1ndose en aspectos aislados de los fen\u00f3menos sin considerar sus interacciones. Esta fragmentaci\u00f3n ha sido insuficiente para abordar la complejidad de los fen\u00f3menos sociales.<\/span>\n\t\t\t\t\t\t\t<\/div>\n\t\t\t\t\t\t\t<a\n\t\t\t\t\tclass=\"btn btn-primary\"\n\t\t\t\t\thref=\"https:\/\/gobierno.udd.cl\/dccs\/presentacion\/\"\n\t\t\t\t>Ver presentaci\u00f3n<\/a>\n\t\t\t\t\t<\/div>\n\t<\/div>\n<\/div>\n<\/section>\n\n\n<!-- WP Block: UDD - Access Cards -->\n<section\n\tid=\"udd-access-cards-v2--1\"\n\tclass=\"wp-block-udd-access-cards\n\t\tis-style-blue-bg wp-block-udd-access-cards-v2\"\n\t\tstyle=\"\n\t\t--udd-blocks-has-columns-number: 3;\n\t\"\n\t>\n\t<div class=\"container\">\n\t\t\t\t\t<header class=\"header__innerblock block__header\">\n\t\t\t\n<h2 class=\"wp-block-heading\">\u00bfPor qu\u00e9 estudiar en el DCCS?<\/h2>\n\t\n\t\n\t<\/header>\n\t\t\t\t<div class=\"block__content\">\n\t\t\t<div\n\t\t\t\tclass=\"udd-access-cards\"\n\t\t\t\t\t\t\t>\n\t\t\t<div\n\tdata-index=\"1\"\n\tclass=\"udd-access-card-wrapper\"\n\t>\n\t<a href=\"https:\/\/gobierno.udd.cl\/dccs\/presentacion\/perfil-ingreso-egreso\/\" class=\"access-card access-card--profile\" data-url=\"https:\/\/gobierno.udd.cl\/dccs\/presentacion\/perfil-ingreso-egreso\/\">\n\t\t\t\t\t\t<h3\n\t\t\tdata-index=\"1\"\n\t\t\tclass=\"access-card__title\"\n\t\t>\n\t\t\tPerfil de ingreso\t\t<\/h3>\n\t\t\t\t<div class=\"access-card__link\">\n\t\t\t<span class=\"access-card__link-text\">Conocer m\u00e1s<\/span>\n\t\t<\/div>\n\t<\/a>\n<\/div>\n<div\n\tdata-index=\"2\"\n\tclass=\"udd-access-card-wrapper\"\n\t>\n\t<a href=\"https:\/\/gobierno.udd.cl\/dccs\/programa\/transicion-hacia-la-investigacion\/\" class=\"access-card access-card--profile\" data-url=\"https:\/\/gobierno.udd.cl\/dccs\/programa\/transicion-hacia-la-investigacion\/\">\n\t\t\t\t\t\t<h3\n\t\t\tdata-index=\"2\"\n\t\t\tclass=\"access-card__title\"\n\t\t>\n\t\t\tFormaci\u00f3n para la interdisciplina\t\t<\/h3>\n\t\t\t\t<div class=\"access-card__link\">\n\t\t\t<span class=\"access-card__link-text\">Conocer m\u00e1s<\/span>\n\t\t<\/div>\n\t<\/a>\n<\/div>\n<div\n\tdata-index=\"3\"\n\tclass=\"udd-access-card-wrapper\"\n\t>\n\t<a href=\"https:\/\/gobierno.udd.cl\/dccs\/presentacion\/herramientas\/\" class=\"access-card access-card--profile\" data-url=\"https:\/\/gobierno.udd.cl\/dccs\/presentacion\/herramientas\/\">\n\t\t\t\t\t\t<h3\n\t\t\tdata-index=\"3\"\n\t\t\tclass=\"access-card__title\"\n\t\t>\n\t\t\tInserci\u00f3n en Red Global de Experiencia\t\t<\/h3>\n\t\t\t\t<div class=\"access-card__link\">\n\t\t\t<span class=\"access-card__link-text\">Conocer m\u00e1s<\/span>\n\t\t<\/div>\n\t<\/a>\n<\/div>\n<div\n\tdata-index=\"4\"\n\tclass=\"udd-access-card-wrapper\"\n\t>\n\t<a href=\"https:\/\/gobierno.udd.cl\/dccs\/presentacion\/investigacion\/\" class=\"access-card access-card--profile\" data-url=\"https:\/\/gobierno.udd.cl\/dccs\/presentacion\/investigacion\/\">\n\t\t\t\t\t\t<h3\n\t\t\tdata-index=\"4\"\n\t\t\tclass=\"access-card__title\"\n\t\t>\n\t\t\tPerfil de Egreso\t\t<\/h3>\n\t\t\t\t<div class=\"access-card__link\">\n\t\t\t<span class=\"access-card__link-text\">Conocer m\u00e1s<\/span>\n\t\t<\/div>\n\t<\/a>\n<\/div>\n<div\n\tdata-index=\"5\"\n\tclass=\"udd-access-card-wrapper\"\n\t>\n\t<a href=\"https:\/\/gobierno.udd.cl\/dccs\/programa\/malla\/\" class=\"access-card access-card--profile\" data-url=\"https:\/\/gobierno.udd.cl\/dccs\/programa\/malla\/\">\n\t\t\t\t\t\t<h3\n\t\t\tdata-index=\"5\"\n\t\t\tclass=\"access-card__title\"\n\t\t>\n\t\t\tMalla\t\t<\/h3>\n\t\t\t\t<div class=\"access-card__link\">\n\t\t\t<span class=\"access-card__link-text\">Conocer m\u00e1s<\/span>\n\t\t<\/div>\n\t<\/a>\n<\/div>\n<div\n\tdata-index=\"6\"\n\tclass=\"udd-access-card-wrapper\"\n\t>\n\t<a href=\"https:\/\/gobierno.udd.cl\/dccs\/nosotros\/investigadores\/\" class=\"access-card access-card--profile\" data-url=\"https:\/\/gobierno.udd.cl\/dccs\/nosotros\/investigadores\/\">\n\t\t\t\t\t\t<h3\n\t\t\tdata-index=\"6\"\n\t\t\tclass=\"access-card__title\"\n\t\t>\n\t\t\tInvestigadores\t\t<\/h3>\n\t\t\t\t<div class=\"access-card__link\">\n\t\t\t<span class=\"access-card__link-text\">Conocer m\u00e1s<\/span>\n\t\t<\/div>\n\t<\/a>\n<\/div>\n\t\t\t<\/div>\n\t\t<\/div>\n\t<\/div>\n<\/section>\n\n\n<!-- WP Block: UDD - Fullwidth Cards -->\n<section class=\"wp-block-udd-fullwidth-cards is-style-default\">\n\t<div class=\"container\">\n\t\t<header class=\"block__header\">\n\t\t\t<h2 class=\"block__title\">Noticias<\/h2>\n\t\t\t\t\t\t<a href=\"https:\/\/gobierno.udd.cl\/dccs\/category\/noticias\/\" class=\"block__view-more\">\n\t\t\t\tVer m\u00e1s noticias\t\t\t<\/a>\n\t\t\t\t\t<\/header>\n\t\t<div class=\"block__content\">\n\t\t\t<div class=\"fullwidth-cards fullwidth-cards--featured\">\n\t\t\t<div class=\"fullwidth-card-wrapper is-style-default\">\n\t<a href=\"https:\/\/gobierno.udd.cl\/dccs\/2025\/08\/13\/investigadores-de-la-facultad-de-gobierno-publican-en-jasss-un-modelo-basado-en-agentes-sobre-alineamiento-y-polarizacion-ideologica\/\" class=\"fullwidth-card fullwidth-card--linkable\">\n\t\t\t\t<img loading=\"lazy\" decoding=\"async\" width=\"500\" height=\"408\" src=\"https:\/\/gobierno.udd.cl\/dccs\/files\/2025\/08\/whatsapp-image-2025-08-13-at-12-03-51-62x62.jpeg\" class=\"fullwidth-card__image wp-post-image lazyload\" alt=\"\" data-src=\"https:\/\/gobierno.udd.cl\/dccs\/files\/2025\/08\/whatsapp-image-2025-08-13-at-12-03-51-500x408.jpeg\" \/>\t\t\t\t<div class=\"fullwidth-card__content\">\n\t\t\t<span class=\"fullwidth-card__date\">\n\t\t\t\t13 de agosto 2025\t\t\t<\/span>\n\t\t\t<h3 class=\"fullwidth-card__title\">Investigadores\u00a0de la Facultad de Gobierno\u00a0publican en JASSS un modelo basado en agentes sobre alineamiento y polarizaci\u00f3n\u00a0ideol\u00f3gica<\/h3>\n\t\t\t<span class=\"fullwidth-card__link\">\n\t\t\t\tConocer m\u00e1s\t\t\t<\/span>\n\t\t<\/div>\n\t<\/a>\n<\/div>\n<div class=\"fullwidth-card-wrapper is-style-default\">\n\t<a href=\"https:\/\/gobierno.udd.cl\/dccs\/2025\/08\/04\/doctorado-en-ciencias-de-la-complejidad-social-suma-nuevo-graduado-con-tesis-sobre-oscilaciones-cerebrales-complejas\/\" class=\"fullwidth-card fullwidth-card--linkable\">\n\t\t\t\t<img loading=\"lazy\" decoding=\"async\" width=\"500\" height=\"500\" src=\"https:\/\/gobierno.udd.cl\/dccs\/files\/2025\/08\/2407_02-1-62x62.jpg\" class=\"fullwidth-card__image wp-post-image lazyload\" alt=\"\" sizes=\"auto, (max-width: 500px) 100vw, 500px\" data-src=\"https:\/\/gobierno.udd.cl\/dccs\/files\/2025\/08\/2407_02-1-500x500.jpg\" data-srcset=\"https:\/\/gobierno.udd.cl\/dccs\/files\/2025\/08\/2407_02-1-500x500.jpg 500w, https:\/\/gobierno.udd.cl\/dccs\/files\/2025\/08\/2407_02-1-150x150.jpg 150w, https:\/\/gobierno.udd.cl\/dccs\/files\/2025\/08\/2407_02-1-62x62.jpg 62w, https:\/\/gobierno.udd.cl\/dccs\/files\/2025\/08\/2407_02-1-750x750.jpg 750w, https:\/\/gobierno.udd.cl\/dccs\/files\/2025\/08\/2407_02-1-250x250.jpg 250w, https:\/\/gobierno.udd.cl\/dccs\/files\/2025\/08\/2407_02-1-126x126.jpg 126w\" \/>\t\t\t\t<div class=\"fullwidth-card__content\">\n\t\t\t<span class=\"fullwidth-card__date\">\n\t\t\t\t4 de agosto 2025\t\t\t<\/span>\n\t\t\t<h3 class=\"fullwidth-card__title\">Doctorado en Ciencias de la Complejidad Social suma nuevo graduado con tesis sobre oscilaciones cerebrales complejas<\/h3>\n\t\t\t<span class=\"fullwidth-card__link\">\n\t\t\t\tConocer m\u00e1s\t\t\t<\/span>\n\t\t<\/div>\n\t<\/a>\n<\/div>\n<div class=\"fullwidth-card-wrapper is-style-default\">\n\t<a href=\"https:\/\/gobierno.udd.cl\/dccs\/2025\/07\/04\/estudiantes-del-dccs-participan-en-importante-congreso-internacional-de-redes-sociales-en-paris\/\" class=\"fullwidth-card fullwidth-card--linkable\">\n\t\t\t\t<img loading=\"lazy\" decoding=\"async\" width=\"500\" height=\"500\" src=\"https:\/\/gobierno.udd.cl\/dccs\/files\/2025\/07\/adolfo_2-62x62.jpg\" class=\"fullwidth-card__image wp-post-image lazyload\" alt=\"\" sizes=\"auto, (max-width: 500px) 100vw, 500px\" data-src=\"https:\/\/gobierno.udd.cl\/dccs\/files\/2025\/07\/adolfo_2-500x500.jpg\" data-srcset=\"https:\/\/gobierno.udd.cl\/dccs\/files\/2025\/07\/adolfo_2-500x500.jpg 500w, https:\/\/gobierno.udd.cl\/dccs\/files\/2025\/07\/adolfo_2-150x150.jpg 150w, https:\/\/gobierno.udd.cl\/dccs\/files\/2025\/07\/adolfo_2-62x62.jpg 62w, https:\/\/gobierno.udd.cl\/dccs\/files\/2025\/07\/adolfo_2-750x750.jpg 750w, https:\/\/gobierno.udd.cl\/dccs\/files\/2025\/07\/adolfo_2-250x250.jpg 250w, https:\/\/gobierno.udd.cl\/dccs\/files\/2025\/07\/adolfo_2-126x126.jpg 126w\" \/>\t\t\t\t<div class=\"fullwidth-card__content\">\n\t\t\t<span class=\"fullwidth-card__date\">\n\t\t\t\t4 de julio 2025\t\t\t<\/span>\n\t\t\t<h3 class=\"fullwidth-card__title\">Estudiantes del DCCS participan en importante congreso internacional de redes sociales en Par\u00eds\u00a0<\/h3>\n\t\t\t<span class=\"fullwidth-card__link\">\n\t\t\t\tConocer m\u00e1s\t\t\t<\/span>\n\t\t<\/div>\n\t<\/a>\n<\/div>\n<div class=\"fullwidth-card-wrapper is-style-default\">\n\t<a href=\"https:\/\/gobierno.udd.cl\/dccs\/2025\/06\/11\/investigadores-cics-publican-hallazgos-clave-sobre-la-fatiga-en-la-esclerosis-multiple-en-revista-de-nature\/\" class=\"fullwidth-card fullwidth-card--linkable\">\n\t\t\t\t<img loading=\"lazy\" decoding=\"async\" width=\"500\" height=\"500\" src=\"https:\/\/gobierno.udd.cl\/dccs\/files\/2025\/06\/que_es_la_esclerosis_multiple-min-62x62.jpeg\" class=\"fullwidth-card__image wp-post-image lazyload\" alt=\"\" sizes=\"auto, (max-width: 500px) 100vw, 500px\" data-src=\"https:\/\/gobierno.udd.cl\/dccs\/files\/2025\/06\/que_es_la_esclerosis_multiple-min-500x500.jpeg\" data-srcset=\"https:\/\/gobierno.udd.cl\/dccs\/files\/2025\/06\/que_es_la_esclerosis_multiple-min-500x500.jpeg 500w, https:\/\/gobierno.udd.cl\/dccs\/files\/2025\/06\/que_es_la_esclerosis_multiple-min-150x150.jpeg 150w, https:\/\/gobierno.udd.cl\/dccs\/files\/2025\/06\/que_es_la_esclerosis_multiple-min-62x62.jpeg 62w, https:\/\/gobierno.udd.cl\/dccs\/files\/2025\/06\/que_es_la_esclerosis_multiple-min-250x250.jpeg 250w, https:\/\/gobierno.udd.cl\/dccs\/files\/2025\/06\/que_es_la_esclerosis_multiple-min-126x126.jpeg 126w\" \/>\t\t\t\t<div class=\"fullwidth-card__content\">\n\t\t\t<span class=\"fullwidth-card__date\">\n\t\t\t\t11 de junio 2025\t\t\t<\/span>\n\t\t\t<h3 class=\"fullwidth-card__title\">Investigadores CICS publican hallazgos clave sobre la fatiga en la esclerosis m\u00faltiple en revista de Nature<\/h3>\n\t\t\t<span class=\"fullwidth-card__link\">\n\t\t\t\tConocer m\u00e1s\t\t\t<\/span>\n\t\t<\/div>\n\t<\/a>\n<\/div>\n<div class=\"fullwidth-card-wrapper is-style-default\">\n\t<a href=\"https:\/\/gobierno.udd.cl\/dccs\/2025\/04\/30\/nuevo-doctor-en-ciencias-de-la-complejidad-social-recibe-grado-por-tesis-enfocada-en-la-evolucion-de-las-decisiones-sociales\/\" class=\"fullwidth-card fullwidth-card--linkable\">\n\t\t\t\t<img loading=\"lazy\" decoding=\"async\" width=\"500\" height=\"500\" src=\"https:\/\/gobierno.udd.cl\/dccs\/files\/2025\/04\/whatsapp-image-2025-04-29-at-10-54-20-62x62.jpeg\" class=\"fullwidth-card__image wp-post-image lazyload\" alt=\"\" sizes=\"auto, (max-width: 500px) 100vw, 500px\" data-src=\"https:\/\/gobierno.udd.cl\/dccs\/files\/2025\/04\/whatsapp-image-2025-04-29-at-10-54-20-500x500.jpeg\" data-srcset=\"https:\/\/gobierno.udd.cl\/dccs\/files\/2025\/04\/whatsapp-image-2025-04-29-at-10-54-20-500x500.jpeg 500w, https:\/\/gobierno.udd.cl\/dccs\/files\/2025\/04\/whatsapp-image-2025-04-29-at-10-54-20-150x150.jpeg 150w, https:\/\/gobierno.udd.cl\/dccs\/files\/2025\/04\/whatsapp-image-2025-04-29-at-10-54-20-62x62.jpeg 62w, https:\/\/gobierno.udd.cl\/dccs\/files\/2025\/04\/whatsapp-image-2025-04-29-at-10-54-20-250x250.jpeg 250w, https:\/\/gobierno.udd.cl\/dccs\/files\/2025\/04\/whatsapp-image-2025-04-29-at-10-54-20-126x126.jpeg 126w\" \/>\t\t\t\t<div class=\"fullwidth-card__content\">\n\t\t\t<span class=\"fullwidth-card__date\">\n\t\t\t\t30 de abril 2025\t\t\t<\/span>\n\t\t\t<h3 class=\"fullwidth-card__title\">Nuevo Doctor en Ciencias de la Complejidad Social recibe grado por tesis enfocada en la evoluci\u00f3n de las decisiones sociales<\/h3>\n\t\t\t<span class=\"fullwidth-card__link\">\n\t\t\t\tConocer m\u00e1s\t\t\t<\/span>\n\t\t<\/div>\n\t<\/a>\n<\/div>\n\t\t\t<\/div>\n\t\t<\/div>\n\t<\/div>\n<\/section>\n\n\n<section class=\"wp-block-udd-cards-rrss\">\n\t<div class=\"container\">\n\t\t\t\t\t<header class=\"header__innerblock block__header\">\n\t\t\t\n<h2 class=\"wp-block-heading\">Redes sociales<\/h2>\n\t\n\t\n\t<\/header>\n\t\t\t\t<div class=\"block__content\">\n\t\t\t<div class=\"udd-rrss-cards\" style=\"--udd-blocks-has-columns-number: 3;\">\n\t\t\t\t\t\t\t<div\n\t\t\t\t\t\t\t\t\t\tclass=\"rrss-card-wrapper\"\n\t\t\t\t>\n\t\t\t\t\t<a\n\t\t\t\t\t\thref=\"https:\/\/twitter.com\/CICS_UDD\"\n\t\t\t\t\t\tclass=\"card-rrss\"\n\t\t\t\t\t\t\t\t\t\t\t\ttarget=\"_blank\"\n\t\t\t\t\t\trel=\"noreferrer noopener\"\n\t\t\t\t\t\t\t\t\t\t\t>\n\t\t\t\t\t\t<svg class=\"svg-twitter-dims\"><use xlink:href='https:\/\/gobierno.udd.cl\/dccs\/wp-content\/themes\/facultades-2018\/assets\/img\/svg\/dist\/main.svg?version=1695853099#twitter'><\/use><\/svg>\t\t\t\t\t\t<h3 class=\"card-rrss__title\">CICS_UDD<\/h3>\n\t\t\t\t\t<\/a>\n\t\t\t\t<\/div>\n\t\t\t\t\t\t\t<div\n\t\t\t\t\t\t\t\t\t\tclass=\"rrss-card-wrapper\"\n\t\t\t\t>\n\t\t\t\t\t<a\n\t\t\t\t\t\thref=\"https:\/\/instagram.com\/cics_udd\/\"\n\t\t\t\t\t\tclass=\"card-rrss\"\n\t\t\t\t\t\t\t\t\t\t\t\ttarget=\"_blank\"\n\t\t\t\t\t\trel=\"noreferrer noopener\"\n\t\t\t\t\t\t\t\t\t\t\t>\n\t\t\t\t\t\t<svg class=\"svg-instagram-dims\"><use xlink:href='https:\/\/gobierno.udd.cl\/dccs\/wp-content\/themes\/facultades-2018\/assets\/img\/svg\/dist\/main.svg?version=1695853099#instagram'><\/use><\/svg>\t\t\t\t\t\t<h3 class=\"card-rrss__title\">cics_udd<\/h3>\n\t\t\t\t\t<\/a>\n\t\t\t\t<\/div>\n\t\t\t\t\t\t\t<div\n\t\t\t\t\t\t\t\t\t\tclass=\"rrss-card-wrapper\"\n\t\t\t\t>\n\t\t\t\t\t<a\n\t\t\t\t\t\thref=\"https:\/\/www.facebook.com\/complejidadsocial\/\"\n\t\t\t\t\t\tclass=\"card-rrss\"\n\t\t\t\t\t\t\t\t\t\t\t\ttarget=\"_blank\"\n\t\t\t\t\t\trel=\"noreferrer noopener\"\n\t\t\t\t\t\t\t\t\t\t\t>\n\t\t\t\t\t\t<svg class=\"svg-facebook-dims\"><use xlink:href='https:\/\/gobierno.udd.cl\/dccs\/wp-content\/themes\/facultades-2018\/assets\/img\/svg\/dist\/main.svg?version=1695853099#facebook'><\/use><\/svg>\t\t\t\t\t\t<h3 class=\"card-rrss__title\">complejidadsocial<\/h3>\n\t\t\t\t\t<\/a>\n\t\t\t\t<\/div>\n\t\t\t\t\t\t<\/div>\n\t\t<\/div>\n\t<\/div>\n<\/section>\n<!--\/ Redes sociales-->\n","protected":false},"excerpt":{"rendered":"","protected":false},"author":9192207,"featured_media":0,"parent":0,"menu_order":0,"comment_status":"closed","ping_status":"closed","template":"","meta":{"footnotes":""},"class_list":["post-5","page","type-page","status-publish","hentry"],"yoast_head":"<!-- This site is optimized with the Yoast SEO plugin v26.9 - https:\/\/yoast.com\/product\/yoast-seo-wordpress\/ -->\n<title>Inicio - Doctorado en Ciencias de la Complejidad Social<\/title>\n<meta name=\"robots\" content=\"index, follow, max-snippet:-1, max-image-preview:large, max-video-preview:-1\" \/>\n<link rel=\"canonical\" href=\"https:\/\/gobierno.udd.cl\/dccs\/\" \/>\n<meta property=\"og:locale\" content=\"es_ES\" \/>\n<meta property=\"og:type\" content=\"article\" \/>\n<meta property=\"og:title\" content=\"Inicio - Doctorado en Ciencias de la Complejidad Social\" \/>\n<meta property=\"og:url\" content=\"https:\/\/gobierno.udd.cl\/dccs\/\" \/>\n<meta property=\"og:site_name\" content=\"Doctorado en Ciencias de la Complejidad Social\" \/>\n<meta property=\"article:modified_time\" content=\"2026-01-28T12:50:01+00:00\" \/>\n<meta name=\"twitter:card\" content=\"summary_large_image\" \/>\n<meta name=\"twitter:label1\" content=\"Tiempo de lectura\" \/>\n\t<meta name=\"twitter:data1\" content=\"1 minuto\" \/>\n<script type=\"application\/ld+json\" class=\"yoast-schema-graph\">{\"@context\":\"https:\/\/schema.org\",\"@graph\":[{\"@type\":\"WebPage\",\"@id\":\"https:\/\/gobierno.udd.cl\/dccs\/\",\"url\":\"https:\/\/gobierno.udd.cl\/dccs\/\",\"name\":\"Inicio - Doctorado en Ciencias de la Complejidad Social\",\"isPartOf\":{\"@id\":\"https:\/\/gobierno.udd.cl\/dccs\/#website\"},\"datePublished\":\"2022-05-26T16:35:37+00:00\",\"dateModified\":\"2026-01-28T12:50:01+00:00\",\"breadcrumb\":{\"@id\":\"https:\/\/gobierno.udd.cl\/dccs\/#breadcrumb\"},\"inLanguage\":\"es\",\"potentialAction\":[{\"@type\":\"ReadAction\",\"target\":[\"https:\/\/gobierno.udd.cl\/dccs\/\"]}]},{\"@type\":\"BreadcrumbList\",\"@id\":\"https:\/\/gobierno.udd.cl\/dccs\/#breadcrumb\",\"itemListElement\":[{\"@type\":\"ListItem\",\"position\":1,\"name\":\"Portada\",\"item\":\"https:\/\/gobierno.udd.cl\/dccs\/\"},{\"@type\":\"ListItem\",\"position\":2,\"name\":\"Inicio\"}]},{\"@type\":\"WebSite\",\"@id\":\"https:\/\/gobierno.udd.cl\/dccs\/#website\",\"url\":\"https:\/\/gobierno.udd.cl\/dccs\/\",\"name\":\"Doctorado en Ciencias de la Complejidad Social\",\"description\":\"Centro de Investigaci\u00f3n en Complejidad Social | UDD\",\"inLanguage\":\"es\"}]}<\/script>\n<!-- \/ Yoast SEO plugin. -->","yoast_head_json":{"title":"Inicio - Doctorado en Ciencias de la Complejidad Social","robots":{"index":"index","follow":"follow","max-snippet":"max-snippet:-1","max-image-preview":"max-image-preview:large","max-video-preview":"max-video-preview:-1"},"canonical":"https:\/\/gobierno.udd.cl\/dccs\/","og_locale":"es_ES","og_type":"article","og_title":"Inicio - Doctorado en Ciencias de la Complejidad Social","og_url":"https:\/\/gobierno.udd.cl\/dccs\/","og_site_name":"Doctorado en Ciencias de la Complejidad Social","article_modified_time":"2026-01-28T12:50:01+00:00","twitter_card":"summary_large_image","twitter_misc":{"Tiempo de lectura":"1 minuto"},"schema":{"@context":"https:\/\/schema.org","@graph":[{"@type":"WebPage","@id":"https:\/\/gobierno.udd.cl\/dccs\/","url":"https:\/\/gobierno.udd.cl\/dccs\/","name":"Inicio - Doctorado en Ciencias de la Complejidad Social","isPartOf":{"@id":"https:\/\/gobierno.udd.cl\/dccs\/#website"},"datePublished":"2022-05-26T16:35:37+00:00","dateModified":"2026-01-28T12:50:01+00:00","breadcrumb":{"@id":"https:\/\/gobierno.udd.cl\/dccs\/#breadcrumb"},"inLanguage":"es","potentialAction":[{"@type":"ReadAction","target":["https:\/\/gobierno.udd.cl\/dccs\/"]}]},{"@type":"BreadcrumbList","@id":"https:\/\/gobierno.udd.cl\/dccs\/#breadcrumb","itemListElement":[{"@type":"ListItem","position":1,"name":"Portada","item":"https:\/\/gobierno.udd.cl\/dccs\/"},{"@type":"ListItem","position":2,"name":"Inicio"}]},{"@type":"WebSite","@id":"https:\/\/gobierno.udd.cl\/dccs\/#website","url":"https:\/\/gobierno.udd.cl\/dccs\/","name":"Doctorado en Ciencias de la Complejidad Social","description":"Centro de Investigaci\u00f3n en Complejidad Social | UDD","inLanguage":"es"}]}},"_links":{"self":[{"href":"https:\/\/gobierno.udd.cl\/dccs\/wp-json\/wp\/v2\/pages\/5","targetHints":{"allow":["GET"]}}],"collection":[{"href":"https:\/\/gobierno.udd.cl\/dccs\/wp-json\/wp\/v2\/pages"}],"about":[{"href":"https:\/\/gobierno.udd.cl\/dccs\/wp-json\/wp\/v2\/types\/page"}],"author":[{"embeddable":true,"href":"https:\/\/gobierno.udd.cl\/dccs\/wp-json\/wp\/v2\/users\/9192207"}],"replies":[{"embeddable":true,"href":"https:\/\/gobierno.udd.cl\/dccs\/wp-json\/wp\/v2\/comments?post=5"}],"version-history":[{"count":30,"href":"https:\/\/gobierno.udd.cl\/dccs\/wp-json\/wp\/v2\/pages\/5\/revisions"}],"predecessor-version":[{"id":4770,"href":"https:\/\/gobierno.udd.cl\/dccs\/wp-json\/wp\/v2\/pages\/5\/revisions\/4770"}],"wp:attachment":[{"href":"https:\/\/gobierno.udd.cl\/dccs\/wp-json\/wp\/v2\/media?parent=5"}],"curies":[{"name":"wp","href":"https:\/\/api.w.org\/{rel}","templated":true}]}}