{"id":4750,"date":"2025-11-13T16:00:01","date_gmt":"2025-11-13T19:00:01","guid":{"rendered":"https:\/\/gobierno.udd.cl\/doctorado\/?page_id=4750"},"modified":"2025-11-13T16:00:02","modified_gmt":"2025-11-13T19:00:02","slug":"impacto-y-red-de-participantes","status":"publish","type":"page","link":"https:\/\/gobierno.udd.cl\/dccs\/impacto-y-red-de-participantes\/","title":{"rendered":"Impacto y Red de Participantes"},"content":{"rendered":"\n<p>Desde 2023, la Escuela de Verano se ha consolidado como <strong>un espacio \u00fanico para el intercambio acad\u00e9mico y la colaboraci\u00f3n interdisciplinaria<\/strong>. La edici\u00f3n 2025 reuni\u00f3 a m\u00e1s de 30 participantes, entre estudiantes de doctorado y mag\u00edster de diversas universidades nacionales e internacionales.<br><br><strong>Testimonio de participantes:<\/strong><br><em>\u00abLa experiencia trascendi\u00f3 lo acad\u00e9mico y me permiti\u00f3 conversar de manera horizontal con profesores y compa\u00f1eros. Las interacciones informales, incluso durante los recreos, fueron igual de enriquecedoras que las discusiones acad\u00e9micas. En un proceso doctoral que a veces puede ser solitario, esta experiencia me record\u00f3 que hay muchas personas interesadas en la investigaci\u00f3n, lo que nos impulsa a seguir adelante.\u00bb<\/em><br>\u2014 Tom\u00e1s Espinoza, estudiante de doctorado en Psicolog\u00eda, Universidad de La Frontera<br><br><strong>Objetivos cumplidos:<\/strong><br>Seg\u00fan el Dr. Jos\u00e9 Antonio Mu\u00f1oz, director acad\u00e9mico del DCCS: <em>\u00abLa Escuela de Verano articula tres objetivos clave de nuestro programa de doctorado: fortalecer la vinculaci\u00f3n con el medio, proyectarnos internacionalmente y garantizar un nivel formativo de excelencia a trav\u00e9s de metodolog\u00edas y perspectivas interdisciplinarias.\u00bb<\/em><br><br><strong>Actividades complementarias:<\/strong><br>Adem\u00e1s de los talleres acad\u00e9micos, la Escuela incluye actividades recreativas (torneos de ajedrez y p\u00e1del) y encuentros especializados que fortalecen la colaboraci\u00f3n en un ambiente distendido y propician el networking entre investigadores de distintas disciplinas.<br><br>\ud83d\udcf0 <a href=\"https:\/\/gobierno.udd.cl\/noticias\/2025\/01\/concluye-con-exito-escuela-de-verano-en-ciencias-de-la-complejidad-social-2025\/\">Leer nota de prensa: Concluye con \u00e9xito Escuela de Verano 2025<\/a><\/p>\n","protected":false},"excerpt":{"rendered":"<p>Desde 2023, la Escuela de Verano se ha consolidado como un espacio \u00fanico para el intercambio acad\u00e9mico y la colaboraci\u00f3n interdisciplinaria. La edici\u00f3n 2025 reuni\u00f3 a m\u00e1s de 30 participantes, entre estudiantes de doctorado y mag\u00edster de diversas universidades nacionales e internacionales. Testimonio de participantes:\u00abLa experiencia trascendi\u00f3 lo acad\u00e9mico y me permiti\u00f3 conversar de manera [&hellip;]<\/p>\n","protected":false},"author":9192236,"featured_media":0,"parent":0,"menu_order":0,"comment_status":"closed","ping_status":"closed","template":"","meta":{"footnotes":""},"class_list":["post-4750","page","type-page","status-publish","hentry"],"yoast_head":"<!-- This site is optimized with the Yoast SEO plugin v26.9 - https:\/\/yoast.com\/product\/yoast-seo-wordpress\/ -->\n<title>Impacto y Red de Participantes - Doctorado en Ciencias de la Complejidad Social<\/title>\n<meta name=\"robots\" content=\"index, follow, max-snippet:-1, max-image-preview:large, max-video-preview:-1\" \/>\n<link rel=\"canonical\" href=\"https:\/\/gobierno.udd.cl\/dccs\/impacto-y-red-de-participantes\/\" \/>\n<meta property=\"og:locale\" content=\"es_ES\" \/>\n<meta property=\"og:type\" content=\"article\" \/>\n<meta property=\"og:title\" content=\"Impacto y Red de Participantes - Doctorado en Ciencias de la Complejidad Social\" \/>\n<meta property=\"og:description\" content=\"Desde 2023, la Escuela de Verano se ha consolidado como un espacio \u00fanico para el intercambio acad\u00e9mico y la colaboraci\u00f3n interdisciplinaria. La edici\u00f3n 2025 reuni\u00f3 a m\u00e1s de 30 participantes, entre estudiantes de doctorado y mag\u00edster de diversas universidades nacionales e internacionales. Testimonio de participantes:\u00abLa experiencia trascendi\u00f3 lo acad\u00e9mico y me permiti\u00f3 conversar de manera [&hellip;]\" \/>\n<meta property=\"og:url\" content=\"https:\/\/gobierno.udd.cl\/dccs\/impacto-y-red-de-participantes\/\" \/>\n<meta property=\"og:site_name\" content=\"Doctorado en Ciencias de la Complejidad Social\" \/>\n<meta property=\"article:modified_time\" content=\"2025-11-13T19:00:02+00:00\" \/>\n<meta name=\"twitter:card\" content=\"summary_large_image\" \/>\n<meta name=\"twitter:label1\" content=\"Tiempo de lectura\" \/>\n\t<meta name=\"twitter:data1\" content=\"1 minuto\" \/>\n<script type=\"application\/ld+json\" class=\"yoast-schema-graph\">{\"@context\":\"https:\/\/schema.org\",\"@graph\":[{\"@type\":\"WebPage\",\"@id\":\"https:\/\/gobierno.udd.cl\/dccs\/impacto-y-red-de-participantes\/\",\"url\":\"https:\/\/gobierno.udd.cl\/dccs\/impacto-y-red-de-participantes\/\",\"name\":\"Impacto y Red de Participantes - Doctorado en Ciencias de la Complejidad Social\",\"isPartOf\":{\"@id\":\"https:\/\/gobierno.udd.cl\/dccs\/#website\"},\"datePublished\":\"2025-11-13T19:00:01+00:00\",\"dateModified\":\"2025-11-13T19:00:02+00:00\",\"breadcrumb\":{\"@id\":\"https:\/\/gobierno.udd.cl\/dccs\/impacto-y-red-de-participantes\/#breadcrumb\"},\"inLanguage\":\"es\",\"potentialAction\":[{\"@type\":\"ReadAction\",\"target\":[\"https:\/\/gobierno.udd.cl\/dccs\/impacto-y-red-de-participantes\/\"]}]},{\"@type\":\"BreadcrumbList\",\"@id\":\"https:\/\/gobierno.udd.cl\/dccs\/impacto-y-red-de-participantes\/#breadcrumb\",\"itemListElement\":[{\"@type\":\"ListItem\",\"position\":1,\"name\":\"Portada\",\"item\":\"https:\/\/gobierno.udd.cl\/dccs\/\"},{\"@type\":\"ListItem\",\"position\":2,\"name\":\"Impacto y Red de Participantes\"}]},{\"@type\":\"WebSite\",\"@id\":\"https:\/\/gobierno.udd.cl\/dccs\/#website\",\"url\":\"https:\/\/gobierno.udd.cl\/dccs\/\",\"name\":\"Doctorado en Ciencias de la Complejidad Social\",\"description\":\"Centro de Investigaci\u00f3n en Complejidad Social | UDD\",\"inLanguage\":\"es\"}]}<\/script>\n<!-- \/ Yoast SEO plugin. -->","yoast_head_json":{"title":"Impacto y Red de Participantes - Doctorado en Ciencias de la Complejidad Social","robots":{"index":"index","follow":"follow","max-snippet":"max-snippet:-1","max-image-preview":"max-image-preview:large","max-video-preview":"max-video-preview:-1"},"canonical":"https:\/\/gobierno.udd.cl\/dccs\/impacto-y-red-de-participantes\/","og_locale":"es_ES","og_type":"article","og_title":"Impacto y Red de Participantes - Doctorado en Ciencias de la Complejidad Social","og_description":"Desde 2023, la Escuela de Verano se ha consolidado como un espacio \u00fanico para el intercambio acad\u00e9mico y la colaboraci\u00f3n interdisciplinaria. La edici\u00f3n 2025 reuni\u00f3 a m\u00e1s de 30 participantes, entre estudiantes de doctorado y mag\u00edster de diversas universidades nacionales e internacionales. Testimonio de participantes:\u00abLa experiencia trascendi\u00f3 lo acad\u00e9mico y me permiti\u00f3 conversar de manera [&hellip;]","og_url":"https:\/\/gobierno.udd.cl\/dccs\/impacto-y-red-de-participantes\/","og_site_name":"Doctorado en Ciencias de la Complejidad Social","article_modified_time":"2025-11-13T19:00:02+00:00","twitter_card":"summary_large_image","twitter_misc":{"Tiempo de lectura":"1 minuto"},"schema":{"@context":"https:\/\/schema.org","@graph":[{"@type":"WebPage","@id":"https:\/\/gobierno.udd.cl\/dccs\/impacto-y-red-de-participantes\/","url":"https:\/\/gobierno.udd.cl\/dccs\/impacto-y-red-de-participantes\/","name":"Impacto y Red de Participantes - Doctorado en Ciencias de la Complejidad Social","isPartOf":{"@id":"https:\/\/gobierno.udd.cl\/dccs\/#website"},"datePublished":"2025-11-13T19:00:01+00:00","dateModified":"2025-11-13T19:00:02+00:00","breadcrumb":{"@id":"https:\/\/gobierno.udd.cl\/dccs\/impacto-y-red-de-participantes\/#breadcrumb"},"inLanguage":"es","potentialAction":[{"@type":"ReadAction","target":["https:\/\/gobierno.udd.cl\/dccs\/impacto-y-red-de-participantes\/"]}]},{"@type":"BreadcrumbList","@id":"https:\/\/gobierno.udd.cl\/dccs\/impacto-y-red-de-participantes\/#breadcrumb","itemListElement":[{"@type":"ListItem","position":1,"name":"Portada","item":"https:\/\/gobierno.udd.cl\/dccs\/"},{"@type":"ListItem","position":2,"name":"Impacto y Red de Participantes"}]},{"@type":"WebSite","@id":"https:\/\/gobierno.udd.cl\/dccs\/#website","url":"https:\/\/gobierno.udd.cl\/dccs\/","name":"Doctorado en Ciencias de la Complejidad Social","description":"Centro de Investigaci\u00f3n en Complejidad Social | UDD","inLanguage":"es"}]}},"_links":{"self":[{"href":"https:\/\/gobierno.udd.cl\/dccs\/wp-json\/wp\/v2\/pages\/4750","targetHints":{"allow":["GET"]}}],"collection":[{"href":"https:\/\/gobierno.udd.cl\/dccs\/wp-json\/wp\/v2\/pages"}],"about":[{"href":"https:\/\/gobierno.udd.cl\/dccs\/wp-json\/wp\/v2\/types\/page"}],"author":[{"embeddable":true,"href":"https:\/\/gobierno.udd.cl\/dccs\/wp-json\/wp\/v2\/users\/9192236"}],"replies":[{"embeddable":true,"href":"https:\/\/gobierno.udd.cl\/dccs\/wp-json\/wp\/v2\/comments?post=4750"}],"version-history":[{"count":1,"href":"https:\/\/gobierno.udd.cl\/dccs\/wp-json\/wp\/v2\/pages\/4750\/revisions"}],"predecessor-version":[{"id":4751,"href":"https:\/\/gobierno.udd.cl\/dccs\/wp-json\/wp\/v2\/pages\/4750\/revisions\/4751"}],"wp:attachment":[{"href":"https:\/\/gobierno.udd.cl\/dccs\/wp-json\/wp\/v2\/media?parent=4750"}],"curies":[{"name":"wp","href":"https:\/\/api.w.org\/{rel}","templated":true}]}}