{"id":4713,"date":"2025-10-13T16:29:06","date_gmt":"2025-10-13T19:29:06","guid":{"rendered":"https:\/\/gobierno.udd.cl\/doctorado\/?page_id=4713"},"modified":"2025-11-13T16:03:42","modified_gmt":"2025-11-13T19:03:42","slug":"preguntas-frecuentes-escuela-de-verano-2026","status":"publish","type":"page","link":"https:\/\/gobierno.udd.cl\/dccs\/preguntas-frecuentes-escuela-de-verano-2026\/","title":{"rendered":"Preguntas Frecuentes"},"content":{"rendered":"\n<p class=\"has-x-large-font-size\"><strong>\u00bfQui\u00e9n puede postular?<\/strong><\/p>\n\n\n\n<p>Estudiantes de posgrado, investigadores, acad\u00e9micos y profesionales interesados en m\u00e9todos cuantitativos aplicados a ciencias sociales.<\/p>\n\n\n\n<p><strong>\u00bfPuedo tomar m\u00e1s de un curso?<\/strong><\/p>\n\n\n\n<p>S\u00ed, todos los cursos han sido organizados para que puedan realizarse arm\u00f3nicamente y sin solapamientos.<\/p>\n\n\n\n<p><strong>\u00bfLos cursos tienen requisitos previos?<\/strong><\/p>\n\n\n\n<p>Los cursos no requieren conocimientos especializado, sin embargo, se asumen ciertas competencias para algunos \u00e1mbitos en el contexto de estudios de postgrado o doctorados.<\/p>\n\n\n\n<p><strong>\u00bfPuedo obtener cr\u00e9ditos acad\u00e9micos?<\/strong><\/p>\n\n\n\n<p>Los talleres otorgan certificados oficiales que se emiten con firma electr\u00f3nica desde la Educaci\u00f3n Continua UDD.<\/p>\n\n\n\n<p><strong>\u00bfLos cursos son en espa\u00f1ol?<\/strong><\/p>\n\n\n\n<p>S\u00ed, la mayor\u00eda se dictan en espa\u00f1ol. La bibliograf\u00eda puede estar en ingl\u00e9s. En caso de que sea necesario, se contar\u00e1 con traducci\u00f3n simult\u00e1nea.<\/p>\n","protected":false},"excerpt":{"rendered":"<p>Preguntas Frecuentes<\/p>\n","protected":false},"author":9192236,"featured_media":0,"parent":0,"menu_order":0,"comment_status":"closed","ping_status":"closed","template":"","meta":{"footnotes":""},"class_list":["post-4713","page","type-page","status-publish","hentry"],"yoast_head":"<!-- This site is optimized with the Yoast SEO plugin v26.9 - https:\/\/yoast.com\/product\/yoast-seo-wordpress\/ -->\n<title>Preguntas Frecuentes - Doctorado en Ciencias de la Complejidad Social<\/title>\n<meta name=\"description\" content=\"Preguntas Frecuentes de Escuela de Verano 2026\" \/>\n<meta name=\"robots\" content=\"index, follow, max-snippet:-1, max-image-preview:large, max-video-preview:-1\" \/>\n<link rel=\"canonical\" href=\"https:\/\/gobierno.udd.cl\/dccs\/preguntas-frecuentes-escuela-de-verano-2026\/\" \/>\n<meta property=\"og:locale\" content=\"es_ES\" \/>\n<meta property=\"og:type\" content=\"article\" \/>\n<meta property=\"og:title\" content=\"Preguntas Frecuentes - Doctorado en Ciencias de la Complejidad Social\" \/>\n<meta property=\"og:description\" content=\"Preguntas Frecuentes de Escuela de Verano 2026\" \/>\n<meta property=\"og:url\" content=\"https:\/\/gobierno.udd.cl\/dccs\/preguntas-frecuentes-escuela-de-verano-2026\/\" \/>\n<meta property=\"og:site_name\" content=\"Doctorado en Ciencias de la Complejidad Social\" \/>\n<meta property=\"article:modified_time\" content=\"2025-11-13T19:03:42+00:00\" \/>\n<meta name=\"twitter:card\" content=\"summary_large_image\" \/>\n<meta name=\"twitter:label1\" content=\"Tiempo de lectura\" \/>\n\t<meta name=\"twitter:data1\" content=\"1 minuto\" \/>\n<script type=\"application\/ld+json\" class=\"yoast-schema-graph\">{\"@context\":\"https:\/\/schema.org\",\"@graph\":[{\"@type\":\"WebPage\",\"@id\":\"https:\/\/gobierno.udd.cl\/dccs\/preguntas-frecuentes-escuela-de-verano-2026\/\",\"url\":\"https:\/\/gobierno.udd.cl\/dccs\/preguntas-frecuentes-escuela-de-verano-2026\/\",\"name\":\"Preguntas Frecuentes - Doctorado en Ciencias de la Complejidad Social\",\"isPartOf\":{\"@id\":\"https:\/\/gobierno.udd.cl\/dccs\/#website\"},\"datePublished\":\"2025-10-13T19:29:06+00:00\",\"dateModified\":\"2025-11-13T19:03:42+00:00\",\"description\":\"Preguntas Frecuentes de Escuela de Verano 2026\",\"breadcrumb\":{\"@id\":\"https:\/\/gobierno.udd.cl\/dccs\/preguntas-frecuentes-escuela-de-verano-2026\/#breadcrumb\"},\"inLanguage\":\"es\",\"potentialAction\":[{\"@type\":\"ReadAction\",\"target\":[\"https:\/\/gobierno.udd.cl\/dccs\/preguntas-frecuentes-escuela-de-verano-2026\/\"]}]},{\"@type\":\"BreadcrumbList\",\"@id\":\"https:\/\/gobierno.udd.cl\/dccs\/preguntas-frecuentes-escuela-de-verano-2026\/#breadcrumb\",\"itemListElement\":[{\"@type\":\"ListItem\",\"position\":1,\"name\":\"Portada\",\"item\":\"https:\/\/gobierno.udd.cl\/dccs\/\"},{\"@type\":\"ListItem\",\"position\":2,\"name\":\"Preguntas Frecuentes\"}]},{\"@type\":\"WebSite\",\"@id\":\"https:\/\/gobierno.udd.cl\/dccs\/#website\",\"url\":\"https:\/\/gobierno.udd.cl\/dccs\/\",\"name\":\"Doctorado en Ciencias de la Complejidad Social\",\"description\":\"Centro de Investigaci\u00f3n en Complejidad Social | UDD\",\"inLanguage\":\"es\"}]}<\/script>\n<!-- \/ Yoast SEO plugin. -->","yoast_head_json":{"title":"Preguntas Frecuentes - Doctorado en Ciencias de la Complejidad Social","description":"Preguntas Frecuentes de Escuela de Verano 2026","robots":{"index":"index","follow":"follow","max-snippet":"max-snippet:-1","max-image-preview":"max-image-preview:large","max-video-preview":"max-video-preview:-1"},"canonical":"https:\/\/gobierno.udd.cl\/dccs\/preguntas-frecuentes-escuela-de-verano-2026\/","og_locale":"es_ES","og_type":"article","og_title":"Preguntas Frecuentes - Doctorado en Ciencias de la Complejidad Social","og_description":"Preguntas Frecuentes de Escuela de Verano 2026","og_url":"https:\/\/gobierno.udd.cl\/dccs\/preguntas-frecuentes-escuela-de-verano-2026\/","og_site_name":"Doctorado en Ciencias de la Complejidad Social","article_modified_time":"2025-11-13T19:03:42+00:00","twitter_card":"summary_large_image","twitter_misc":{"Tiempo de lectura":"1 minuto"},"schema":{"@context":"https:\/\/schema.org","@graph":[{"@type":"WebPage","@id":"https:\/\/gobierno.udd.cl\/dccs\/preguntas-frecuentes-escuela-de-verano-2026\/","url":"https:\/\/gobierno.udd.cl\/dccs\/preguntas-frecuentes-escuela-de-verano-2026\/","name":"Preguntas Frecuentes - Doctorado en Ciencias de la Complejidad Social","isPartOf":{"@id":"https:\/\/gobierno.udd.cl\/dccs\/#website"},"datePublished":"2025-10-13T19:29:06+00:00","dateModified":"2025-11-13T19:03:42+00:00","description":"Preguntas Frecuentes de Escuela de Verano 2026","breadcrumb":{"@id":"https:\/\/gobierno.udd.cl\/dccs\/preguntas-frecuentes-escuela-de-verano-2026\/#breadcrumb"},"inLanguage":"es","potentialAction":[{"@type":"ReadAction","target":["https:\/\/gobierno.udd.cl\/dccs\/preguntas-frecuentes-escuela-de-verano-2026\/"]}]},{"@type":"BreadcrumbList","@id":"https:\/\/gobierno.udd.cl\/dccs\/preguntas-frecuentes-escuela-de-verano-2026\/#breadcrumb","itemListElement":[{"@type":"ListItem","position":1,"name":"Portada","item":"https:\/\/gobierno.udd.cl\/dccs\/"},{"@type":"ListItem","position":2,"name":"Preguntas Frecuentes"}]},{"@type":"WebSite","@id":"https:\/\/gobierno.udd.cl\/dccs\/#website","url":"https:\/\/gobierno.udd.cl\/dccs\/","name":"Doctorado en Ciencias de la Complejidad Social","description":"Centro de Investigaci\u00f3n en Complejidad Social | UDD","inLanguage":"es"}]}},"_links":{"self":[{"href":"https:\/\/gobierno.udd.cl\/dccs\/wp-json\/wp\/v2\/pages\/4713","targetHints":{"allow":["GET"]}}],"collection":[{"href":"https:\/\/gobierno.udd.cl\/dccs\/wp-json\/wp\/v2\/pages"}],"about":[{"href":"https:\/\/gobierno.udd.cl\/dccs\/wp-json\/wp\/v2\/types\/page"}],"author":[{"embeddable":true,"href":"https:\/\/gobierno.udd.cl\/dccs\/wp-json\/wp\/v2\/users\/9192236"}],"replies":[{"embeddable":true,"href":"https:\/\/gobierno.udd.cl\/dccs\/wp-json\/wp\/v2\/comments?post=4713"}],"version-history":[{"count":5,"href":"https:\/\/gobierno.udd.cl\/dccs\/wp-json\/wp\/v2\/pages\/4713\/revisions"}],"predecessor-version":[{"id":4754,"href":"https:\/\/gobierno.udd.cl\/dccs\/wp-json\/wp\/v2\/pages\/4713\/revisions\/4754"}],"wp:attachment":[{"href":"https:\/\/gobierno.udd.cl\/dccs\/wp-json\/wp\/v2\/media?parent=4713"}],"curies":[{"name":"wp","href":"https:\/\/api.w.org\/{rel}","templated":true}]}}