{"id":4625,"date":"2025-03-27T11:52:46","date_gmt":"2025-03-27T14:52:46","guid":{"rendered":"https:\/\/gobierno.udd.cl\/doctorado\/?page_id=4625"},"modified":"2025-03-27T11:59:23","modified_gmt":"2025-03-27T14:59:23","slug":"7-anos-acreditados","status":"publish","type":"page","link":"https:\/\/gobierno.udd.cl\/dccs\/7-anos-acreditados\/","title":{"rendered":"\u00a17 a\u00f1os acreditados!"},"content":{"rendered":"<!-- WP Block: UDD - Fullwidth Cards -->\n<section class=\"wp-block-udd-fullwidth-cards is-style-default\">\n\t<div class=\"container\">\n\t\t<header class=\"block__header\">\n\t\t\t<h2 class=\"block__title\">Noticias<\/h2>\n\t\t\t\t\t\t<a href=\"https:\/\/gobierno.udd.cl\/dccs\/category\/acreditacion\/\" class=\"block__view-more\">\n\t\t\t\tVer m\u00e1s noticias\t\t\t<\/a>\n\t\t\t\t\t<\/header>\n\t\t<div class=\"block__content\">\n\t\t\t<div class=\"fullwidth-cards fullwidth-cards--featured\">\n\t\t\t<div class=\"fullwidth-card-wrapper is-style-default\">\n\t<a href=\"https:\/\/gobierno.udd.cl\/dccs\/2025\/03\/27\/doctorado-en-ciencias-de-la-complejidad-social-udd-obtiene-7-anos-de-acreditacion\/\" class=\"fullwidth-card fullwidth-card--linkable\">\n\t\t\t\t<img loading=\"lazy\" decoding=\"async\" width=\"500\" height=\"393\" src=\"https:\/\/gobierno.udd.cl\/dccs\/files\/2025\/03\/image-1-62x62.png\" class=\"fullwidth-card__image wp-post-image lazyload\" alt=\"\" data-src=\"https:\/\/gobierno.udd.cl\/dccs\/files\/2025\/03\/image-1-500x393.png\" \/>\t\t\t\t<div class=\"fullwidth-card__content\">\n\t\t\t<span class=\"fullwidth-card__date\">\n\t\t\t\t27 de marzo 2025\t\t\t<\/span>\n\t\t\t<h3 class=\"fullwidth-card__title\">Doctorado en Ciencias de la Complejidad Social UDD obtiene 7 A\u00d1OS DE ACREDITACI\u00d3N<\/h3>\n\t\t\t<span class=\"fullwidth-card__link\">\n\t\t\t\tConocer m\u00e1s\t\t\t<\/span>\n\t\t<\/div>\n\t<\/a>\n<\/div>\n<div class=\"fullwidth-card-wrapper is-style-default\">\n\t<a href=\"https:\/\/gobierno.udd.cl\/dccs\/2025\/03\/27\/decano-gobierno-udd-el-exito-del-doctorado-en-complejidad-social-radica-en-su-formacion-interdisciplinaria-e-impacto-academico\/\" class=\"fullwidth-card fullwidth-card--linkable\">\n\t\t\t\t<img loading=\"lazy\" decoding=\"async\" width=\"500\" height=\"500\" src=\"https:\/\/gobierno.udd.cl\/dccs\/files\/2025\/03\/image-62x62.png\" class=\"fullwidth-card__image wp-post-image lazyload\" alt=\"\" sizes=\"auto, (max-width: 500px) 100vw, 500px\" data-src=\"https:\/\/gobierno.udd.cl\/dccs\/files\/2025\/03\/image-500x500.png\" data-srcset=\"https:\/\/gobierno.udd.cl\/dccs\/files\/2025\/03\/image-500x500.png 500w, https:\/\/gobierno.udd.cl\/dccs\/files\/2025\/03\/image-150x150.png 150w, https:\/\/gobierno.udd.cl\/dccs\/files\/2025\/03\/image-62x62.png 62w, https:\/\/gobierno.udd.cl\/dccs\/files\/2025\/03\/image-250x250.png 250w, https:\/\/gobierno.udd.cl\/dccs\/files\/2025\/03\/image-126x126.png 126w\" \/>\t\t\t\t<div class=\"fullwidth-card__content\">\n\t\t\t<span class=\"fullwidth-card__date\">\n\t\t\t\t27 de marzo 2025\t\t\t<\/span>\n\t\t\t<h3 class=\"fullwidth-card__title\">Decano Gobierno UDD: \u201cEl \u00e9xito del Doctorado en Complejidad Social radica en su formaci\u00f3n interdisciplinaria e impacto acad\u00e9mico\u201d<\/h3>\n\t\t\t<span class=\"fullwidth-card__link\">\n\t\t\t\tConocer m\u00e1s\t\t\t<\/span>\n\t\t<\/div>\n\t<\/a>\n<\/div>\n<div class=\"fullwidth-card-wrapper is-style-default\">\n\t<a href=\"https:\/\/gobierno.udd.cl\/dccs\/2025\/03\/27\/director-cics-udd-la-amplia-red-de-colaboracion-internacional-nos-ha-permitido-incrementar-el-impacto-que-generan-nuestras-investigaciones\/\" class=\"fullwidth-card fullwidth-card--linkable\">\n\t\t\t\t<img loading=\"lazy\" decoding=\"async\" width=\"300\" height=\"328\" src=\"https:\/\/gobierno.udd.cl\/dccs\/files\/2021\/03\/carlos-rodriguez-1-copia-62x62.jpg\" class=\"fullwidth-card__image wp-post-image lazyload\" alt=\"\" sizes=\"auto, (max-width: 300px) 100vw, 300px\" data-src=\"https:\/\/gobierno.udd.cl\/dccs\/files\/2021\/03\/carlos-rodriguez-1-copia.jpg\" data-srcset=\"https:\/\/gobierno.udd.cl\/dccs\/files\/2021\/03\/carlos-rodriguez-1-copia.jpg 300w, https:\/\/gobierno.udd.cl\/dccs\/files\/2021\/03\/carlos-rodriguez-1-copia-274x300.jpg 274w\" \/>\t\t\t\t<div class=\"fullwidth-card__content\">\n\t\t\t<span class=\"fullwidth-card__date\">\n\t\t\t\t27 de marzo 2025\t\t\t<\/span>\n\t\t\t<h3 class=\"fullwidth-card__title\">Director CICS UDD: \u201cLa amplia red de colaboraci\u00f3n internacional nos ha permitido incrementar el impacto que generan nuestras investigaciones\u201d.<\/h3>\n\t\t\t<span class=\"fullwidth-card__link\">\n\t\t\t\tConocer m\u00e1s\t\t\t<\/span>\n\t\t<\/div>\n\t<\/a>\n<\/div>\n<div class=\"fullwidth-card-wrapper is-style-default\">\n\t<a href=\"https:\/\/gobierno.udd.cl\/dccs\/2025\/03\/27\/doctorado-en-ciencias-de-la-complejidad-social-de-la-udd-un-referente-nacional-de-excelencia-interdisciplinaria\/\" class=\"fullwidth-card fullwidth-card--linkable\">\n\t\t\t\t<img loading=\"lazy\" decoding=\"async\" width=\"500\" height=\"304\" src=\"https:\/\/gobierno.udd.cl\/dccs\/files\/2025\/02\/whatsapp-image-2025-02-28-at-15-05-46-62x62.jpeg\" class=\"fullwidth-card__image wp-post-image lazyload\" alt=\"\" data-src=\"https:\/\/gobierno.udd.cl\/dccs\/files\/2025\/02\/whatsapp-image-2025-02-28-at-15-05-46-500x304.jpeg\" \/>\t\t\t\t<div class=\"fullwidth-card__content\">\n\t\t\t<span class=\"fullwidth-card__date\">\n\t\t\t\t27 de marzo 2025\t\t\t<\/span>\n\t\t\t<h3 class=\"fullwidth-card__title\">Doctorado en Ciencias de la Complejidad Social de la UDD: Un referente nacional de excelencia interdisciplinaria<\/h3>\n\t\t\t<span class=\"fullwidth-card__link\">\n\t\t\t\tConocer m\u00e1s\t\t\t<\/span>\n\t\t<\/div>\n\t<\/a>\n<\/div>\n\t\t\t<\/div>\n\t\t<\/div>\n\t<\/div>\n<\/section>\n\n\n\n<figure class=\"wp-block-embed aligncenter is-type-video is-provider-youtube wp-block-embed-youtube wp-embed-aspect-16-9 wp-has-aspect-ratio\"><div class=\"wp-block-embed__wrapper\">\n<iframe loading=\"lazy\" title=\"\u00a1Doctorado en Ciencias de la Complejidad Social acreditado por 7 an\u0303os!\" width=\"500\" height=\"281\" src=\"https:\/\/www.youtube.com\/embed\/rk-X8cqKvQk?feature=oembed\" frameborder=\"0\" allow=\"accelerometer; autoplay; clipboard-write; encrypted-media; gyroscope; picture-in-picture; web-share\" referrerpolicy=\"strict-origin-when-cross-origin\" allowfullscreen><\/iframe>\n<\/div><\/figure>\n","protected":false},"excerpt":{"rendered":"","protected":false},"author":9192236,"featured_media":0,"parent":0,"menu_order":0,"comment_status":"closed","ping_status":"closed","template":"","meta":{"footnotes":""},"class_list":["post-4625","page","type-page","status-publish","hentry"],"yoast_head":"<!-- This site is optimized with the Yoast SEO plugin v26.9 - https:\/\/yoast.com\/product\/yoast-seo-wordpress\/ -->\n<title>\u00a17 a\u00f1os acreditados! - Doctorado en Ciencias de la Complejidad Social<\/title>\n<meta name=\"robots\" content=\"index, follow, max-snippet:-1, max-image-preview:large, max-video-preview:-1\" \/>\n<link rel=\"canonical\" href=\"https:\/\/gobierno.udd.cl\/dccs\/7-anos-acreditados\/\" \/>\n<meta property=\"og:locale\" content=\"es_ES\" \/>\n<meta property=\"og:type\" content=\"article\" \/>\n<meta property=\"og:title\" content=\"\u00a17 a\u00f1os acreditados! - Doctorado en Ciencias de la Complejidad Social\" \/>\n<meta property=\"og:url\" content=\"https:\/\/gobierno.udd.cl\/dccs\/7-anos-acreditados\/\" \/>\n<meta property=\"og:site_name\" content=\"Doctorado en Ciencias de la Complejidad Social\" \/>\n<meta property=\"article:modified_time\" content=\"2025-03-27T14:59:23+00:00\" \/>\n<meta name=\"twitter:card\" content=\"summary_large_image\" \/>\n<meta name=\"twitter:label1\" content=\"Tiempo de lectura\" \/>\n\t<meta name=\"twitter:data1\" content=\"1 minuto\" \/>\n<script type=\"application\/ld+json\" class=\"yoast-schema-graph\">{\"@context\":\"https:\/\/schema.org\",\"@graph\":[{\"@type\":\"WebPage\",\"@id\":\"https:\/\/gobierno.udd.cl\/dccs\/7-anos-acreditados\/\",\"url\":\"https:\/\/gobierno.udd.cl\/dccs\/7-anos-acreditados\/\",\"name\":\"\u00a17 a\u00f1os acreditados! - Doctorado en Ciencias de la Complejidad Social\",\"isPartOf\":{\"@id\":\"https:\/\/gobierno.udd.cl\/dccs\/#website\"},\"datePublished\":\"2025-03-27T14:52:46+00:00\",\"dateModified\":\"2025-03-27T14:59:23+00:00\",\"breadcrumb\":{\"@id\":\"https:\/\/gobierno.udd.cl\/dccs\/7-anos-acreditados\/#breadcrumb\"},\"inLanguage\":\"es\",\"potentialAction\":[{\"@type\":\"ReadAction\",\"target\":[\"https:\/\/gobierno.udd.cl\/dccs\/7-anos-acreditados\/\"]}]},{\"@type\":\"BreadcrumbList\",\"@id\":\"https:\/\/gobierno.udd.cl\/dccs\/7-anos-acreditados\/#breadcrumb\",\"itemListElement\":[{\"@type\":\"ListItem\",\"position\":1,\"name\":\"Portada\",\"item\":\"https:\/\/gobierno.udd.cl\/dccs\/\"},{\"@type\":\"ListItem\",\"position\":2,\"name\":\"\u00a17 a\u00f1os acreditados!\"}]},{\"@type\":\"WebSite\",\"@id\":\"https:\/\/gobierno.udd.cl\/dccs\/#website\",\"url\":\"https:\/\/gobierno.udd.cl\/dccs\/\",\"name\":\"Doctorado en Ciencias de la Complejidad Social\",\"description\":\"Centro de Investigaci\u00f3n en Complejidad Social | UDD\",\"inLanguage\":\"es\"}]}<\/script>\n<!-- \/ Yoast SEO plugin. -->","yoast_head_json":{"title":"\u00a17 a\u00f1os acreditados! - Doctorado en Ciencias de la Complejidad Social","robots":{"index":"index","follow":"follow","max-snippet":"max-snippet:-1","max-image-preview":"max-image-preview:large","max-video-preview":"max-video-preview:-1"},"canonical":"https:\/\/gobierno.udd.cl\/dccs\/7-anos-acreditados\/","og_locale":"es_ES","og_type":"article","og_title":"\u00a17 a\u00f1os acreditados! - Doctorado en Ciencias de la Complejidad Social","og_url":"https:\/\/gobierno.udd.cl\/dccs\/7-anos-acreditados\/","og_site_name":"Doctorado en Ciencias de la Complejidad Social","article_modified_time":"2025-03-27T14:59:23+00:00","twitter_card":"summary_large_image","twitter_misc":{"Tiempo de lectura":"1 minuto"},"schema":{"@context":"https:\/\/schema.org","@graph":[{"@type":"WebPage","@id":"https:\/\/gobierno.udd.cl\/dccs\/7-anos-acreditados\/","url":"https:\/\/gobierno.udd.cl\/dccs\/7-anos-acreditados\/","name":"\u00a17 a\u00f1os acreditados! - Doctorado en Ciencias de la Complejidad Social","isPartOf":{"@id":"https:\/\/gobierno.udd.cl\/dccs\/#website"},"datePublished":"2025-03-27T14:52:46+00:00","dateModified":"2025-03-27T14:59:23+00:00","breadcrumb":{"@id":"https:\/\/gobierno.udd.cl\/dccs\/7-anos-acreditados\/#breadcrumb"},"inLanguage":"es","potentialAction":[{"@type":"ReadAction","target":["https:\/\/gobierno.udd.cl\/dccs\/7-anos-acreditados\/"]}]},{"@type":"BreadcrumbList","@id":"https:\/\/gobierno.udd.cl\/dccs\/7-anos-acreditados\/#breadcrumb","itemListElement":[{"@type":"ListItem","position":1,"name":"Portada","item":"https:\/\/gobierno.udd.cl\/dccs\/"},{"@type":"ListItem","position":2,"name":"\u00a17 a\u00f1os acreditados!"}]},{"@type":"WebSite","@id":"https:\/\/gobierno.udd.cl\/dccs\/#website","url":"https:\/\/gobierno.udd.cl\/dccs\/","name":"Doctorado en Ciencias de la Complejidad Social","description":"Centro de Investigaci\u00f3n en Complejidad Social | UDD","inLanguage":"es"}]}},"_links":{"self":[{"href":"https:\/\/gobierno.udd.cl\/dccs\/wp-json\/wp\/v2\/pages\/4625","targetHints":{"allow":["GET"]}}],"collection":[{"href":"https:\/\/gobierno.udd.cl\/dccs\/wp-json\/wp\/v2\/pages"}],"about":[{"href":"https:\/\/gobierno.udd.cl\/dccs\/wp-json\/wp\/v2\/types\/page"}],"author":[{"embeddable":true,"href":"https:\/\/gobierno.udd.cl\/dccs\/wp-json\/wp\/v2\/users\/9192236"}],"replies":[{"embeddable":true,"href":"https:\/\/gobierno.udd.cl\/dccs\/wp-json\/wp\/v2\/comments?post=4625"}],"version-history":[{"count":5,"href":"https:\/\/gobierno.udd.cl\/dccs\/wp-json\/wp\/v2\/pages\/4625\/revisions"}],"predecessor-version":[{"id":4639,"href":"https:\/\/gobierno.udd.cl\/dccs\/wp-json\/wp\/v2\/pages\/4625\/revisions\/4639"}],"wp:attachment":[{"href":"https:\/\/gobierno.udd.cl\/dccs\/wp-json\/wp\/v2\/media?parent=4625"}],"curies":[{"name":"wp","href":"https:\/\/api.w.org\/{rel}","templated":true}]}}