{"id":3977,"date":"2022-06-29T19:49:30","date_gmt":"2022-06-29T19:49:30","guid":{"rendered":"https:\/\/dccs.udd.cl\/?page_id=3977"},"modified":"2024-10-21T11:27:25","modified_gmt":"2024-10-21T14:27:25","slug":"investigadores","status":"publish","type":"page","link":"https:\/\/gobierno.udd.cl\/dccs\/nosotros\/investigadores\/","title":{"rendered":"Investigadores"},"content":{"rendered":"\n\n\n<!-- WP Block: UDD - People -->\n<section class=\"wp-block-udd-people\">\n\t<div class=\"container\">\n\t\t<header class=\"block__header\">\n\t\t\t<h2 class=\"block__title\">Profesores<\/h2>\n\t\t\t\t\t<\/header>\n\t\t<div class=\"people-cards\">\n\t\t\t\t\t<div class=\"person-card\">\n\t<a href=\"https:\/\/gobierno.udd.cl\/dccs\/persona\/andrea-gajardo\/\"\n\t\tclass=\"person-card__inner js-person-modal\"\n\t\tdata-post-id=\"4201\"\n\t\tdata-postid=\"4201\"\n\t>\n\t\t\t<div class=\"person-card__media\">\n\t\t\t<img loading=\"lazy\" decoding=\"async\" width=\"125\" height=\"125\" src=\"https:\/\/gobierno.udd.cl\/dccs\/files\/2023\/08\/andrea_gajardo-62x62.png\" class=\"person-card__image wp-post-image lazyload\" alt=\"\" sizes=\"auto, (max-width: 125px) 100vw, 125px\" data-src=\"https:\/\/gobierno.udd.cl\/dccs\/files\/2023\/08\/andrea_gajardo.png\" data-srcset=\"https:\/\/gobierno.udd.cl\/dccs\/files\/2023\/08\/andrea_gajardo.png 125w, https:\/\/gobierno.udd.cl\/dccs\/files\/2023\/08\/andrea_gajardo-62x62.png 62w\" \/>\t\t<\/div>\n\t\t\t<div class=\"person-card__content\">\n\t\t\t<h3 class=\"person-card__name\">Andrea Gajardo<\/h3>\n\t\t\t\t\t<span class=\"person-card__description\">Ph.D. in Neuropsychology and Cognitive Neuroscience, University College London, 2018, Reino Unido.<\/span>\n\t\t\t\t\t<span class=\"person-card__cta\">Ver perfil<\/span>\n\t\t<\/div>\n\t<\/a>\n<\/div>\n\t\t\t\t\t<div class=\"person-card\">\n\t<a href=\"https:\/\/gobierno.udd.cl\/dccs\/persona\/nerea-aldunate\/\"\n\t\tclass=\"person-card__inner js-person-modal\"\n\t\tdata-post-id=\"4199\"\n\t\tdata-postid=\"4199\"\n\t>\n\t\t\t<div class=\"person-card__media\">\n\t\t\t<img loading=\"lazy\" decoding=\"async\" width=\"125\" height=\"125\" src=\"https:\/\/gobierno.udd.cl\/dccs\/files\/2023\/08\/nerea_aldunate-62x62.png\" class=\"person-card__image wp-post-image lazyload\" alt=\"\" sizes=\"auto, (max-width: 125px) 100vw, 125px\" data-src=\"https:\/\/gobierno.udd.cl\/dccs\/files\/2023\/08\/nerea_aldunate.png\" data-srcset=\"https:\/\/gobierno.udd.cl\/dccs\/files\/2023\/08\/nerea_aldunate.png 125w, https:\/\/gobierno.udd.cl\/dccs\/files\/2023\/08\/nerea_aldunate-62x62.png 62w\" \/>\t\t<\/div>\n\t\t\t<div class=\"person-card__content\">\n\t\t\t<h3 class=\"person-card__name\">Nerea Aldunate<\/h3>\n\t\t\t\t\t<span class=\"person-card__description\">Ph.D. en Psicolog\u00eda, Pontificia Universidad Cat\u00f3lica de Chile, Chile.<\/span>\n\t\t\t\t\t<span class=\"person-card__cta\">Ver perfil<\/span>\n\t\t<\/div>\n\t<\/a>\n<\/div>\n\t\t\t\t\t<div class=\"person-card\">\n\t<a href=\"https:\/\/gobierno.udd.cl\/dccs\/persona\/jose-antonio-munoz\/\"\n\t\tclass=\"person-card__inner js-person-modal\"\n\t\tdata-post-id=\"3566\"\n\t\tdata-postid=\"3566\"\n\t>\n\t\t\t<div class=\"person-card__media\">\n\t\t\t<img loading=\"lazy\" decoding=\"async\" width=\"125\" height=\"138\" src=\"https:\/\/gobierno.udd.cl\/dccs\/files\/2021\/06\/fototonobn-62x62.png\" class=\"person-card__image wp-post-image lazyload\" alt=\"\" data-src=\"https:\/\/gobierno.udd.cl\/dccs\/files\/2021\/06\/fototonobn.png\" \/>\t\t<\/div>\n\t\t\t<div class=\"person-card__content\">\n\t\t\t<h3 class=\"person-card__name\">Jos\u00e9 Antonio Mu\u00f1oz<\/h3>\n\t\t\t\t\t<span class=\"person-card__description\">Director Doctorado en Ciencias de la Complejidad Social<\/span>\n\t\t\t\t\t<span class=\"person-card__cta\">Ver perfil<\/span>\n\t\t<\/div>\n\t<\/a>\n<\/div>\n\t\t\t\t\t<div class=\"person-card\">\n\t<a href=\"https:\/\/gobierno.udd.cl\/dccs\/persona\/pablo-polo\/\"\n\t\tclass=\"person-card__inner js-person-modal\"\n\t\tdata-post-id=\"3565\"\n\t\tdata-postid=\"3565\"\n\t>\n\t\t\t<div class=\"person-card__media\">\n\t\t\t<img loading=\"lazy\" decoding=\"async\" width=\"125\" height=\"132\" src=\"https:\/\/gobierno.udd.cl\/dccs\/files\/2021\/06\/pablopolobn-62x62.png\" class=\"person-card__image wp-post-image lazyload\" alt=\"\" data-src=\"https:\/\/gobierno.udd.cl\/dccs\/files\/2021\/06\/pablopolobn.png\" \/>\t\t<\/div>\n\t\t\t<div class=\"person-card__content\">\n\t\t\t<h3 class=\"person-card__name\">Pablo Polo<\/h3>\n\t\t\t\t\t<span class=\"person-card__description\">Doctor en Psicobiolog\u00eda, Universidad Complutense de Madrid, 2013, Espa\u00f1a.<\/span>\n\t\t\t\t\t<span class=\"person-card__cta\">Ver perfil<\/span>\n\t\t<\/div>\n\t<\/a>\n<\/div>\n\t\t\t\t\t<div class=\"person-card\">\n\t<a href=\"https:\/\/gobierno.udd.cl\/dccs\/persona\/patricia-soto-icaza\/\"\n\t\tclass=\"person-card__inner js-person-modal\"\n\t\tdata-post-id=\"3202\"\n\t\tdata-postid=\"3202\"\n\t>\n\t\t\t<div class=\"person-card__media\">\n\t\t\t<img loading=\"lazy\" decoding=\"async\" width=\"500\" height=\"500\" src=\"https:\/\/gobierno.udd.cl\/dccs\/files\/2020\/06\/patiparaweb-62x62.jpg\" class=\"person-card__image wp-post-image lazyload\" alt=\"\" sizes=\"auto, (max-width: 500px) 100vw, 500px\" data-src=\"https:\/\/gobierno.udd.cl\/dccs\/files\/2020\/06\/patiparaweb-500x500.jpg\" data-srcset=\"https:\/\/gobierno.udd.cl\/dccs\/files\/2020\/06\/patiparaweb-500x500.jpg 500w, https:\/\/gobierno.udd.cl\/dccs\/files\/2020\/06\/patiparaweb-150x150.jpg 150w, https:\/\/gobierno.udd.cl\/dccs\/files\/2020\/06\/patiparaweb-62x62.jpg 62w, https:\/\/gobierno.udd.cl\/dccs\/files\/2020\/06\/patiparaweb-750x750.jpg 750w, https:\/\/gobierno.udd.cl\/dccs\/files\/2020\/06\/patiparaweb-250x250.jpg 250w, https:\/\/gobierno.udd.cl\/dccs\/files\/2020\/06\/patiparaweb-126x126.jpg 126w\" \/>\t\t<\/div>\n\t\t\t<div class=\"person-card__content\">\n\t\t\t<h3 class=\"person-card__name\">Patricia Soto-Icaza<\/h3>\n\t\t\t\t\t<span class=\"person-card__description\">Ph.D. en Neurociencias, Pontificia Universidad Cat\u00f3lica de Chile &#8211; Profesora Claustro DCCS<\/span>\n\t\t\t\t\t<span class=\"person-card__cta\">Ver perfil<\/span>\n\t\t<\/div>\n\t<\/a>\n<\/div>\n\t\t\t\t\t<div class=\"person-card\">\n\t<a href=\"https:\/\/gobierno.udd.cl\/dccs\/persona\/leonardo-ferres\/\"\n\t\tclass=\"person-card__inner js-person-modal\"\n\t\tdata-post-id=\"795\"\n\t\tdata-postid=\"795\"\n\t>\n\t\t\t<div class=\"person-card__media\">\n\t\t\t<img loading=\"lazy\" decoding=\"async\" width=\"195\" height=\"199\" src=\"https:\/\/gobierno.udd.cl\/dccs\/files\/2017\/12\/leo-ferres-62x62.jpg\" class=\"person-card__image wp-post-image lazyload\" alt=\"\" sizes=\"auto, (max-width: 195px) 100vw, 195px\" data-src=\"https:\/\/gobierno.udd.cl\/dccs\/files\/2017\/12\/leo-ferres.jpg\" data-srcset=\"https:\/\/gobierno.udd.cl\/dccs\/files\/2017\/12\/leo-ferres.jpg 195w, https:\/\/gobierno.udd.cl\/dccs\/files\/2017\/12\/leo-ferres-62x62.jpg 62w\" \/>\t\t<\/div>\n\t\t\t<div class=\"person-card__content\">\n\t\t\t<h3 class=\"person-card__name\">Leonardo Ferres<\/h3>\n\t\t\t\t\t<span class=\"person-card__description\">Ph.D. in Cognitive Science Carleton University, Ottawa, 2005, Canad\u00e1.<\/span>\n\t\t\t\t\t<span class=\"person-card__cta\">Ver perfil<\/span>\n\t\t<\/div>\n\t<\/a>\n<\/div>\n\t\t\t\t\t<div class=\"person-card\">\n\t<a href=\"https:\/\/gobierno.udd.cl\/dccs\/persona\/jorge-valera\/\"\n\t\tclass=\"person-card__inner js-person-modal\"\n\t\tdata-post-id=\"790\"\n\t\tdata-postid=\"790\"\n\t>\n\t\t\t<div class=\"person-card__media\">\n\t\t\t<img loading=\"lazy\" decoding=\"async\" width=\"288\" height=\"288\" src=\"https:\/\/gobierno.udd.cl\/dccs\/files\/2017\/12\/varela-62x62.jpg\" class=\"person-card__image wp-post-image lazyload\" alt=\"\" sizes=\"auto, (max-width: 288px) 100vw, 288px\" data-src=\"https:\/\/gobierno.udd.cl\/dccs\/files\/2017\/12\/varela.jpg\" data-srcset=\"https:\/\/gobierno.udd.cl\/dccs\/files\/2017\/12\/varela.jpg 288w, https:\/\/gobierno.udd.cl\/dccs\/files\/2017\/12\/varela-150x150.jpg 150w, https:\/\/gobierno.udd.cl\/dccs\/files\/2017\/12\/varela-62x62.jpg 62w, https:\/\/gobierno.udd.cl\/dccs\/files\/2017\/12\/varela-250x250.jpg 250w, https:\/\/gobierno.udd.cl\/dccs\/files\/2017\/12\/varela-126x126.jpg 126w\" \/>\t\t<\/div>\n\t\t\t<div class=\"person-card__content\">\n\t\t\t<h3 class=\"person-card__name\">Jorge  Varela<\/h3>\n\t\t\t\t\t<span class=\"person-card__description\">Ph.D. en Educaci\u00f3n y Psicolog\u00eda en la Universidad de Michigan &#8211; Profesor Claustro DCCS<\/span>\n\t\t\t\t\t<span class=\"person-card__cta\">Ver perfil<\/span>\n\t\t<\/div>\n\t<\/a>\n<\/div>\n\t\t\t\t\t<div class=\"person-card\">\n\t<a href=\"https:\/\/gobierno.udd.cl\/dccs\/persona\/ricardo-guzman-2\/\"\n\t\tclass=\"person-card__inner js-person-modal\"\n\t\tdata-post-id=\"620\"\n\t\tdata-postid=\"620\"\n\t>\n\t\t\t<div class=\"person-card__media\">\n\t\t\t<img loading=\"lazy\" decoding=\"async\" width=\"125\" height=\"125\" src=\"https:\/\/gobierno.udd.cl\/dccs\/files\/2017\/10\/ricardo-guzman-62x62.jpg\" class=\"person-card__image wp-post-image lazyload\" alt=\"\" sizes=\"auto, (max-width: 125px) 100vw, 125px\" data-src=\"https:\/\/gobierno.udd.cl\/dccs\/files\/2017\/10\/ricardo-guzman.jpg\" data-srcset=\"https:\/\/gobierno.udd.cl\/dccs\/files\/2017\/10\/ricardo-guzman.jpg 125w, https:\/\/gobierno.udd.cl\/dccs\/files\/2017\/10\/ricardo-guzman-62x62.jpg 62w\" \/>\t\t<\/div>\n\t\t\t<div class=\"person-card__content\">\n\t\t\t<h3 class=\"person-card__name\">Ricardo  Guzm\u00e1n<\/h3>\n\t\t\t\t\t<span class=\"person-card__description\">Doctorado en Econom\u00eda, Pontificia Universidad Cat\u00f3lica de Chile, 2007, Chile.<\/span>\n\t\t\t\t\t<span class=\"person-card__cta\">Ver perfil<\/span>\n\t\t<\/div>\n\t<\/a>\n<\/div>\n\t\t\t\t\t<div class=\"person-card\">\n\t<a href=\"https:\/\/gobierno.udd.cl\/dccs\/persona\/cristian-candia\/\"\n\t\tclass=\"person-card__inner js-person-modal\"\n\t\tdata-post-id=\"557\"\n\t\tdata-postid=\"557\"\n\t>\n\t\t\t<div class=\"person-card__media\">\n\t\t\t<img loading=\"lazy\" decoding=\"async\" width=\"310\" height=\"310\" src=\"https:\/\/gobierno.udd.cl\/dccs\/files\/2017\/11\/me_udd-e1524167432879-62x62.jpg\" class=\"person-card__image wp-post-image lazyload\" alt=\"\" sizes=\"auto, (max-width: 310px) 100vw, 310px\" data-src=\"https:\/\/gobierno.udd.cl\/dccs\/files\/2017\/11\/me_udd-e1524167432879.jpg\" data-srcset=\"https:\/\/gobierno.udd.cl\/dccs\/files\/2017\/11\/me_udd-e1524167432879.jpg 310w, https:\/\/gobierno.udd.cl\/dccs\/files\/2017\/11\/me_udd-e1524167432879-300x300.jpg 300w, https:\/\/gobierno.udd.cl\/dccs\/files\/2017\/11\/me_udd-e1524167432879-150x150.jpg 150w, https:\/\/gobierno.udd.cl\/dccs\/files\/2017\/11\/me_udd-e1524167432879-62x62.jpg 62w, https:\/\/gobierno.udd.cl\/dccs\/files\/2017\/11\/me_udd-e1524167432879-250x250.jpg 250w, https:\/\/gobierno.udd.cl\/dccs\/files\/2017\/11\/me_udd-e1524167432879-126x126.jpg 126w\" \/>\t\t<\/div>\n\t\t\t<div class=\"person-card__content\">\n\t\t\t<h3 class=\"person-card__name\">Cristian Candia<\/h3>\n\t\t\t\t\t<span class=\"person-card__description\">Doctor en Ciencias de la Complejidad Social, Centro de Investigaci\u00f3n en Complejidad Social, Universidad del Desarrollo, Chile.<\/span>\n\t\t\t\t\t<span class=\"person-card__cta\">Ver perfil<\/span>\n\t\t<\/div>\n\t<\/a>\n<\/div>\n\t\t\t\t\t<div class=\"person-card\">\n\t<a href=\"https:\/\/gobierno.udd.cl\/dccs\/persona\/pablo-billeke-2\/\"\n\t\tclass=\"person-card__inner js-person-modal\"\n\t\tdata-post-id=\"539\"\n\t\tdata-postid=\"539\"\n\t>\n\t\t\t<div class=\"person-card__media\">\n\t\t\t<img loading=\"lazy\" decoding=\"async\" width=\"125\" height=\"125\" src=\"https:\/\/gobierno.udd.cl\/dccs\/files\/2017\/10\/pablo-billeke-62x62.jpg\" class=\"person-card__image wp-post-image lazyload\" alt=\"\" sizes=\"auto, (max-width: 125px) 100vw, 125px\" data-src=\"https:\/\/gobierno.udd.cl\/dccs\/files\/2017\/10\/pablo-billeke.jpg\" data-srcset=\"https:\/\/gobierno.udd.cl\/dccs\/files\/2017\/10\/pablo-billeke.jpg 125w, https:\/\/gobierno.udd.cl\/dccs\/files\/2017\/10\/pablo-billeke-62x62.jpg 62w\" \/>\t\t<\/div>\n\t\t\t<div class=\"person-card__content\">\n\t\t\t<h3 class=\"person-card__name\">Pablo Billeke<\/h3>\n\t\t\t\t\t<span class=\"person-card__description\">Ph.D. en Ciencias M\u00e9dicas, Pontificia Universidad Cat\u00f3lica de Chile &#8211; Profesor Claustro DCCS<\/span>\n\t\t\t\t\t<span class=\"person-card__cta\">Ver perfil<\/span>\n\t\t<\/div>\n\t<\/a>\n<\/div>\n\t\t\t\t\t<div class=\"person-card\">\n\t<a href=\"https:\/\/gobierno.udd.cl\/dccs\/persona\/mauricio-apablaza-2\/\"\n\t\tclass=\"person-card__inner js-person-modal\"\n\t\tdata-post-id=\"535\"\n\t\tdata-postid=\"535\"\n\t>\n\t\t\t<div class=\"person-card__media\">\n\t\t\t<img loading=\"lazy\" decoding=\"async\" width=\"125\" height=\"125\" src=\"https:\/\/gobierno.udd.cl\/dccs\/files\/2017\/10\/mauricio-apablaza-62x62.jpg\" class=\"person-card__image wp-post-image lazyload\" alt=\"\" sizes=\"auto, (max-width: 125px) 100vw, 125px\" data-src=\"https:\/\/gobierno.udd.cl\/dccs\/files\/2017\/10\/mauricio-apablaza.jpg\" data-srcset=\"https:\/\/gobierno.udd.cl\/dccs\/files\/2017\/10\/mauricio-apablaza.jpg 125w, https:\/\/gobierno.udd.cl\/dccs\/files\/2017\/10\/mauricio-apablaza-62x62.jpg 62w\" \/>\t\t<\/div>\n\t\t\t<div class=\"person-card__content\">\n\t\t\t<h3 class=\"person-card__name\">Mauricio Apablaza<\/h3>\n\t\t\t\t\t<span class=\"person-card__description\">Post-doctorate, OPHI, University of Oxford, Reino Unido<\/span>\n\t\t\t\t\t<span class=\"person-card__cta\">Ver perfil<\/span>\n\t\t<\/div>\n\t<\/a>\n<\/div>\n\t\t\t\t\t<div class=\"person-card\">\n\t<a href=\"https:\/\/gobierno.udd.cl\/dccs\/persona\/juan-pablo-couyoumdjian-2\/\"\n\t\tclass=\"person-card__inner js-person-modal\"\n\t\tdata-post-id=\"531\"\n\t\tdata-postid=\"531\"\n\t>\n\t\t\t<div class=\"person-card__media\">\n\t\t\t<img loading=\"lazy\" decoding=\"async\" width=\"125\" height=\"125\" src=\"https:\/\/gobierno.udd.cl\/dccs\/files\/2017\/10\/juanpablo-coudjumjan-62x62.jpg\" class=\"person-card__image wp-post-image lazyload\" alt=\"\" sizes=\"auto, (max-width: 125px) 100vw, 125px\" data-src=\"https:\/\/gobierno.udd.cl\/dccs\/files\/2017\/10\/juanpablo-coudjumjan.jpg\" data-srcset=\"https:\/\/gobierno.udd.cl\/dccs\/files\/2017\/10\/juanpablo-coudjumjan.jpg 125w, https:\/\/gobierno.udd.cl\/dccs\/files\/2017\/10\/juanpablo-coudjumjan-62x62.jpg 62w\" \/>\t\t<\/div>\n\t\t\t<div class=\"person-card__content\">\n\t\t\t<h3 class=\"person-card__name\">Juan Pablo Couyoumdjian<\/h3>\n\t\t\t\t\t<span class=\"person-card__description\">Ph.D. en Econom\u00eda, George Mason University &#8211; Profesor Claustro DCCS<\/span>\n\t\t\t\t\t<span class=\"person-card__cta\">Ver perfil<\/span>\n\t\t<\/div>\n\t<\/a>\n<\/div>\n\t\t\t\t\t<div class=\"person-card\">\n\t<a href=\"https:\/\/gobierno.udd.cl\/dccs\/persona\/jorge-fabrega-2\/\"\n\t\tclass=\"person-card__inner js-person-modal\"\n\t\tdata-post-id=\"530\"\n\t\tdata-postid=\"530\"\n\t>\n\t\t\t<div class=\"person-card__media\">\n\t\t\t<img loading=\"lazy\" decoding=\"async\" width=\"125\" height=\"125\" src=\"https:\/\/gobierno.udd.cl\/dccs\/files\/2017\/10\/persona-jorge-fabrega-62x62.jpg\" class=\"person-card__image wp-post-image lazyload\" alt=\"\" sizes=\"auto, (max-width: 125px) 100vw, 125px\" data-src=\"https:\/\/gobierno.udd.cl\/dccs\/files\/2017\/10\/persona-jorge-fabrega.jpg\" data-srcset=\"https:\/\/gobierno.udd.cl\/dccs\/files\/2017\/10\/persona-jorge-fabrega.jpg 125w, https:\/\/gobierno.udd.cl\/dccs\/files\/2017\/10\/persona-jorge-fabrega-62x62.jpg 62w\" \/>\t\t<\/div>\n\t\t\t<div class=\"person-card__content\">\n\t\t\t<h3 class=\"person-card__name\">Jorge F\u00e1brega Lacoa<\/h3>\n\t\t\t\t\t<span class=\"person-card__description\">Doctor en Pol\u00edticas P\u00fablicas, Universidad de Chicago, 2009, Estados Unidos.<\/span>\n\t\t\t\t\t<span class=\"person-card__cta\">Ver perfil<\/span>\n\t\t<\/div>\n\t<\/a>\n<\/div>\n\t\t\t\t\t<div class=\"person-card\">\n\t<a href=\"https:\/\/gobierno.udd.cl\/dccs\/persona\/carlos-rodriguez-sickert-2\/\"\n\t\tclass=\"person-card__inner js-person-modal\"\n\t\tdata-post-id=\"520\"\n\t\tdata-postid=\"520\"\n\t>\n\t\t\t<div class=\"person-card__media\">\n\t\t\t<img loading=\"lazy\" decoding=\"async\" width=\"125\" height=\"125\" src=\"https:\/\/gobierno.udd.cl\/dccs\/files\/2017\/10\/carlos-rodriguez-sickert-62x62.jpg\" class=\"person-card__image wp-post-image lazyload\" alt=\"\" sizes=\"auto, (max-width: 125px) 100vw, 125px\" data-src=\"https:\/\/gobierno.udd.cl\/dccs\/files\/2017\/10\/carlos-rodriguez-sickert.jpg\" data-srcset=\"https:\/\/gobierno.udd.cl\/dccs\/files\/2017\/10\/carlos-rodriguez-sickert.jpg 125w, https:\/\/gobierno.udd.cl\/dccs\/files\/2017\/10\/carlos-rodriguez-sickert-62x62.jpg 62w\" \/>\t\t<\/div>\n\t\t\t<div class=\"person-card__content\">\n\t\t\t<h3 class=\"person-card__name\">Carlos Rodriguez-Sickert<\/h3>\n\t\t\t\t\t<span class=\"person-card__description\">Director Centro de Investigaci\u00f3n en Complejidad (CICS)<\/span>\n\t\t\t\t\t<span class=\"person-card__cta\">Ver perfil<\/span>\n\t\t<\/div>\n\t<\/a>\n<\/div>\n\t\t\t\t<\/div>\n\t<\/div>\n<\/section>\n","protected":false},"excerpt":{"rendered":"","protected":false},"author":9192236,"featured_media":0,"parent":171,"menu_order":1,"comment_status":"closed","ping_status":"closed","template":"","meta":{"footnotes":""},"class_list":["post-3977","page","type-page","status-publish","hentry"],"yoast_head":"<!-- This site is optimized with the Yoast SEO plugin v26.9 - https:\/\/yoast.com\/product\/yoast-seo-wordpress\/ -->\n<title>Investigadores Doctorado en Ciencias de la Complejidad Social<\/title>\n<meta name=\"description\" content=\"Nuestra cuerpo acad\u00e9mico integra diversas perspectivas y herramientas psicol\u00f3gicas, econ\u00f3micas, culturales e hist\u00f3ricas.\" \/>\n<meta name=\"robots\" content=\"index, follow, max-snippet:-1, max-image-preview:large, max-video-preview:-1\" \/>\n<link rel=\"canonical\" href=\"https:\/\/gobierno.udd.cl\/dccs\/nosotros\/investigadores\/\" \/>\n<meta property=\"og:locale\" content=\"es_ES\" \/>\n<meta property=\"og:type\" content=\"article\" \/>\n<meta property=\"og:title\" content=\"Investigadores Doctorado en Ciencias de la Complejidad Social\" \/>\n<meta property=\"og:description\" content=\"Nuestra cuerpo acad\u00e9mico integra diversas perspectivas y herramientas psicol\u00f3gicas, econ\u00f3micas, culturales e hist\u00f3ricas.\" \/>\n<meta property=\"og:url\" content=\"https:\/\/gobierno.udd.cl\/dccs\/nosotros\/investigadores\/\" \/>\n<meta property=\"og:site_name\" content=\"Doctorado en Ciencias de la Complejidad Social\" \/>\n<meta property=\"article:modified_time\" content=\"2024-10-21T14:27:25+00:00\" \/>\n<meta name=\"twitter:card\" content=\"summary_large_image\" \/>\n<meta name=\"twitter:label1\" content=\"Tiempo de lectura\" \/>\n\t<meta name=\"twitter:data1\" content=\"1 minuto\" \/>\n<script type=\"application\/ld+json\" class=\"yoast-schema-graph\">{\"@context\":\"https:\/\/schema.org\",\"@graph\":[{\"@type\":\"WebPage\",\"@id\":\"https:\/\/gobierno.udd.cl\/dccs\/nosotros\/investigadores\/\",\"url\":\"https:\/\/gobierno.udd.cl\/dccs\/nosotros\/investigadores\/\",\"name\":\"Investigadores Doctorado en Ciencias de la Complejidad Social\",\"isPartOf\":{\"@id\":\"https:\/\/gobierno.udd.cl\/dccs\/#website\"},\"datePublished\":\"2022-06-29T19:49:30+00:00\",\"dateModified\":\"2024-10-21T14:27:25+00:00\",\"description\":\"Nuestra cuerpo acad\u00e9mico integra diversas perspectivas y herramientas psicol\u00f3gicas, econ\u00f3micas, culturales e hist\u00f3ricas.\",\"breadcrumb\":{\"@id\":\"https:\/\/gobierno.udd.cl\/dccs\/nosotros\/investigadores\/#breadcrumb\"},\"inLanguage\":\"es\",\"potentialAction\":[{\"@type\":\"ReadAction\",\"target\":[\"https:\/\/gobierno.udd.cl\/dccs\/nosotros\/investigadores\/\"]}]},{\"@type\":\"BreadcrumbList\",\"@id\":\"https:\/\/gobierno.udd.cl\/dccs\/nosotros\/investigadores\/#breadcrumb\",\"itemListElement\":[{\"@type\":\"ListItem\",\"position\":1,\"name\":\"Portada\",\"item\":\"https:\/\/gobierno.udd.cl\/dccs\/\"},{\"@type\":\"ListItem\",\"position\":2,\"name\":\"Nosotros\",\"item\":\"https:\/\/gobierno.udd.cl\/dccs\/nosotros\/\"},{\"@type\":\"ListItem\",\"position\":3,\"name\":\"Investigadores\"}]},{\"@type\":\"WebSite\",\"@id\":\"https:\/\/gobierno.udd.cl\/dccs\/#website\",\"url\":\"https:\/\/gobierno.udd.cl\/dccs\/\",\"name\":\"Doctorado en Ciencias de la Complejidad Social\",\"description\":\"Centro de Investigaci\u00f3n en Complejidad Social | UDD\",\"inLanguage\":\"es\"}]}<\/script>\n<!-- \/ Yoast SEO plugin. -->","yoast_head_json":{"title":"Investigadores Doctorado en Ciencias de la Complejidad Social","description":"Nuestra cuerpo acad\u00e9mico integra diversas perspectivas y herramientas psicol\u00f3gicas, econ\u00f3micas, culturales e hist\u00f3ricas.","robots":{"index":"index","follow":"follow","max-snippet":"max-snippet:-1","max-image-preview":"max-image-preview:large","max-video-preview":"max-video-preview:-1"},"canonical":"https:\/\/gobierno.udd.cl\/dccs\/nosotros\/investigadores\/","og_locale":"es_ES","og_type":"article","og_title":"Investigadores Doctorado en Ciencias de la Complejidad Social","og_description":"Nuestra cuerpo acad\u00e9mico integra diversas perspectivas y herramientas psicol\u00f3gicas, econ\u00f3micas, culturales e hist\u00f3ricas.","og_url":"https:\/\/gobierno.udd.cl\/dccs\/nosotros\/investigadores\/","og_site_name":"Doctorado en Ciencias de la Complejidad Social","article_modified_time":"2024-10-21T14:27:25+00:00","twitter_card":"summary_large_image","twitter_misc":{"Tiempo de lectura":"1 minuto"},"schema":{"@context":"https:\/\/schema.org","@graph":[{"@type":"WebPage","@id":"https:\/\/gobierno.udd.cl\/dccs\/nosotros\/investigadores\/","url":"https:\/\/gobierno.udd.cl\/dccs\/nosotros\/investigadores\/","name":"Investigadores Doctorado en Ciencias de la Complejidad Social","isPartOf":{"@id":"https:\/\/gobierno.udd.cl\/dccs\/#website"},"datePublished":"2022-06-29T19:49:30+00:00","dateModified":"2024-10-21T14:27:25+00:00","description":"Nuestra cuerpo acad\u00e9mico integra diversas perspectivas y herramientas psicol\u00f3gicas, econ\u00f3micas, culturales e hist\u00f3ricas.","breadcrumb":{"@id":"https:\/\/gobierno.udd.cl\/dccs\/nosotros\/investigadores\/#breadcrumb"},"inLanguage":"es","potentialAction":[{"@type":"ReadAction","target":["https:\/\/gobierno.udd.cl\/dccs\/nosotros\/investigadores\/"]}]},{"@type":"BreadcrumbList","@id":"https:\/\/gobierno.udd.cl\/dccs\/nosotros\/investigadores\/#breadcrumb","itemListElement":[{"@type":"ListItem","position":1,"name":"Portada","item":"https:\/\/gobierno.udd.cl\/dccs\/"},{"@type":"ListItem","position":2,"name":"Nosotros","item":"https:\/\/gobierno.udd.cl\/dccs\/nosotros\/"},{"@type":"ListItem","position":3,"name":"Investigadores"}]},{"@type":"WebSite","@id":"https:\/\/gobierno.udd.cl\/dccs\/#website","url":"https:\/\/gobierno.udd.cl\/dccs\/","name":"Doctorado en Ciencias de la Complejidad Social","description":"Centro de Investigaci\u00f3n en Complejidad Social | UDD","inLanguage":"es"}]}},"_links":{"self":[{"href":"https:\/\/gobierno.udd.cl\/dccs\/wp-json\/wp\/v2\/pages\/3977","targetHints":{"allow":["GET"]}}],"collection":[{"href":"https:\/\/gobierno.udd.cl\/dccs\/wp-json\/wp\/v2\/pages"}],"about":[{"href":"https:\/\/gobierno.udd.cl\/dccs\/wp-json\/wp\/v2\/types\/page"}],"author":[{"embeddable":true,"href":"https:\/\/gobierno.udd.cl\/dccs\/wp-json\/wp\/v2\/users\/9192236"}],"replies":[{"embeddable":true,"href":"https:\/\/gobierno.udd.cl\/dccs\/wp-json\/wp\/v2\/comments?post=3977"}],"version-history":[{"count":1,"href":"https:\/\/gobierno.udd.cl\/dccs\/wp-json\/wp\/v2\/pages\/3977\/revisions"}],"predecessor-version":[{"id":4461,"href":"https:\/\/gobierno.udd.cl\/dccs\/wp-json\/wp\/v2\/pages\/3977\/revisions\/4461"}],"up":[{"embeddable":true,"href":"https:\/\/gobierno.udd.cl\/dccs\/wp-json\/wp\/v2\/pages\/171"}],"wp:attachment":[{"href":"https:\/\/gobierno.udd.cl\/dccs\/wp-json\/wp\/v2\/media?parent=3977"}],"curies":[{"name":"wp","href":"https:\/\/api.w.org\/{rel}","templated":true}]}}