{"id":3591,"date":"2021-06-11T20:34:42","date_gmt":"2021-06-11T20:34:42","guid":{"rendered":"https:\/\/dccs.udd.cl\/?page_id=3591"},"modified":"2024-09-04T11:49:52","modified_gmt":"2024-09-04T15:49:52","slug":"proyectos","status":"publish","type":"page","link":"https:\/\/gobierno.udd.cl\/dccs\/investigacion\/proyectos\/","title":{"rendered":"Proyectos"},"content":{"rendered":"<!-- WP Block: UDD - Fullwidth Cards -->\n<section class=\"wp-block-udd-fullwidth-cards is-style-clear\">\n\t<div class=\"container\">\n\t\t<header class=\"block__header\">\n\t\t\t<h2 class=\"block__title\">proyectos<\/h2>\n\t\t\t\t\t\t<a href=\"https:\/\/gobierno.udd.cl\/dccs\/category\/proyectos-de-investigacion\/\" class=\"block__view-more\">\n\t\t\t\tVer m\u00e1s proyectos\t\t\t<\/a>\n\t\t\t\t\t<\/header>\n\t\t<div class=\"block__content\">\n\t\t\t<div class=\"fullwidth-cards\">\n\t\t\t<div class=\"fullwidth-card-wrapper is-style-clear\">\n\t<a href=\"https:\/\/gobierno.udd.cl\/dccs\/2021\/07\/12\/exploring-the-roots-of-singing-through-a-vocal-learning-paradigm-in-marine-mammals\/\" class=\"fullwidth-card fullwidth-card--linkable\">\n\t\t\t\t<img loading=\"lazy\" decoding=\"async\" width=\"500\" height=\"500\" src=\"https:\/\/gobierno.udd.cl\/dccs\/files\/2021\/07\/icon-2967797_1280-62x62.png\" class=\"fullwidth-card__image wp-post-image lazyload\" alt=\"\" sizes=\"auto, (max-width: 500px) 100vw, 500px\" data-src=\"https:\/\/gobierno.udd.cl\/dccs\/files\/2021\/07\/icon-2967797_1280-500x500.png\" data-srcset=\"https:\/\/gobierno.udd.cl\/dccs\/files\/2021\/07\/icon-2967797_1280-500x500.png 500w, https:\/\/gobierno.udd.cl\/dccs\/files\/2021\/07\/icon-2967797_1280-300x300.png 300w, https:\/\/gobierno.udd.cl\/dccs\/files\/2021\/07\/icon-2967797_1280-1024x1024.png 1024w, https:\/\/gobierno.udd.cl\/dccs\/files\/2021\/07\/icon-2967797_1280-150x150.png 150w, https:\/\/gobierno.udd.cl\/dccs\/files\/2021\/07\/icon-2967797_1280-768x768.png 768w, https:\/\/gobierno.udd.cl\/dccs\/files\/2021\/07\/icon-2967797_1280-62x62.png 62w, https:\/\/gobierno.udd.cl\/dccs\/files\/2021\/07\/icon-2967797_1280-750x750.png 750w, https:\/\/gobierno.udd.cl\/dccs\/files\/2021\/07\/icon-2967797_1280-250x250.png 250w, https:\/\/gobierno.udd.cl\/dccs\/files\/2021\/07\/icon-2967797_1280-126x126.png 126w, https:\/\/gobierno.udd.cl\/dccs\/files\/2021\/07\/icon-2967797_1280.png 1280w\" \/>\t\t\t\t<div class=\"fullwidth-card__content\">\n\t\t\t<span class=\"fullwidth-card__date\">\n\t\t\t\t12 de julio 2021\t\t\t<\/span>\n\t\t\t<h3 class=\"fullwidth-card__title\">Exploring the roots of singing through a vocal learning paradigm in marine mammals<\/h3>\n\t\t\t<span class=\"fullwidth-card__link\">\n\t\t\t\tConocer m\u00e1s\t\t\t<\/span>\n\t\t<\/div>\n\t<\/a>\n<\/div>\n<div class=\"fullwidth-card-wrapper is-style-clear\">\n\t<a href=\"https:\/\/gobierno.udd.cl\/dccs\/2021\/06\/22\/rol-del-gen-receptor-de-androgenos-para-explicar-la-autopercepcion-de-la-habilidad-de-lucha-en-hombres-jovenes-una-perspectiva-intercultural\/\" class=\"fullwidth-card fullwidth-card--linkable\">\n\t\t\t\t<img loading=\"lazy\" decoding=\"async\" width=\"500\" height=\"500\" src=\"https:\/\/gobierno.udd.cl\/dccs\/files\/2021\/06\/man-4448884_1280-62x62.jpg\" class=\"fullwidth-card__image wp-post-image lazyload\" alt=\"\" sizes=\"auto, (max-width: 500px) 100vw, 500px\" data-src=\"https:\/\/gobierno.udd.cl\/dccs\/files\/2021\/06\/man-4448884_1280-500x500.jpg\" data-srcset=\"https:\/\/gobierno.udd.cl\/dccs\/files\/2021\/06\/man-4448884_1280-500x500.jpg 500w, https:\/\/gobierno.udd.cl\/dccs\/files\/2021\/06\/man-4448884_1280-150x150.jpg 150w, https:\/\/gobierno.udd.cl\/dccs\/files\/2021\/06\/man-4448884_1280-62x62.jpg 62w, https:\/\/gobierno.udd.cl\/dccs\/files\/2021\/06\/man-4448884_1280-750x750.jpg 750w, https:\/\/gobierno.udd.cl\/dccs\/files\/2021\/06\/man-4448884_1280-250x250.jpg 250w, https:\/\/gobierno.udd.cl\/dccs\/files\/2021\/06\/man-4448884_1280-126x126.jpg 126w\" \/>\t\t\t\t<div class=\"fullwidth-card__content\">\n\t\t\t<span class=\"fullwidth-card__date\">\n\t\t\t\t22 de junio 2021\t\t\t<\/span>\n\t\t\t<h3 class=\"fullwidth-card__title\">Rol del gen receptor de andr\u00f3genos para explicar la autopercepci\u00f3n de la habilidad de lucha en hombres j\u00f3venes. Una perspectiva intercultural<\/h3>\n\t\t\t<span class=\"fullwidth-card__link\">\n\t\t\t\tConocer m\u00e1s\t\t\t<\/span>\n\t\t<\/div>\n\t<\/a>\n<\/div>\n<div class=\"fullwidth-card-wrapper is-style-clear\">\n\t<a href=\"https:\/\/gobierno.udd.cl\/dccs\/2021\/06\/22\/jealousy-as-an-adaptation-designed-to-protect-close-attachment-bonds\/\" class=\"fullwidth-card fullwidth-card--linkable\">\n\t\t\t\t<img loading=\"lazy\" decoding=\"async\" width=\"500\" height=\"500\" src=\"https:\/\/gobierno.udd.cl\/dccs\/files\/2021\/06\/eye-4421552_1280-62x62.jpg\" class=\"fullwidth-card__image wp-post-image lazyload\" alt=\"\" sizes=\"auto, (max-width: 500px) 100vw, 500px\" data-src=\"https:\/\/gobierno.udd.cl\/dccs\/files\/2021\/06\/eye-4421552_1280-500x500.jpg\" data-srcset=\"https:\/\/gobierno.udd.cl\/dccs\/files\/2021\/06\/eye-4421552_1280-500x500.jpg 500w, https:\/\/gobierno.udd.cl\/dccs\/files\/2021\/06\/eye-4421552_1280-150x150.jpg 150w, https:\/\/gobierno.udd.cl\/dccs\/files\/2021\/06\/eye-4421552_1280-62x62.jpg 62w, https:\/\/gobierno.udd.cl\/dccs\/files\/2021\/06\/eye-4421552_1280-750x750.jpg 750w, https:\/\/gobierno.udd.cl\/dccs\/files\/2021\/06\/eye-4421552_1280-250x250.jpg 250w, https:\/\/gobierno.udd.cl\/dccs\/files\/2021\/06\/eye-4421552_1280-126x126.jpg 126w\" \/>\t\t\t\t<div class=\"fullwidth-card__content\">\n\t\t\t<span class=\"fullwidth-card__date\">\n\t\t\t\t22 de junio 2021\t\t\t<\/span>\n\t\t\t<h3 class=\"fullwidth-card__title\">Jealousy as an adaptation designed to protect close attachment bonds<\/h3>\n\t\t\t<span class=\"fullwidth-card__link\">\n\t\t\t\tConocer m\u00e1s\t\t\t<\/span>\n\t\t<\/div>\n\t<\/a>\n<\/div>\n<div class=\"fullwidth-card-wrapper is-style-clear\">\n\t<a href=\"https:\/\/gobierno.udd.cl\/dccs\/2021\/06\/22\/neurobiological-mechanisms-of-value-representation-under-uncertainty\/\" class=\"fullwidth-card fullwidth-card--linkable\">\n\t\t\t\t<img loading=\"lazy\" decoding=\"async\" width=\"500\" height=\"500\" src=\"https:\/\/gobierno.udd.cl\/dccs\/files\/2021\/06\/artificial-intelligence-4550606_1280-62x62.jpg\" class=\"fullwidth-card__image wp-post-image lazyload\" alt=\"\" sizes=\"auto, (max-width: 500px) 100vw, 500px\" data-src=\"https:\/\/gobierno.udd.cl\/dccs\/files\/2021\/06\/artificial-intelligence-4550606_1280-500x500.jpg\" data-srcset=\"https:\/\/gobierno.udd.cl\/dccs\/files\/2021\/06\/artificial-intelligence-4550606_1280-500x500.jpg 500w, https:\/\/gobierno.udd.cl\/dccs\/files\/2021\/06\/artificial-intelligence-4550606_1280-150x150.jpg 150w, https:\/\/gobierno.udd.cl\/dccs\/files\/2021\/06\/artificial-intelligence-4550606_1280-62x62.jpg 62w, https:\/\/gobierno.udd.cl\/dccs\/files\/2021\/06\/artificial-intelligence-4550606_1280-250x250.jpg 250w, https:\/\/gobierno.udd.cl\/dccs\/files\/2021\/06\/artificial-intelligence-4550606_1280-126x126.jpg 126w\" \/>\t\t\t\t<div class=\"fullwidth-card__content\">\n\t\t\t<span class=\"fullwidth-card__date\">\n\t\t\t\t22 de junio 2021\t\t\t<\/span>\n\t\t\t<h3 class=\"fullwidth-card__title\">Neurobiological mechanisms of value representation under uncertainty<\/h3>\n\t\t\t<span class=\"fullwidth-card__link\">\n\t\t\t\tConocer m\u00e1s\t\t\t<\/span>\n\t\t<\/div>\n\t<\/a>\n<\/div>\n<div class=\"fullwidth-card-wrapper is-style-clear\">\n\t<a href=\"https:\/\/gobierno.udd.cl\/dccs\/2021\/06\/22\/the-role-of-social-status-to-explain-the-relationship-of-mating-strategies-and-testosterone-an-experimental-design-to-understand-causal-relationships-in-men-mating-investments\/\" class=\"fullwidth-card fullwidth-card--linkable\">\n\t\t\t\t<img loading=\"lazy\" decoding=\"async\" width=\"500\" height=\"500\" src=\"https:\/\/gobierno.udd.cl\/dccs\/files\/2021\/06\/love-2055372_1280-62x62.jpg\" class=\"fullwidth-card__image wp-post-image lazyload\" alt=\"\" sizes=\"auto, (max-width: 500px) 100vw, 500px\" data-src=\"https:\/\/gobierno.udd.cl\/dccs\/files\/2021\/06\/love-2055372_1280-500x500.jpg\" data-srcset=\"https:\/\/gobierno.udd.cl\/dccs\/files\/2021\/06\/love-2055372_1280-500x500.jpg 500w, https:\/\/gobierno.udd.cl\/dccs\/files\/2021\/06\/love-2055372_1280-150x150.jpg 150w, https:\/\/gobierno.udd.cl\/dccs\/files\/2021\/06\/love-2055372_1280-62x62.jpg 62w, https:\/\/gobierno.udd.cl\/dccs\/files\/2021\/06\/love-2055372_1280-750x750.jpg 750w, https:\/\/gobierno.udd.cl\/dccs\/files\/2021\/06\/love-2055372_1280-250x250.jpg 250w, https:\/\/gobierno.udd.cl\/dccs\/files\/2021\/06\/love-2055372_1280-126x126.jpg 126w\" \/>\t\t\t\t<div class=\"fullwidth-card__content\">\n\t\t\t<span class=\"fullwidth-card__date\">\n\t\t\t\t22 de junio 2021\t\t\t<\/span>\n\t\t\t<h3 class=\"fullwidth-card__title\">The role of social status to explain the relationship of mating strategies and testosterone. An experimental design to understand causal relationships in men mating investments<\/h3>\n\t\t\t<span class=\"fullwidth-card__link\">\n\t\t\t\tConocer m\u00e1s\t\t\t<\/span>\n\t\t<\/div>\n\t<\/a>\n<\/div>\n\t\t\t<\/div>\n\t\t<\/div>\n\t<\/div>\n<\/section>\n","protected":false},"excerpt":{"rendered":"","protected":false},"author":9192236,"featured_media":0,"parent":147,"menu_order":5,"comment_status":"closed","ping_status":"closed","template":"","meta":{"footnotes":""},"class_list":["post-3591","page","type-page","status-publish","hentry"],"yoast_head":"<!-- This site is optimized with the Yoast SEO plugin v26.9 - https:\/\/yoast.com\/product\/yoast-seo-wordpress\/ -->\n<title>Proyectos - Doctorado en Ciencias de la Complejidad Social<\/title>\n<meta name=\"robots\" content=\"index, follow, max-snippet:-1, max-image-preview:large, max-video-preview:-1\" \/>\n<link rel=\"canonical\" href=\"https:\/\/gobierno.udd.cl\/dccs\/investigacion\/proyectos\/\" \/>\n<meta property=\"og:locale\" content=\"es_ES\" \/>\n<meta property=\"og:type\" content=\"article\" \/>\n<meta property=\"og:title\" content=\"Proyectos - Doctorado en Ciencias de la Complejidad Social\" \/>\n<meta property=\"og:url\" content=\"https:\/\/gobierno.udd.cl\/dccs\/investigacion\/proyectos\/\" \/>\n<meta property=\"og:site_name\" content=\"Doctorado en Ciencias de la Complejidad Social\" \/>\n<meta property=\"article:modified_time\" content=\"2024-09-04T15:49:52+00:00\" \/>\n<meta name=\"twitter:card\" content=\"summary_large_image\" \/>\n<script type=\"application\/ld+json\" class=\"yoast-schema-graph\">{\"@context\":\"https:\/\/schema.org\",\"@graph\":[{\"@type\":\"WebPage\",\"@id\":\"https:\/\/gobierno.udd.cl\/dccs\/investigacion\/proyectos\/\",\"url\":\"https:\/\/gobierno.udd.cl\/dccs\/investigacion\/proyectos\/\",\"name\":\"Proyectos - Doctorado en Ciencias de la Complejidad Social\",\"isPartOf\":{\"@id\":\"https:\/\/gobierno.udd.cl\/dccs\/#website\"},\"datePublished\":\"2021-06-11T20:34:42+00:00\",\"dateModified\":\"2024-09-04T15:49:52+00:00\",\"breadcrumb\":{\"@id\":\"https:\/\/gobierno.udd.cl\/dccs\/investigacion\/proyectos\/#breadcrumb\"},\"inLanguage\":\"es\",\"potentialAction\":[{\"@type\":\"ReadAction\",\"target\":[\"https:\/\/gobierno.udd.cl\/dccs\/investigacion\/proyectos\/\"]}]},{\"@type\":\"BreadcrumbList\",\"@id\":\"https:\/\/gobierno.udd.cl\/dccs\/investigacion\/proyectos\/#breadcrumb\",\"itemListElement\":[{\"@type\":\"ListItem\",\"position\":1,\"name\":\"Portada\",\"item\":\"https:\/\/gobierno.udd.cl\/dccs\/\"},{\"@type\":\"ListItem\",\"position\":2,\"name\":\"Investigaci\u00f3n\",\"item\":\"https:\/\/gobierno.udd.cl\/dccs\/investigacion\/\"},{\"@type\":\"ListItem\",\"position\":3,\"name\":\"Proyectos\"}]},{\"@type\":\"WebSite\",\"@id\":\"https:\/\/gobierno.udd.cl\/dccs\/#website\",\"url\":\"https:\/\/gobierno.udd.cl\/dccs\/\",\"name\":\"Doctorado en Ciencias de la Complejidad Social\",\"description\":\"Centro de Investigaci\u00f3n en Complejidad Social | UDD\",\"inLanguage\":\"es\"}]}<\/script>\n<!-- \/ Yoast SEO plugin. -->","yoast_head_json":{"title":"Proyectos - Doctorado en Ciencias de la Complejidad Social","robots":{"index":"index","follow":"follow","max-snippet":"max-snippet:-1","max-image-preview":"max-image-preview:large","max-video-preview":"max-video-preview:-1"},"canonical":"https:\/\/gobierno.udd.cl\/dccs\/investigacion\/proyectos\/","og_locale":"es_ES","og_type":"article","og_title":"Proyectos - Doctorado en Ciencias de la Complejidad Social","og_url":"https:\/\/gobierno.udd.cl\/dccs\/investigacion\/proyectos\/","og_site_name":"Doctorado en Ciencias de la Complejidad Social","article_modified_time":"2024-09-04T15:49:52+00:00","twitter_card":"summary_large_image","schema":{"@context":"https:\/\/schema.org","@graph":[{"@type":"WebPage","@id":"https:\/\/gobierno.udd.cl\/dccs\/investigacion\/proyectos\/","url":"https:\/\/gobierno.udd.cl\/dccs\/investigacion\/proyectos\/","name":"Proyectos - Doctorado en Ciencias de la Complejidad Social","isPartOf":{"@id":"https:\/\/gobierno.udd.cl\/dccs\/#website"},"datePublished":"2021-06-11T20:34:42+00:00","dateModified":"2024-09-04T15:49:52+00:00","breadcrumb":{"@id":"https:\/\/gobierno.udd.cl\/dccs\/investigacion\/proyectos\/#breadcrumb"},"inLanguage":"es","potentialAction":[{"@type":"ReadAction","target":["https:\/\/gobierno.udd.cl\/dccs\/investigacion\/proyectos\/"]}]},{"@type":"BreadcrumbList","@id":"https:\/\/gobierno.udd.cl\/dccs\/investigacion\/proyectos\/#breadcrumb","itemListElement":[{"@type":"ListItem","position":1,"name":"Portada","item":"https:\/\/gobierno.udd.cl\/dccs\/"},{"@type":"ListItem","position":2,"name":"Investigaci\u00f3n","item":"https:\/\/gobierno.udd.cl\/dccs\/investigacion\/"},{"@type":"ListItem","position":3,"name":"Proyectos"}]},{"@type":"WebSite","@id":"https:\/\/gobierno.udd.cl\/dccs\/#website","url":"https:\/\/gobierno.udd.cl\/dccs\/","name":"Doctorado en Ciencias de la Complejidad Social","description":"Centro de Investigaci\u00f3n en Complejidad Social | UDD","inLanguage":"es"}]}},"_links":{"self":[{"href":"https:\/\/gobierno.udd.cl\/dccs\/wp-json\/wp\/v2\/pages\/3591","targetHints":{"allow":["GET"]}}],"collection":[{"href":"https:\/\/gobierno.udd.cl\/dccs\/wp-json\/wp\/v2\/pages"}],"about":[{"href":"https:\/\/gobierno.udd.cl\/dccs\/wp-json\/wp\/v2\/types\/page"}],"author":[{"embeddable":true,"href":"https:\/\/gobierno.udd.cl\/dccs\/wp-json\/wp\/v2\/users\/9192236"}],"replies":[{"embeddable":true,"href":"https:\/\/gobierno.udd.cl\/dccs\/wp-json\/wp\/v2\/comments?post=3591"}],"version-history":[{"count":7,"href":"https:\/\/gobierno.udd.cl\/dccs\/wp-json\/wp\/v2\/pages\/3591\/revisions"}],"predecessor-version":[{"id":4481,"href":"https:\/\/gobierno.udd.cl\/dccs\/wp-json\/wp\/v2\/pages\/3591\/revisions\/4481"}],"up":[{"embeddable":true,"href":"https:\/\/gobierno.udd.cl\/dccs\/wp-json\/wp\/v2\/pages\/147"}],"wp:attachment":[{"href":"https:\/\/gobierno.udd.cl\/dccs\/wp-json\/wp\/v2\/media?parent=3591"}],"curies":[{"name":"wp","href":"https:\/\/api.w.org\/{rel}","templated":true}]}}