{"id":151,"date":"2017-10-26T17:11:52","date_gmt":"2017-10-26T17:11:52","guid":{"rendered":"http:\/\/gobierno.udd.cl\/doctorado\/?page_id=151"},"modified":"2024-09-04T11:50:50","modified_gmt":"2024-09-04T15:50:50","slug":"pasantias","status":"publish","type":"page","link":"https:\/\/gobierno.udd.cl\/dccs\/investigacion\/pasantias\/","title":{"rendered":"Pasant\u00edas"},"content":{"rendered":"\n<p>En relaci\u00f3n con la red internacional del programa, el DCCS cuenta con una red de colaboradores en diversas universidades y centros de estudios nacionales e internacionales. Entre ellos se encuentran:\u00a0<strong>Santa Fe Institute<\/strong>,\u00a0<strong>MIT Media Lab<\/strong>,\u00a0<strong>University of California<\/strong>,\u00a0<strong>Center of Evolutionary Psychology<\/strong>,\u00a0<strong>Santa B\u00e1rbara<\/strong>\u00a0(UCSB),\u00a0<strong>Universidad de los Andes<\/strong>, Bogot\u00e1,\u00a0<strong>Princeton University<\/strong>,\u00a0<strong>Universidad Diego Portales<\/strong>\u00a0(UDP),\u00a0<strong>Pontificia Universidad Cat\u00f3lica<\/strong>\u00a0(PUC), el\u00a0<strong>Laboratorio de Relaciones Interpersonales<\/strong>\u00a0(LERI) de la\u00a0<strong>Universidad de Santiago<\/strong>\u00a0(USACH) y El\u00a0<strong>Centre for Experimental Social Sciences<\/strong>\u00a0(CESS) tambi\u00e9n de la USACH y en asociaci\u00f3n con la University of Oxford, el\u00a0<strong>Laboratorio de Gen\u00e9tica de la Universidad Aut\u00f3noma de Madrid<\/strong>, etc. Los\/las estudiantes cuentan con la oportunidad de viajar al extranjero para desarrollar pasant\u00edas de investigaci\u00f3n y complementar su formaci\u00f3n, como tambi\u00e9n para presentar sus proyectos en las conferencias internacionales m\u00e1s prestigiosas dentro de las \u00e1reas de investigaci\u00f3n del centro y el DCCS.<\/p>\n\n\n\n<figure data-wp-context=\"{&quot;imageId&quot;:&quot;69e8cf5ee6508&quot;}\" data-wp-interactive=\"core\/image\" data-wp-key=\"69e8cf5ee6508\" class=\"wp-block-image size-large wp-lightbox-container\"><img loading=\"lazy\" decoding=\"async\" width=\"1024\" height=\"576\" data-wp-class--hide=\"state.isContentHidden\" data-wp-class--show=\"state.isContentVisible\" data-wp-init=\"callbacks.setButtonStyles\" data-wp-on--click=\"actions.showLightbox\" data-wp-on--load=\"callbacks.setButtonStyles\" data-wp-on-window--resize=\"callbacks.setButtonStyles\" src=\"https:\/\/gobierno.udd.cl\/doctorado\/files\/2024\/09\/image-1024x576.png\" alt=\"\" class=\"wp-image-4482\" srcset=\"https:\/\/gobierno.udd.cl\/dccs\/files\/2024\/09\/image-1024x576.png 1024w, https:\/\/gobierno.udd.cl\/dccs\/files\/2024\/09\/image-300x169.png 300w, https:\/\/gobierno.udd.cl\/dccs\/files\/2024\/09\/image-768x432.png 768w, https:\/\/gobierno.udd.cl\/dccs\/files\/2024\/09\/image-1366x768.png 1366w, https:\/\/gobierno.udd.cl\/dccs\/files\/2024\/09\/image-680x382.png 680w, https:\/\/gobierno.udd.cl\/dccs\/files\/2024\/09\/image.png 1536w\" sizes=\"auto, (max-width: 1024px) 100vw, 1024px\" \/><button\n\t\t\tclass=\"lightbox-trigger\"\n\t\t\ttype=\"button\"\n\t\t\taria-haspopup=\"dialog\"\n\t\t\taria-label=\"Agrandar\"\n\t\t\tdata-wp-init=\"callbacks.initTriggerButton\"\n\t\t\tdata-wp-on--click=\"actions.showLightbox\"\n\t\t\tdata-wp-style--right=\"state.imageButtonRight\"\n\t\t\tdata-wp-style--top=\"state.imageButtonTop\"\n\t\t>\n\t\t\t<svg xmlns=\"http:\/\/www.w3.org\/2000\/svg\" width=\"12\" height=\"12\" fill=\"none\" viewBox=\"0 0 12 12\">\n\t\t\t\t<path fill=\"#fff\" d=\"M2 0a2 2 0 0 0-2 2v2h1.5V2a.5.5 0 0 1 .5-.5h2V0H2Zm2 10.5H2a.5.5 0 0 1-.5-.5V8H0v2a2 2 0 0 0 2 2h2v-1.5ZM8 12v-1.5h2a.5.5 0 0 0 .5-.5V8H12v2a2 2 0 0 1-2 2H8Zm2-12a2 2 0 0 1 2 2v2h-1.5V2a.5.5 0 0 0-.5-.5H8V0h2Z\" \/>\n\t\t\t<\/svg>\n\t\t<\/button><\/figure>\n","protected":false},"excerpt":{"rendered":"<p>En relaci\u00f3n con la red internacional del programa, el DCCS cuenta con una red de colaboradores en diversas universidades y centros de estudios nacionales e internacionales. Entre ellos se encuentran:\u00a0Santa Fe Institute,\u00a0MIT Media Lab,\u00a0University of California,\u00a0Center of Evolutionary Psychology,\u00a0Santa B\u00e1rbara\u00a0(UCSB),\u00a0Universidad de los Andes, Bogot\u00e1,\u00a0Princeton University,\u00a0Universidad Diego Portales\u00a0(UDP),\u00a0Pontificia Universidad Cat\u00f3lica\u00a0(PUC), el\u00a0Laboratorio de Relaciones Interpersonales\u00a0(LERI) de la\u00a0Universidad [&hellip;]<\/p>\n","protected":false},"author":9192236,"featured_media":0,"parent":147,"menu_order":3,"comment_status":"closed","ping_status":"closed","template":"","meta":{"footnotes":""},"class_list":["post-151","page","type-page","status-publish","hentry"],"yoast_head":"<!-- This site is optimized with the Yoast SEO plugin v26.9 - https:\/\/yoast.com\/product\/yoast-seo-wordpress\/ -->\n<title>Pasant\u00edas - Doctorado en Ciencias de la Complejidad Social<\/title>\n<meta name=\"robots\" content=\"index, follow, max-snippet:-1, max-image-preview:large, max-video-preview:-1\" \/>\n<link rel=\"canonical\" href=\"https:\/\/gobierno.udd.cl\/dccs\/investigacion\/pasantias\/\" \/>\n<meta property=\"og:locale\" content=\"es_ES\" \/>\n<meta property=\"og:type\" content=\"article\" \/>\n<meta property=\"og:title\" content=\"Pasant\u00edas - Doctorado en Ciencias de la Complejidad Social\" \/>\n<meta property=\"og:description\" content=\"En relaci\u00f3n con la red internacional del programa, el DCCS cuenta con una red de colaboradores en diversas universidades y centros de estudios nacionales e internacionales. Entre ellos se encuentran:\u00a0Santa Fe Institute,\u00a0MIT Media Lab,\u00a0University of California,\u00a0Center of Evolutionary Psychology,\u00a0Santa B\u00e1rbara\u00a0(UCSB),\u00a0Universidad de los Andes, Bogot\u00e1,\u00a0Princeton University,\u00a0Universidad Diego Portales\u00a0(UDP),\u00a0Pontificia Universidad Cat\u00f3lica\u00a0(PUC), el\u00a0Laboratorio de Relaciones Interpersonales\u00a0(LERI) de la\u00a0Universidad [&hellip;]\" \/>\n<meta property=\"og:url\" content=\"https:\/\/gobierno.udd.cl\/dccs\/investigacion\/pasantias\/\" \/>\n<meta property=\"og:site_name\" content=\"Doctorado en Ciencias de la Complejidad Social\" \/>\n<meta property=\"article:modified_time\" content=\"2024-09-04T15:50:50+00:00\" \/>\n<meta property=\"og:image\" content=\"https:\/\/gobierno.udd.cl\/doctorado\/files\/2024\/09\/image-1024x576.png\" \/>\n<meta name=\"twitter:card\" content=\"summary_large_image\" \/>\n<meta name=\"twitter:label1\" content=\"Tiempo de lectura\" \/>\n\t<meta name=\"twitter:data1\" content=\"1 minuto\" \/>\n<script type=\"application\/ld+json\" class=\"yoast-schema-graph\">{\"@context\":\"https:\/\/schema.org\",\"@graph\":[{\"@type\":\"WebPage\",\"@id\":\"https:\/\/gobierno.udd.cl\/dccs\/investigacion\/pasantias\/\",\"url\":\"https:\/\/gobierno.udd.cl\/dccs\/investigacion\/pasantias\/\",\"name\":\"Pasant\u00edas - Doctorado en Ciencias de la Complejidad Social\",\"isPartOf\":{\"@id\":\"https:\/\/gobierno.udd.cl\/dccs\/#website\"},\"primaryImageOfPage\":{\"@id\":\"https:\/\/gobierno.udd.cl\/dccs\/investigacion\/pasantias\/#primaryimage\"},\"image\":{\"@id\":\"https:\/\/gobierno.udd.cl\/dccs\/investigacion\/pasantias\/#primaryimage\"},\"thumbnailUrl\":\"https:\/\/gobierno.udd.cl\/doctorado\/files\/2024\/09\/image-1024x576.png\",\"datePublished\":\"2017-10-26T17:11:52+00:00\",\"dateModified\":\"2024-09-04T15:50:50+00:00\",\"breadcrumb\":{\"@id\":\"https:\/\/gobierno.udd.cl\/dccs\/investigacion\/pasantias\/#breadcrumb\"},\"inLanguage\":\"es\",\"potentialAction\":[{\"@type\":\"ReadAction\",\"target\":[\"https:\/\/gobierno.udd.cl\/dccs\/investigacion\/pasantias\/\"]}]},{\"@type\":\"ImageObject\",\"inLanguage\":\"es\",\"@id\":\"https:\/\/gobierno.udd.cl\/dccs\/investigacion\/pasantias\/#primaryimage\",\"url\":\"https:\/\/gobierno.udd.cl\/doctorado\/files\/2024\/09\/image-1024x576.png\",\"contentUrl\":\"https:\/\/gobierno.udd.cl\/doctorado\/files\/2024\/09\/image-1024x576.png\"},{\"@type\":\"BreadcrumbList\",\"@id\":\"https:\/\/gobierno.udd.cl\/dccs\/investigacion\/pasantias\/#breadcrumb\",\"itemListElement\":[{\"@type\":\"ListItem\",\"position\":1,\"name\":\"Portada\",\"item\":\"https:\/\/gobierno.udd.cl\/dccs\/\"},{\"@type\":\"ListItem\",\"position\":2,\"name\":\"Investigaci\u00f3n\",\"item\":\"https:\/\/gobierno.udd.cl\/dccs\/investigacion\/\"},{\"@type\":\"ListItem\",\"position\":3,\"name\":\"Pasant\u00edas\"}]},{\"@type\":\"WebSite\",\"@id\":\"https:\/\/gobierno.udd.cl\/dccs\/#website\",\"url\":\"https:\/\/gobierno.udd.cl\/dccs\/\",\"name\":\"Doctorado en Ciencias de la Complejidad Social\",\"description\":\"Centro de Investigaci\u00f3n en Complejidad Social | UDD\",\"inLanguage\":\"es\"}]}<\/script>\n<!-- \/ Yoast SEO plugin. -->","yoast_head_json":{"title":"Pasant\u00edas - Doctorado en Ciencias de la Complejidad Social","robots":{"index":"index","follow":"follow","max-snippet":"max-snippet:-1","max-image-preview":"max-image-preview:large","max-video-preview":"max-video-preview:-1"},"canonical":"https:\/\/gobierno.udd.cl\/dccs\/investigacion\/pasantias\/","og_locale":"es_ES","og_type":"article","og_title":"Pasant\u00edas - Doctorado en Ciencias de la Complejidad Social","og_description":"En relaci\u00f3n con la red internacional del programa, el DCCS cuenta con una red de colaboradores en diversas universidades y centros de estudios nacionales e internacionales. Entre ellos se encuentran:\u00a0Santa Fe Institute,\u00a0MIT Media Lab,\u00a0University of California,\u00a0Center of Evolutionary Psychology,\u00a0Santa B\u00e1rbara\u00a0(UCSB),\u00a0Universidad de los Andes, Bogot\u00e1,\u00a0Princeton University,\u00a0Universidad Diego Portales\u00a0(UDP),\u00a0Pontificia Universidad Cat\u00f3lica\u00a0(PUC), el\u00a0Laboratorio de Relaciones Interpersonales\u00a0(LERI) de la\u00a0Universidad [&hellip;]","og_url":"https:\/\/gobierno.udd.cl\/dccs\/investigacion\/pasantias\/","og_site_name":"Doctorado en Ciencias de la Complejidad Social","article_modified_time":"2024-09-04T15:50:50+00:00","og_image":[{"url":"https:\/\/gobierno.udd.cl\/doctorado\/files\/2024\/09\/image-1024x576.png","type":"","width":"","height":""}],"twitter_card":"summary_large_image","twitter_misc":{"Tiempo de lectura":"1 minuto"},"schema":{"@context":"https:\/\/schema.org","@graph":[{"@type":"WebPage","@id":"https:\/\/gobierno.udd.cl\/dccs\/investigacion\/pasantias\/","url":"https:\/\/gobierno.udd.cl\/dccs\/investigacion\/pasantias\/","name":"Pasant\u00edas - Doctorado en Ciencias de la Complejidad Social","isPartOf":{"@id":"https:\/\/gobierno.udd.cl\/dccs\/#website"},"primaryImageOfPage":{"@id":"https:\/\/gobierno.udd.cl\/dccs\/investigacion\/pasantias\/#primaryimage"},"image":{"@id":"https:\/\/gobierno.udd.cl\/dccs\/investigacion\/pasantias\/#primaryimage"},"thumbnailUrl":"https:\/\/gobierno.udd.cl\/doctorado\/files\/2024\/09\/image-1024x576.png","datePublished":"2017-10-26T17:11:52+00:00","dateModified":"2024-09-04T15:50:50+00:00","breadcrumb":{"@id":"https:\/\/gobierno.udd.cl\/dccs\/investigacion\/pasantias\/#breadcrumb"},"inLanguage":"es","potentialAction":[{"@type":"ReadAction","target":["https:\/\/gobierno.udd.cl\/dccs\/investigacion\/pasantias\/"]}]},{"@type":"ImageObject","inLanguage":"es","@id":"https:\/\/gobierno.udd.cl\/dccs\/investigacion\/pasantias\/#primaryimage","url":"https:\/\/gobierno.udd.cl\/doctorado\/files\/2024\/09\/image-1024x576.png","contentUrl":"https:\/\/gobierno.udd.cl\/doctorado\/files\/2024\/09\/image-1024x576.png"},{"@type":"BreadcrumbList","@id":"https:\/\/gobierno.udd.cl\/dccs\/investigacion\/pasantias\/#breadcrumb","itemListElement":[{"@type":"ListItem","position":1,"name":"Portada","item":"https:\/\/gobierno.udd.cl\/dccs\/"},{"@type":"ListItem","position":2,"name":"Investigaci\u00f3n","item":"https:\/\/gobierno.udd.cl\/dccs\/investigacion\/"},{"@type":"ListItem","position":3,"name":"Pasant\u00edas"}]},{"@type":"WebSite","@id":"https:\/\/gobierno.udd.cl\/dccs\/#website","url":"https:\/\/gobierno.udd.cl\/dccs\/","name":"Doctorado en Ciencias de la Complejidad Social","description":"Centro de Investigaci\u00f3n en Complejidad Social | UDD","inLanguage":"es"}]}},"_links":{"self":[{"href":"https:\/\/gobierno.udd.cl\/dccs\/wp-json\/wp\/v2\/pages\/151","targetHints":{"allow":["GET"]}}],"collection":[{"href":"https:\/\/gobierno.udd.cl\/dccs\/wp-json\/wp\/v2\/pages"}],"about":[{"href":"https:\/\/gobierno.udd.cl\/dccs\/wp-json\/wp\/v2\/types\/page"}],"author":[{"embeddable":true,"href":"https:\/\/gobierno.udd.cl\/dccs\/wp-json\/wp\/v2\/users\/9192236"}],"replies":[{"embeddable":true,"href":"https:\/\/gobierno.udd.cl\/dccs\/wp-json\/wp\/v2\/comments?post=151"}],"version-history":[{"count":1,"href":"https:\/\/gobierno.udd.cl\/dccs\/wp-json\/wp\/v2\/pages\/151\/revisions"}],"predecessor-version":[{"id":4483,"href":"https:\/\/gobierno.udd.cl\/dccs\/wp-json\/wp\/v2\/pages\/151\/revisions\/4483"}],"up":[{"embeddable":true,"href":"https:\/\/gobierno.udd.cl\/dccs\/wp-json\/wp\/v2\/pages\/147"}],"wp:attachment":[{"href":"https:\/\/gobierno.udd.cl\/dccs\/wp-json\/wp\/v2\/media?parent=151"}],"curies":[{"name":"wp","href":"https:\/\/api.w.org\/{rel}","templated":true}]}}