{"id":149,"date":"2017-10-26T17:10:38","date_gmt":"2017-10-26T17:10:38","guid":{"rendered":"http:\/\/gobierno.udd.cl\/doctorado\/?page_id=149"},"modified":"2017-10-26T17:10:38","modified_gmt":"2017-10-26T17:10:38","slug":"antecedentes","status":"publish","type":"page","link":"https:\/\/gobierno.udd.cl\/dccs\/investigacion\/antecedentes\/","title":{"rendered":"Antecedentes"},"content":{"rendered":"<p>La filosof\u00eda de nuestro programa de doctorado es formar investigadores haciendo investigaci\u00f3n. Con este prop\u00f3sito, el doctorando se integrar\u00e1 lo antes posible al equipo de investigaci\u00f3n de su gu\u00eda de tesis. En este aspecto, el doctorado en ciencias de la complejidad social se asemeja los doctorados de ciencias naturales, en los cuales el doctorando se incorpora a un equipo de trabajo dentro de un laboratorio. El principio que hay detr\u00e1s de esta forma de ense\u00f1ar es que la investigaci\u00f3n cient\u00edfica es un oficio que s\u00f3lo puede aprenderse mediante la participaci\u00f3n activa en equipos de investigaci\u00f3n colaborativos con l\u00edneas de investigaci\u00f3n consolidadas.<\/p>\n<p>La l\u00ednea de cursos est\u00e1 dise\u00f1ada para que los doctorandos adquieran r\u00e1pidamente un set de herramientas anal\u00edticas que les permita participar activamente en alg\u00fan proyecto de investigaci\u00f3n de la red de investigaci\u00f3n asociada al programa. Al doctorando se le ofrecer\u00e1 coautor\u00eda en los art\u00edculos que resulten de los proyectos en los que participe. Como resultado de su pasada por los proyectos de investigaci\u00f3n, la transici\u00f3n del doctorando a su investigaci\u00f3n personal ser\u00e1 suave. Se espera que la experiencia adquirida le permita terminar su tesis doctoral de manera exitosa y oportuna, siempre bajo la supervisi\u00f3n cercana de su profesor gu\u00eda y con el apoyo de la unidad de investigaci\u00f3n a la que se afilie el doctorando. Se espera que el alumno produzca 3 art\u00edculos ISI -al menos uno de ellos debe ser como primer autor. Se espera asimismo que los alumnos participen de instancias de transferencia de la investigaci\u00f3n a \u00e1mbitos de desarrollo social o productivo de nuestro pa\u00eds. Las principales \u00e1reas de transferencia est\u00e1n asociadas a pol\u00edticas de gesti\u00f3n de recursos comunes y\/o bienes p\u00fablicos.<\/p>\n","protected":false},"excerpt":{"rendered":"<p>La filosof\u00eda de nuestro programa de doctorado es formar investigadores haciendo investigaci\u00f3n. Con este prop\u00f3sito, el doctorando se integrar\u00e1 lo antes posible al equipo de investigaci\u00f3n de su gu\u00eda de tesis. En este aspecto, el doctorado en ciencias de la complejidad social se asemeja los doctorados de ciencias naturales, en los cuales el doctorando se [&hellip;]<\/p>\n","protected":false},"author":0,"featured_media":0,"parent":147,"menu_order":2,"comment_status":"closed","ping_status":"closed","template":"template-children-tabs.php","meta":{"footnotes":""},"class_list":["post-149","page","type-page","status-publish","hentry"],"yoast_head":"<!-- This site is optimized with the Yoast SEO plugin v26.9 - https:\/\/yoast.com\/product\/yoast-seo-wordpress\/ -->\n<title>Antecedentes - Doctorado en Ciencias de la Complejidad Social<\/title>\n<meta name=\"robots\" content=\"index, follow, max-snippet:-1, max-image-preview:large, max-video-preview:-1\" \/>\n<link rel=\"canonical\" href=\"https:\/\/gobierno.udd.cl\/dccs\/investigacion\/antecedentes\/\" \/>\n<meta property=\"og:locale\" content=\"es_ES\" \/>\n<meta property=\"og:type\" content=\"article\" \/>\n<meta property=\"og:title\" content=\"Antecedentes - Doctorado en Ciencias de la Complejidad Social\" \/>\n<meta property=\"og:description\" content=\"La filosof\u00eda de nuestro programa de doctorado es formar investigadores haciendo investigaci\u00f3n. Con este prop\u00f3sito, el doctorando se integrar\u00e1 lo antes posible al equipo de investigaci\u00f3n de su gu\u00eda de tesis. En este aspecto, el doctorado en ciencias de la complejidad social se asemeja los doctorados de ciencias naturales, en los cuales el doctorando se [&hellip;]\" \/>\n<meta property=\"og:url\" content=\"https:\/\/gobierno.udd.cl\/dccs\/investigacion\/antecedentes\/\" \/>\n<meta property=\"og:site_name\" content=\"Doctorado en Ciencias de la Complejidad Social\" \/>\n<meta name=\"twitter:card\" content=\"summary_large_image\" \/>\n<meta name=\"twitter:label1\" content=\"Tiempo de lectura\" \/>\n\t<meta name=\"twitter:data1\" content=\"2 minutos\" \/>\n<script type=\"application\/ld+json\" class=\"yoast-schema-graph\">{\"@context\":\"https:\/\/schema.org\",\"@graph\":[{\"@type\":\"WebPage\",\"@id\":\"https:\/\/gobierno.udd.cl\/dccs\/investigacion\/antecedentes\/\",\"url\":\"https:\/\/gobierno.udd.cl\/dccs\/investigacion\/antecedentes\/\",\"name\":\"Antecedentes - Doctorado en Ciencias de la Complejidad Social\",\"isPartOf\":{\"@id\":\"https:\/\/gobierno.udd.cl\/dccs\/#website\"},\"datePublished\":\"2017-10-26T17:10:38+00:00\",\"breadcrumb\":{\"@id\":\"https:\/\/gobierno.udd.cl\/dccs\/investigacion\/antecedentes\/#breadcrumb\"},\"inLanguage\":\"es\",\"potentialAction\":[{\"@type\":\"ReadAction\",\"target\":[\"https:\/\/gobierno.udd.cl\/dccs\/investigacion\/antecedentes\/\"]}]},{\"@type\":\"BreadcrumbList\",\"@id\":\"https:\/\/gobierno.udd.cl\/dccs\/investigacion\/antecedentes\/#breadcrumb\",\"itemListElement\":[{\"@type\":\"ListItem\",\"position\":1,\"name\":\"Portada\",\"item\":\"https:\/\/gobierno.udd.cl\/dccs\/\"},{\"@type\":\"ListItem\",\"position\":2,\"name\":\"Investigaci\u00f3n\",\"item\":\"https:\/\/gobierno.udd.cl\/dccs\/investigacion\/\"},{\"@type\":\"ListItem\",\"position\":3,\"name\":\"Antecedentes\"}]},{\"@type\":\"WebSite\",\"@id\":\"https:\/\/gobierno.udd.cl\/dccs\/#website\",\"url\":\"https:\/\/gobierno.udd.cl\/dccs\/\",\"name\":\"Doctorado en Ciencias de la Complejidad Social\",\"description\":\"Centro de Investigaci\u00f3n en Complejidad Social | UDD\",\"inLanguage\":\"es\"}]}<\/script>\n<!-- \/ Yoast SEO plugin. -->","yoast_head_json":{"title":"Antecedentes - Doctorado en Ciencias de la Complejidad Social","robots":{"index":"index","follow":"follow","max-snippet":"max-snippet:-1","max-image-preview":"max-image-preview:large","max-video-preview":"max-video-preview:-1"},"canonical":"https:\/\/gobierno.udd.cl\/dccs\/investigacion\/antecedentes\/","og_locale":"es_ES","og_type":"article","og_title":"Antecedentes - Doctorado en Ciencias de la Complejidad Social","og_description":"La filosof\u00eda de nuestro programa de doctorado es formar investigadores haciendo investigaci\u00f3n. Con este prop\u00f3sito, el doctorando se integrar\u00e1 lo antes posible al equipo de investigaci\u00f3n de su gu\u00eda de tesis. En este aspecto, el doctorado en ciencias de la complejidad social se asemeja los doctorados de ciencias naturales, en los cuales el doctorando se [&hellip;]","og_url":"https:\/\/gobierno.udd.cl\/dccs\/investigacion\/antecedentes\/","og_site_name":"Doctorado en Ciencias de la Complejidad Social","twitter_card":"summary_large_image","twitter_misc":{"Tiempo de lectura":"2 minutos"},"schema":{"@context":"https:\/\/schema.org","@graph":[{"@type":"WebPage","@id":"https:\/\/gobierno.udd.cl\/dccs\/investigacion\/antecedentes\/","url":"https:\/\/gobierno.udd.cl\/dccs\/investigacion\/antecedentes\/","name":"Antecedentes - Doctorado en Ciencias de la Complejidad Social","isPartOf":{"@id":"https:\/\/gobierno.udd.cl\/dccs\/#website"},"datePublished":"2017-10-26T17:10:38+00:00","breadcrumb":{"@id":"https:\/\/gobierno.udd.cl\/dccs\/investigacion\/antecedentes\/#breadcrumb"},"inLanguage":"es","potentialAction":[{"@type":"ReadAction","target":["https:\/\/gobierno.udd.cl\/dccs\/investigacion\/antecedentes\/"]}]},{"@type":"BreadcrumbList","@id":"https:\/\/gobierno.udd.cl\/dccs\/investigacion\/antecedentes\/#breadcrumb","itemListElement":[{"@type":"ListItem","position":1,"name":"Portada","item":"https:\/\/gobierno.udd.cl\/dccs\/"},{"@type":"ListItem","position":2,"name":"Investigaci\u00f3n","item":"https:\/\/gobierno.udd.cl\/dccs\/investigacion\/"},{"@type":"ListItem","position":3,"name":"Antecedentes"}]},{"@type":"WebSite","@id":"https:\/\/gobierno.udd.cl\/dccs\/#website","url":"https:\/\/gobierno.udd.cl\/dccs\/","name":"Doctorado en Ciencias de la Complejidad Social","description":"Centro de Investigaci\u00f3n en Complejidad Social | UDD","inLanguage":"es"}]}},"_links":{"self":[{"href":"https:\/\/gobierno.udd.cl\/dccs\/wp-json\/wp\/v2\/pages\/149","targetHints":{"allow":["GET"]}}],"collection":[{"href":"https:\/\/gobierno.udd.cl\/dccs\/wp-json\/wp\/v2\/pages"}],"about":[{"href":"https:\/\/gobierno.udd.cl\/dccs\/wp-json\/wp\/v2\/types\/page"}],"replies":[{"embeddable":true,"href":"https:\/\/gobierno.udd.cl\/dccs\/wp-json\/wp\/v2\/comments?post=149"}],"version-history":[{"count":0,"href":"https:\/\/gobierno.udd.cl\/dccs\/wp-json\/wp\/v2\/pages\/149\/revisions"}],"up":[{"embeddable":true,"href":"https:\/\/gobierno.udd.cl\/dccs\/wp-json\/wp\/v2\/pages\/147"}],"wp:attachment":[{"href":"https:\/\/gobierno.udd.cl\/dccs\/wp-json\/wp\/v2\/media?parent=149"}],"curies":[{"name":"wp","href":"https:\/\/api.w.org\/{rel}","templated":true}]}}