{"id":139,"date":"2017-10-26T17:05:27","date_gmt":"2017-10-26T17:05:27","guid":{"rendered":"http:\/\/gobierno.udd.cl\/doctorado\/?page_id=139"},"modified":"2017-10-26T17:05:27","modified_gmt":"2017-10-26T17:05:27","slug":"investigacion","status":"publish","type":"page","link":"https:\/\/gobierno.udd.cl\/dccs\/presentacion\/investigacion\/","title":{"rendered":"Perfil de Egreso"},"content":{"rendered":"<p>El doctorado en Ciencias de la Complejidad Social tiene como prop\u00f3sito preparar estudiantes para posiciones de investigaci\u00f3n acad\u00e9mica y de investigaci\u00f3n aplicada, as\u00ed como docencia, <strong>insert\u00e1ndose en el mundo laboral desde la convergencia interdisciplinaria<\/strong> en torno al paradigma de las ciencias de la complejidad. Es decir, el estudio de sistemas sociales cuyo funcionamiento y evoluci\u00f3n no logran explicarse apropiadamente a partir de la mera agregaci\u00f3n de sus componentes.<\/p>\n<p>A partir de lo anterior, el Doctorado en Ciencias de la Complejidad Social postula que sus egresados ser\u00e1n capaces de:<\/p>\n<ul>\n<li class=\"m_-1457553489726544597gmail-Normal1\">A partir de la formaci\u00f3n te\u00f3rica, identificar fen\u00f3menos sociales complejos que est\u00e1n presentes en la sociedad contempor\u00e1nea.<\/li>\n<li class=\"m_-1457553489726544597gmail-Normal1\">A partir de la formaci\u00f3n metodol\u00f3gica, proponer explicaciones tanto de las caracter\u00edsticas de esos fen\u00f3menos sociales en un per\u00edodo determinado como de su cambio y\/o evoluci\u00f3n en el tiempo basadas en su propia investigaci\u00f3n emp\u00edrica.<\/li>\n<li class=\"m_-1457553489726544597gmail-Normal1\">Desarrollar investigaci\u00f3n de excelencia en forma aut\u00f3noma y <strong>liderar proyectos de investigaci\u00f3n en equipos interdisciplinarios<\/strong>.<\/li>\n<li class=\"m_-1457553489726544597gmail-Normal1\">Sobre la base de los puntos anteriores proveer a las organizaciones a las que se vinculen de an\u00e1lisis e insumos para la toma de decisiones, as\u00ed como de propuestas de soluciones para las demandas concretas que \u00e9stas enfrenten en las que una mirada desde la complejidad social resulte pertinente.<\/li>\n<li class=\"m_-1457553489726544597gmail-Normal1\">Generar condiciones para que los enfoques conceptuales propios de las ciencias sociales b\u00e1sicas y sus m\u00e9todos <strong>sean aplicados en grupos y contextos de inter\u00e9s en el sector productivo, con \u00e9nfasis en pol\u00edticas p\u00fablicas.<\/strong><\/li>\n<li class=\"m_-1457553489726544597gmail-Normal1\">Por \u00faltimo, los egresados podr\u00e1n entregar insumos para soluciones te\u00f3rico-pr\u00e1cticas en las \u00e1reas analizadas.<\/li>\n<\/ul>\n","protected":false},"excerpt":{"rendered":"<p>El doctorado en Ciencias de la Complejidad Social tiene como prop\u00f3sito preparar estudiantes para posiciones de investigaci\u00f3n acad\u00e9mica y de investigaci\u00f3n aplicada, as\u00ed como docencia, insert\u00e1ndose en el mundo laboral desde la convergencia interdisciplinaria en torno al paradigma de las ciencias de la complejidad. Es decir, el estudio de sistemas sociales cuyo funcionamiento y evoluci\u00f3n [&hellip;]<\/p>\n","protected":false},"author":0,"featured_media":0,"parent":136,"menu_order":4,"comment_status":"closed","ping_status":"closed","template":"template-children-tabs.php","meta":{"footnotes":""},"class_list":["post-139","page","type-page","status-publish","hentry"],"yoast_head":"<!-- This site is optimized with the Yoast SEO plugin v26.9 - https:\/\/yoast.com\/product\/yoast-seo-wordpress\/ -->\n<title>Perfil de Egreso - Doctorado en Ciencias de la Complejidad Social<\/title>\n<meta name=\"robots\" content=\"index, follow, max-snippet:-1, max-image-preview:large, max-video-preview:-1\" \/>\n<link rel=\"canonical\" href=\"https:\/\/gobierno.udd.cl\/dccs\/presentacion\/investigacion\/\" \/>\n<meta property=\"og:locale\" content=\"es_ES\" \/>\n<meta property=\"og:type\" content=\"article\" \/>\n<meta property=\"og:title\" content=\"Perfil de Egreso - Doctorado en Ciencias de la Complejidad Social\" \/>\n<meta property=\"og:description\" content=\"El doctorado en Ciencias de la Complejidad Social tiene como prop\u00f3sito preparar estudiantes para posiciones de investigaci\u00f3n acad\u00e9mica y de investigaci\u00f3n aplicada, as\u00ed como docencia, insert\u00e1ndose en el mundo laboral desde la convergencia interdisciplinaria en torno al paradigma de las ciencias de la complejidad. Es decir, el estudio de sistemas sociales cuyo funcionamiento y evoluci\u00f3n [&hellip;]\" \/>\n<meta property=\"og:url\" content=\"https:\/\/gobierno.udd.cl\/dccs\/presentacion\/investigacion\/\" \/>\n<meta property=\"og:site_name\" content=\"Doctorado en Ciencias de la Complejidad Social\" \/>\n<meta name=\"twitter:card\" content=\"summary_large_image\" \/>\n<meta name=\"twitter:label1\" content=\"Tiempo de lectura\" \/>\n\t<meta name=\"twitter:data1\" content=\"1 minuto\" \/>\n<script type=\"application\/ld+json\" class=\"yoast-schema-graph\">{\"@context\":\"https:\/\/schema.org\",\"@graph\":[{\"@type\":\"WebPage\",\"@id\":\"https:\/\/gobierno.udd.cl\/dccs\/presentacion\/investigacion\/\",\"url\":\"https:\/\/gobierno.udd.cl\/dccs\/presentacion\/investigacion\/\",\"name\":\"Perfil de Egreso - Doctorado en Ciencias de la Complejidad Social\",\"isPartOf\":{\"@id\":\"https:\/\/gobierno.udd.cl\/dccs\/#website\"},\"datePublished\":\"2017-10-26T17:05:27+00:00\",\"breadcrumb\":{\"@id\":\"https:\/\/gobierno.udd.cl\/dccs\/presentacion\/investigacion\/#breadcrumb\"},\"inLanguage\":\"es\",\"potentialAction\":[{\"@type\":\"ReadAction\",\"target\":[\"https:\/\/gobierno.udd.cl\/dccs\/presentacion\/investigacion\/\"]}]},{\"@type\":\"BreadcrumbList\",\"@id\":\"https:\/\/gobierno.udd.cl\/dccs\/presentacion\/investigacion\/#breadcrumb\",\"itemListElement\":[{\"@type\":\"ListItem\",\"position\":1,\"name\":\"Portada\",\"item\":\"https:\/\/gobierno.udd.cl\/dccs\/\"},{\"@type\":\"ListItem\",\"position\":2,\"name\":\"Presentaci\u00f3n\",\"item\":\"https:\/\/gobierno.udd.cl\/dccs\/presentacion\/\"},{\"@type\":\"ListItem\",\"position\":3,\"name\":\"Perfil de Egreso\"}]},{\"@type\":\"WebSite\",\"@id\":\"https:\/\/gobierno.udd.cl\/dccs\/#website\",\"url\":\"https:\/\/gobierno.udd.cl\/dccs\/\",\"name\":\"Doctorado en Ciencias de la Complejidad Social\",\"description\":\"Centro de Investigaci\u00f3n en Complejidad Social | UDD\",\"inLanguage\":\"es\"}]}<\/script>\n<!-- \/ Yoast SEO plugin. -->","yoast_head_json":{"title":"Perfil de Egreso - Doctorado en Ciencias de la Complejidad Social","robots":{"index":"index","follow":"follow","max-snippet":"max-snippet:-1","max-image-preview":"max-image-preview:large","max-video-preview":"max-video-preview:-1"},"canonical":"https:\/\/gobierno.udd.cl\/dccs\/presentacion\/investigacion\/","og_locale":"es_ES","og_type":"article","og_title":"Perfil de Egreso - Doctorado en Ciencias de la Complejidad Social","og_description":"El doctorado en Ciencias de la Complejidad Social tiene como prop\u00f3sito preparar estudiantes para posiciones de investigaci\u00f3n acad\u00e9mica y de investigaci\u00f3n aplicada, as\u00ed como docencia, insert\u00e1ndose en el mundo laboral desde la convergencia interdisciplinaria en torno al paradigma de las ciencias de la complejidad. Es decir, el estudio de sistemas sociales cuyo funcionamiento y evoluci\u00f3n [&hellip;]","og_url":"https:\/\/gobierno.udd.cl\/dccs\/presentacion\/investigacion\/","og_site_name":"Doctorado en Ciencias de la Complejidad Social","twitter_card":"summary_large_image","twitter_misc":{"Tiempo de lectura":"1 minuto"},"schema":{"@context":"https:\/\/schema.org","@graph":[{"@type":"WebPage","@id":"https:\/\/gobierno.udd.cl\/dccs\/presentacion\/investigacion\/","url":"https:\/\/gobierno.udd.cl\/dccs\/presentacion\/investigacion\/","name":"Perfil de Egreso - Doctorado en Ciencias de la Complejidad Social","isPartOf":{"@id":"https:\/\/gobierno.udd.cl\/dccs\/#website"},"datePublished":"2017-10-26T17:05:27+00:00","breadcrumb":{"@id":"https:\/\/gobierno.udd.cl\/dccs\/presentacion\/investigacion\/#breadcrumb"},"inLanguage":"es","potentialAction":[{"@type":"ReadAction","target":["https:\/\/gobierno.udd.cl\/dccs\/presentacion\/investigacion\/"]}]},{"@type":"BreadcrumbList","@id":"https:\/\/gobierno.udd.cl\/dccs\/presentacion\/investigacion\/#breadcrumb","itemListElement":[{"@type":"ListItem","position":1,"name":"Portada","item":"https:\/\/gobierno.udd.cl\/dccs\/"},{"@type":"ListItem","position":2,"name":"Presentaci\u00f3n","item":"https:\/\/gobierno.udd.cl\/dccs\/presentacion\/"},{"@type":"ListItem","position":3,"name":"Perfil de Egreso"}]},{"@type":"WebSite","@id":"https:\/\/gobierno.udd.cl\/dccs\/#website","url":"https:\/\/gobierno.udd.cl\/dccs\/","name":"Doctorado en Ciencias de la Complejidad Social","description":"Centro de Investigaci\u00f3n en Complejidad Social | UDD","inLanguage":"es"}]}},"_links":{"self":[{"href":"https:\/\/gobierno.udd.cl\/dccs\/wp-json\/wp\/v2\/pages\/139","targetHints":{"allow":["GET"]}}],"collection":[{"href":"https:\/\/gobierno.udd.cl\/dccs\/wp-json\/wp\/v2\/pages"}],"about":[{"href":"https:\/\/gobierno.udd.cl\/dccs\/wp-json\/wp\/v2\/types\/page"}],"replies":[{"embeddable":true,"href":"https:\/\/gobierno.udd.cl\/dccs\/wp-json\/wp\/v2\/comments?post=139"}],"version-history":[{"count":0,"href":"https:\/\/gobierno.udd.cl\/dccs\/wp-json\/wp\/v2\/pages\/139\/revisions"}],"up":[{"embeddable":true,"href":"https:\/\/gobierno.udd.cl\/dccs\/wp-json\/wp\/v2\/pages\/136"}],"wp:attachment":[{"href":"https:\/\/gobierno.udd.cl\/dccs\/wp-json\/wp\/v2\/media?parent=139"}],"curies":[{"name":"wp","href":"https:\/\/api.w.org\/{rel}","templated":true}]}}