{"id":136,"date":"2017-10-26T17:04:35","date_gmt":"2017-10-26T17:04:35","guid":{"rendered":"http:\/\/gobierno.udd.cl\/doctorado\/?page_id=136"},"modified":"2024-08-28T09:43:56","modified_gmt":"2024-08-28T13:43:56","slug":"presentacion","status":"publish","type":"page","link":"https:\/\/gobierno.udd.cl\/dccs\/presentacion\/","title":{"rendered":"Presentaci\u00f3n"},"content":{"rendered":"<p>Los fen\u00f3menos sociales ocurren en entornos complejos y multicausales. Durante el siglo XX, la investigaci\u00f3n en ciencias sociales ha sido reduccionista, enfoc\u00e1ndose en aspectos aislados de los fen\u00f3menos sin considerar sus interacciones. Esta fragmentaci\u00f3n ha sido insuficiente para abordar la complejidad de los fen\u00f3menos sociales. En las \u00faltimas d\u00e9cadas, los avances te\u00f3ricos, en computaci\u00f3n y nuevas fuentes de informaci\u00f3n han permitido una convergencia interdisciplinaria, dando lugar al estudio de sistemas complejos. Estos sistemas, compuestos por m\u00faltiples partes interconectadas, muestran caracter\u00edsticas emergentes, adaptabilidad y auto-organizaci\u00f3n, relevantes en disciplinas como sociolog\u00eda, econom\u00eda, ciencia pol\u00edtica, antropolog\u00eda y psicolog\u00eda. El Doctorado en Ciencias de la Complejidad Social (DCCS) propone una formaci\u00f3n interdisciplinaria, integrando econom\u00eda pol\u00edtica, neurociencia social, psicobiolog\u00eda y ciencias sociales computacionales. Utiliza herramientas anal\u00edticas propias de las ciencias de la complejidad para comprender el comportamiento humano en sociedad.<\/p>\n","protected":false},"excerpt":{"rendered":"<p>Ante el reduccionismo metodol\u00f3gico de algunos enfoques disciplinarios, el Doctorado en Ciencias de la Complejidad Social propone estudiar estos sistemas desde una perspectiva interdisciplinaria donde los marcos te\u00f3ricos y las herramientas metodol\u00f3gicas de las ciencias sociales se combinan con los de las ciencias naturales y exactas.<\/p>\n","protected":false},"author":9192236,"featured_media":4034,"parent":0,"menu_order":0,"comment_status":"closed","ping_status":"closed","template":"","meta":{"footnotes":""},"class_list":["post-136","page","type-page","status-publish","has-post-thumbnail","hentry"],"yoast_head":"<!-- This site is optimized with the Yoast SEO plugin v26.9 - https:\/\/yoast.com\/product\/yoast-seo-wordpress\/ -->\n<title>Presentaci\u00f3n - Doctorado en Ciencias de la Complejidad Social<\/title>\n<meta name=\"robots\" content=\"index, follow, max-snippet:-1, max-image-preview:large, max-video-preview:-1\" \/>\n<link rel=\"canonical\" href=\"https:\/\/gobierno.udd.cl\/dccs\/presentacion\/\" \/>\n<meta property=\"og:locale\" content=\"es_ES\" \/>\n<meta property=\"og:type\" content=\"article\" \/>\n<meta property=\"og:title\" content=\"Presentaci\u00f3n - Doctorado en Ciencias de la Complejidad Social\" \/>\n<meta property=\"og:description\" content=\"Ante el reduccionismo metodol\u00f3gico de algunos enfoques disciplinarios, el Doctorado en Ciencias de la Complejidad Social propone estudiar estos sistemas desde una perspectiva interdisciplinaria donde los marcos te\u00f3ricos y las herramientas metodol\u00f3gicas de las ciencias sociales se combinan con los de las ciencias naturales y exactas.\" \/>\n<meta property=\"og:url\" content=\"https:\/\/gobierno.udd.cl\/dccs\/presentacion\/\" \/>\n<meta property=\"og:site_name\" content=\"Doctorado en Ciencias de la Complejidad Social\" \/>\n<meta property=\"article:modified_time\" content=\"2024-08-28T13:43:56+00:00\" \/>\n<meta property=\"og:image\" content=\"https:\/\/gobierno.udd.cl\/dccs\/files\/2022\/07\/diseno-sin-titulo.png\" \/>\n\t<meta property=\"og:image:width\" content=\"1000\" \/>\n\t<meta property=\"og:image:height\" content=\"50\" \/>\n\t<meta property=\"og:image:type\" content=\"image\/png\" \/>\n<meta name=\"twitter:card\" content=\"summary_large_image\" \/>\n<meta name=\"twitter:label1\" content=\"Tiempo de lectura\" \/>\n\t<meta name=\"twitter:data1\" content=\"1 minuto\" \/>\n<script type=\"application\/ld+json\" class=\"yoast-schema-graph\">{\"@context\":\"https:\/\/schema.org\",\"@graph\":[{\"@type\":\"WebPage\",\"@id\":\"https:\/\/gobierno.udd.cl\/dccs\/presentacion\/\",\"url\":\"https:\/\/gobierno.udd.cl\/dccs\/presentacion\/\",\"name\":\"Presentaci\u00f3n - Doctorado en Ciencias de la Complejidad Social\",\"isPartOf\":{\"@id\":\"https:\/\/gobierno.udd.cl\/dccs\/#website\"},\"primaryImageOfPage\":{\"@id\":\"https:\/\/gobierno.udd.cl\/dccs\/presentacion\/#primaryimage\"},\"image\":{\"@id\":\"https:\/\/gobierno.udd.cl\/dccs\/presentacion\/#primaryimage\"},\"thumbnailUrl\":\"https:\/\/gobierno.udd.cl\/dccs\/files\/2022\/07\/diseno-sin-titulo.png\",\"datePublished\":\"2017-10-26T17:04:35+00:00\",\"dateModified\":\"2024-08-28T13:43:56+00:00\",\"breadcrumb\":{\"@id\":\"https:\/\/gobierno.udd.cl\/dccs\/presentacion\/#breadcrumb\"},\"inLanguage\":\"es\",\"potentialAction\":[{\"@type\":\"ReadAction\",\"target\":[\"https:\/\/gobierno.udd.cl\/dccs\/presentacion\/\"]}]},{\"@type\":\"ImageObject\",\"inLanguage\":\"es\",\"@id\":\"https:\/\/gobierno.udd.cl\/dccs\/presentacion\/#primaryimage\",\"url\":\"https:\/\/gobierno.udd.cl\/dccs\/files\/2022\/07\/diseno-sin-titulo.png\",\"contentUrl\":\"https:\/\/gobierno.udd.cl\/dccs\/files\/2022\/07\/diseno-sin-titulo.png\",\"width\":1000,\"height\":50},{\"@type\":\"BreadcrumbList\",\"@id\":\"https:\/\/gobierno.udd.cl\/dccs\/presentacion\/#breadcrumb\",\"itemListElement\":[{\"@type\":\"ListItem\",\"position\":1,\"name\":\"Portada\",\"item\":\"https:\/\/gobierno.udd.cl\/dccs\/\"},{\"@type\":\"ListItem\",\"position\":2,\"name\":\"Presentaci\u00f3n\"}]},{\"@type\":\"WebSite\",\"@id\":\"https:\/\/gobierno.udd.cl\/dccs\/#website\",\"url\":\"https:\/\/gobierno.udd.cl\/dccs\/\",\"name\":\"Doctorado en Ciencias de la Complejidad Social\",\"description\":\"Centro de Investigaci\u00f3n en Complejidad Social | UDD\",\"inLanguage\":\"es\"}]}<\/script>\n<!-- \/ Yoast SEO plugin. -->","yoast_head_json":{"title":"Presentaci\u00f3n - Doctorado en Ciencias de la Complejidad Social","robots":{"index":"index","follow":"follow","max-snippet":"max-snippet:-1","max-image-preview":"max-image-preview:large","max-video-preview":"max-video-preview:-1"},"canonical":"https:\/\/gobierno.udd.cl\/dccs\/presentacion\/","og_locale":"es_ES","og_type":"article","og_title":"Presentaci\u00f3n - Doctorado en Ciencias de la Complejidad Social","og_description":"Ante el reduccionismo metodol\u00f3gico de algunos enfoques disciplinarios, el Doctorado en Ciencias de la Complejidad Social propone estudiar estos sistemas desde una perspectiva interdisciplinaria donde los marcos te\u00f3ricos y las herramientas metodol\u00f3gicas de las ciencias sociales se combinan con los de las ciencias naturales y exactas.","og_url":"https:\/\/gobierno.udd.cl\/dccs\/presentacion\/","og_site_name":"Doctorado en Ciencias de la Complejidad Social","article_modified_time":"2024-08-28T13:43:56+00:00","og_image":[{"width":1000,"height":50,"url":"https:\/\/gobierno.udd.cl\/dccs\/files\/2022\/07\/diseno-sin-titulo.png","type":"image\/png"}],"twitter_card":"summary_large_image","twitter_misc":{"Tiempo de lectura":"1 minuto"},"schema":{"@context":"https:\/\/schema.org","@graph":[{"@type":"WebPage","@id":"https:\/\/gobierno.udd.cl\/dccs\/presentacion\/","url":"https:\/\/gobierno.udd.cl\/dccs\/presentacion\/","name":"Presentaci\u00f3n - Doctorado en Ciencias de la Complejidad Social","isPartOf":{"@id":"https:\/\/gobierno.udd.cl\/dccs\/#website"},"primaryImageOfPage":{"@id":"https:\/\/gobierno.udd.cl\/dccs\/presentacion\/#primaryimage"},"image":{"@id":"https:\/\/gobierno.udd.cl\/dccs\/presentacion\/#primaryimage"},"thumbnailUrl":"https:\/\/gobierno.udd.cl\/dccs\/files\/2022\/07\/diseno-sin-titulo.png","datePublished":"2017-10-26T17:04:35+00:00","dateModified":"2024-08-28T13:43:56+00:00","breadcrumb":{"@id":"https:\/\/gobierno.udd.cl\/dccs\/presentacion\/#breadcrumb"},"inLanguage":"es","potentialAction":[{"@type":"ReadAction","target":["https:\/\/gobierno.udd.cl\/dccs\/presentacion\/"]}]},{"@type":"ImageObject","inLanguage":"es","@id":"https:\/\/gobierno.udd.cl\/dccs\/presentacion\/#primaryimage","url":"https:\/\/gobierno.udd.cl\/dccs\/files\/2022\/07\/diseno-sin-titulo.png","contentUrl":"https:\/\/gobierno.udd.cl\/dccs\/files\/2022\/07\/diseno-sin-titulo.png","width":1000,"height":50},{"@type":"BreadcrumbList","@id":"https:\/\/gobierno.udd.cl\/dccs\/presentacion\/#breadcrumb","itemListElement":[{"@type":"ListItem","position":1,"name":"Portada","item":"https:\/\/gobierno.udd.cl\/dccs\/"},{"@type":"ListItem","position":2,"name":"Presentaci\u00f3n"}]},{"@type":"WebSite","@id":"https:\/\/gobierno.udd.cl\/dccs\/#website","url":"https:\/\/gobierno.udd.cl\/dccs\/","name":"Doctorado en Ciencias de la Complejidad Social","description":"Centro de Investigaci\u00f3n en Complejidad Social | UDD","inLanguage":"es"}]}},"_links":{"self":[{"href":"https:\/\/gobierno.udd.cl\/dccs\/wp-json\/wp\/v2\/pages\/136","targetHints":{"allow":["GET"]}}],"collection":[{"href":"https:\/\/gobierno.udd.cl\/dccs\/wp-json\/wp\/v2\/pages"}],"about":[{"href":"https:\/\/gobierno.udd.cl\/dccs\/wp-json\/wp\/v2\/types\/page"}],"author":[{"embeddable":true,"href":"https:\/\/gobierno.udd.cl\/dccs\/wp-json\/wp\/v2\/users\/9192236"}],"replies":[{"embeddable":true,"href":"https:\/\/gobierno.udd.cl\/dccs\/wp-json\/wp\/v2\/comments?post=136"}],"version-history":[{"count":1,"href":"https:\/\/gobierno.udd.cl\/dccs\/wp-json\/wp\/v2\/pages\/136\/revisions"}],"predecessor-version":[{"id":4441,"href":"https:\/\/gobierno.udd.cl\/dccs\/wp-json\/wp\/v2\/pages\/136\/revisions\/4441"}],"wp:featuredmedia":[{"embeddable":true,"href":"https:\/\/gobierno.udd.cl\/dccs\/wp-json\/wp\/v2\/media\/4034"}],"wp:attachment":[{"href":"https:\/\/gobierno.udd.cl\/dccs\/wp-json\/wp\/v2\/media?parent=136"}],"curies":[{"name":"wp","href":"https:\/\/api.w.org\/{rel}","templated":true}]}}