{"id":1048,"date":"2018-02-27T18:45:24","date_gmt":"2018-02-27T18:45:24","guid":{"rendered":"http:\/\/dccs.udd.cl\/?page_id=1048"},"modified":"2024-09-04T11:35:59","modified_gmt":"2024-09-04T15:35:59","slug":"quienes-somos","status":"publish","type":"page","link":"https:\/\/gobierno.udd.cl\/dccs\/presentacion\/quienes-somos\/","title":{"rendered":"\u00bfQui\u00e9nes somos?"},"content":{"rendered":"<p>El DCCS emergi\u00f3 en el 2014 a partir de la investigaci\u00f3n que se desarrolla en el Centro de Investigaci\u00f3n en Complejidad Social (CICS) desde el 2010, dependiente de la Facultad de Gobierno.<\/p>\n<p>El Doctorado en Ciencias de la Complejidad Social se sustenta en tres principios rectores:<br \/>\n\u2022 Focalizaci\u00f3n en m\u00e9todos cuantitativos para el estudio de los sistemas sociales.<br \/>\n\u2022 Investigaci\u00f3n interdisciplinaria de alto impacto.<br \/>\n\u2022 Globalizaci\u00f3n, esto es, formaci\u00f3n de redes de colaboraci\u00f3n con otros centros y organizaciones nacionales e internacionales.<\/p>\n<p>Primero, en relaci\u00f3n al foco en m\u00e9todos cuantitativos para el estudio de los sistemas sociales, el paradigma de las Ciencias de la Complejidad emerge en el \u00faltimo cuarto del siglo XX como reacci\u00f3n al reduccionismo metodol\u00f3gico como aproximaci\u00f3n al quehacer cient\u00edfico. Al poner el foco en la interacci\u00f3n entre los componentes de un sistema, las Ciencias de la Complejidad permiten el estudio simult\u00e1neo a tres niveles interdependientes: (i) las caracter\u00edsticas de los componentes de dicho sistema; (ii) las propiedades que emergen de la interacci\u00f3n entre dichos componentes; y (iii) c\u00f3mo dichas propiedades emergentes condicionan el movimiento, comportamiento y desarrollo de los componentes que conforman el sistema.<\/p>\n<p>Los m\u00e9todos matem\u00e1ticos y computacionales de los que dispone la ciencia de la complejidad para llevar a cabo estudios a los tres niveles anteriores son aplicables en un conjunto amplio de disciplinas cient\u00edficas, desde la astrof\u00edsica a la antropolog\u00eda, al punto que se ha postulado a las Ciencias de la Complejidad como el paradigma cient\u00edfico del siglo XXI. Dentro de ese amplio conjunto de alternativas, el DCCS se focaliza en el estudio de las propiedades emergentes de la interacci\u00f3n social de inter\u00e9s para procesos tales como los de jerarquizaci\u00f3n social, la construcci\u00f3n social del conocimiento, los dispositivos culturales en los que se reproduce la memoria de un sistema social, la formaci\u00f3n de posiciones ideol\u00f3gicas, entre otros.<\/p>\n<p><img loading=\"lazy\" decoding=\"async\" class=\"aligncenter wp-image-2178 size-large\" src=\"https:\/\/gobierno.udd.cl\/doctorado\/files\/2019\/02\/dsc_0064-1024x576.jpg\" alt=\"\" width=\"1024\" height=\"576\" srcset=\"https:\/\/gobierno.udd.cl\/dccs\/files\/2019\/02\/dsc_0064-1024x576.jpg 1024w, https:\/\/gobierno.udd.cl\/dccs\/files\/2019\/02\/dsc_0064-300x169.jpg 300w, https:\/\/gobierno.udd.cl\/dccs\/files\/2019\/02\/dsc_0064-768x432.jpg 768w, https:\/\/gobierno.udd.cl\/dccs\/files\/2019\/02\/dsc_0064-1536x864.jpg 1536w, https:\/\/gobierno.udd.cl\/dccs\/files\/2019\/02\/dsc_0064-2048x1152.jpg 2048w, https:\/\/gobierno.udd.cl\/dccs\/files\/2019\/02\/dsc_0064-1920x1080.jpg 1920w, https:\/\/gobierno.udd.cl\/dccs\/files\/2019\/02\/dsc_0064-1366x768.jpg 1366w, https:\/\/gobierno.udd.cl\/dccs\/files\/2019\/02\/dsc_0064-680x382.jpg 680w\" sizes=\"auto, (max-width: 1024px) 100vw, 1024px\" \/><\/p>\n<p>Segundo, en relaci\u00f3n a la interdisciplina, el enfoque de la complejidad aplicado a las ciencias sociales potencia sus posibilidades de contribuir al conocimiento cuando se compromete activamente a un esfuerzo interdisciplinario. Respecto del concepto de investigaci\u00f3n interdisciplinaria, el DCCS se adhiere a la definici\u00f3n de la Universidad, la que se\u00f1ala que \u201c\u2026 es aquella que convoca a estudiar problemas complejos desde la interacci\u00f3n de distintas disciplinas, con el objeto de lograr la meta de generar nuevo conocimiento y comprender un determinado fen\u00f3meno. En esta modalidad cada disciplina involucrada aporta a la comprensi\u00f3n del problema desde su propia visi\u00f3n, integrando informaci\u00f3n, datos, t\u00e9cnicas, herramientas, perspectivas, conceptos, modelos y teor\u00edas\u201d.<\/p>\n<p>Tercero, en referencia a la interconexi\u00f3n con otros centros de investigaci\u00f3n, la gesti\u00f3n exitosa de un proyecto interdisciplinario obliga a la continua expansi\u00f3n y fortalecimiento de sus v\u00ednculos con investigadores y organizaciones fuera del CICS. Ello es necesario para que la exposici\u00f3n a la diversidad de enfoques sea parte del equilibrio din\u00e1mico del programa. Por este motivo, el tercer componente de la definici\u00f3n conceptual del programa es la interconexi\u00f3n con otros centros de investigaci\u00f3n dentro de la universidad, a nivel nacional y a nivel internacional, tanto para la docencia como para la investigaci\u00f3n y la vinculaci\u00f3n con otros centros. En particular, se estableci\u00f3 como un objetivo estrat\u00e9gico la generaci\u00f3n de v\u00ednculos con investigadores establecidos fuera del pa\u00eds en centros de investigaci\u00f3n relevantes para las l\u00edneas de investigaci\u00f3n del programa. Dichos v\u00ednculos se han concretado en la colaboraci\u00f3n en investigaci\u00f3n, en la supervisi\u00f3n de la investigaci\u00f3n de los estudiantes, en la docencia y en el intercambio de estudiantes y\/o investigadores. En sus diez a\u00f1os de funcionamiento el DCCS ha mantenido y profundizado su vocaci\u00f3n hacia la formaci\u00f3n interdisciplinaria en un entorno interconectado con otros centros formativos y con foco en las preguntas y problem\u00e1ticas propias de las ciencias sociales.<\/p>\n<p><strong>Objetivos generales<\/strong><\/p>\n<p>El programa de Doctorado en Ciencias de la Complejidad Social tiene por objetivo general la formaci\u00f3n de doctores que, en equipos interdisciplinarios abiertos a las ciencias naturales y exactas, sean capaces de generar conocimiento de alto impacto en torno al estudio de la complejidad de los sistemas sociales, con el prop\u00f3sito de contribuir a la docencia, investigaci\u00f3n y su transferencia en la academia o sector productivo.<\/p>\n<p><strong>Objetivos espec\u00edficos <\/strong><\/p>\n<p>Contribuir a la formaci\u00f3n de doctores de orientaci\u00f3n interdisciplinaria y rigurosa formaci\u00f3n metodol\u00f3gica, habilitados para desarrollar investigaci\u00f3n y docencia universitaria en Ciencias de la Complejidad Social. Contribuir a la formaci\u00f3n de doctores que, en colaboraci\u00f3n con equipos de expertos del \u00e1rea de aplicaci\u00f3n, sean capaces de transferir enfoques, m\u00e9todos y resultados de sus investigaciones contribuyendo al desarrollo de soluciones innovadoras frente a problemas de alta relevancia social. Incentivar como una actividad acad\u00e9mica regular la participaci\u00f3n de los doctores en redes nacionales e internacionales de colaboraci\u00f3n y difusi\u00f3n cient\u00edfica, que les permita abandonar la segmentaci\u00f3n disciplinaria tradicional.<\/p>\n","protected":false},"excerpt":{"rendered":"<p>El DCCS emergi\u00f3 en el 2014 a partir de la investigaci\u00f3n que se desarrolla en el Centro de Investigaci\u00f3n en Complejidad Social (CICS) desde el 2010, dependiente de la Facultad de Gobierno. El Doctorado en Ciencias de la Complejidad Social se sustenta en tres principios rectores: \u2022 Focalizaci\u00f3n en m\u00e9todos cuantitativos para el estudio de [&hellip;]<\/p>\n","protected":false},"author":9192236,"featured_media":0,"parent":136,"menu_order":1,"comment_status":"closed","ping_status":"closed","template":"","meta":{"footnotes":""},"class_list":["post-1048","page","type-page","status-publish","hentry"],"yoast_head":"<!-- This site is optimized with the Yoast SEO plugin v26.9 - https:\/\/yoast.com\/product\/yoast-seo-wordpress\/ -->\n<title>\u00bfQui\u00e9nes somos? - Doctorado en Ciencias de la Complejidad Social<\/title>\n<meta name=\"robots\" content=\"index, follow, max-snippet:-1, max-image-preview:large, max-video-preview:-1\" \/>\n<link rel=\"canonical\" href=\"https:\/\/gobierno.udd.cl\/dccs\/presentacion\/quienes-somos\/\" \/>\n<meta property=\"og:locale\" content=\"es_ES\" \/>\n<meta property=\"og:type\" content=\"article\" \/>\n<meta property=\"og:title\" content=\"\u00bfQui\u00e9nes somos? - Doctorado en Ciencias de la Complejidad Social\" \/>\n<meta property=\"og:description\" content=\"El DCCS emergi\u00f3 en el 2014 a partir de la investigaci\u00f3n que se desarrolla en el Centro de Investigaci\u00f3n en Complejidad Social (CICS) desde el 2010, dependiente de la Facultad de Gobierno. El Doctorado en Ciencias de la Complejidad Social se sustenta en tres principios rectores: \u2022 Focalizaci\u00f3n en m\u00e9todos cuantitativos para el estudio de [&hellip;]\" \/>\n<meta property=\"og:url\" content=\"https:\/\/gobierno.udd.cl\/dccs\/presentacion\/quienes-somos\/\" \/>\n<meta property=\"og:site_name\" content=\"Doctorado en Ciencias de la Complejidad Social\" \/>\n<meta property=\"article:modified_time\" content=\"2024-09-04T15:35:59+00:00\" \/>\n<meta property=\"og:image\" content=\"https:\/\/gobierno.udd.cl\/doctorado\/files\/2019\/02\/dsc_0064-1024x576.jpg\" \/>\n<meta name=\"twitter:card\" content=\"summary_large_image\" \/>\n<meta name=\"twitter:label1\" content=\"Tiempo de lectura\" \/>\n\t<meta name=\"twitter:data1\" content=\"4 minutos\" \/>\n<script type=\"application\/ld+json\" class=\"yoast-schema-graph\">{\"@context\":\"https:\/\/schema.org\",\"@graph\":[{\"@type\":\"WebPage\",\"@id\":\"https:\/\/gobierno.udd.cl\/dccs\/presentacion\/quienes-somos\/\",\"url\":\"https:\/\/gobierno.udd.cl\/dccs\/presentacion\/quienes-somos\/\",\"name\":\"\u00bfQui\u00e9nes somos? - Doctorado en Ciencias de la Complejidad Social\",\"isPartOf\":{\"@id\":\"https:\/\/gobierno.udd.cl\/dccs\/#website\"},\"primaryImageOfPage\":{\"@id\":\"https:\/\/gobierno.udd.cl\/dccs\/presentacion\/quienes-somos\/#primaryimage\"},\"image\":{\"@id\":\"https:\/\/gobierno.udd.cl\/dccs\/presentacion\/quienes-somos\/#primaryimage\"},\"thumbnailUrl\":\"https:\/\/gobierno.udd.cl\/doctorado\/files\/2019\/02\/dsc_0064-1024x576.jpg\",\"datePublished\":\"2018-02-27T18:45:24+00:00\",\"dateModified\":\"2024-09-04T15:35:59+00:00\",\"breadcrumb\":{\"@id\":\"https:\/\/gobierno.udd.cl\/dccs\/presentacion\/quienes-somos\/#breadcrumb\"},\"inLanguage\":\"es\",\"potentialAction\":[{\"@type\":\"ReadAction\",\"target\":[\"https:\/\/gobierno.udd.cl\/dccs\/presentacion\/quienes-somos\/\"]}]},{\"@type\":\"ImageObject\",\"inLanguage\":\"es\",\"@id\":\"https:\/\/gobierno.udd.cl\/dccs\/presentacion\/quienes-somos\/#primaryimage\",\"url\":\"https:\/\/gobierno.udd.cl\/doctorado\/files\/2019\/02\/dsc_0064-1024x576.jpg\",\"contentUrl\":\"https:\/\/gobierno.udd.cl\/doctorado\/files\/2019\/02\/dsc_0064-1024x576.jpg\"},{\"@type\":\"BreadcrumbList\",\"@id\":\"https:\/\/gobierno.udd.cl\/dccs\/presentacion\/quienes-somos\/#breadcrumb\",\"itemListElement\":[{\"@type\":\"ListItem\",\"position\":1,\"name\":\"Portada\",\"item\":\"https:\/\/gobierno.udd.cl\/dccs\/\"},{\"@type\":\"ListItem\",\"position\":2,\"name\":\"Presentaci\u00f3n\",\"item\":\"https:\/\/gobierno.udd.cl\/dccs\/presentacion\/\"},{\"@type\":\"ListItem\",\"position\":3,\"name\":\"\u00bfQui\u00e9nes somos?\"}]},{\"@type\":\"WebSite\",\"@id\":\"https:\/\/gobierno.udd.cl\/dccs\/#website\",\"url\":\"https:\/\/gobierno.udd.cl\/dccs\/\",\"name\":\"Doctorado en Ciencias de la Complejidad Social\",\"description\":\"Centro de Investigaci\u00f3n en Complejidad Social | UDD\",\"inLanguage\":\"es\"}]}<\/script>\n<!-- \/ Yoast SEO plugin. -->","yoast_head_json":{"title":"\u00bfQui\u00e9nes somos? - Doctorado en Ciencias de la Complejidad Social","robots":{"index":"index","follow":"follow","max-snippet":"max-snippet:-1","max-image-preview":"max-image-preview:large","max-video-preview":"max-video-preview:-1"},"canonical":"https:\/\/gobierno.udd.cl\/dccs\/presentacion\/quienes-somos\/","og_locale":"es_ES","og_type":"article","og_title":"\u00bfQui\u00e9nes somos? - Doctorado en Ciencias de la Complejidad Social","og_description":"El DCCS emergi\u00f3 en el 2014 a partir de la investigaci\u00f3n que se desarrolla en el Centro de Investigaci\u00f3n en Complejidad Social (CICS) desde el 2010, dependiente de la Facultad de Gobierno. El Doctorado en Ciencias de la Complejidad Social se sustenta en tres principios rectores: \u2022 Focalizaci\u00f3n en m\u00e9todos cuantitativos para el estudio de [&hellip;]","og_url":"https:\/\/gobierno.udd.cl\/dccs\/presentacion\/quienes-somos\/","og_site_name":"Doctorado en Ciencias de la Complejidad Social","article_modified_time":"2024-09-04T15:35:59+00:00","og_image":[{"url":"https:\/\/gobierno.udd.cl\/doctorado\/files\/2019\/02\/dsc_0064-1024x576.jpg","type":"","width":"","height":""}],"twitter_card":"summary_large_image","twitter_misc":{"Tiempo de lectura":"4 minutos"},"schema":{"@context":"https:\/\/schema.org","@graph":[{"@type":"WebPage","@id":"https:\/\/gobierno.udd.cl\/dccs\/presentacion\/quienes-somos\/","url":"https:\/\/gobierno.udd.cl\/dccs\/presentacion\/quienes-somos\/","name":"\u00bfQui\u00e9nes somos? - Doctorado en Ciencias de la Complejidad Social","isPartOf":{"@id":"https:\/\/gobierno.udd.cl\/dccs\/#website"},"primaryImageOfPage":{"@id":"https:\/\/gobierno.udd.cl\/dccs\/presentacion\/quienes-somos\/#primaryimage"},"image":{"@id":"https:\/\/gobierno.udd.cl\/dccs\/presentacion\/quienes-somos\/#primaryimage"},"thumbnailUrl":"https:\/\/gobierno.udd.cl\/doctorado\/files\/2019\/02\/dsc_0064-1024x576.jpg","datePublished":"2018-02-27T18:45:24+00:00","dateModified":"2024-09-04T15:35:59+00:00","breadcrumb":{"@id":"https:\/\/gobierno.udd.cl\/dccs\/presentacion\/quienes-somos\/#breadcrumb"},"inLanguage":"es","potentialAction":[{"@type":"ReadAction","target":["https:\/\/gobierno.udd.cl\/dccs\/presentacion\/quienes-somos\/"]}]},{"@type":"ImageObject","inLanguage":"es","@id":"https:\/\/gobierno.udd.cl\/dccs\/presentacion\/quienes-somos\/#primaryimage","url":"https:\/\/gobierno.udd.cl\/doctorado\/files\/2019\/02\/dsc_0064-1024x576.jpg","contentUrl":"https:\/\/gobierno.udd.cl\/doctorado\/files\/2019\/02\/dsc_0064-1024x576.jpg"},{"@type":"BreadcrumbList","@id":"https:\/\/gobierno.udd.cl\/dccs\/presentacion\/quienes-somos\/#breadcrumb","itemListElement":[{"@type":"ListItem","position":1,"name":"Portada","item":"https:\/\/gobierno.udd.cl\/dccs\/"},{"@type":"ListItem","position":2,"name":"Presentaci\u00f3n","item":"https:\/\/gobierno.udd.cl\/dccs\/presentacion\/"},{"@type":"ListItem","position":3,"name":"\u00bfQui\u00e9nes somos?"}]},{"@type":"WebSite","@id":"https:\/\/gobierno.udd.cl\/dccs\/#website","url":"https:\/\/gobierno.udd.cl\/dccs\/","name":"Doctorado en Ciencias de la Complejidad Social","description":"Centro de Investigaci\u00f3n en Complejidad Social | UDD","inLanguage":"es"}]}},"_links":{"self":[{"href":"https:\/\/gobierno.udd.cl\/dccs\/wp-json\/wp\/v2\/pages\/1048","targetHints":{"allow":["GET"]}}],"collection":[{"href":"https:\/\/gobierno.udd.cl\/dccs\/wp-json\/wp\/v2\/pages"}],"about":[{"href":"https:\/\/gobierno.udd.cl\/dccs\/wp-json\/wp\/v2\/types\/page"}],"author":[{"embeddable":true,"href":"https:\/\/gobierno.udd.cl\/dccs\/wp-json\/wp\/v2\/users\/9192236"}],"replies":[{"embeddable":true,"href":"https:\/\/gobierno.udd.cl\/dccs\/wp-json\/wp\/v2\/comments?post=1048"}],"version-history":[{"count":2,"href":"https:\/\/gobierno.udd.cl\/dccs\/wp-json\/wp\/v2\/pages\/1048\/revisions"}],"predecessor-version":[{"id":4458,"href":"https:\/\/gobierno.udd.cl\/dccs\/wp-json\/wp\/v2\/pages\/1048\/revisions\/4458"}],"up":[{"embeddable":true,"href":"https:\/\/gobierno.udd.cl\/dccs\/wp-json\/wp\/v2\/pages\/136"}],"wp:attachment":[{"href":"https:\/\/gobierno.udd.cl\/dccs\/wp-json\/wp\/v2\/media?parent=1048"}],"curies":[{"name":"wp","href":"https:\/\/api.w.org\/{rel}","templated":true}]}}