{"id":593,"date":"2015-01-25T17:08:14","date_gmt":"2015-01-25T20:08:14","guid":{"rendered":"http:\/\/gobierno.udd.cl\/cpp\/?page_id=593"},"modified":"2020-04-13T16:44:07","modified_gmt":"2020-04-13T20:44:07","slug":"videos-cpp","status":"publish","type":"page","link":"https:\/\/gobierno.udd.cl\/cpp\/programas\/programa-economia-politica-e-instituciones\/videos-cpp\/","title":{"rendered":"Videos"},"content":{"rendered":"<p><strong>Panel de Conversaci\u00f3n \u00abDesaf\u00edos y Pol\u00edticas P\u00fablicas de Salud en Chile\u00bb<\/strong><\/p>\n<p>Con la participaci\u00f3n de la Dra. Karla Rubilar, miembro de la Comisi\u00f3n de Salud de la C\u00e1mara de Diputados; y Gonzalo Sim\u00f3n, Gerente de Desarrollo de la Asociaci\u00f3n de Isapres.<\/p>\n<p><iframe loading=\"lazy\" title=\"Panel de Conversacio\u0301n \u201cDesafi\u0301os y Poli\u0301ticas Pu\u0301blicas de Salud en Chile\u201d\" width=\"500\" height=\"281\" src=\"https:\/\/www.youtube.com\/embed\/_U0nU1gr4A4?start=495&#038;feature=oembed\" frameborder=\"0\" allow=\"accelerometer; autoplay; clipboard-write; encrypted-media; gyroscope; picture-in-picture; web-share\" referrerpolicy=\"strict-origin-when-cross-origin\" allowfullscreen><\/iframe><\/p>\n<p><strong>Panel \u201cDelincuencia, victimizaci\u00f3n y miedo\u201d<\/strong><\/p>\n<p>Con la participaci\u00f3n de la directora Ejecutiva de la Fundaci\u00f3n Paz Ciudadana, Catalina Mertz, el senador Felipe Harboe y el senador Alberto Espina se realiz\u00f3 una nueva versi\u00f3n de los paneles de conversaci\u00f3n organizado por el CPP.<\/p>\n<p><iframe loading=\"lazy\" title=\"Panel \u201cDelincuencia, victimizaci\u00f3n y miedo\u201d\" width=\"500\" height=\"281\" src=\"https:\/\/www.youtube.com\/embed\/5iF06vPJH90?feature=oembed\" frameborder=\"0\" allow=\"accelerometer; autoplay; clipboard-write; encrypted-media; gyroscope; picture-in-picture; web-share\" referrerpolicy=\"strict-origin-when-cross-origin\" allowfullscreen><\/iframe><\/p>\n<p><strong>Panel de Conversaci\u00f3n CPP: actualidad y pol\u00edtica energ\u00e9tica al 2015 con M\u00e1ximo Pacheco<\/strong><\/p>\n<p><iframe loading=\"lazy\" title=\"Panel de Conversaci\u00f3n CPP: actualidad y pol\u00edtica energ\u00e9tica al 2015 con M\u00e1ximo Pacheco\" width=\"500\" height=\"281\" src=\"https:\/\/www.youtube.com\/embed\/h_pgCY8pDmA?feature=oembed\" frameborder=\"0\" allow=\"accelerometer; autoplay; clipboard-write; encrypted-media; gyroscope; picture-in-picture; web-share\" referrerpolicy=\"strict-origin-when-cross-origin\" allowfullscreen><\/iframe><\/p>\n<p><strong>Panel CPP \u00abActualidad en Pol\u00edticas P\u00fablicas de Salud en Chile\u00bb<\/strong><\/p>\n<p>El ex-Ministro de Salud y ex-Director de Cl\u00ednica Las Condes Jaime Ma\u00f1alich, junto al ex-Dirigente Gremial del Colegio M\u00e9dico de Chile y Presidente de la Comisi\u00f3n Salud de la C\u00e1mara de Diputados Juan Luis Castro, debatieron en el Panel Actualidad sobre Pol\u00edticas P\u00fablicas de Salud en Chile.<\/p>\n<p><iframe loading=\"lazy\" title=\"Panel CPP  &quot;Actualidad en Poli\u0301ticas Pu\u0301blicas de Salud en Chile&quot;\" width=\"500\" height=\"281\" src=\"https:\/\/www.youtube.com\/embed\/4dym4JyQJdY?feature=oembed\" frameborder=\"0\" allow=\"accelerometer; autoplay; clipboard-write; encrypted-media; gyroscope; picture-in-picture; web-share\" referrerpolicy=\"strict-origin-when-cross-origin\" allowfullscreen><\/iframe><\/p>\n<p><strong>Congreso de Econom\u00eda Pol\u00edtica<\/strong><\/p>\n<p><iframe loading=\"lazy\" title=\"Congreso de Econom\u00eda Pol\u00edtica\" width=\"500\" height=\"281\" src=\"https:\/\/www.youtube.com\/embed\/NG_8LV7L7eE?start=3&#038;feature=oembed\" frameborder=\"0\" allow=\"accelerometer; autoplay; clipboard-write; encrypted-media; gyroscope; picture-in-picture; web-share\" referrerpolicy=\"strict-origin-when-cross-origin\" allowfullscreen><\/iframe><\/p>\n<p><strong>Panel de Conversaci\u00f3n \u00abEl Clima Moral en el cual la eutanasia se ha hecho aceptable\u00bb<\/strong><\/p>\n<p><iframe loading=\"lazy\" title=\"Panel de Conversaci\u00f3n &quot;EL CLIMA MORAL EN EL CUAL LA EUTANASIA DE HA HECHO ACEPTABLE&quot;\" width=\"500\" height=\"281\" src=\"https:\/\/www.youtube.com\/embed\/pgebnTsuFlo?start=1993&#038;feature=oembed\" frameborder=\"0\" allow=\"accelerometer; autoplay; clipboard-write; encrypted-media; gyroscope; picture-in-picture; web-share\" referrerpolicy=\"strict-origin-when-cross-origin\" allowfullscreen><\/iframe><\/p>\n<p><strong>Seminario \u00abInfraestructura y Log\u00edstica Regi\u00f3n del B\u00edoBio\u00bb<\/strong><\/p>\n<p>Participaci\u00f3n del intendente de la Regi\u00f3n del Biob\u00edo, Rodrigo D\u00edaz, y del subsecretario de Obras P\u00fablicas, Sergio Galilea.<\/p>\n<p><iframe loading=\"lazy\" title=\"Seminario \u201cInfraestructura y Log\u00edstica Regi\u00f3n del Biob\u00edo\u201d.\" width=\"500\" height=\"281\" src=\"https:\/\/www.youtube.com\/embed\/VnJqUkl5M8g?feature=oembed\" frameborder=\"0\" allow=\"accelerometer; autoplay; clipboard-write; encrypted-media; gyroscope; picture-in-picture; web-share\" referrerpolicy=\"strict-origin-when-cross-origin\" allowfullscreen><\/iframe><\/p>\n<p><strong>Panel de Conversaci\u00f3n \u00bb SENAME: una deuda con la infancia vulnerada\u00bb<\/strong><\/p>\n<p>(Diputado Felipe Kast; acad\u00e9mica Francisca de Iruarrizaga; y Director del Centro de Sistemas P\u00fablicos del Departamento de Ingenier\u00eda Industrial de la Universidad de Chile, Pablo Gonz\u00e1lez)<\/p>\n<p><iframe loading=\"lazy\" title=\"Panel de Conversaci\u00f3n  &quot; SENAME: UNA DEUDA CON LA INFANCIA VULNERADA&quot;\" width=\"500\" height=\"281\" src=\"https:\/\/www.youtube.com\/embed\/Gtp9asaFycM?feature=oembed\" frameborder=\"0\" allow=\"accelerometer; autoplay; clipboard-write; encrypted-media; gyroscope; picture-in-picture; web-share\" referrerpolicy=\"strict-origin-when-cross-origin\" allowfullscreen><\/iframe><\/p>\n<p><strong>Lanzamiento del Libro \u00abLa Caja de Pandora\u00bb<\/strong><\/p>\n<p>(Mauricio Bravo y Mauro Salazar)<\/p>\n<p><iframe loading=\"lazy\" title=\"Lanzamiento del Libro &quot; La Caja de Pandora &quot;\" width=\"500\" height=\"281\" src=\"https:\/\/www.youtube.com\/embed\/3AmgZzSgT0Q?feature=oembed\" frameborder=\"0\" allow=\"accelerometer; autoplay; clipboard-write; encrypted-media; gyroscope; picture-in-picture; web-share\" referrerpolicy=\"strict-origin-when-cross-origin\" allowfullscreen><\/iframe><\/p>\n<p><strong>Panel de Conversaci\u00f3n : \u00bb Elecciones en Estados Unidos\u00bb. 4 de junio 2016.<br \/>\n<\/strong><\/p>\n<p>(Michael Hammer, Dar\u00edo Paya y Gonzalo M\u00fcller)<\/p>\n<p><iframe loading=\"lazy\" title=\"Panel de Conversaci\u00f3n : &quot; Elecciones en Estados Unidos&quot;\" width=\"500\" height=\"281\" src=\"https:\/\/www.youtube.com\/embed\/XOeWSrUVjgw?feature=oembed\" frameborder=\"0\" allow=\"accelerometer; autoplay; clipboard-write; encrypted-media; gyroscope; picture-in-picture; web-share\" referrerpolicy=\"strict-origin-when-cross-origin\" allowfullscreen><\/iframe><\/p>\n<p><strong>Panel de Conversaci\u00f3n \u00abNuevo proceso de licitaci\u00f3n de contratos para un nuevo Transantiago, primer semestre 2016. <\/strong><\/p>\n<p>(Carlos Melo, Rodrigo Troncosoy Louis De Grange)<\/p>\n<p><iframe loading=\"lazy\" title=\"Panel de Conversaci\u00f3n &quot;Nuevo proceso de licitaci\u00f3n de contratos para un nuevo Transantiago&quot;\" width=\"500\" height=\"281\" src=\"https:\/\/www.youtube.com\/embed\/OC4CbsF6atA?feature=oembed\" frameborder=\"0\" allow=\"accelerometer; autoplay; clipboard-write; encrypted-media; gyroscope; picture-in-picture; web-share\" referrerpolicy=\"strict-origin-when-cross-origin\" allowfullscreen><\/iframe><\/p>\n<p><strong>Fragmentaci\u00f3n Pol\u00edtica en Espa\u00f1a: Lecciones para Chile 2016.&nbsp;<\/strong><\/p>\n<p>(Jos\u00e9 Ram\u00f3n Montero, Camilo Escalona y Gonzalo M\u00fcller)<\/p>\n<p><iframe loading=\"lazy\" title=\"Desayuno \u201cFRAGMENTACI\u00d3N POL\u00cdTICA EN ESPA\u00d1A: LECCIONES PARA CHILE\u201d\" width=\"500\" height=\"281\" src=\"https:\/\/www.youtube.com\/embed\/PvWqHVbSo1g?feature=oembed\" frameborder=\"0\" allow=\"accelerometer; autoplay; clipboard-write; encrypted-media; gyroscope; picture-in-picture; web-share\" referrerpolicy=\"strict-origin-when-cross-origin\" allowfullscreen><\/iframe><\/p>\n<p><strong>Paneles de Conversaci\u00f3n Centro de Pol\u00edticas P\u00fablicas UDD, segundo semestre 2015.<\/strong><\/p>\n<p><iframe loading=\"lazy\" title=\"Paneles de Conversaci\u00f3n Centro de Pol\u00edticas P\u00fablicas UDD, segundo semestre 2015.\" width=\"500\" height=\"281\" src=\"https:\/\/www.youtube.com\/embed\/SXPIN_Wq1yU?feature=oembed\" frameborder=\"0\" allow=\"accelerometer; autoplay; clipboard-write; encrypted-media; gyroscope; picture-in-picture; web-share\" referrerpolicy=\"strict-origin-when-cross-origin\" allowfullscreen><\/iframe><\/p>\n<p><strong>Panel del Centro de Poli\u0301ticas Pu\u0301blicas \u00abImpacto poli\u0301tico de los movimientos sociales\u00bb<\/strong><\/p>\n<p><iframe loading=\"lazy\" title=\"Panel del Centro de Poli\u0301ticas Pu\u0301blicas  &quot;Impacto poli\u0301tico de los movimientos sociales&quot;\" width=\"500\" height=\"281\" src=\"https:\/\/www.youtube.com\/embed\/zBoOuoHG1_k?feature=oembed\" frameborder=\"0\" allow=\"accelerometer; autoplay; clipboard-write; encrypted-media; gyroscope; picture-in-picture; web-share\" referrerpolicy=\"strict-origin-when-cross-origin\" allowfullscreen><\/iframe><\/p>\n<p><strong>Panel CPP \u00abActualidad en Poli\u0301ticas Pu\u0301blicas de Salud en Chile\u00bb<\/strong><\/p>\n<p><iframe loading=\"lazy\" title=\"Panel CPP  &quot;Actualidad en Poli\u0301ticas Pu\u0301blicas de Salud en Chile&quot;\" width=\"500\" height=\"281\" src=\"https:\/\/www.youtube.com\/embed\/4dym4JyQJdY?feature=oembed\" frameborder=\"0\" allow=\"accelerometer; autoplay; clipboard-write; encrypted-media; gyroscope; picture-in-picture; web-share\" referrerpolicy=\"strict-origin-when-cross-origin\" allowfullscreen><\/iframe><\/p>\n<p><strong>Crisis pol\u00edtica y de confianza en Brasil, lecciones para Chile\u00bb<\/strong><\/p>\n<p><iframe loading=\"lazy\" title=\"\u201cCrisis pol\u00edtica y de confianza en Brasil, lecciones para Chile\u201d Desayuno con Ciro Dias Reis\" width=\"500\" height=\"281\" src=\"https:\/\/www.youtube.com\/embed\/gw5q2SSrs68?feature=oembed\" frameborder=\"0\" allow=\"accelerometer; autoplay; clipboard-write; encrypted-media; gyroscope; picture-in-picture; web-share\" referrerpolicy=\"strict-origin-when-cross-origin\" allowfullscreen><\/iframe><\/p>\n<p><strong>Conferencia \u00abMoralidad: Or\u00edgenes evolutivos y cognitivos\u00bb<\/strong><\/p>\n<p><iframe loading=\"lazy\" title=\"Conferencia &quot;Moralidad: Or\u00edgenes evolutivos y cognitivos&quot;\" width=\"500\" height=\"281\" src=\"https:\/\/www.youtube.com\/embed\/4eL1IQUunEw?feature=oembed\" frameborder=\"0\" allow=\"accelerometer; autoplay; clipboard-write; encrypted-media; gyroscope; picture-in-picture; web-share\" referrerpolicy=\"strict-origin-when-cross-origin\" allowfullscreen><\/iframe><\/p>\n<p><strong>\u00abCrisis Pol\u00edtica y de Confianza en Brasil, lecciones para Chile\u00bb<\/strong><\/p>\n<p><iframe loading=\"lazy\" title=\"\u201cCrisis pol\u00edtica y de confianza en Brasil, lecciones para Chile\u201d\" width=\"500\" height=\"281\" src=\"https:\/\/www.youtube.com\/embed\/DTz2Gh43Go0?feature=oembed\" frameborder=\"0\" allow=\"accelerometer; autoplay; clipboard-write; encrypted-media; gyroscope; picture-in-picture; web-share\" referrerpolicy=\"strict-origin-when-cross-origin\" allowfullscreen><\/iframe><\/p>\n<p><strong>\u00bfDe qu\u00e9 se trata el proyecto de Pol\u00edtica Nacional Docente?<br \/>\n<\/strong><\/p>\n<p><iframe loading=\"lazy\" title=\"\u00bfDe qu\u00e9 se trata el Proyecto de Pol\u00edtica Nacional Docente?\" width=\"500\" height=\"281\" src=\"https:\/\/www.youtube.com\/embed\/vZ7SHm52BWM?feature=oembed\" frameborder=\"0\" allow=\"accelerometer; autoplay; clipboard-write; encrypted-media; gyroscope; picture-in-picture; web-share\" referrerpolicy=\"strict-origin-when-cross-origin\" allowfullscreen><\/iframe><\/p>\n<p><strong>Presentaci\u00f3n Mag\u00edster en Pol\u00edticas Educativas<\/strong><\/p>\n<p><iframe loading=\"lazy\" title=\"Presentaci\u00f3n Mag\u00edster en Pol\u00edticas Educativas\" width=\"500\" height=\"281\" src=\"https:\/\/www.youtube.com\/embed\/oApYANLz0sA?feature=oembed\" frameborder=\"0\" allow=\"accelerometer; autoplay; clipboard-write; encrypted-media; gyroscope; picture-in-picture; web-share\" referrerpolicy=\"strict-origin-when-cross-origin\" allowfullscreen><\/iframe><\/p>\n<p><strong>Panel seguridad, victimizaci\u00f3n y miedo<\/strong><br \/>\n<iframe loading=\"lazy\" title=\"Panel Seguridad, victimizacio\u0301n y miedo\" width=\"500\" height=\"281\" src=\"https:\/\/www.youtube.com\/embed\/1wep3SE-QgM?feature=oembed\" frameborder=\"0\" allow=\"accelerometer; autoplay; clipboard-write; encrypted-media; gyroscope; picture-in-picture; web-share\" referrerpolicy=\"strict-origin-when-cross-origin\" allowfullscreen><\/iframe><\/p>\n<p><strong>\u00abLos l\u00edmites del Estado en la educaci\u00f3n: tres visiones liberales\u00bb<\/strong><\/p>\n<p><iframe loading=\"lazy\" title=\"&quot;Los l\u00edmites del Estado en la educaci\u00f3n: tres visiones liberales&quot;\" width=\"500\" height=\"281\" src=\"https:\/\/www.youtube.com\/embed\/nSjcNBiCxK4?feature=oembed\" frameborder=\"0\" allow=\"accelerometer; autoplay; clipboard-write; encrypted-media; gyroscope; picture-in-picture; web-share\" referrerpolicy=\"strict-origin-when-cross-origin\" allowfullscreen><\/iframe><\/p>\n<p><strong>Chile Complex System Summer School (CCSSS) y Public Lectures Sante Fe Institute<\/strong><\/p>\n<p><iframe loading=\"lazy\" title=\"Chile Complex System Summer School (CCSSS) y Public Lectures Sante Fe Institute #UDD\" width=\"500\" height=\"281\" src=\"https:\/\/www.youtube.com\/embed\/abrxZDz8lOo?feature=oembed\" frameborder=\"0\" allow=\"accelerometer; autoplay; clipboard-write; encrypted-media; gyroscope; picture-in-picture; web-share\" referrerpolicy=\"strict-origin-when-cross-origin\" allowfullscreen><\/iframe><\/p>\n<p>&nbsp;<\/p>\n","protected":false},"excerpt":{"rendered":"<p>Panel de Conversaci\u00f3n \u00abDesaf\u00edos y Pol\u00edticas P\u00fablicas de Salud en Chile\u00bb Con la participaci\u00f3n de la Dra. Karla Rubilar, miembro de la Comisi\u00f3n de Salud de la C\u00e1mara de Diputados; y Gonzalo Sim\u00f3n, Gerente de Desarrollo de la Asociaci\u00f3n de Isapres. Panel \u201cDelincuencia, victimizaci\u00f3n y miedo\u201d Con la participaci\u00f3n de la directora Ejecutiva de la [&hellip;]<\/p>\n","protected":false},"author":22,"featured_media":0,"parent":90,"menu_order":0,"comment_status":"open","ping_status":"open","template":"","meta":{"footnotes":""},"class_list":["post-593","page","type-page","status-publish","hentry"],"_links":{"self":[{"href":"https:\/\/gobierno.udd.cl\/cpp\/wp-json\/wp\/v2\/pages\/593","targetHints":{"allow":["GET"]}}],"collection":[{"href":"https:\/\/gobierno.udd.cl\/cpp\/wp-json\/wp\/v2\/pages"}],"about":[{"href":"https:\/\/gobierno.udd.cl\/cpp\/wp-json\/wp\/v2\/types\/page"}],"author":[{"embeddable":true,"href":"https:\/\/gobierno.udd.cl\/cpp\/wp-json\/wp\/v2\/users\/22"}],"replies":[{"embeddable":true,"href":"https:\/\/gobierno.udd.cl\/cpp\/wp-json\/wp\/v2\/comments?post=593"}],"version-history":[{"count":23,"href":"https:\/\/gobierno.udd.cl\/cpp\/wp-json\/wp\/v2\/pages\/593\/revisions"}],"predecessor-version":[{"id":5013,"href":"https:\/\/gobierno.udd.cl\/cpp\/wp-json\/wp\/v2\/pages\/593\/revisions\/5013"}],"up":[{"embeddable":true,"href":"https:\/\/gobierno.udd.cl\/cpp\/wp-json\/wp\/v2\/pages\/90"}],"wp:attachment":[{"href":"https:\/\/gobierno.udd.cl\/cpp\/wp-json\/wp\/v2\/media?parent=593"}],"curies":[{"name":"wp","href":"https:\/\/api.w.org\/{rel}","templated":true}]}}