{"id":4959,"date":"2020-04-13T12:48:38","date_gmt":"2020-04-13T16:48:38","guid":{"rendered":"http:\/\/gobierno.udd.cl\/cpp\/?page_id=4959"},"modified":"2025-03-10T13:10:49","modified_gmt":"2025-03-10T16:10:49","slug":"inicio","status":"publish","type":"page","link":"https:\/\/gobierno.udd.cl\/cpp\/","title":{"rendered":"Inicio"},"content":{"rendered":"<!-- WP Block: UDD - Fullwidth Cards -->\n<section class=\"wp-block-udd-fullwidth-cards is-style-clear\">\n\t<div class=\"container\">\n\t\t<header class=\"block__header\">\n\t\t\t<h2 class=\"block__title\">centro de POL\u00cdTICAS P\u00daBLICAS en la prensa<\/h2>\n\t\t\t\t\t\t<a href=\"https:\/\/gobierno.udd.cl\/noticias\/\" class=\"block__view-more\">\n\t\t\t\tver m\u00e1s apariciones en prensa\t\t\t<\/a>\n\t\t\t\t\t<\/header>\n\t\t<div class=\"block__content\">\n\t\t\t<div class=\"fullwidth-cards\">\n\t\t\t<div class=\"fullwidth-card-wrapper is-style-clear\">\n\t<a href=\"https:\/\/gobierno.udd.cl\/cpp\/noticias\/2025\/03\/06\/la-tercera-carta-al-director-de-jose-de-la-cruz-garrido-paro-de-profesores-y-educacion-publica\/\" class=\"fullwidth-card fullwidth-card--linkable\">\n\t\t\t\t<img loading=\"lazy\" decoding=\"async\" width=\"500\" height=\"407\" src=\"https:\/\/gobierno.udd.cl\/cpp\/files\/2025\/03\/image-62x62.png\" class=\"fullwidth-card__image wp-post-image lazyload\" alt=\"\" data-src=\"https:\/\/gobierno.udd.cl\/cpp\/files\/2025\/03\/image-500x407.png\" \/>\t\t\t\t<div class=\"fullwidth-card__content\">\n\t\t\t<span class=\"fullwidth-card__date\">\n\t\t\t\t6 de marzo 2025\t\t\t<\/span>\n\t\t\t<h3 class=\"fullwidth-card__title\">La Tercera | Carta al director de Jos\u00e9 de la Cruz Garrido: Paro de profesores y educaci\u00f3n p\u00fablica<\/h3>\n\t\t\t<span class=\"fullwidth-card__link\">\n\t\t\t\tConocer m\u00e1s\t\t\t<\/span>\n\t\t<\/div>\n\t<\/a>\n<\/div>\n<div class=\"fullwidth-card-wrapper is-style-clear\">\n\t<a href=\"https:\/\/gobierno.udd.cl\/cpp\/noticias\/2023\/05\/31\/rodrigo-arellano-analizo-la-actualidad-politica-del-pais-en-via-publica-de-24-horas\/\" class=\"fullwidth-card fullwidth-card--linkable\">\n\t\t\t\t<img loading=\"lazy\" decoding=\"async\" width=\"400\" height=\"224\" src=\"https:\/\/gobierno.udd.cl\/cpp\/files\/2023\/05\/image-62x62.png\" class=\"fullwidth-card__image wp-post-image lazyload\" alt=\"\" sizes=\"auto, (max-width: 400px) 100vw, 400px\" data-src=\"https:\/\/gobierno.udd.cl\/cpp\/files\/2023\/05\/image.png\" data-srcset=\"https:\/\/gobierno.udd.cl\/cpp\/files\/2023\/05\/image.png 400w, https:\/\/gobierno.udd.cl\/cpp\/files\/2023\/05\/image-300x168.png 300w\" \/>\t\t\t\t<div class=\"fullwidth-card__content\">\n\t\t\t<span class=\"fullwidth-card__date\">\n\t\t\t\t31 de mayo 2023\t\t\t<\/span>\n\t\t\t<h3 class=\"fullwidth-card__title\">Rodrigo Arellano analiz\u00f3 la actualidad pol\u00edtica del pa\u00eds en V\u00eda P\u00fablica de 24 horas<\/h3>\n\t\t\t<span class=\"fullwidth-card__link\">\n\t\t\t\tConocer m\u00e1s\t\t\t<\/span>\n\t\t<\/div>\n\t<\/a>\n<\/div>\n<div class=\"fullwidth-card-wrapper is-style-clear\">\n\t<a href=\"https:\/\/gobierno.udd.cl\/cpp\/noticias\/2023\/05\/29\/eugenio-guzman-en-radio-cooperativa-conversa-sobre-el-panorama-politico-nacional-y-el-proceso-constituyente\/\" class=\"fullwidth-card fullwidth-card--linkable\">\n\t\t\t\t<img loading=\"lazy\" decoding=\"async\" width=\"400\" height=\"225\" src=\"https:\/\/gobierno.udd.cl\/cpp\/files\/2023\/05\/image-1-62x62.png\" class=\"fullwidth-card__image wp-post-image lazyload\" alt=\"\" sizes=\"auto, (max-width: 400px) 100vw, 400px\" data-src=\"https:\/\/gobierno.udd.cl\/cpp\/files\/2023\/05\/image-1.png\" data-srcset=\"https:\/\/gobierno.udd.cl\/cpp\/files\/2023\/05\/image-1.png 400w, https:\/\/gobierno.udd.cl\/cpp\/files\/2023\/05\/image-1-300x169.png 300w\" \/>\t\t\t\t<div class=\"fullwidth-card__content\">\n\t\t\t<span class=\"fullwidth-card__date\">\n\t\t\t\t29 de mayo 2023\t\t\t<\/span>\n\t\t\t<h3 class=\"fullwidth-card__title\">Eugenio Guzm\u00e1n en Radio Cooperativa conversa sobre el panorama pol\u00edtico nacional y el proceso constituyente<\/h3>\n\t\t\t<span class=\"fullwidth-card__link\">\n\t\t\t\tConocer m\u00e1s\t\t\t<\/span>\n\t\t<\/div>\n\t<\/a>\n<\/div>\n<div class=\"fullwidth-card-wrapper is-style-clear\">\n\t<a href=\"https:\/\/gobierno.udd.cl\/cpp\/noticias\/2023\/05\/25\/rodrigo-arellano-comenta-la-actualidad-politica-del-pais-en-via-publica-de-24-horas\/\" class=\"fullwidth-card fullwidth-card--linkable\">\n\t\t\t\t<img loading=\"lazy\" decoding=\"async\" width=\"400\" height=\"223\" src=\"https:\/\/gobierno.udd.cl\/cpp\/files\/2023\/05\/image-2-62x62.png\" class=\"fullwidth-card__image wp-post-image lazyload\" alt=\"\" sizes=\"auto, (max-width: 400px) 100vw, 400px\" data-src=\"https:\/\/gobierno.udd.cl\/cpp\/files\/2023\/05\/image-2.png\" data-srcset=\"https:\/\/gobierno.udd.cl\/cpp\/files\/2023\/05\/image-2.png 400w, https:\/\/gobierno.udd.cl\/cpp\/files\/2023\/05\/image-2-300x167.png 300w\" \/>\t\t\t\t<div class=\"fullwidth-card__content\">\n\t\t\t<span class=\"fullwidth-card__date\">\n\t\t\t\t25 de mayo 2023\t\t\t<\/span>\n\t\t\t<h3 class=\"fullwidth-card__title\">Rodrigo Arellano comenta la actualidad pol\u00edtica del pa\u00eds en V\u00eda P\u00fablica de 24 Horas<\/h3>\n\t\t\t<span class=\"fullwidth-card__link\">\n\t\t\t\tConocer m\u00e1s\t\t\t<\/span>\n\t\t<\/div>\n\t<\/a>\n<\/div>\n<div class=\"fullwidth-card-wrapper is-style-clear\">\n\t<a href=\"https:\/\/gobierno.udd.cl\/cpp\/noticias\/2023\/05\/21\/gonzalo-muller-en-canal-13-sobre-ajustes-comunicacionales-del-partido-republicano-frente-al-proceso-constitucional\/\" class=\"fullwidth-card fullwidth-card--linkable\">\n\t\t\t\t<img loading=\"lazy\" decoding=\"async\" width=\"338\" height=\"205\" src=\"https:\/\/gobierno.udd.cl\/cpp\/files\/2023\/05\/image-3-e1685544068297-62x62.png\" class=\"fullwidth-card__image wp-post-image lazyload\" alt=\"\" sizes=\"auto, (max-width: 338px) 100vw, 338px\" data-src=\"https:\/\/gobierno.udd.cl\/cpp\/files\/2023\/05\/image-3-e1685544068297.png\" data-srcset=\"https:\/\/gobierno.udd.cl\/cpp\/files\/2023\/05\/image-3-e1685544068297.png 338w, https:\/\/gobierno.udd.cl\/cpp\/files\/2023\/05\/image-3-e1685544068297-300x182.png 300w\" \/>\t\t\t\t<div class=\"fullwidth-card__content\">\n\t\t\t<span class=\"fullwidth-card__date\">\n\t\t\t\t21 de mayo 2023\t\t\t<\/span>\n\t\t\t<h3 class=\"fullwidth-card__title\">Gonzalo M\u00fcller en Canal 13 sobre ajustes comunicacionales del Partido Republicano frente al Proceso Constitucional<\/h3>\n\t\t\t<span class=\"fullwidth-card__link\">\n\t\t\t\tConocer m\u00e1s\t\t\t<\/span>\n\t\t<\/div>\n\t<\/a>\n<\/div>\n\t\t\t<\/div>\n\t\t<\/div>\n\t<\/div>\n<\/section>\n","protected":false},"excerpt":{"rendered":"","protected":false},"author":9192213,"featured_media":0,"parent":0,"menu_order":0,"comment_status":"closed","ping_status":"closed","template":"","meta":{"footnotes":""},"class_list":["post-4959","page","type-page","status-publish","hentry"],"_links":{"self":[{"href":"https:\/\/gobierno.udd.cl\/cpp\/wp-json\/wp\/v2\/pages\/4959","targetHints":{"allow":["GET"]}}],"collection":[{"href":"https:\/\/gobierno.udd.cl\/cpp\/wp-json\/wp\/v2\/pages"}],"about":[{"href":"https:\/\/gobierno.udd.cl\/cpp\/wp-json\/wp\/v2\/types\/page"}],"author":[{"embeddable":true,"href":"https:\/\/gobierno.udd.cl\/cpp\/wp-json\/wp\/v2\/users\/9192213"}],"replies":[{"embeddable":true,"href":"https:\/\/gobierno.udd.cl\/cpp\/wp-json\/wp\/v2\/comments?post=4959"}],"version-history":[{"count":25,"href":"https:\/\/gobierno.udd.cl\/cpp\/wp-json\/wp\/v2\/pages\/4959\/revisions"}],"predecessor-version":[{"id":6850,"href":"https:\/\/gobierno.udd.cl\/cpp\/wp-json\/wp\/v2\/pages\/4959\/revisions\/6850"}],"wp:attachment":[{"href":"https:\/\/gobierno.udd.cl\/cpp\/wp-json\/wp\/v2\/media?parent=4959"}],"curies":[{"name":"wp","href":"https:\/\/api.w.org\/{rel}","templated":true}]}}