{"id":68,"date":"2022-05-04T19:45:22","date_gmt":"2022-05-04T19:45:22","guid":{"rendered":"https:\/\/gobierno.udd.cl\/cips\/?page_id=68"},"modified":"2026-04-06T15:39:26","modified_gmt":"2026-04-06T19:39:26","slug":"equipo-cips-2","status":"publish","type":"page","link":"https:\/\/gobierno.udd.cl\/cips\/equipo-cips-2\/","title":{"rendered":"Equipo CIPS"},"content":{"rendered":"<!-- WP Block: UDD - People -->\n<section class=\"wp-block-udd-people \">\n\t<div class=\"container\">\n\t\t\t\t<header class=\"block__header\">\n\t\t\t\t\t\t\t\n<h2 class=\"wp-block-heading\">Equipo CIPS<\/h2>\n\t\t\t\t\t\t\t\t<\/header>\n\t\t\t\t<div class=\"people-cards\">\n\t\t\t\t\t<div class=\"person-card\">\n\t<a href=\"https:\/\/gobierno.udd.cl\/cips\/persona\/paula-daza-narbona\/\"\n\t\tclass=\"person-card__inner js-person-modal\"\n\t\tdata-post-id=\"9\"\n\t\tdata-postid=\"9\"\n\t>\n\t\t\t<div class=\"person-card__media\">\n\t\t\t<img loading=\"lazy\" decoding=\"async\" width=\"500\" height=\"500\" src=\"https:\/\/gobierno.udd.cl\/cips\/files\/2022\/04\/Cips_IMG_2708-62x62.jpg\" class=\"person-card__image wp-post-image lazyload\" alt=\"\" sizes=\"auto, (max-width: 500px) 100vw, 500px\" data-src=\"https:\/\/gobierno.udd.cl\/cips\/files\/2022\/04\/Cips_IMG_2708-500x500.jpg\" data-srcset=\"https:\/\/gobierno.udd.cl\/cips\/files\/2022\/04\/Cips_IMG_2708-500x500.jpg 500w, https:\/\/gobierno.udd.cl\/cips\/files\/2022\/04\/Cips_IMG_2708-150x150.jpg 150w, https:\/\/gobierno.udd.cl\/cips\/files\/2022\/04\/Cips_IMG_2708-62x62.jpg 62w, https:\/\/gobierno.udd.cl\/cips\/files\/2022\/04\/Cips_IMG_2708-750x750.jpg 750w, https:\/\/gobierno.udd.cl\/cips\/files\/2022\/04\/Cips_IMG_2708-250x250.jpg 250w, https:\/\/gobierno.udd.cl\/cips\/files\/2022\/04\/Cips_IMG_2708-126x126.jpg 126w\" \/>\t\t<\/div>\n\t\t\t<div class=\"person-card__content\">\n\t\t\t<h3 class=\"person-card__name\">Paula Daza Narbona<\/h3>\n\t\t\t\t\t<span class=\"person-card__description\">Directora Ejecutiva<\/span>\n\t\t\t\t\t<span class=\"person-card__cta\">Ver perfil<\/span>\n\t\t<\/div>\n\t<\/a>\n<\/div>\n\t\t\t\t\t<div class=\"person-card\">\n\t<a href=\"https:\/\/gobierno.udd.cl\/cips\/persona\/noelia-zunino-erlauer\/\"\n\t\tclass=\"person-card__inner js-person-modal\"\n\t\tdata-post-id=\"11\"\n\t\tdata-postid=\"11\"\n\t>\n\t\t\t<div class=\"person-card__media\">\n\t\t\t<img loading=\"lazy\" decoding=\"async\" width=\"484\" height=\"500\" src=\"https:\/\/gobierno.udd.cl\/cips\/files\/2022\/05\/d3472ba6-3312-47c7-bafa-2d05a641a5ae-e1733428395584-62x62.jpg\" class=\"person-card__image wp-post-image lazyload\" alt=\"\" data-src=\"https:\/\/gobierno.udd.cl\/cips\/files\/2022\/05\/d3472ba6-3312-47c7-bafa-2d05a641a5ae-e1733428395584-484x500.jpg\" \/>\t\t<\/div>\n\t\t\t<div class=\"person-card__content\">\n\t\t\t<h3 class=\"person-card__name\">Noelia Zunino Erlauer<\/h3>\n\t\t\t\t\t<span class=\"person-card__description\">Directora de Comunicaciones CIPS<\/span>\n\t\t\t\t\t<span class=\"person-card__cta\">Ver perfil<\/span>\n\t\t<\/div>\n\t<\/a>\n<\/div>\n\t\t\t\t\t<div class=\"person-card\">\n\t<a href=\"https:\/\/gobierno.udd.cl\/cips\/persona\/elvira-tagle-schmidt\/\"\n\t\tclass=\"person-card__inner js-person-modal\"\n\t\tdata-post-id=\"3531\"\n\t\tdata-postid=\"3531\"\n\t>\n\t\t\t<div class=\"person-card__media\">\n\t\t\t<img loading=\"lazy\" decoding=\"async\" width=\"415\" height=\"316\" src=\"https:\/\/gobierno.udd.cl\/cips\/files\/2024\/12\/whatsapp-image-2024-12-02-at-13-51-46-62x62.jpeg\" class=\"person-card__image wp-post-image lazyload\" alt=\"\" sizes=\"auto, (max-width: 415px) 100vw, 415px\" data-src=\"https:\/\/gobierno.udd.cl\/cips\/files\/2024\/12\/whatsapp-image-2024-12-02-at-13-51-46.jpeg\" data-srcset=\"https:\/\/gobierno.udd.cl\/cips\/files\/2024\/12\/whatsapp-image-2024-12-02-at-13-51-46.jpeg 415w, https:\/\/gobierno.udd.cl\/cips\/files\/2024\/12\/whatsapp-image-2024-12-02-at-13-51-46-300x228.jpeg 300w, https:\/\/gobierno.udd.cl\/cips\/files\/2024\/12\/whatsapp-image-2024-12-02-at-13-51-46-182x140.jpeg 182w\" \/>\t\t<\/div>\n\t\t\t<div class=\"person-card__content\">\n\t\t\t<h3 class=\"person-card__name\">Elvira  Tagle Schmidt<\/h3>\n\t\t\t\t\t<span class=\"person-card__description\">Coordinadora CIPS-UDD<\/span>\n\t\t\t\t\t<span class=\"person-card__cta\">Ver perfil<\/span>\n\t\t<\/div>\n\t<\/a>\n<\/div>\n\t\t\t\t\t<div class=\"person-card\">\n\t<a href=\"https:\/\/gobierno.udd.cl\/cips\/persona\/camilo-cararo-pavez\/\"\n\t\tclass=\"person-card__inner js-person-modal\"\n\t\tdata-post-id=\"4194\"\n\t\tdata-postid=\"4194\"\n\t>\n\t\t\t<div class=\"person-card__media\">\n\t\t\t<img loading=\"lazy\" decoding=\"async\" width=\"500\" height=\"500\" src=\"https:\/\/gobierno.udd.cl\/cips\/files\/2026\/01\/ccararo-62x62.jpg\" class=\"person-card__image wp-post-image lazyload\" alt=\"\" sizes=\"auto, (max-width: 500px) 100vw, 500px\" data-src=\"https:\/\/gobierno.udd.cl\/cips\/files\/2026\/01\/ccararo-500x500.jpg\" data-srcset=\"https:\/\/gobierno.udd.cl\/cips\/files\/2026\/01\/ccararo-500x500.jpg 500w, https:\/\/gobierno.udd.cl\/cips\/files\/2026\/01\/ccararo-150x150.jpg 150w, https:\/\/gobierno.udd.cl\/cips\/files\/2026\/01\/ccararo-62x62.jpg 62w, https:\/\/gobierno.udd.cl\/cips\/files\/2026\/01\/ccararo-250x250.jpg 250w, https:\/\/gobierno.udd.cl\/cips\/files\/2026\/01\/ccararo-126x126.jpg 126w\" \/>\t\t<\/div>\n\t\t\t<div class=\"person-card__content\">\n\t\t\t<h3 class=\"person-card__name\">Camilo Cararo Pavez<\/h3>\n\t\t\t\t\t<span class=\"person-card__description\">Periodista<\/span>\n\t\t\t\t\t<span class=\"person-card__cta\">Ver perfil<\/span>\n\t\t<\/div>\n\t<\/a>\n<\/div>\n\t\t\t\t\t<div class=\"person-card\">\n\t<a href=\"https:\/\/gobierno.udd.cl\/cips\/persona\/paulina-navarro\/\"\n\t\tclass=\"person-card__inner js-person-modal\"\n\t\tdata-post-id=\"4319\"\n\t\tdata-postid=\"4319\"\n\t>\n\t\t\t<div class=\"person-card__media\">\n\t\t\t<img loading=\"lazy\" decoding=\"async\" width=\"500\" height=\"500\" src=\"https:\/\/gobierno.udd.cl\/cips\/files\/2026\/04\/image-1-62x62.png\" class=\"person-card__image wp-post-image lazyload\" alt=\"\" sizes=\"auto, (max-width: 500px) 100vw, 500px\" data-src=\"https:\/\/gobierno.udd.cl\/cips\/files\/2026\/04\/image-1-500x500.png\" data-srcset=\"https:\/\/gobierno.udd.cl\/cips\/files\/2026\/04\/image-1-500x500.png 500w, https:\/\/gobierno.udd.cl\/cips\/files\/2026\/04\/image-1-150x150.png 150w, https:\/\/gobierno.udd.cl\/cips\/files\/2026\/04\/image-1-62x62.png 62w, https:\/\/gobierno.udd.cl\/cips\/files\/2026\/04\/image-1-250x250.png 250w, https:\/\/gobierno.udd.cl\/cips\/files\/2026\/04\/image-1-126x126.png 126w\" \/>\t\t<\/div>\n\t\t\t<div class=\"person-card__content\">\n\t\t\t<h3 class=\"person-card__name\">Paulina  Navarro<\/h3>\n\t\t\t\t\t<span class=\"person-card__description\">Coordinadora CIPS-UDD<\/span>\n\t\t\t\t\t<span class=\"person-card__cta\">Ver perfil<\/span>\n\t\t<\/div>\n\t<\/a>\n<\/div>\n\t\t\t\t\t<div class=\"person-card\">\n\t<a href=\"https:\/\/gobierno.udd.cl\/cips\/persona\/michelle-paraud\/\"\n\t\tclass=\"person-card__inner js-person-modal\"\n\t\tdata-post-id=\"4321\"\n\t\tdata-postid=\"4321\"\n\t>\n\t\t\t<div class=\"person-card__media\">\n\t\t\t<img loading=\"lazy\" decoding=\"async\" width=\"500\" height=\"500\" src=\"https:\/\/gobierno.udd.cl\/cips\/files\/2026\/04\/image-62x62.png\" class=\"person-card__image wp-post-image lazyload\" alt=\"\" sizes=\"auto, (max-width: 500px) 100vw, 500px\" data-src=\"https:\/\/gobierno.udd.cl\/cips\/files\/2026\/04\/image-500x500.png\" data-srcset=\"https:\/\/gobierno.udd.cl\/cips\/files\/2026\/04\/image-500x500.png 500w, https:\/\/gobierno.udd.cl\/cips\/files\/2026\/04\/image-150x150.png 150w, https:\/\/gobierno.udd.cl\/cips\/files\/2026\/04\/image-62x62.png 62w, https:\/\/gobierno.udd.cl\/cips\/files\/2026\/04\/image-250x250.png 250w, https:\/\/gobierno.udd.cl\/cips\/files\/2026\/04\/image-126x126.png 126w\" \/>\t\t<\/div>\n\t\t\t<div class=\"person-card__content\">\n\t\t\t<h3 class=\"person-card__name\">Michelle  Paraud<\/h3>\n\t\t\t\t\t<span class=\"person-card__description\">Coordinadora CIPS-UDD<\/span>\n\t\t\t\t\t<span class=\"person-card__cta\">Ver perfil<\/span>\n\t\t<\/div>\n\t<\/a>\n<\/div>\n\t\t\t\t<\/div>\n\t<\/div>\n<\/section>\n","protected":false},"excerpt":{"rendered":"","protected":false},"author":9192222,"featured_media":0,"parent":0,"menu_order":0,"comment_status":"closed","ping_status":"closed","template":"","meta":{"footnotes":""},"class_list":["post-68","page","type-page","status-publish","hentry"],"yoast_head":"<!-- This site is optimized with the Yoast SEO plugin v26.9 - https:\/\/yoast.com\/product\/yoast-seo-wordpress\/ -->\n<title>Equipo CIPS - Centro de Pol\u00edticas P\u00fablicas e Innovaci\u00f3n en Salud<\/title>\n<meta name=\"robots\" content=\"index, follow, max-snippet:-1, max-image-preview:large, max-video-preview:-1\" \/>\n<link rel=\"canonical\" href=\"https:\/\/gobierno.udd.cl\/cips\/equipo-cips-2\/\" \/>\n<meta property=\"og:locale\" content=\"es_ES\" \/>\n<meta property=\"og:type\" content=\"article\" \/>\n<meta property=\"og:title\" content=\"Equipo CIPS - Centro de Pol\u00edticas P\u00fablicas e Innovaci\u00f3n en Salud\" \/>\n<meta property=\"og:url\" content=\"https:\/\/gobierno.udd.cl\/cips\/equipo-cips-2\/\" \/>\n<meta property=\"og:site_name\" content=\"Centro de Pol\u00edticas P\u00fablicas e Innovaci\u00f3n en Salud\" \/>\n<meta property=\"article:publisher\" content=\"https:\/\/www.facebook.com\/CIPS.UDD\" \/>\n<meta property=\"article:modified_time\" content=\"2026-04-06T19:39:26+00:00\" \/>\n<meta name=\"twitter:card\" content=\"summary_large_image\" \/>\n<meta name=\"twitter:site\" content=\"@CIPS_UDD\" \/>\n<meta name=\"twitter:label1\" content=\"Tiempo de lectura\" \/>\n\t<meta name=\"twitter:data1\" content=\"1 minuto\" \/>\n<script type=\"application\/ld+json\" class=\"yoast-schema-graph\">{\"@context\":\"https:\/\/schema.org\",\"@graph\":[{\"@type\":\"WebPage\",\"@id\":\"https:\/\/gobierno.udd.cl\/cips\/equipo-cips-2\/\",\"url\":\"https:\/\/gobierno.udd.cl\/cips\/equipo-cips-2\/\",\"name\":\"Equipo CIPS - Centro de Pol\u00edticas P\u00fablicas e Innovaci\u00f3n en Salud\",\"isPartOf\":{\"@id\":\"https:\/\/gobierno.udd.cl\/cips\/#website\"},\"datePublished\":\"2022-05-04T19:45:22+00:00\",\"dateModified\":\"2026-04-06T19:39:26+00:00\",\"breadcrumb\":{\"@id\":\"https:\/\/gobierno.udd.cl\/cips\/equipo-cips-2\/#breadcrumb\"},\"inLanguage\":\"es\",\"potentialAction\":[{\"@type\":\"ReadAction\",\"target\":[\"https:\/\/gobierno.udd.cl\/cips\/equipo-cips-2\/\"]}]},{\"@type\":\"BreadcrumbList\",\"@id\":\"https:\/\/gobierno.udd.cl\/cips\/equipo-cips-2\/#breadcrumb\",\"itemListElement\":[{\"@type\":\"ListItem\",\"position\":1,\"name\":\"Portada\",\"item\":\"https:\/\/gobierno.udd.cl\/cips\/\"},{\"@type\":\"ListItem\",\"position\":2,\"name\":\"Equipo CIPS\"}]},{\"@type\":\"WebSite\",\"@id\":\"https:\/\/gobierno.udd.cl\/cips\/#website\",\"url\":\"https:\/\/gobierno.udd.cl\/cips\/\",\"name\":\"Centro de Pol\u00edticas P\u00fablicas e Innovaci\u00f3n en Salud\",\"description\":\"CIPS-UDD\",\"inLanguage\":\"es\"}]}<\/script>\n<!-- \/ Yoast SEO plugin. -->","yoast_head_json":{"title":"Equipo CIPS - Centro de Pol\u00edticas P\u00fablicas e Innovaci\u00f3n en Salud","robots":{"index":"index","follow":"follow","max-snippet":"max-snippet:-1","max-image-preview":"max-image-preview:large","max-video-preview":"max-video-preview:-1"},"canonical":"https:\/\/gobierno.udd.cl\/cips\/equipo-cips-2\/","og_locale":"es_ES","og_type":"article","og_title":"Equipo CIPS - Centro de Pol\u00edticas P\u00fablicas e Innovaci\u00f3n en Salud","og_url":"https:\/\/gobierno.udd.cl\/cips\/equipo-cips-2\/","og_site_name":"Centro de Pol\u00edticas P\u00fablicas e Innovaci\u00f3n en Salud","article_publisher":"https:\/\/www.facebook.com\/CIPS.UDD","article_modified_time":"2026-04-06T19:39:26+00:00","twitter_card":"summary_large_image","twitter_site":"@CIPS_UDD","twitter_misc":{"Tiempo de lectura":"1 minuto"},"schema":{"@context":"https:\/\/schema.org","@graph":[{"@type":"WebPage","@id":"https:\/\/gobierno.udd.cl\/cips\/equipo-cips-2\/","url":"https:\/\/gobierno.udd.cl\/cips\/equipo-cips-2\/","name":"Equipo CIPS - Centro de Pol\u00edticas P\u00fablicas e Innovaci\u00f3n en Salud","isPartOf":{"@id":"https:\/\/gobierno.udd.cl\/cips\/#website"},"datePublished":"2022-05-04T19:45:22+00:00","dateModified":"2026-04-06T19:39:26+00:00","breadcrumb":{"@id":"https:\/\/gobierno.udd.cl\/cips\/equipo-cips-2\/#breadcrumb"},"inLanguage":"es","potentialAction":[{"@type":"ReadAction","target":["https:\/\/gobierno.udd.cl\/cips\/equipo-cips-2\/"]}]},{"@type":"BreadcrumbList","@id":"https:\/\/gobierno.udd.cl\/cips\/equipo-cips-2\/#breadcrumb","itemListElement":[{"@type":"ListItem","position":1,"name":"Portada","item":"https:\/\/gobierno.udd.cl\/cips\/"},{"@type":"ListItem","position":2,"name":"Equipo CIPS"}]},{"@type":"WebSite","@id":"https:\/\/gobierno.udd.cl\/cips\/#website","url":"https:\/\/gobierno.udd.cl\/cips\/","name":"Centro de Pol\u00edticas P\u00fablicas e Innovaci\u00f3n en Salud","description":"CIPS-UDD","inLanguage":"es"}]}},"_links":{"self":[{"href":"https:\/\/gobierno.udd.cl\/cips\/wp-json\/wp\/v2\/pages\/68","targetHints":{"allow":["GET"]}}],"collection":[{"href":"https:\/\/gobierno.udd.cl\/cips\/wp-json\/wp\/v2\/pages"}],"about":[{"href":"https:\/\/gobierno.udd.cl\/cips\/wp-json\/wp\/v2\/types\/page"}],"author":[{"embeddable":true,"href":"https:\/\/gobierno.udd.cl\/cips\/wp-json\/wp\/v2\/users\/9192222"}],"replies":[{"embeddable":true,"href":"https:\/\/gobierno.udd.cl\/cips\/wp-json\/wp\/v2\/comments?post=68"}],"version-history":[{"count":10,"href":"https:\/\/gobierno.udd.cl\/cips\/wp-json\/wp\/v2\/pages\/68\/revisions"}],"predecessor-version":[{"id":4325,"href":"https:\/\/gobierno.udd.cl\/cips\/wp-json\/wp\/v2\/pages\/68\/revisions\/4325"}],"wp:attachment":[{"href":"https:\/\/gobierno.udd.cl\/cips\/wp-json\/wp\/v2\/media?parent=68"}],"curies":[{"name":"wp","href":"https:\/\/api.w.org\/{rel}","templated":true}]}}