{"id":66,"date":"2022-05-04T19:45:22","date_gmt":"2022-05-04T19:45:22","guid":{"rendered":"https:\/\/gobierno.udd.cl\/cips\/?page_id=66"},"modified":"2026-02-16T12:17:39","modified_gmt":"2026-02-16T15:17:39","slug":"quienes-somos-2","status":"publish","type":"page","link":"https:\/\/gobierno.udd.cl\/cips\/quienes-somos-2\/","title":{"rendered":"Qui\u00e9nes somos"},"content":{"rendered":"\n<figure class=\"wp-block-image aligncenter size-large\"><img loading=\"lazy\" decoding=\"async\" width=\"1024\" height=\"691\" src=\"https:\/\/gobierno.udd.cl\/cips\/files\/2026\/01\/ddb799f3-3089-4ab2-8529-92deaa2b42f9-1024x691.jpg\" alt=\"\" class=\"wp-image-4206\" srcset=\"https:\/\/gobierno.udd.cl\/cips\/files\/2026\/01\/ddb799f3-3089-4ab2-8529-92deaa2b42f9-1024x691.jpg 1024w, https:\/\/gobierno.udd.cl\/cips\/files\/2026\/01\/ddb799f3-3089-4ab2-8529-92deaa2b42f9-300x203.jpg 300w, https:\/\/gobierno.udd.cl\/cips\/files\/2026\/01\/ddb799f3-3089-4ab2-8529-92deaa2b42f9-768x518.jpg 768w, https:\/\/gobierno.udd.cl\/cips\/files\/2026\/01\/ddb799f3-3089-4ab2-8529-92deaa2b42f9.jpg 1280w\" sizes=\"auto, (max-width: 1024px) 100vw, 1024px\" \/><\/figure>\n\n\n<!-- WP Block: UDD - People -->\n<section class=\"wp-block-udd-people \">\n\t<div class=\"container\">\n\t\t\t\t<header class=\"block__header\">\n\t\t\t\t\t\t\t\n<h2 class=\"wp-block-heading\">Equipo cips<\/h2>\n\t\t\t\t\t\t\t\t<\/header>\n\t\t\t\t<div class=\"people-cards\">\n\t\t\t\t\t<div class=\"person-card\">\n\t<a href=\"https:\/\/gobierno.udd.cl\/cips\/persona\/paula-daza-narbona\/\"\n\t\tclass=\"person-card__inner js-person-modal\"\n\t\tdata-post-id=\"9\"\n\t\tdata-postid=\"9\"\n\t>\n\t\t\t<div class=\"person-card__media\">\n\t\t\t<img loading=\"lazy\" decoding=\"async\" width=\"500\" height=\"500\" src=\"https:\/\/gobierno.udd.cl\/cips\/files\/2022\/04\/Cips_IMG_2708-62x62.jpg\" class=\"person-card__image wp-post-image lazyload\" alt=\"\" sizes=\"auto, (max-width: 500px) 100vw, 500px\" data-src=\"https:\/\/gobierno.udd.cl\/cips\/files\/2022\/04\/Cips_IMG_2708-500x500.jpg\" data-srcset=\"https:\/\/gobierno.udd.cl\/cips\/files\/2022\/04\/Cips_IMG_2708-500x500.jpg 500w, https:\/\/gobierno.udd.cl\/cips\/files\/2022\/04\/Cips_IMG_2708-150x150.jpg 150w, https:\/\/gobierno.udd.cl\/cips\/files\/2022\/04\/Cips_IMG_2708-62x62.jpg 62w, https:\/\/gobierno.udd.cl\/cips\/files\/2022\/04\/Cips_IMG_2708-750x750.jpg 750w, https:\/\/gobierno.udd.cl\/cips\/files\/2022\/04\/Cips_IMG_2708-250x250.jpg 250w, https:\/\/gobierno.udd.cl\/cips\/files\/2022\/04\/Cips_IMG_2708-126x126.jpg 126w\" \/>\t\t<\/div>\n\t\t\t<div class=\"person-card__content\">\n\t\t\t<h3 class=\"person-card__name\">Paula Daza Narbona<\/h3>\n\t\t\t\t\t<span class=\"person-card__description\">Directora Ejecutiva<\/span>\n\t\t\t\t\t<span class=\"person-card__cta\">Ver perfil<\/span>\n\t\t<\/div>\n\t<\/a>\n<\/div>\n\t\t\t\t\t<div class=\"person-card\">\n\t<a href=\"https:\/\/gobierno.udd.cl\/cips\/persona\/elvira-tagle-schmidt\/\"\n\t\tclass=\"person-card__inner js-person-modal\"\n\t\tdata-post-id=\"3531\"\n\t\tdata-postid=\"3531\"\n\t>\n\t\t\t<div class=\"person-card__media\">\n\t\t\t<img loading=\"lazy\" decoding=\"async\" width=\"415\" height=\"316\" src=\"https:\/\/gobierno.udd.cl\/cips\/files\/2024\/12\/whatsapp-image-2024-12-02-at-13-51-46-62x62.jpeg\" class=\"person-card__image wp-post-image lazyload\" alt=\"\" sizes=\"auto, (max-width: 415px) 100vw, 415px\" data-src=\"https:\/\/gobierno.udd.cl\/cips\/files\/2024\/12\/whatsapp-image-2024-12-02-at-13-51-46.jpeg\" data-srcset=\"https:\/\/gobierno.udd.cl\/cips\/files\/2024\/12\/whatsapp-image-2024-12-02-at-13-51-46.jpeg 415w, https:\/\/gobierno.udd.cl\/cips\/files\/2024\/12\/whatsapp-image-2024-12-02-at-13-51-46-300x228.jpeg 300w, https:\/\/gobierno.udd.cl\/cips\/files\/2024\/12\/whatsapp-image-2024-12-02-at-13-51-46-182x140.jpeg 182w\" \/>\t\t<\/div>\n\t\t\t<div class=\"person-card__content\">\n\t\t\t<h3 class=\"person-card__name\">Elvira  Tagle Schmidt<\/h3>\n\t\t\t\t\t<span class=\"person-card__description\">Coordinadora CIPS-UDD<\/span>\n\t\t\t\t\t<span class=\"person-card__cta\">Ver perfil<\/span>\n\t\t<\/div>\n\t<\/a>\n<\/div>\n\t\t\t\t\t<div class=\"person-card\">\n\t<a href=\"https:\/\/gobierno.udd.cl\/cips\/persona\/noelia-zunino-erlauer\/\"\n\t\tclass=\"person-card__inner js-person-modal\"\n\t\tdata-post-id=\"11\"\n\t\tdata-postid=\"11\"\n\t>\n\t\t\t<div class=\"person-card__media\">\n\t\t\t<img loading=\"lazy\" decoding=\"async\" width=\"484\" height=\"500\" src=\"https:\/\/gobierno.udd.cl\/cips\/files\/2022\/05\/d3472ba6-3312-47c7-bafa-2d05a641a5ae-e1733428395584-62x62.jpg\" class=\"person-card__image wp-post-image lazyload\" alt=\"\" data-src=\"https:\/\/gobierno.udd.cl\/cips\/files\/2022\/05\/d3472ba6-3312-47c7-bafa-2d05a641a5ae-e1733428395584-484x500.jpg\" \/>\t\t<\/div>\n\t\t\t<div class=\"person-card__content\">\n\t\t\t<h3 class=\"person-card__name\">Noelia Zunino Erlauer<\/h3>\n\t\t\t\t\t<span class=\"person-card__description\">Directora de Comunicaciones CIPS<\/span>\n\t\t\t\t\t<span class=\"person-card__cta\">Ver perfil<\/span>\n\t\t<\/div>\n\t<\/a>\n<\/div>\n\t\t\t\t\t<div class=\"person-card\">\n\t<a href=\"https:\/\/gobierno.udd.cl\/cips\/persona\/camilo-cararo-pavez\/\"\n\t\tclass=\"person-card__inner js-person-modal\"\n\t\tdata-post-id=\"4194\"\n\t\tdata-postid=\"4194\"\n\t>\n\t\t\t<div class=\"person-card__media\">\n\t\t\t<img loading=\"lazy\" decoding=\"async\" width=\"500\" height=\"500\" src=\"https:\/\/gobierno.udd.cl\/cips\/files\/2026\/01\/ccararo-62x62.jpg\" class=\"person-card__image wp-post-image lazyload\" alt=\"\" sizes=\"auto, (max-width: 500px) 100vw, 500px\" data-src=\"https:\/\/gobierno.udd.cl\/cips\/files\/2026\/01\/ccararo-500x500.jpg\" data-srcset=\"https:\/\/gobierno.udd.cl\/cips\/files\/2026\/01\/ccararo-500x500.jpg 500w, https:\/\/gobierno.udd.cl\/cips\/files\/2026\/01\/ccararo-150x150.jpg 150w, https:\/\/gobierno.udd.cl\/cips\/files\/2026\/01\/ccararo-62x62.jpg 62w, https:\/\/gobierno.udd.cl\/cips\/files\/2026\/01\/ccararo-250x250.jpg 250w, https:\/\/gobierno.udd.cl\/cips\/files\/2026\/01\/ccararo-126x126.jpg 126w\" \/>\t\t<\/div>\n\t\t\t<div class=\"person-card__content\">\n\t\t\t<h3 class=\"person-card__name\">Camilo Cararo Pavez<\/h3>\n\t\t\t\t\t<span class=\"person-card__description\">Periodista<\/span>\n\t\t\t\t\t<span class=\"person-card__cta\">Ver perfil<\/span>\n\t\t<\/div>\n\t<\/a>\n<\/div>\n\t\t\t\t<\/div>\n\t<\/div>\n<\/section>\n\n\n<!-- WP Block: UDD - People -->\n<section class=\"wp-block-udd-people block--bg-gray \">\n\t<div class=\"container\">\n\t\t\t\t<header class=\"block__header\">\n\t\t\t\t\t\t\t\n<h2 class=\"wp-block-heading\">Comit\u00e9 Ejecutivo<\/h2>\n\t\t\t\t\t\t\t\t<\/header>\n\t\t\t\t<div class=\"people-cards\">\n\t\t\t\t\t<div class=\"person-card\">\n\t<a href=\"https:\/\/gobierno.udd.cl\/cips\/persona\/vesna-mandakovic\/\"\n\t\tclass=\"person-card__inner js-person-modal\"\n\t\tdata-post-id=\"98\"\n\t\tdata-postid=\"98\"\n\t>\n\t\t\t<div class=\"person-card__media\">\n\t\t\t<img loading=\"lazy\" decoding=\"async\" width=\"500\" height=\"500\" src=\"https:\/\/gobierno.udd.cl\/cips\/files\/2022\/05\/Cips_IMG_2699-62x62.jpg\" class=\"person-card__image wp-post-image lazyload\" alt=\"\" sizes=\"auto, (max-width: 500px) 100vw, 500px\" data-src=\"https:\/\/gobierno.udd.cl\/cips\/files\/2022\/05\/Cips_IMG_2699-500x500.jpg\" data-srcset=\"https:\/\/gobierno.udd.cl\/cips\/files\/2022\/05\/Cips_IMG_2699-500x500.jpg 500w, https:\/\/gobierno.udd.cl\/cips\/files\/2022\/05\/Cips_IMG_2699-150x150.jpg 150w, https:\/\/gobierno.udd.cl\/cips\/files\/2022\/05\/Cips_IMG_2699-62x62.jpg 62w, https:\/\/gobierno.udd.cl\/cips\/files\/2022\/05\/Cips_IMG_2699-750x750.jpg 750w, https:\/\/gobierno.udd.cl\/cips\/files\/2022\/05\/Cips_IMG_2699-250x250.jpg 250w, https:\/\/gobierno.udd.cl\/cips\/files\/2022\/05\/Cips_IMG_2699-126x126.jpg 126w\" \/>\t\t<\/div>\n\t\t\t<div class=\"person-card__content\">\n\t\t\t<h3 class=\"person-card__name\">Vesna Mandakovic<\/h3>\n\t\t\t\t\t<span class=\"person-card__cta\">Ver perfil<\/span>\n\t\t<\/div>\n\t<\/a>\n<\/div>\n\t\t\t\t\t<div class=\"person-card\">\n\t<a href=\"https:\/\/gobierno.udd.cl\/cips\/persona\/marcelo-mosso\/\"\n\t\tclass=\"person-card__inner js-person-modal\"\n\t\tdata-post-id=\"130\"\n\t\tdata-postid=\"130\"\n\t>\n\t\t\t<div class=\"person-card__media\">\n\t\t\t<img loading=\"lazy\" decoding=\"async\" width=\"500\" height=\"500\" src=\"https:\/\/gobierno.udd.cl\/cips\/files\/2022\/05\/Cips_IMG_2678-62x62.jpg\" class=\"person-card__image wp-post-image lazyload\" alt=\"\" sizes=\"auto, (max-width: 500px) 100vw, 500px\" data-src=\"https:\/\/gobierno.udd.cl\/cips\/files\/2022\/05\/Cips_IMG_2678-500x500.jpg\" data-srcset=\"https:\/\/gobierno.udd.cl\/cips\/files\/2022\/05\/Cips_IMG_2678-500x500.jpg 500w, https:\/\/gobierno.udd.cl\/cips\/files\/2022\/05\/Cips_IMG_2678-150x150.jpg 150w, https:\/\/gobierno.udd.cl\/cips\/files\/2022\/05\/Cips_IMG_2678-62x62.jpg 62w, https:\/\/gobierno.udd.cl\/cips\/files\/2022\/05\/Cips_IMG_2678-750x750.jpg 750w, https:\/\/gobierno.udd.cl\/cips\/files\/2022\/05\/Cips_IMG_2678-250x250.jpg 250w, https:\/\/gobierno.udd.cl\/cips\/files\/2022\/05\/Cips_IMG_2678-126x126.jpg 126w\" \/>\t\t<\/div>\n\t\t\t<div class=\"person-card__content\">\n\t\t\t<h3 class=\"person-card__name\">Marcelo Mosso<\/h3>\n\t\t\t\t\t<span class=\"person-card__cta\">Ver perfil<\/span>\n\t\t<\/div>\n\t<\/a>\n<\/div>\n\t\t\t\t\t<div class=\"person-card\">\n\t<a href=\"https:\/\/gobierno.udd.cl\/cips\/persona\/ricardo-ronco\/\"\n\t\tclass=\"person-card__inner js-person-modal\"\n\t\tdata-post-id=\"149\"\n\t\tdata-postid=\"149\"\n\t>\n\t\t\t<div class=\"person-card__media\">\n\t\t\t<img loading=\"lazy\" decoding=\"async\" width=\"500\" height=\"500\" src=\"https:\/\/gobierno.udd.cl\/cips\/files\/2022\/05\/WhatsApp-Image-2022-05-05-at-4.34.34-PM-62x62.jpeg\" class=\"person-card__image wp-post-image lazyload\" alt=\"\" sizes=\"auto, (max-width: 500px) 100vw, 500px\" data-src=\"https:\/\/gobierno.udd.cl\/cips\/files\/2022\/05\/WhatsApp-Image-2022-05-05-at-4.34.34-PM-500x500.jpeg\" data-srcset=\"https:\/\/gobierno.udd.cl\/cips\/files\/2022\/05\/WhatsApp-Image-2022-05-05-at-4.34.34-PM-500x500.jpeg 500w, https:\/\/gobierno.udd.cl\/cips\/files\/2022\/05\/WhatsApp-Image-2022-05-05-at-4.34.34-PM-300x300.jpeg 300w, https:\/\/gobierno.udd.cl\/cips\/files\/2022\/05\/WhatsApp-Image-2022-05-05-at-4.34.34-PM-1024x1024.jpeg 1024w, https:\/\/gobierno.udd.cl\/cips\/files\/2022\/05\/WhatsApp-Image-2022-05-05-at-4.34.34-PM-150x150.jpeg 150w, https:\/\/gobierno.udd.cl\/cips\/files\/2022\/05\/WhatsApp-Image-2022-05-05-at-4.34.34-PM-768x768.jpeg 768w, https:\/\/gobierno.udd.cl\/cips\/files\/2022\/05\/WhatsApp-Image-2022-05-05-at-4.34.34-PM-62x62.jpeg 62w, https:\/\/gobierno.udd.cl\/cips\/files\/2022\/05\/WhatsApp-Image-2022-05-05-at-4.34.34-PM-750x750.jpeg 750w, https:\/\/gobierno.udd.cl\/cips\/files\/2022\/05\/WhatsApp-Image-2022-05-05-at-4.34.34-PM-250x250.jpeg 250w, https:\/\/gobierno.udd.cl\/cips\/files\/2022\/05\/WhatsApp-Image-2022-05-05-at-4.34.34-PM-126x126.jpeg 126w, https:\/\/gobierno.udd.cl\/cips\/files\/2022\/05\/WhatsApp-Image-2022-05-05-at-4.34.34-PM.jpeg 1280w\" \/>\t\t<\/div>\n\t\t\t<div class=\"person-card__content\">\n\t\t\t<h3 class=\"person-card__name\">Ricardo Ronco<\/h3>\n\t\t\t\t\t<span class=\"person-card__cta\">Ver perfil<\/span>\n\t\t<\/div>\n\t<\/a>\n<\/div>\n\t\t\t\t\t<div class=\"person-card\">\n\t<a href=\"https:\/\/gobierno.udd.cl\/cips\/persona\/emilio-santelices\/\"\n\t\tclass=\"person-card__inner js-person-modal\"\n\t\tdata-post-id=\"161\"\n\t\tdata-postid=\"161\"\n\t>\n\t\t\t<div class=\"person-card__media\">\n\t\t\t<img loading=\"lazy\" decoding=\"async\" width=\"500\" height=\"500\" src=\"https:\/\/gobierno.udd.cl\/cips\/files\/2022\/05\/emiliosantelices-62x62.jpg\" class=\"person-card__image wp-post-image lazyload\" alt=\"\" sizes=\"auto, (max-width: 500px) 100vw, 500px\" data-src=\"https:\/\/gobierno.udd.cl\/cips\/files\/2022\/05\/emiliosantelices-500x500.jpg\" data-srcset=\"https:\/\/gobierno.udd.cl\/cips\/files\/2022\/05\/emiliosantelices-500x500.jpg 500w, https:\/\/gobierno.udd.cl\/cips\/files\/2022\/05\/emiliosantelices-150x150.jpg 150w, https:\/\/gobierno.udd.cl\/cips\/files\/2022\/05\/emiliosantelices-62x62.jpg 62w, https:\/\/gobierno.udd.cl\/cips\/files\/2022\/05\/emiliosantelices-750x750.jpg 750w, https:\/\/gobierno.udd.cl\/cips\/files\/2022\/05\/emiliosantelices-250x250.jpg 250w, https:\/\/gobierno.udd.cl\/cips\/files\/2022\/05\/emiliosantelices-126x126.jpg 126w\" \/>\t\t<\/div>\n\t\t\t<div class=\"person-card__content\">\n\t\t\t<h3 class=\"person-card__name\">Emilio Santelices<\/h3>\n\t\t\t\t\t<span class=\"person-card__cta\">Ver perfil<\/span>\n\t\t<\/div>\n\t<\/a>\n<\/div>\n\t\t\t\t<\/div>\n\t<\/div>\n<\/section>\n","protected":false},"excerpt":{"rendered":"","protected":false},"author":9192222,"featured_media":0,"parent":0,"menu_order":0,"comment_status":"closed","ping_status":"closed","template":"","meta":{"footnotes":""},"class_list":["post-66","page","type-page","status-publish","hentry"],"yoast_head":"<!-- This site is optimized with the Yoast SEO plugin v26.9 - https:\/\/yoast.com\/product\/yoast-seo-wordpress\/ -->\n<title>Qui\u00e9nes somos - Centro de Pol\u00edticas P\u00fablicas e Innovaci\u00f3n en Salud<\/title>\n<meta name=\"robots\" content=\"index, follow, max-snippet:-1, max-image-preview:large, max-video-preview:-1\" \/>\n<link rel=\"canonical\" href=\"https:\/\/gobierno.udd.cl\/cips\/quienes-somos-2\/\" \/>\n<meta property=\"og:locale\" content=\"es_ES\" \/>\n<meta property=\"og:type\" content=\"article\" \/>\n<meta property=\"og:title\" content=\"Qui\u00e9nes somos - Centro de Pol\u00edticas P\u00fablicas e Innovaci\u00f3n en Salud\" \/>\n<meta property=\"og:url\" content=\"https:\/\/gobierno.udd.cl\/cips\/quienes-somos-2\/\" \/>\n<meta property=\"og:site_name\" content=\"Centro de Pol\u00edticas P\u00fablicas e Innovaci\u00f3n en Salud\" \/>\n<meta property=\"article:publisher\" content=\"https:\/\/www.facebook.com\/CIPS.UDD\" \/>\n<meta property=\"article:modified_time\" content=\"2026-02-16T15:17:39+00:00\" \/>\n<meta property=\"og:image\" content=\"https:\/\/gobierno.udd.cl\/cips\/files\/2026\/01\/ddb799f3-3089-4ab2-8529-92deaa2b42f9.jpg\" \/>\n\t<meta property=\"og:image:width\" content=\"1280\" \/>\n\t<meta property=\"og:image:height\" content=\"864\" \/>\n\t<meta property=\"og:image:type\" content=\"image\/jpeg\" \/>\n<meta name=\"twitter:card\" content=\"summary_large_image\" \/>\n<meta name=\"twitter:site\" content=\"@CIPS_UDD\" \/>\n<meta name=\"twitter:label1\" content=\"Tiempo de lectura\" \/>\n\t<meta name=\"twitter:data1\" content=\"1 minuto\" \/>\n<script type=\"application\/ld+json\" class=\"yoast-schema-graph\">{\"@context\":\"https:\/\/schema.org\",\"@graph\":[{\"@type\":\"WebPage\",\"@id\":\"https:\/\/gobierno.udd.cl\/cips\/quienes-somos-2\/\",\"url\":\"https:\/\/gobierno.udd.cl\/cips\/quienes-somos-2\/\",\"name\":\"Qui\u00e9nes somos - Centro de Pol\u00edticas P\u00fablicas e Innovaci\u00f3n en Salud\",\"isPartOf\":{\"@id\":\"https:\/\/gobierno.udd.cl\/cips\/#website\"},\"primaryImageOfPage\":{\"@id\":\"https:\/\/gobierno.udd.cl\/cips\/quienes-somos-2\/#primaryimage\"},\"image\":{\"@id\":\"https:\/\/gobierno.udd.cl\/cips\/quienes-somos-2\/#primaryimage\"},\"thumbnailUrl\":\"https:\/\/gobierno.udd.cl\/cips\/files\/2026\/01\/ddb799f3-3089-4ab2-8529-92deaa2b42f9-1024x691.jpg\",\"datePublished\":\"2022-05-04T19:45:22+00:00\",\"dateModified\":\"2026-02-16T15:17:39+00:00\",\"breadcrumb\":{\"@id\":\"https:\/\/gobierno.udd.cl\/cips\/quienes-somos-2\/#breadcrumb\"},\"inLanguage\":\"es\",\"potentialAction\":[{\"@type\":\"ReadAction\",\"target\":[\"https:\/\/gobierno.udd.cl\/cips\/quienes-somos-2\/\"]}]},{\"@type\":\"ImageObject\",\"inLanguage\":\"es\",\"@id\":\"https:\/\/gobierno.udd.cl\/cips\/quienes-somos-2\/#primaryimage\",\"url\":\"https:\/\/gobierno.udd.cl\/cips\/files\/2026\/01\/ddb799f3-3089-4ab2-8529-92deaa2b42f9.jpg\",\"contentUrl\":\"https:\/\/gobierno.udd.cl\/cips\/files\/2026\/01\/ddb799f3-3089-4ab2-8529-92deaa2b42f9.jpg\",\"width\":1280,\"height\":864},{\"@type\":\"BreadcrumbList\",\"@id\":\"https:\/\/gobierno.udd.cl\/cips\/quienes-somos-2\/#breadcrumb\",\"itemListElement\":[{\"@type\":\"ListItem\",\"position\":1,\"name\":\"Portada\",\"item\":\"https:\/\/gobierno.udd.cl\/cips\/\"},{\"@type\":\"ListItem\",\"position\":2,\"name\":\"Qui\u00e9nes somos\"}]},{\"@type\":\"WebSite\",\"@id\":\"https:\/\/gobierno.udd.cl\/cips\/#website\",\"url\":\"https:\/\/gobierno.udd.cl\/cips\/\",\"name\":\"Centro de Pol\u00edticas P\u00fablicas e Innovaci\u00f3n en Salud\",\"description\":\"CIPS-UDD\",\"inLanguage\":\"es\"}]}<\/script>\n<!-- \/ Yoast SEO plugin. -->","yoast_head_json":{"title":"Qui\u00e9nes somos - Centro de Pol\u00edticas P\u00fablicas e Innovaci\u00f3n en Salud","robots":{"index":"index","follow":"follow","max-snippet":"max-snippet:-1","max-image-preview":"max-image-preview:large","max-video-preview":"max-video-preview:-1"},"canonical":"https:\/\/gobierno.udd.cl\/cips\/quienes-somos-2\/","og_locale":"es_ES","og_type":"article","og_title":"Qui\u00e9nes somos - Centro de Pol\u00edticas P\u00fablicas e Innovaci\u00f3n en Salud","og_url":"https:\/\/gobierno.udd.cl\/cips\/quienes-somos-2\/","og_site_name":"Centro de Pol\u00edticas P\u00fablicas e Innovaci\u00f3n en Salud","article_publisher":"https:\/\/www.facebook.com\/CIPS.UDD","article_modified_time":"2026-02-16T15:17:39+00:00","og_image":[{"width":1280,"height":864,"url":"https:\/\/gobierno.udd.cl\/cips\/files\/2026\/01\/ddb799f3-3089-4ab2-8529-92deaa2b42f9.jpg","type":"image\/jpeg"}],"twitter_card":"summary_large_image","twitter_site":"@CIPS_UDD","twitter_misc":{"Tiempo de lectura":"1 minuto"},"schema":{"@context":"https:\/\/schema.org","@graph":[{"@type":"WebPage","@id":"https:\/\/gobierno.udd.cl\/cips\/quienes-somos-2\/","url":"https:\/\/gobierno.udd.cl\/cips\/quienes-somos-2\/","name":"Qui\u00e9nes somos - Centro de Pol\u00edticas P\u00fablicas e Innovaci\u00f3n en Salud","isPartOf":{"@id":"https:\/\/gobierno.udd.cl\/cips\/#website"},"primaryImageOfPage":{"@id":"https:\/\/gobierno.udd.cl\/cips\/quienes-somos-2\/#primaryimage"},"image":{"@id":"https:\/\/gobierno.udd.cl\/cips\/quienes-somos-2\/#primaryimage"},"thumbnailUrl":"https:\/\/gobierno.udd.cl\/cips\/files\/2026\/01\/ddb799f3-3089-4ab2-8529-92deaa2b42f9-1024x691.jpg","datePublished":"2022-05-04T19:45:22+00:00","dateModified":"2026-02-16T15:17:39+00:00","breadcrumb":{"@id":"https:\/\/gobierno.udd.cl\/cips\/quienes-somos-2\/#breadcrumb"},"inLanguage":"es","potentialAction":[{"@type":"ReadAction","target":["https:\/\/gobierno.udd.cl\/cips\/quienes-somos-2\/"]}]},{"@type":"ImageObject","inLanguage":"es","@id":"https:\/\/gobierno.udd.cl\/cips\/quienes-somos-2\/#primaryimage","url":"https:\/\/gobierno.udd.cl\/cips\/files\/2026\/01\/ddb799f3-3089-4ab2-8529-92deaa2b42f9.jpg","contentUrl":"https:\/\/gobierno.udd.cl\/cips\/files\/2026\/01\/ddb799f3-3089-4ab2-8529-92deaa2b42f9.jpg","width":1280,"height":864},{"@type":"BreadcrumbList","@id":"https:\/\/gobierno.udd.cl\/cips\/quienes-somos-2\/#breadcrumb","itemListElement":[{"@type":"ListItem","position":1,"name":"Portada","item":"https:\/\/gobierno.udd.cl\/cips\/"},{"@type":"ListItem","position":2,"name":"Qui\u00e9nes somos"}]},{"@type":"WebSite","@id":"https:\/\/gobierno.udd.cl\/cips\/#website","url":"https:\/\/gobierno.udd.cl\/cips\/","name":"Centro de Pol\u00edticas P\u00fablicas e Innovaci\u00f3n en Salud","description":"CIPS-UDD","inLanguage":"es"}]}},"_links":{"self":[{"href":"https:\/\/gobierno.udd.cl\/cips\/wp-json\/wp\/v2\/pages\/66","targetHints":{"allow":["GET"]}}],"collection":[{"href":"https:\/\/gobierno.udd.cl\/cips\/wp-json\/wp\/v2\/pages"}],"about":[{"href":"https:\/\/gobierno.udd.cl\/cips\/wp-json\/wp\/v2\/types\/page"}],"author":[{"embeddable":true,"href":"https:\/\/gobierno.udd.cl\/cips\/wp-json\/wp\/v2\/users\/9192222"}],"replies":[{"embeddable":true,"href":"https:\/\/gobierno.udd.cl\/cips\/wp-json\/wp\/v2\/comments?post=66"}],"version-history":[{"count":14,"href":"https:\/\/gobierno.udd.cl\/cips\/wp-json\/wp\/v2\/pages\/66\/revisions"}],"predecessor-version":[{"id":4221,"href":"https:\/\/gobierno.udd.cl\/cips\/wp-json\/wp\/v2\/pages\/66\/revisions\/4221"}],"wp:attachment":[{"href":"https:\/\/gobierno.udd.cl\/cips\/wp-json\/wp\/v2\/media?parent=66"}],"curies":[{"name":"wp","href":"https:\/\/api.w.org\/{rel}","templated":true}]}}