{"id":29,"date":"2022-04-13T20:25:39","date_gmt":"2022-04-13T20:25:39","guid":{"rendered":"https:\/\/gobierno.udd.cl\/cips\/?page_id=29"},"modified":"2022-06-28T09:58:37","modified_gmt":"2022-06-28T13:58:37","slug":"comunidad-cips","status":"publish","type":"page","link":"https:\/\/gobierno.udd.cl\/cips\/comunidad-cips\/","title":{"rendered":"Comunidad CIPS"},"content":{"rendered":"\n<p>Si te interesan los temas de salud, te invitamos a ser parte de  COMUNIDAD CIPS, en donde podr\u00e1s participar de los consejos ciudadanos que entregar\u00e1n tem\u00e1ticas para abordar como centro y as\u00ed crear material investigativo que sean la base de propuestas p\u00fablicas en salud. <\/p>\n\n\n\n<figure class=\"wp-block-embed-youtube wp-block-embed is-type-video is-provider-youtube wp-embed-aspect-16-9 wp-has-aspect-ratio\"><div class=\"wp-block-embed__wrapper\">\n<iframe loading=\"lazy\" title=\"Testimonios Centro de Pol\u00edticas P\u00fablicas e Innovaci\u00f3n en Salud CIPS UDD\" width=\"500\" height=\"281\" src=\"https:\/\/www.youtube.com\/embed\/R44wQRvNuhI?feature=oembed\" frameborder=\"0\" allow=\"accelerometer; autoplay; clipboard-write; encrypted-media; gyroscope; picture-in-picture; web-share\" referrerpolicy=\"strict-origin-when-cross-origin\" allowfullscreen><\/iframe>\n<\/div><\/figure>\n\n\n\n<p>Siendo parte de la comunidad CIPS, se te informar\u00e1 sobre charlas, seminarios y capacitaciones gratuitas. <\/p>\n\n\n<div id='wufoo-m1mb0y281x77bdv'>\nFill out my <a href='https:\/\/udesarrollo.wufoo.com\/forms\/m1mb0y281x77bdv'>online form<\/a>.\n<\/div>\n<script type='text\/javascript'>var m1mb0y281x77bdv;(function(d, t) {\nvar s = d.createElement(t), options = {\n'userName'      : 'udesarrollo',    \n'formHash'      : 'm1mb0y281x77bdv',    \n'autoResize'    :  true,   \n'height'        : '845',      \n'async'         :  true,          \n'header'        : 'show',      \n'host'          : 'wufoo.com',    \n'entSource'     : 'wordpress',   \n'defaultValues' : ''     \n,'ssl'          :  1           };\ns.src = ('https:' == d.location.protocol ? 'https:\/\/' : 'http:\/\/') + 'secure.wufoo.com\/scripts\/embed\/form.js';\ns.onload = s.onreadystatechange = function() {\nvar rs = this.readyState; if (rs) if (rs != 'complete') if (rs != 'loaded') return;\ntry { m1mb0y281x77bdv = new WufooForm();m1mb0y281x77bdv.initialize(options);m1mb0y281x77bdv.display(); } catch (e) {}}\nvar scr = d.getElementsByTagName(t)[0], par = scr.parentNode; par.insertBefore(s, scr);\n})(document, 'script');<\/script> <noscript> <iframe height=\"845\" allowTransparency=\"true\" sandbox=\"allow-top-navigation allow-scripts allow-popups allow-forms allow-same-origin allow-popups-to-escape-sandbox\" frameborder=\"0\" scrolling=\"no\" style=\"width:100%;border:none;\"src=\"https:\/\/udesarrollo.wufoo.com\/embed\/m1mb0y281x77bdv?entsource=wordpress\"><a href=\"https:\/\/udesarrollo.wufoo.com\/forms\/m1mb0y281x77bdv?entsource=wordpress\" rel=\"nofollow\">Fill out my Wufoo form!<\/a><\/iframe> <\/noscript>\n","protected":false},"excerpt":{"rendered":"<p>Si te interesan los temas de salud, te invitamos a ser parte de COMUNIDAD CIPS, en donde podr\u00e1s participar de los consejos ciudadanos que entregar\u00e1n tem\u00e1ticas para abordar como centro y as\u00ed crear material investigativo que sean la base de propuestas p\u00fablicas en salud. Siendo parte de la comunidad CIPS, se te informar\u00e1 sobre charlas, [&hellip;]<\/p>\n","protected":false},"author":9192222,"featured_media":0,"parent":0,"menu_order":0,"comment_status":"closed","ping_status":"closed","template":"","meta":{"footnotes":""},"class_list":["post-29","page","type-page","status-publish","hentry"],"yoast_head":"<!-- This site is optimized with the Yoast SEO plugin v26.9 - https:\/\/yoast.com\/product\/yoast-seo-wordpress\/ -->\n<title>Comunidad CIPS - Centro de Pol\u00edticas P\u00fablicas e Innovaci\u00f3n en Salud<\/title>\n<meta name=\"robots\" content=\"index, follow, max-snippet:-1, max-image-preview:large, max-video-preview:-1\" \/>\n<link rel=\"canonical\" href=\"https:\/\/gobierno.udd.cl\/cips\/comunidad-cips\/\" \/>\n<meta property=\"og:locale\" content=\"es_ES\" \/>\n<meta property=\"og:type\" content=\"article\" \/>\n<meta property=\"og:title\" content=\"Comunidad CIPS - Centro de Pol\u00edticas P\u00fablicas e Innovaci\u00f3n en Salud\" \/>\n<meta property=\"og:description\" content=\"Si te interesan los temas de salud, te invitamos a ser parte de COMUNIDAD CIPS, en donde podr\u00e1s participar de los consejos ciudadanos que entregar\u00e1n tem\u00e1ticas para abordar como centro y as\u00ed crear material investigativo que sean la base de propuestas p\u00fablicas en salud. Siendo parte de la comunidad CIPS, se te informar\u00e1 sobre charlas, [&hellip;]\" \/>\n<meta property=\"og:url\" content=\"https:\/\/gobierno.udd.cl\/cips\/comunidad-cips\/\" \/>\n<meta property=\"og:site_name\" content=\"Centro de Pol\u00edticas P\u00fablicas e Innovaci\u00f3n en Salud\" \/>\n<meta property=\"article:publisher\" content=\"https:\/\/www.facebook.com\/CIPS.UDD\" \/>\n<meta property=\"article:modified_time\" content=\"2022-06-28T13:58:37+00:00\" \/>\n<meta name=\"twitter:card\" content=\"summary_large_image\" \/>\n<meta name=\"twitter:site\" content=\"@CIPS_UDD\" \/>\n<script type=\"application\/ld+json\" class=\"yoast-schema-graph\">{\"@context\":\"https:\/\/schema.org\",\"@graph\":[{\"@type\":\"WebPage\",\"@id\":\"https:\/\/gobierno.udd.cl\/cips\/comunidad-cips\/\",\"url\":\"https:\/\/gobierno.udd.cl\/cips\/comunidad-cips\/\",\"name\":\"Comunidad CIPS - Centro de Pol\u00edticas P\u00fablicas e Innovaci\u00f3n en Salud\",\"isPartOf\":{\"@id\":\"https:\/\/gobierno.udd.cl\/cips\/#website\"},\"datePublished\":\"2022-04-13T20:25:39+00:00\",\"dateModified\":\"2022-06-28T13:58:37+00:00\",\"breadcrumb\":{\"@id\":\"https:\/\/gobierno.udd.cl\/cips\/comunidad-cips\/#breadcrumb\"},\"inLanguage\":\"es\",\"potentialAction\":[{\"@type\":\"ReadAction\",\"target\":[\"https:\/\/gobierno.udd.cl\/cips\/comunidad-cips\/\"]}]},{\"@type\":\"BreadcrumbList\",\"@id\":\"https:\/\/gobierno.udd.cl\/cips\/comunidad-cips\/#breadcrumb\",\"itemListElement\":[{\"@type\":\"ListItem\",\"position\":1,\"name\":\"Portada\",\"item\":\"https:\/\/gobierno.udd.cl\/cips\/\"},{\"@type\":\"ListItem\",\"position\":2,\"name\":\"Comunidad CIPS\"}]},{\"@type\":\"WebSite\",\"@id\":\"https:\/\/gobierno.udd.cl\/cips\/#website\",\"url\":\"https:\/\/gobierno.udd.cl\/cips\/\",\"name\":\"Centro de Pol\u00edticas P\u00fablicas e Innovaci\u00f3n en Salud\",\"description\":\"CIPS-UDD\",\"inLanguage\":\"es\"}]}<\/script>\n<!-- \/ Yoast SEO plugin. -->","yoast_head_json":{"title":"Comunidad CIPS - Centro de Pol\u00edticas P\u00fablicas e Innovaci\u00f3n en Salud","robots":{"index":"index","follow":"follow","max-snippet":"max-snippet:-1","max-image-preview":"max-image-preview:large","max-video-preview":"max-video-preview:-1"},"canonical":"https:\/\/gobierno.udd.cl\/cips\/comunidad-cips\/","og_locale":"es_ES","og_type":"article","og_title":"Comunidad CIPS - Centro de Pol\u00edticas P\u00fablicas e Innovaci\u00f3n en Salud","og_description":"Si te interesan los temas de salud, te invitamos a ser parte de COMUNIDAD CIPS, en donde podr\u00e1s participar de los consejos ciudadanos que entregar\u00e1n tem\u00e1ticas para abordar como centro y as\u00ed crear material investigativo que sean la base de propuestas p\u00fablicas en salud. Siendo parte de la comunidad CIPS, se te informar\u00e1 sobre charlas, [&hellip;]","og_url":"https:\/\/gobierno.udd.cl\/cips\/comunidad-cips\/","og_site_name":"Centro de Pol\u00edticas P\u00fablicas e Innovaci\u00f3n en Salud","article_publisher":"https:\/\/www.facebook.com\/CIPS.UDD","article_modified_time":"2022-06-28T13:58:37+00:00","twitter_card":"summary_large_image","twitter_site":"@CIPS_UDD","schema":{"@context":"https:\/\/schema.org","@graph":[{"@type":"WebPage","@id":"https:\/\/gobierno.udd.cl\/cips\/comunidad-cips\/","url":"https:\/\/gobierno.udd.cl\/cips\/comunidad-cips\/","name":"Comunidad CIPS - Centro de Pol\u00edticas P\u00fablicas e Innovaci\u00f3n en Salud","isPartOf":{"@id":"https:\/\/gobierno.udd.cl\/cips\/#website"},"datePublished":"2022-04-13T20:25:39+00:00","dateModified":"2022-06-28T13:58:37+00:00","breadcrumb":{"@id":"https:\/\/gobierno.udd.cl\/cips\/comunidad-cips\/#breadcrumb"},"inLanguage":"es","potentialAction":[{"@type":"ReadAction","target":["https:\/\/gobierno.udd.cl\/cips\/comunidad-cips\/"]}]},{"@type":"BreadcrumbList","@id":"https:\/\/gobierno.udd.cl\/cips\/comunidad-cips\/#breadcrumb","itemListElement":[{"@type":"ListItem","position":1,"name":"Portada","item":"https:\/\/gobierno.udd.cl\/cips\/"},{"@type":"ListItem","position":2,"name":"Comunidad CIPS"}]},{"@type":"WebSite","@id":"https:\/\/gobierno.udd.cl\/cips\/#website","url":"https:\/\/gobierno.udd.cl\/cips\/","name":"Centro de Pol\u00edticas P\u00fablicas e Innovaci\u00f3n en Salud","description":"CIPS-UDD","inLanguage":"es"}]}},"_links":{"self":[{"href":"https:\/\/gobierno.udd.cl\/cips\/wp-json\/wp\/v2\/pages\/29","targetHints":{"allow":["GET"]}}],"collection":[{"href":"https:\/\/gobierno.udd.cl\/cips\/wp-json\/wp\/v2\/pages"}],"about":[{"href":"https:\/\/gobierno.udd.cl\/cips\/wp-json\/wp\/v2\/types\/page"}],"author":[{"embeddable":true,"href":"https:\/\/gobierno.udd.cl\/cips\/wp-json\/wp\/v2\/users\/9192222"}],"replies":[{"embeddable":true,"href":"https:\/\/gobierno.udd.cl\/cips\/wp-json\/wp\/v2\/comments?post=29"}],"version-history":[{"count":4,"href":"https:\/\/gobierno.udd.cl\/cips\/wp-json\/wp\/v2\/pages\/29\/revisions"}],"predecessor-version":[{"id":421,"href":"https:\/\/gobierno.udd.cl\/cips\/wp-json\/wp\/v2\/pages\/29\/revisions\/421"}],"wp:attachment":[{"href":"https:\/\/gobierno.udd.cl\/cips\/wp-json\/wp\/v2\/media?parent=29"}],"curies":[{"name":"wp","href":"https:\/\/api.w.org\/{rel}","templated":true}]}}