{"id":24,"date":"2022-04-13T20:25:39","date_gmt":"2022-04-13T20:25:39","guid":{"rendered":"https:\/\/gobierno.udd.cl\/cips\/?page_id=24"},"modified":"2024-12-05T17:44:57","modified_gmt":"2024-12-05T20:44:57","slug":"que-es-cips","status":"publish","type":"page","link":"https:\/\/gobierno.udd.cl\/cips\/que-es-cips\/","title":{"rendered":"Qu\u00e9 es CIPS"},"content":{"rendered":"\n<p class=\"has-xxx-large-font-size\"><strong>Centro de Pol\u00edticas P\u00fablicas e Innovaci\u00f3n en Salud<\/strong><\/p>\n\n\n\n<figure class=\"wp-block-embed alignright is-type-video is-provider-youtube wp-block-embed-youtube wp-embed-aspect-16-9 wp-has-aspect-ratio\"><div class=\"wp-block-embed__wrapper\">\n<iframe loading=\"lazy\" title=\"\u00bfQu\u00e9 es CIPS?\" width=\"500\" height=\"281\" src=\"https:\/\/www.youtube.com\/embed\/VSXAqUVFfGU?feature=oembed\" frameborder=\"0\" allow=\"accelerometer; autoplay; clipboard-write; encrypted-media; gyroscope; picture-in-picture; web-share\" referrerpolicy=\"strict-origin-when-cross-origin\" allowfullscreen><\/iframe>\n<\/div><\/figure>\n\n\n<p style=\"text-align: left\">Este centro, que depende de la Facultad de Gobierno de UDD, nace en respuesta a la necesidad de poner a las personas en el centro de las pol\u00edticas p\u00fablicas de salud porque tiene como objetivo de asegurar que el Estado sea eficaz y resolutivo al priorizar las necesidades en salud de todos los chilenos.<\/p>\n<p style=\"text-align: left\">Este centro gestionar\u00e1, impulsar\u00e1 y promover\u00e1 todas aquellas decisiones e iniciativas en que la articulaci\u00f3n entre Estado, sector privado y la academia, sea determinante para mejorar las pol\u00edticas p\u00fablicas en salud, siempre basado en la evidencia, la investigaci\u00f3n e innovaci\u00f3n.&nbsp;&nbsp;<\/p>\n\n<section class=\"wp-block-udd-text-row block--bg-gray\">\n\t<div class=\"text-row\">\n\t\t<div class=\"text-row__content\">\n\t\t\t<div class=\"text-row__content-inner text\">\n\t\t\t\t\t\t\t\t<h2>MISI\u00d3N<\/h2>\n\t\t\t\t\t\t\t\t\n<p>Generar y promover conocimiento, informaci\u00f3n, liderazgos y asociaciones para proponer y contribuir en pol\u00edticas p\u00fablicas y programas orientados a las mejoras pr\u00e1cticas en salud en Chile.<\/p>\n\t\t\t<\/div>\n\t\t<\/div>\n\t\t<div class=\"text-row__media\">\n\t\t\t<img loading=\"lazy\" decoding=\"async\" width=\"500\" height=\"500\" src=\"https:\/\/gobierno.udd.cl\/cips\/files\/2022\/05\/WhatsApp-Image-2022-05-27-at-12.44.42-PM.jpeg\" class=\"text-row__media-image lazyload\" alt=\"\" sizes=\"auto, (max-width: 500px) 100vw, 500px\" data-src=\"https:\/\/gobierno.udd.cl\/cips\/files\/2022\/05\/WhatsApp-Image-2022-05-27-at-12.44.42-PM.jpeg\" data-srcset=\"https:\/\/gobierno.udd.cl\/cips\/files\/2022\/05\/WhatsApp-Image-2022-05-27-at-12.44.42-PM.jpeg 500w, https:\/\/gobierno.udd.cl\/cips\/files\/2022\/05\/WhatsApp-Image-2022-05-27-at-12.44.42-PM-300x300.jpeg 300w, https:\/\/gobierno.udd.cl\/cips\/files\/2022\/05\/WhatsApp-Image-2022-05-27-at-12.44.42-PM-150x150.jpeg 150w, https:\/\/gobierno.udd.cl\/cips\/files\/2022\/05\/WhatsApp-Image-2022-05-27-at-12.44.42-PM-62x62.jpeg 62w, https:\/\/gobierno.udd.cl\/cips\/files\/2022\/05\/WhatsApp-Image-2022-05-27-at-12.44.42-PM-250x250.jpeg 250w, https:\/\/gobierno.udd.cl\/cips\/files\/2022\/05\/WhatsApp-Image-2022-05-27-at-12.44.42-PM-126x126.jpeg 126w\" \/>\t\t<\/div>\n\t<\/div>\n<\/section>\n\n\n<section class=\"wp-block-udd-text-row block--content-align-right block--bg-gray\">\n\t<div class=\"text-row\">\n\t\t<div class=\"text-row__content\">\n\t\t\t<div class=\"text-row__content-inner text\">\n\t\t\t\t\t\t\t\t<h2>VISI\u00d3N<\/h2>\n\t\t\t\t\t\t\t\t\n<p>Ser un centro comprometido para el bienestar y salud de las personas y nuestra sociedad. La innovaci\u00f3n y la evidencia ser\u00e1n el eje para entregar respuestas a problemas de salud p\u00fablica.<\/p>\n\t\t\t<\/div>\n\t\t<\/div>\n\t\t<div class=\"text-row__media\">\n\t\t\t<img loading=\"lazy\" decoding=\"async\" width=\"500\" height=\"500\" src=\"https:\/\/gobierno.udd.cl\/cips\/files\/2022\/05\/WhatsApp-Image-2022-05-27-at-12.44.42-PM-1.jpeg\" class=\"text-row__media-image lazyload\" alt=\"\" sizes=\"auto, (max-width: 500px) 100vw, 500px\" data-src=\"https:\/\/gobierno.udd.cl\/cips\/files\/2022\/05\/WhatsApp-Image-2022-05-27-at-12.44.42-PM-1.jpeg\" data-srcset=\"https:\/\/gobierno.udd.cl\/cips\/files\/2022\/05\/WhatsApp-Image-2022-05-27-at-12.44.42-PM-1.jpeg 500w, https:\/\/gobierno.udd.cl\/cips\/files\/2022\/05\/WhatsApp-Image-2022-05-27-at-12.44.42-PM-1-300x300.jpeg 300w, https:\/\/gobierno.udd.cl\/cips\/files\/2022\/05\/WhatsApp-Image-2022-05-27-at-12.44.42-PM-1-150x150.jpeg 150w, https:\/\/gobierno.udd.cl\/cips\/files\/2022\/05\/WhatsApp-Image-2022-05-27-at-12.44.42-PM-1-62x62.jpeg 62w, https:\/\/gobierno.udd.cl\/cips\/files\/2022\/05\/WhatsApp-Image-2022-05-27-at-12.44.42-PM-1-250x250.jpeg 250w, https:\/\/gobierno.udd.cl\/cips\/files\/2022\/05\/WhatsApp-Image-2022-05-27-at-12.44.42-PM-1-126x126.jpeg 126w\" \/>\t\t<\/div>\n\t<\/div>\n<\/section>\n\n\n<section class=\"wp-block-udd-text-row block--bg-gray\">\n\t<div class=\"text-row\">\n\t\t<div class=\"text-row__content\">\n\t\t\t<div class=\"text-row__content-inner text\">\n\t\t\t\t\t\t\t\t<h2>PRINCIPIOS<\/h2>\n\t\t\t\t\t\t\t\t\n<ul class=\"wp-block-list\">\n<li>Las personas al centro de las decisiones de salud: personas informadas y con capacidad de decisi\u00f3n respecto de las mejores opciones para resolver sus necesidades.<\/li>\n<\/ul>\n\n<ul class=\"wp-block-list\">\n<li>Un Estado eficaz y resolutivo que prioriza las necesidades de todos los chilenos.<\/li>\n<\/ul>\n\n<ul class=\"wp-block-list\">\n<li>Resolver los problemas de salud con la mejor evidencia cient\u00edfica, incorporando la cooperaci\u00f3n p\u00fablico \u2013 privada, la creaci\u00f3n y prueba de nuevos modelos de atenci\u00f3n y la ampliaci\u00f3n de soluciones a nivel comunitario.<\/li>\n<\/ul>\n\t\t\t<\/div>\n\t\t<\/div>\n\t\t<div class=\"text-row__media\">\n\t\t\t<img loading=\"lazy\" decoding=\"async\" width=\"500\" height=\"500\" src=\"https:\/\/gobierno.udd.cl\/cips\/files\/2022\/05\/WhatsApp-Image-2022-05-27-at-12.44.42-PM-2.jpeg\" class=\"text-row__media-image\" alt=\"\" \/>\t\t<\/div>\n\t<\/div>\n<\/section>\n","protected":false},"excerpt":{"rendered":"<p>Centro de Pol\u00edticas P\u00fablicas e Innovaci\u00f3n en Salud Este centro, que depende de la Facultad de Gobierno de UDD, nace en respuesta a la necesidad de poner a las personas en el centro de las pol\u00edticas p\u00fablicas de salud porque tiene como objetivo de asegurar que el Estado sea eficaz y resolutivo al priorizar las [&hellip;]<\/p>\n","protected":false},"author":9192222,"featured_media":0,"parent":0,"menu_order":0,"comment_status":"closed","ping_status":"closed","template":"","meta":{"footnotes":""},"class_list":["post-24","page","type-page","status-publish","hentry"],"yoast_head":"<!-- This site is optimized with the Yoast SEO plugin v26.9 - https:\/\/yoast.com\/product\/yoast-seo-wordpress\/ -->\n<title>Qu\u00e9 es CIPS - Centro de Pol\u00edticas P\u00fablicas e Innovaci\u00f3n en Salud<\/title>\n<meta name=\"robots\" content=\"index, follow, max-snippet:-1, max-image-preview:large, max-video-preview:-1\" \/>\n<link rel=\"canonical\" href=\"https:\/\/gobierno.udd.cl\/cips\/que-es-cips\/\" \/>\n<meta property=\"og:locale\" content=\"es_ES\" \/>\n<meta property=\"og:type\" content=\"article\" \/>\n<meta property=\"og:title\" content=\"Qu\u00e9 es CIPS - Centro de Pol\u00edticas P\u00fablicas e Innovaci\u00f3n en Salud\" \/>\n<meta property=\"og:description\" content=\"Centro de Pol\u00edticas P\u00fablicas e Innovaci\u00f3n en Salud Este centro, que depende de la Facultad de Gobierno de UDD, nace en respuesta a la necesidad de poner a las personas en el centro de las pol\u00edticas p\u00fablicas de salud porque tiene como objetivo de asegurar que el Estado sea eficaz y resolutivo al priorizar las [&hellip;]\" \/>\n<meta property=\"og:url\" content=\"https:\/\/gobierno.udd.cl\/cips\/que-es-cips\/\" \/>\n<meta property=\"og:site_name\" content=\"Centro de Pol\u00edticas P\u00fablicas e Innovaci\u00f3n en Salud\" \/>\n<meta property=\"article:publisher\" content=\"https:\/\/www.facebook.com\/CIPS.UDD\" \/>\n<meta property=\"article:modified_time\" content=\"2024-12-05T20:44:57+00:00\" \/>\n<meta property=\"og:image\" content=\"https:\/\/gobierno.udd.cl\/cips\/files\/2022\/05\/WhatsApp-Image-2022-05-27-at-12.44.42-PM.jpeg\" \/>\n<meta name=\"twitter:card\" content=\"summary_large_image\" \/>\n<meta name=\"twitter:site\" content=\"@CIPS_UDD\" \/>\n<meta name=\"twitter:label1\" content=\"Tiempo de lectura\" \/>\n\t<meta name=\"twitter:data1\" content=\"2 minutos\" \/>\n<script type=\"application\/ld+json\" class=\"yoast-schema-graph\">{\"@context\":\"https:\/\/schema.org\",\"@graph\":[{\"@type\":\"WebPage\",\"@id\":\"https:\/\/gobierno.udd.cl\/cips\/que-es-cips\/\",\"url\":\"https:\/\/gobierno.udd.cl\/cips\/que-es-cips\/\",\"name\":\"Qu\u00e9 es CIPS - Centro de Pol\u00edticas P\u00fablicas e Innovaci\u00f3n en Salud\",\"isPartOf\":{\"@id\":\"https:\/\/gobierno.udd.cl\/cips\/#website\"},\"primaryImageOfPage\":{\"@id\":\"https:\/\/gobierno.udd.cl\/cips\/que-es-cips\/#primaryimage\"},\"image\":{\"@id\":\"https:\/\/gobierno.udd.cl\/cips\/que-es-cips\/#primaryimage\"},\"thumbnailUrl\":\"https:\/\/gobierno.udd.cl\/cips\/files\/2022\/05\/WhatsApp-Image-2022-05-27-at-12.44.42-PM.jpeg\",\"datePublished\":\"2022-04-13T20:25:39+00:00\",\"dateModified\":\"2024-12-05T20:44:57+00:00\",\"breadcrumb\":{\"@id\":\"https:\/\/gobierno.udd.cl\/cips\/que-es-cips\/#breadcrumb\"},\"inLanguage\":\"es\",\"potentialAction\":[{\"@type\":\"ReadAction\",\"target\":[\"https:\/\/gobierno.udd.cl\/cips\/que-es-cips\/\"]}]},{\"@type\":\"ImageObject\",\"inLanguage\":\"es\",\"@id\":\"https:\/\/gobierno.udd.cl\/cips\/que-es-cips\/#primaryimage\",\"url\":\"https:\/\/gobierno.udd.cl\/cips\/files\/2022\/05\/WhatsApp-Image-2022-05-27-at-12.44.42-PM.jpeg\",\"contentUrl\":\"https:\/\/gobierno.udd.cl\/cips\/files\/2022\/05\/WhatsApp-Image-2022-05-27-at-12.44.42-PM.jpeg\",\"width\":500,\"height\":500},{\"@type\":\"BreadcrumbList\",\"@id\":\"https:\/\/gobierno.udd.cl\/cips\/que-es-cips\/#breadcrumb\",\"itemListElement\":[{\"@type\":\"ListItem\",\"position\":1,\"name\":\"Portada\",\"item\":\"https:\/\/gobierno.udd.cl\/cips\/\"},{\"@type\":\"ListItem\",\"position\":2,\"name\":\"Qu\u00e9 es CIPS\"}]},{\"@type\":\"WebSite\",\"@id\":\"https:\/\/gobierno.udd.cl\/cips\/#website\",\"url\":\"https:\/\/gobierno.udd.cl\/cips\/\",\"name\":\"Centro de Pol\u00edticas P\u00fablicas e Innovaci\u00f3n en Salud\",\"description\":\"CIPS-UDD\",\"inLanguage\":\"es\"}]}<\/script>\n<!-- \/ Yoast SEO plugin. -->","yoast_head_json":{"title":"Qu\u00e9 es CIPS - Centro de Pol\u00edticas P\u00fablicas e Innovaci\u00f3n en Salud","robots":{"index":"index","follow":"follow","max-snippet":"max-snippet:-1","max-image-preview":"max-image-preview:large","max-video-preview":"max-video-preview:-1"},"canonical":"https:\/\/gobierno.udd.cl\/cips\/que-es-cips\/","og_locale":"es_ES","og_type":"article","og_title":"Qu\u00e9 es CIPS - Centro de Pol\u00edticas P\u00fablicas e Innovaci\u00f3n en Salud","og_description":"Centro de Pol\u00edticas P\u00fablicas e Innovaci\u00f3n en Salud Este centro, que depende de la Facultad de Gobierno de UDD, nace en respuesta a la necesidad de poner a las personas en el centro de las pol\u00edticas p\u00fablicas de salud porque tiene como objetivo de asegurar que el Estado sea eficaz y resolutivo al priorizar las [&hellip;]","og_url":"https:\/\/gobierno.udd.cl\/cips\/que-es-cips\/","og_site_name":"Centro de Pol\u00edticas P\u00fablicas e Innovaci\u00f3n en Salud","article_publisher":"https:\/\/www.facebook.com\/CIPS.UDD","article_modified_time":"2024-12-05T20:44:57+00:00","og_image":[{"url":"https:\/\/gobierno.udd.cl\/cips\/files\/2022\/05\/WhatsApp-Image-2022-05-27-at-12.44.42-PM.jpeg","type":"","width":"","height":""}],"twitter_card":"summary_large_image","twitter_site":"@CIPS_UDD","twitter_misc":{"Tiempo de lectura":"2 minutos"},"schema":{"@context":"https:\/\/schema.org","@graph":[{"@type":"WebPage","@id":"https:\/\/gobierno.udd.cl\/cips\/que-es-cips\/","url":"https:\/\/gobierno.udd.cl\/cips\/que-es-cips\/","name":"Qu\u00e9 es CIPS - Centro de Pol\u00edticas P\u00fablicas e Innovaci\u00f3n en Salud","isPartOf":{"@id":"https:\/\/gobierno.udd.cl\/cips\/#website"},"primaryImageOfPage":{"@id":"https:\/\/gobierno.udd.cl\/cips\/que-es-cips\/#primaryimage"},"image":{"@id":"https:\/\/gobierno.udd.cl\/cips\/que-es-cips\/#primaryimage"},"thumbnailUrl":"https:\/\/gobierno.udd.cl\/cips\/files\/2022\/05\/WhatsApp-Image-2022-05-27-at-12.44.42-PM.jpeg","datePublished":"2022-04-13T20:25:39+00:00","dateModified":"2024-12-05T20:44:57+00:00","breadcrumb":{"@id":"https:\/\/gobierno.udd.cl\/cips\/que-es-cips\/#breadcrumb"},"inLanguage":"es","potentialAction":[{"@type":"ReadAction","target":["https:\/\/gobierno.udd.cl\/cips\/que-es-cips\/"]}]},{"@type":"ImageObject","inLanguage":"es","@id":"https:\/\/gobierno.udd.cl\/cips\/que-es-cips\/#primaryimage","url":"https:\/\/gobierno.udd.cl\/cips\/files\/2022\/05\/WhatsApp-Image-2022-05-27-at-12.44.42-PM.jpeg","contentUrl":"https:\/\/gobierno.udd.cl\/cips\/files\/2022\/05\/WhatsApp-Image-2022-05-27-at-12.44.42-PM.jpeg","width":500,"height":500},{"@type":"BreadcrumbList","@id":"https:\/\/gobierno.udd.cl\/cips\/que-es-cips\/#breadcrumb","itemListElement":[{"@type":"ListItem","position":1,"name":"Portada","item":"https:\/\/gobierno.udd.cl\/cips\/"},{"@type":"ListItem","position":2,"name":"Qu\u00e9 es CIPS"}]},{"@type":"WebSite","@id":"https:\/\/gobierno.udd.cl\/cips\/#website","url":"https:\/\/gobierno.udd.cl\/cips\/","name":"Centro de Pol\u00edticas P\u00fablicas e Innovaci\u00f3n en Salud","description":"CIPS-UDD","inLanguage":"es"}]}},"_links":{"self":[{"href":"https:\/\/gobierno.udd.cl\/cips\/wp-json\/wp\/v2\/pages\/24","targetHints":{"allow":["GET"]}}],"collection":[{"href":"https:\/\/gobierno.udd.cl\/cips\/wp-json\/wp\/v2\/pages"}],"about":[{"href":"https:\/\/gobierno.udd.cl\/cips\/wp-json\/wp\/v2\/types\/page"}],"author":[{"embeddable":true,"href":"https:\/\/gobierno.udd.cl\/cips\/wp-json\/wp\/v2\/users\/9192222"}],"replies":[{"embeddable":true,"href":"https:\/\/gobierno.udd.cl\/cips\/wp-json\/wp\/v2\/comments?post=24"}],"version-history":[{"count":20,"href":"https:\/\/gobierno.udd.cl\/cips\/wp-json\/wp\/v2\/pages\/24\/revisions"}],"predecessor-version":[{"id":3544,"href":"https:\/\/gobierno.udd.cl\/cips\/wp-json\/wp\/v2\/pages\/24\/revisions\/3544"}],"wp:attachment":[{"href":"https:\/\/gobierno.udd.cl\/cips\/wp-json\/wp\/v2\/media?parent=24"}],"curies":[{"name":"wp","href":"https:\/\/api.w.org\/{rel}","templated":true}]}}