{"id":221,"date":"2022-05-26T15:22:31","date_gmt":"2022-05-26T15:22:31","guid":{"rendered":"https:\/\/gobierno.udd.cl\/cips\/?page_id=221"},"modified":"2022-05-26T19:44:50","modified_gmt":"2022-05-26T19:44:50","slug":"actualidad","status":"publish","type":"page","link":"https:\/\/gobierno.udd.cl\/cips\/actualidad\/","title":{"rendered":"Actualidad"},"content":{"rendered":"<!-- WP Block: UDD - Fullwidth Cards -->\n<section class=\"wp-block-udd-fullwidth-cards \">\n\t<div class=\"container\">\n\t\t<header class=\"block__header\">\n\t\t\t<h2 class=\"block__title\">Noticias<\/h2>\n\t\t\t\t\t\t<a href=\"https:\/\/gobierno.udd.cl\/cips\/category\/noticias\/\" class=\"block__view-more\">\n\t\t\t\tVer m\u00e1s noticias\t\t\t<\/a>\n\t\t\t\t\t<\/header>\n\t\t<div class=\"block__content\">\n\t\t\t<div class=\"fullwidth-cards\">\n\t\t\t<div class=\"fullwidth-card-wrapper \">\n\t<a href=\"https:\/\/gobierno.udd.cl\/cips\/2026\/04\/16\/autotoma-vaginal-en-domicilio-muestra-alto-potencial-para-mejorar-la-deteccion-precoz-del-cancer-cervicouterino-en-chile\/\" class=\"fullwidth-card fullwidth-card--linkable\">\n\t\t\t\t<img loading=\"lazy\" decoding=\"async\" width=\"500\" height=\"500\" src=\"https:\/\/gobierno.udd.cl\/cips\/files\/2026\/04\/image00057-62x62.jpeg\" class=\"fullwidth-card__image wp-post-image lazyload\" alt=\"\" sizes=\"auto, (max-width: 500px) 100vw, 500px\" data-src=\"https:\/\/gobierno.udd.cl\/cips\/files\/2026\/04\/image00057-500x500.jpeg\" data-srcset=\"https:\/\/gobierno.udd.cl\/cips\/files\/2026\/04\/image00057-500x500.jpeg 500w, https:\/\/gobierno.udd.cl\/cips\/files\/2026\/04\/image00057-150x150.jpeg 150w, https:\/\/gobierno.udd.cl\/cips\/files\/2026\/04\/image00057-62x62.jpeg 62w, https:\/\/gobierno.udd.cl\/cips\/files\/2026\/04\/image00057-750x750.jpeg 750w, https:\/\/gobierno.udd.cl\/cips\/files\/2026\/04\/image00057-250x250.jpeg 250w, https:\/\/gobierno.udd.cl\/cips\/files\/2026\/04\/image00057-126x126.jpeg 126w\" \/>\t\t\t\t<div class=\"fullwidth-card__content\">\n\t\t\t<span class=\"fullwidth-card__date\">\n\t\t\t\t16 de abril 2026\t\t\t<\/span>\n\t\t\t<h3 class=\"fullwidth-card__title\">Autotoma vaginal en domicilio muestra alto potencial para mejorar la detecci\u00f3n precoz del c\u00e1ncer cervicouterino en Chile<\/h3>\n\t\t\t<span class=\"fullwidth-card__link\">\n\t\t\t\tConocer m\u00e1s\t\t\t<\/span>\n\t\t<\/div>\n\t<\/a>\n<\/div>\n<div class=\"fullwidth-card-wrapper \">\n\t<a href=\"https:\/\/gobierno.udd.cl\/cips\/2026\/04\/08\/magallanes-ohiggins-y-los-rios-lideran-retrasos-ges-al-cierre-de-2025-segun-informe-de-cips-udd\/\" class=\"fullwidth-card fullwidth-card--linkable\">\n\t\t\t\t<img loading=\"lazy\" decoding=\"async\" width=\"500\" height=\"333\" src=\"https:\/\/gobierno.udd.cl\/cips\/files\/2026\/04\/image-2-62x62.png\" class=\"fullwidth-card__image wp-post-image lazyload\" alt=\"\" data-src=\"https:\/\/gobierno.udd.cl\/cips\/files\/2026\/04\/image-2-500x333.png\" \/>\t\t\t\t<div class=\"fullwidth-card__content\">\n\t\t\t<span class=\"fullwidth-card__date\">\n\t\t\t\t8 de abril 2026\t\t\t<\/span>\n\t\t\t<h3 class=\"fullwidth-card__title\">Magallanes, O\u2019Higgins y Los R\u00edos lideran retrasos GES al cierre de 2025, seg\u00fan informe de CIPS UDD<\/h3>\n\t\t\t<span class=\"fullwidth-card__link\">\n\t\t\t\tConocer m\u00e1s\t\t\t<\/span>\n\t\t<\/div>\n\t<\/a>\n<\/div>\n<div class=\"fullwidth-card-wrapper \">\n\t<a href=\"https:\/\/gobierno.udd.cl\/cips\/2026\/03\/30\/se-crea-el-primer-observatorio-de-politicas-publicas-en-inmunizaciones-para-fortalecer-la-prevencion-en-personas-mayores\/\" class=\"fullwidth-card fullwidth-card--linkable\">\n\t\t\t\t<img loading=\"lazy\" decoding=\"async\" width=\"500\" height=\"500\" src=\"https:\/\/gobierno.udd.cl\/cips\/files\/2026\/03\/image-1-62x62.png\" class=\"fullwidth-card__image wp-post-image lazyload\" alt=\"\" sizes=\"auto, (max-width: 500px) 100vw, 500px\" data-src=\"https:\/\/gobierno.udd.cl\/cips\/files\/2026\/03\/image-1-500x500.png\" data-srcset=\"https:\/\/gobierno.udd.cl\/cips\/files\/2026\/03\/image-1-500x500.png 500w, https:\/\/gobierno.udd.cl\/cips\/files\/2026\/03\/image-1-150x150.png 150w, https:\/\/gobierno.udd.cl\/cips\/files\/2026\/03\/image-1-62x62.png 62w, https:\/\/gobierno.udd.cl\/cips\/files\/2026\/03\/image-1-750x750.png 750w, https:\/\/gobierno.udd.cl\/cips\/files\/2026\/03\/image-1-250x250.png 250w, https:\/\/gobierno.udd.cl\/cips\/files\/2026\/03\/image-1-126x126.png 126w\" \/>\t\t\t\t<div class=\"fullwidth-card__content\">\n\t\t\t<span class=\"fullwidth-card__date\">\n\t\t\t\t30 de marzo 2026\t\t\t<\/span>\n\t\t\t<h3 class=\"fullwidth-card__title\">Se crea el primer Observatorio de Pol\u00edticas P\u00fablicas en Inmunizaciones para fortalecer la prevenci\u00f3n en personas mayores<\/h3>\n\t\t\t<span class=\"fullwidth-card__link\">\n\t\t\t\tConocer m\u00e1s\t\t\t<\/span>\n\t\t<\/div>\n\t<\/a>\n<\/div>\n<div class=\"fullwidth-card-wrapper \">\n\t<a href=\"https:\/\/gobierno.udd.cl\/cips\/2026\/03\/25\/el-cancer-cervicouterino-se-convierte-en-el-cancer-con-mas-retrasos-ges-durante-2025\/\" class=\"fullwidth-card fullwidth-card--linkable\">\n\t\t\t\t<img loading=\"lazy\" decoding=\"async\" width=\"500\" height=\"500\" src=\"https:\/\/gobierno.udd.cl\/cips\/files\/2026\/03\/image-62x62.png\" class=\"fullwidth-card__image wp-post-image lazyload\" alt=\"\" sizes=\"auto, (max-width: 500px) 100vw, 500px\" data-src=\"https:\/\/gobierno.udd.cl\/cips\/files\/2026\/03\/image-500x500.png\" data-srcset=\"https:\/\/gobierno.udd.cl\/cips\/files\/2026\/03\/image-500x500.png 500w, https:\/\/gobierno.udd.cl\/cips\/files\/2026\/03\/image-150x150.png 150w, https:\/\/gobierno.udd.cl\/cips\/files\/2026\/03\/image-62x62.png 62w, https:\/\/gobierno.udd.cl\/cips\/files\/2026\/03\/image-250x250.png 250w, https:\/\/gobierno.udd.cl\/cips\/files\/2026\/03\/image-126x126.png 126w\" \/>\t\t\t\t<div class=\"fullwidth-card__content\">\n\t\t\t<span class=\"fullwidth-card__date\">\n\t\t\t\t25 de marzo 2026\t\t\t<\/span>\n\t\t\t<h3 class=\"fullwidth-card__title\">El c\u00e1ncer cervicouterino se convierte en el c\u00e1ncer con m\u00e1s retrasos GES durante 2025<\/h3>\n\t\t\t<span class=\"fullwidth-card__link\">\n\t\t\t\tConocer m\u00e1s\t\t\t<\/span>\n\t\t<\/div>\n\t<\/a>\n<\/div>\n<div class=\"fullwidth-card-wrapper \">\n\t<a href=\"https:\/\/gobierno.udd.cl\/cips\/2026\/03\/05\/directora-de-cips-udd-participa-en-encuentro-regional-de-innovacion-en-salud-mind-360\/\" class=\"fullwidth-card fullwidth-card--linkable\">\n\t\t\t\t<img loading=\"lazy\" decoding=\"async\" width=\"500\" height=\"500\" src=\"https:\/\/gobierno.udd.cl\/cips\/files\/2026\/03\/whatsapp-image-2026-03-04-at-09-24-53-62x62.jpeg\" class=\"fullwidth-card__image wp-post-image lazyload\" alt=\"\" sizes=\"auto, (max-width: 500px) 100vw, 500px\" data-src=\"https:\/\/gobierno.udd.cl\/cips\/files\/2026\/03\/whatsapp-image-2026-03-04-at-09-24-53-500x500.jpeg\" data-srcset=\"https:\/\/gobierno.udd.cl\/cips\/files\/2026\/03\/whatsapp-image-2026-03-04-at-09-24-53-500x500.jpeg 500w, https:\/\/gobierno.udd.cl\/cips\/files\/2026\/03\/whatsapp-image-2026-03-04-at-09-24-53-150x150.jpeg 150w, https:\/\/gobierno.udd.cl\/cips\/files\/2026\/03\/whatsapp-image-2026-03-04-at-09-24-53-62x62.jpeg 62w, https:\/\/gobierno.udd.cl\/cips\/files\/2026\/03\/whatsapp-image-2026-03-04-at-09-24-53-750x750.jpeg 750w, https:\/\/gobierno.udd.cl\/cips\/files\/2026\/03\/whatsapp-image-2026-03-04-at-09-24-53-250x250.jpeg 250w, https:\/\/gobierno.udd.cl\/cips\/files\/2026\/03\/whatsapp-image-2026-03-04-at-09-24-53-126x126.jpeg 126w\" \/>\t\t\t\t<div class=\"fullwidth-card__content\">\n\t\t\t<span class=\"fullwidth-card__date\">\n\t\t\t\t5 de marzo 2026\t\t\t<\/span>\n\t\t\t<h3 class=\"fullwidth-card__title\">Directora de CIPS UDD participa en encuentro regional de innovaci\u00f3n en salud MIND 360<\/h3>\n\t\t\t<span class=\"fullwidth-card__link\">\n\t\t\t\tConocer m\u00e1s\t\t\t<\/span>\n\t\t<\/div>\n\t<\/a>\n<\/div>\n\t\t\t<\/div>\n\t\t<\/div>\n\t<\/div>\n<\/section>\n\n\n<!-- WP Block: UDD - Fullwidth Cards -->\n<section class=\"wp-block-udd-fullwidth-cards \">\n\t<div class=\"container\">\n\t\t<header class=\"block__header\">\n\t\t\t<h2 class=\"block__title\">CIPS EN LA PRENSA<\/h2>\n\t\t\t\t\t\t<a href=\"https:\/\/gobierno.udd.cl\/cips\/category\/cips-en-la-prensa\/\" class=\"block__view-more\">\n\t\t\t\tVer m\u00e1s noticias\t\t\t<\/a>\n\t\t\t\t\t<\/header>\n\t\t<div class=\"block__content\">\n\t\t\t<div class=\"fullwidth-cards\">\n\t\t\t<div class=\"fullwidth-card-wrapper \">\n\t<a href=\"https:\/\/gobierno.udd.cl\/cips\/2026\/04\/21\/la-tercera-carta-paula-daza-extender-el-diagnostico\/\" class=\"fullwidth-card fullwidth-card--linkable\">\n\t\t\t\t<img loading=\"lazy\" decoding=\"async\" width=\"370\" height=\"178\" src=\"https:\/\/gobierno.udd.cl\/cips\/files\/2026\/01\/pd_cipsprensa4-62x62.png\" class=\"fullwidth-card__image wp-post-image lazyload\" alt=\"\" sizes=\"auto, (max-width: 370px) 100vw, 370px\" data-src=\"https:\/\/gobierno.udd.cl\/cips\/files\/2026\/01\/pd_cipsprensa4.png\" data-srcset=\"https:\/\/gobierno.udd.cl\/cips\/files\/2026\/01\/pd_cipsprensa4.png 370w, https:\/\/gobierno.udd.cl\/cips\/files\/2026\/01\/pd_cipsprensa4-300x144.png 300w\" \/>\t\t\t\t<div class=\"fullwidth-card__content\">\n\t\t\t<span class=\"fullwidth-card__date\">\n\t\t\t\t21 de abril 2026\t\t\t<\/span>\n\t\t\t<h3 class=\"fullwidth-card__title\">La Tercera | Carta Paula Daza: Extender el diagn\u00f3stico<\/h3>\n\t\t\t<span class=\"fullwidth-card__link\">\n\t\t\t\tConocer m\u00e1s\t\t\t<\/span>\n\t\t<\/div>\n\t<\/a>\n<\/div>\n<div class=\"fullwidth-card-wrapper \">\n\t<a href=\"https:\/\/gobierno.udd.cl\/cips\/2026\/04\/15\/emol-paula-daza-se-refiere-a-la-situacion-de-pacientes-abandonados-en-hospitales\/\" class=\"fullwidth-card fullwidth-card--linkable\">\n\t\t\t\t<img loading=\"lazy\" decoding=\"async\" width=\"370\" height=\"178\" src=\"https:\/\/gobierno.udd.cl\/cips\/files\/2026\/02\/dazagobudd-62x62.png\" class=\"fullwidth-card__image wp-post-image lazyload\" alt=\"\" sizes=\"auto, (max-width: 370px) 100vw, 370px\" data-src=\"https:\/\/gobierno.udd.cl\/cips\/files\/2026\/02\/dazagobudd.png\" data-srcset=\"https:\/\/gobierno.udd.cl\/cips\/files\/2026\/02\/dazagobudd.png 370w, https:\/\/gobierno.udd.cl\/cips\/files\/2026\/02\/dazagobudd-300x144.png 300w\" \/>\t\t\t\t<div class=\"fullwidth-card__content\">\n\t\t\t<span class=\"fullwidth-card__date\">\n\t\t\t\t15 de abril 2026\t\t\t<\/span>\n\t\t\t<h3 class=\"fullwidth-card__title\">Emol | Paula Daza se refiere a la situaci\u00f3n de pacientes abandonados en hospitales<\/h3>\n\t\t\t<span class=\"fullwidth-card__link\">\n\t\t\t\tConocer m\u00e1s\t\t\t<\/span>\n\t\t<\/div>\n\t<\/a>\n<\/div>\n<div class=\"fullwidth-card-wrapper \">\n\t<a href=\"https:\/\/gobierno.udd.cl\/cips\/2026\/04\/14\/radio-metropolitan-paula-daza-profundiza-en-las-listas-de-espera\/\" class=\"fullwidth-card fullwidth-card--linkable\">\n\t\t\t\t<img loading=\"lazy\" decoding=\"async\" width=\"370\" height=\"178\" src=\"https:\/\/gobierno.udd.cl\/cips\/files\/2026\/01\/pd_cipsprensa2-62x62.png\" class=\"fullwidth-card__image wp-post-image lazyload\" alt=\"\" sizes=\"auto, (max-width: 370px) 100vw, 370px\" data-src=\"https:\/\/gobierno.udd.cl\/cips\/files\/2026\/01\/pd_cipsprensa2.png\" data-srcset=\"https:\/\/gobierno.udd.cl\/cips\/files\/2026\/01\/pd_cipsprensa2.png 370w, https:\/\/gobierno.udd.cl\/cips\/files\/2026\/01\/pd_cipsprensa2-300x144.png 300w\" \/>\t\t\t\t<div class=\"fullwidth-card__content\">\n\t\t\t<span class=\"fullwidth-card__date\">\n\t\t\t\t14 de abril 2026\t\t\t<\/span>\n\t\t\t<h3 class=\"fullwidth-card__title\">Radio Metropolitan | Paula Daza profundiza en las listas de espera<\/h3>\n\t\t\t<span class=\"fullwidth-card__link\">\n\t\t\t\tConocer m\u00e1s\t\t\t<\/span>\n\t\t<\/div>\n\t<\/a>\n<\/div>\n<div class=\"fullwidth-card-wrapper \">\n\t<a href=\"https:\/\/gobierno.udd.cl\/cips\/2026\/04\/10\/estrella-valparaiso-carta-de-paula-daza-mueren-esperando-gastar-mas-no-ha-sido-suficiente\/\" class=\"fullwidth-card fullwidth-card--linkable\">\n\t\t\t\t<img loading=\"lazy\" decoding=\"async\" width=\"370\" height=\"178\" src=\"https:\/\/gobierno.udd.cl\/cips\/files\/2026\/02\/dazacips-62x62.jpg\" class=\"fullwidth-card__image wp-post-image lazyload\" alt=\"\" sizes=\"auto, (max-width: 370px) 100vw, 370px\" data-src=\"https:\/\/gobierno.udd.cl\/cips\/files\/2026\/02\/dazacips.jpg\" data-srcset=\"https:\/\/gobierno.udd.cl\/cips\/files\/2026\/02\/dazacips.jpg 370w, https:\/\/gobierno.udd.cl\/cips\/files\/2026\/02\/dazacips-300x144.jpg 300w\" \/>\t\t\t\t<div class=\"fullwidth-card__content\">\n\t\t\t<span class=\"fullwidth-card__date\">\n\t\t\t\t10 de abril 2026\t\t\t<\/span>\n\t\t\t<h3 class=\"fullwidth-card__title\">Estrella Valpara\u00edso | Carta de Paula Daza \u00abMueren esperando: gastar m\u00e1s no ha sido suficiente\u00bb<\/h3>\n\t\t\t<span class=\"fullwidth-card__link\">\n\t\t\t\tConocer m\u00e1s\t\t\t<\/span>\n\t\t<\/div>\n\t<\/a>\n<\/div>\n<div class=\"fullwidth-card-wrapper \">\n\t<a href=\"https:\/\/gobierno.udd.cl\/cips\/2026\/04\/08\/24-horas-paula-daza-se-refiere-a-los-retrasos-en-cancer-de-colon\/\" class=\"fullwidth-card fullwidth-card--linkable\">\n\t\t\t\t<img loading=\"lazy\" decoding=\"async\" width=\"370\" height=\"178\" src=\"https:\/\/gobierno.udd.cl\/cips\/files\/2026\/04\/noticiasedu-gob-cips-29-62x62.png\" class=\"fullwidth-card__image wp-post-image lazyload\" alt=\"\" sizes=\"auto, (max-width: 370px) 100vw, 370px\" data-src=\"https:\/\/gobierno.udd.cl\/cips\/files\/2026\/04\/noticiasedu-gob-cips-29.png\" data-srcset=\"https:\/\/gobierno.udd.cl\/cips\/files\/2026\/04\/noticiasedu-gob-cips-29.png 370w, https:\/\/gobierno.udd.cl\/cips\/files\/2026\/04\/noticiasedu-gob-cips-29-300x144.png 300w\" \/>\t\t\t\t<div class=\"fullwidth-card__content\">\n\t\t\t<span class=\"fullwidth-card__date\">\n\t\t\t\t8 de abril 2026\t\t\t<\/span>\n\t\t\t<h3 class=\"fullwidth-card__title\">24 Horas | Paula Daza se refiere a los retrasos en c\u00e1ncer de colon<\/h3>\n\t\t\t<span class=\"fullwidth-card__link\">\n\t\t\t\tConocer m\u00e1s\t\t\t<\/span>\n\t\t<\/div>\n\t<\/a>\n<\/div>\n\t\t\t<\/div>\n\t\t<\/div>\n\t<\/div>\n<\/section>\n","protected":false},"excerpt":{"rendered":"","protected":false},"author":9192222,"featured_media":0,"parent":0,"menu_order":0,"comment_status":"closed","ping_status":"closed","template":"","meta":{"footnotes":""},"class_list":["post-221","page","type-page","status-publish","hentry"],"yoast_head":"<!-- This site is optimized with the Yoast SEO plugin v26.9 - https:\/\/yoast.com\/product\/yoast-seo-wordpress\/ -->\n<title>Actualidad - Centro de Pol\u00edticas P\u00fablicas e Innovaci\u00f3n en Salud<\/title>\n<meta name=\"robots\" content=\"index, follow, max-snippet:-1, max-image-preview:large, max-video-preview:-1\" \/>\n<link rel=\"canonical\" href=\"https:\/\/gobierno.udd.cl\/cips\/actualidad\/\" \/>\n<meta property=\"og:locale\" content=\"es_ES\" \/>\n<meta property=\"og:type\" content=\"article\" \/>\n<meta property=\"og:title\" content=\"Actualidad - Centro de Pol\u00edticas P\u00fablicas e Innovaci\u00f3n en Salud\" \/>\n<meta property=\"og:url\" content=\"https:\/\/gobierno.udd.cl\/cips\/actualidad\/\" \/>\n<meta property=\"og:site_name\" content=\"Centro de Pol\u00edticas P\u00fablicas e Innovaci\u00f3n en Salud\" \/>\n<meta property=\"article:publisher\" content=\"https:\/\/www.facebook.com\/CIPS.UDD\" \/>\n<meta property=\"article:modified_time\" content=\"2022-05-26T19:44:50+00:00\" \/>\n<meta name=\"twitter:card\" content=\"summary_large_image\" \/>\n<meta name=\"twitter:site\" content=\"@CIPS_UDD\" \/>\n<script type=\"application\/ld+json\" class=\"yoast-schema-graph\">{\"@context\":\"https:\/\/schema.org\",\"@graph\":[{\"@type\":\"WebPage\",\"@id\":\"https:\/\/gobierno.udd.cl\/cips\/actualidad\/\",\"url\":\"https:\/\/gobierno.udd.cl\/cips\/actualidad\/\",\"name\":\"Actualidad - Centro de Pol\u00edticas P\u00fablicas e Innovaci\u00f3n en Salud\",\"isPartOf\":{\"@id\":\"https:\/\/gobierno.udd.cl\/cips\/#website\"},\"datePublished\":\"2022-05-26T15:22:31+00:00\",\"dateModified\":\"2022-05-26T19:44:50+00:00\",\"breadcrumb\":{\"@id\":\"https:\/\/gobierno.udd.cl\/cips\/actualidad\/#breadcrumb\"},\"inLanguage\":\"es\",\"potentialAction\":[{\"@type\":\"ReadAction\",\"target\":[\"https:\/\/gobierno.udd.cl\/cips\/actualidad\/\"]}]},{\"@type\":\"BreadcrumbList\",\"@id\":\"https:\/\/gobierno.udd.cl\/cips\/actualidad\/#breadcrumb\",\"itemListElement\":[{\"@type\":\"ListItem\",\"position\":1,\"name\":\"Portada\",\"item\":\"https:\/\/gobierno.udd.cl\/cips\/\"},{\"@type\":\"ListItem\",\"position\":2,\"name\":\"Actualidad\"}]},{\"@type\":\"WebSite\",\"@id\":\"https:\/\/gobierno.udd.cl\/cips\/#website\",\"url\":\"https:\/\/gobierno.udd.cl\/cips\/\",\"name\":\"Centro de Pol\u00edticas P\u00fablicas e Innovaci\u00f3n en Salud\",\"description\":\"CIPS-UDD\",\"inLanguage\":\"es\"}]}<\/script>\n<!-- \/ Yoast SEO plugin. -->","yoast_head_json":{"title":"Actualidad - Centro de Pol\u00edticas P\u00fablicas e Innovaci\u00f3n en Salud","robots":{"index":"index","follow":"follow","max-snippet":"max-snippet:-1","max-image-preview":"max-image-preview:large","max-video-preview":"max-video-preview:-1"},"canonical":"https:\/\/gobierno.udd.cl\/cips\/actualidad\/","og_locale":"es_ES","og_type":"article","og_title":"Actualidad - Centro de Pol\u00edticas P\u00fablicas e Innovaci\u00f3n en Salud","og_url":"https:\/\/gobierno.udd.cl\/cips\/actualidad\/","og_site_name":"Centro de Pol\u00edticas P\u00fablicas e Innovaci\u00f3n en Salud","article_publisher":"https:\/\/www.facebook.com\/CIPS.UDD","article_modified_time":"2022-05-26T19:44:50+00:00","twitter_card":"summary_large_image","twitter_site":"@CIPS_UDD","schema":{"@context":"https:\/\/schema.org","@graph":[{"@type":"WebPage","@id":"https:\/\/gobierno.udd.cl\/cips\/actualidad\/","url":"https:\/\/gobierno.udd.cl\/cips\/actualidad\/","name":"Actualidad - Centro de Pol\u00edticas P\u00fablicas e Innovaci\u00f3n en Salud","isPartOf":{"@id":"https:\/\/gobierno.udd.cl\/cips\/#website"},"datePublished":"2022-05-26T15:22:31+00:00","dateModified":"2022-05-26T19:44:50+00:00","breadcrumb":{"@id":"https:\/\/gobierno.udd.cl\/cips\/actualidad\/#breadcrumb"},"inLanguage":"es","potentialAction":[{"@type":"ReadAction","target":["https:\/\/gobierno.udd.cl\/cips\/actualidad\/"]}]},{"@type":"BreadcrumbList","@id":"https:\/\/gobierno.udd.cl\/cips\/actualidad\/#breadcrumb","itemListElement":[{"@type":"ListItem","position":1,"name":"Portada","item":"https:\/\/gobierno.udd.cl\/cips\/"},{"@type":"ListItem","position":2,"name":"Actualidad"}]},{"@type":"WebSite","@id":"https:\/\/gobierno.udd.cl\/cips\/#website","url":"https:\/\/gobierno.udd.cl\/cips\/","name":"Centro de Pol\u00edticas P\u00fablicas e Innovaci\u00f3n en Salud","description":"CIPS-UDD","inLanguage":"es"}]}},"_links":{"self":[{"href":"https:\/\/gobierno.udd.cl\/cips\/wp-json\/wp\/v2\/pages\/221","targetHints":{"allow":["GET"]}}],"collection":[{"href":"https:\/\/gobierno.udd.cl\/cips\/wp-json\/wp\/v2\/pages"}],"about":[{"href":"https:\/\/gobierno.udd.cl\/cips\/wp-json\/wp\/v2\/types\/page"}],"author":[{"embeddable":true,"href":"https:\/\/gobierno.udd.cl\/cips\/wp-json\/wp\/v2\/users\/9192222"}],"replies":[{"embeddable":true,"href":"https:\/\/gobierno.udd.cl\/cips\/wp-json\/wp\/v2\/comments?post=221"}],"version-history":[{"count":3,"href":"https:\/\/gobierno.udd.cl\/cips\/wp-json\/wp\/v2\/pages\/221\/revisions"}],"predecessor-version":[{"id":227,"href":"https:\/\/gobierno.udd.cl\/cips\/wp-json\/wp\/v2\/pages\/221\/revisions\/227"}],"wp:attachment":[{"href":"https:\/\/gobierno.udd.cl\/cips\/wp-json\/wp\/v2\/media?parent=221"}],"curies":[{"name":"wp","href":"https:\/\/api.w.org\/{rel}","templated":true}]}}