{"id":476,"date":"2012-07-27T20:47:00","date_gmt":"2012-07-27T20:47:00","guid":{"rendered":"http:\/\/www.complejidadsocial.udd.cl\/?page_id=476"},"modified":"2012-07-27T20:47:00","modified_gmt":"2012-07-27T20:47:00","slug":"grant","status":"publish","type":"page","link":"https:\/\/gobierno.udd.cl\/cics\/about\/grant\/","title":{"rendered":"Grants"},"content":{"rendered":"<p><strong>Contest<\/strong>:\u00a0FONDEF IDeA\u00a0Applied Science Second Phase 2016<br \/>\n<strong>Institution:<\/strong> CONICYT<br \/>\n<strong>Project:\u00a0<\/strong>Digital games platform to measure willingness to cooperate in school children<br \/>\n<strong>Main Researcher<\/strong>:\u00a0Carlos Rodriguez-Sickert<br \/>\n<strong>Period:<\/strong> 2016-2018<\/p>\n<hr \/>\n<p><strong>Contest<\/strong>: FONDECYT 2014 Initiation Competition<br \/>\n<strong>Institution:<\/strong> CONICYT<br \/>\n<strong>Project:\u00a0<\/strong>Cerebral processes during social decision-making: Disentangling the role of the temporal parietal junction<br \/>\n<strong>Main Researcher<\/strong>: Pablo Billeke<br \/>\n<strong>Period:<\/strong> 2015-2017<\/p>\n<hr \/>\n<p><strong>Contest<\/strong>: FONDECYT 2014 Regular Competition<br \/>\n<strong>Institution:<\/strong> CONICYT<br \/>\n<strong>Project: <\/strong>The neuroeconomics of trustworthiness during childhood, adolescence and early adulthood<br \/>\n<strong>Main Researcher<\/strong>: Carlos Rodriguez-Sickert<br \/>\n<strong>Co-researcher<\/strong>: Francisco Zamorano<br \/>\n<strong>Period:<\/strong> 2014-2017<\/p>\n<hr \/>\n<p><strong>Contest<\/strong>: FONDECYT 2014 Regular Competition<br \/>\n<strong>Institution<\/strong>: CONICYT<br \/>\n<strong>Project<\/strong>: Non Local Interactions in Stochastic Environments<br \/>\n<strong>Main Researcher:<\/strong> Miguel Angel Fuentes<br \/>\n<strong>Period:<\/strong> 2014-2017<\/p>\n<hr \/>\n<p><strong>Contest: <\/strong>FONDEF IDeA Applied Science 2013<strong><br \/>\n<\/strong><strong>Institution:<\/strong> CONICYT<br \/>\n<strong>Project:<\/strong> Digital educational applications from behavioral science and complexity<br \/>\n<strong>Main Researchers:<\/strong>\u00a0Miguel Angel Fuentes and Carlos Rodriguez-Sickert<br \/>\n<strong>Associated Researchers:<\/strong> Juan Pablo C\u00e1rdenas, Jos\u00e9 de la Cruz Garrido and Ignacio Shiefelbein<br \/>\n<strong>Period:<\/strong> 2014-2015<\/p>\n<hr \/>\n<p><strong>Contest:<\/strong>\u00a0Insertion of advanced human capital in the academy 2012<br \/>\n<strong>Institution:<\/strong>\u00a0CONICYT<br \/>\n<strong>Project:<\/strong>\u00a0Support to\u00a0Universidad del Desarrollo&#8217;s PhD in\u00a0Social Sciences development,\u00a0\u00a0and strengthening of multidisciplinary research, through the study of behavioral variability in social groups and their electrophysiological correlates.<br \/>\n<strong>Main Researcher:<\/strong>\u00a0\u00a0Pablo Billeke<br \/>\n<strong>Associated Researchers:<\/strong> Carlos Rodriguez Sickert<br \/>\n<strong>Period:<\/strong> 2013-2015<\/p>\n<hr \/>\n<p><strong>Contest:<\/strong> Inter-faculties 2013<br \/>\n<strong>Institution:<\/strong> Universidad del Desarrollo<br \/>\n<strong>Project:<\/strong> Socioeconomic Diversity: emergent properties, complexity and sustainability in urban systems<br \/>\n<strong>Main Researchers:<\/strong>\u00a0\u00a0Miguel Angel Fuentes and\u00a0Pablo Allard<br \/>\n<strong>Associated Researchers:<\/strong> Carlos\u00a0Rodriguez Sickert, Horacio Samaniego and\u00a0Rodrigo Troncoso<br \/>\n<strong>Period:<\/strong> 2013-2014<\/p>\n<hr \/>\n<p><strong>Contest<\/strong>: Postdoctoral Competition 2013, FONDECYT Program<br \/>\n<strong>Institution<\/strong>: CONICYT<br \/>\n<strong>Project<\/strong>:\u00a0Implications of positive and negative interactions in the emergence of ecological and social networks<br \/>\n<strong>Main Researchers: <\/strong> Ana In\u00e9s Borthagaray Peradotto<br \/>\n<strong>Associated Researcher: \u00a0<\/strong>Miguel Angel Fuentes<br \/>\n<strong>Period<\/strong>: 2012-2015<\/p>\n<hr \/>\n<p><strong>Contest<\/strong>: Third National Contest Rings of Research in Social Sciences and Humanities, Associative Research Program<br \/>\n<strong>Institution<\/strong>: CONICYT<br \/>\n<strong>Project<\/strong>: Social Complexity SOC1101<br \/>\n<strong>Main Researchers: <\/strong>Carlos Rodr\u00edguez-Sickert, Miguel \u00c1ngel Fuentes and Ricardo A. Guzm\u00e1n<br \/>\n<strong>Associated Researchers: <\/strong>Mar\u00eda<strong>\u00a0<\/strong>Gabriela Repetto and Diego Cosmelli\u00a0<strong><br \/>\n<\/strong><strong>Period<\/strong>: 2012-2015<\/p>\n<hr \/>\n<p><strong>Contest<\/strong>: FONDECYT 2012 Regular Competition<br \/>\n<strong>Institution<\/strong>: CONICYT<br \/>\n<strong>Project<\/strong>: \u00a0The economics or warfare and social stratification in pre-modern societies<br \/>\n<strong>Main Researcher:<\/strong> Ricardo A. Guzm\u00e1n<br \/>\n<strong>Co-researcher:<\/strong> Carlos Rodr\u00edguez-Sickert<br \/>\n<strong>Period<\/strong>: 2012- 2015<\/p>\n<hr \/>\n<p><strong>Contest<\/strong>: Inter-faculties 2012<br \/>\n<strong>Institution<\/strong>: Universidad del Desarrollo.<br \/>\n<strong>Project<\/strong>: \u00a0Genetic Basis of social behaviour in collective action problems<br \/>\n<strong>Main Researchers:<\/strong> \u00a0Carlos Rodr\u00edguez-Sickert and Mar\u00eda Gabriela Repetto<br \/>\n<strong>Period<\/strong>: 2012-2013<\/p>\n<hr \/>\n<p><strong>Contest<\/strong>: FONDECYT 2011 Regular Competition<br \/>\n<strong>Institution<\/strong>: CONICYT<br \/>\n<strong>Projec<\/strong>t: Communities of knowledge and paradigm shifts: an agent-based modelling approach<br \/>\n<strong>Main Researcher: \u00a0<\/strong>Carlos Rodr\u00edguez-Sickert<br \/>\n<strong>Period:<\/strong> 2011-2012<\/p>\n<hr \/>\n<p><strong>Contest<\/strong>: FONDECYT 2006 Regular Competition<br \/>\n<strong>Institution<\/strong>: CONICYT<br \/>\n<strong>Projec<\/strong>t:\u00a0Endogenous learning and social cooperation: A theoretical model and experimental analysis<br \/>\n<strong>Main Researcher: \u00a0<\/strong>Carlos Rodr\u00edguez-Sickert<br \/>\n<strong>Period:<\/strong> 2008-2009<\/p>\n","protected":false},"excerpt":{"rendered":"<p>Contest:\u00a0FONDEF IDeA\u00a0Applied Science Second Phase 2016 Institution: CONICYT Project:\u00a0Digital games platform to measure willingness to cooperate in school children Main Researcher:\u00a0Carlos Rodriguez-Sickert Period: 2016-2018 Contest: FONDECYT 2014 Initiation Competition Institution: CONICYT Project:\u00a0Cerebral processes during social decision-making: Disentangling the role of the temporal parietal junction Main Researcher: Pablo Billeke Period: 2015-2017 Contest: FONDECYT 2014 Regular Competition [&hellip;]<\/p>\n","protected":false},"author":9192217,"featured_media":0,"parent":89,"menu_order":3,"comment_status":"open","ping_status":"open","template":"tmpl_about.php","meta":{"footnotes":""},"class_list":["post-476","page","type-page","status-publish","hentry"],"yoast_head":"<!-- This site is optimized with the Yoast SEO plugin v26.9 - https:\/\/yoast.com\/product\/yoast-seo-wordpress\/ -->\n<title>Grants - Centro de Investigaci\u00f3n en Complejidad Social<\/title>\n<meta name=\"robots\" content=\"index, follow, max-snippet:-1, max-image-preview:large, max-video-preview:-1\" \/>\n<link rel=\"canonical\" href=\"https:\/\/gobierno.udd.cl\/cics\/about\/grant\/\" \/>\n<meta property=\"og:locale\" content=\"en_US\" \/>\n<meta property=\"og:type\" content=\"article\" \/>\n<meta property=\"og:title\" content=\"Grants - Centro de Investigaci\u00f3n en Complejidad Social\" \/>\n<meta property=\"og:description\" content=\"Contest:\u00a0FONDEF IDeA\u00a0Applied Science Second Phase 2016 Institution: CONICYT Project:\u00a0Digital games platform to measure willingness to cooperate in school children Main Researcher:\u00a0Carlos Rodriguez-Sickert Period: 2016-2018 Contest: FONDECYT 2014 Initiation Competition Institution: CONICYT Project:\u00a0Cerebral processes during social decision-making: Disentangling the role of the temporal parietal junction Main Researcher: Pablo Billeke Period: 2015-2017 Contest: FONDECYT 2014 Regular Competition [&hellip;]\" \/>\n<meta property=\"og:url\" content=\"https:\/\/gobierno.udd.cl\/cics\/about\/grant\/\" \/>\n<meta property=\"og:site_name\" content=\"Centro de Investigaci\u00f3n en Complejidad Social\" \/>\n<meta name=\"twitter:card\" content=\"summary_large_image\" \/>\n<meta name=\"twitter:label1\" content=\"Est. reading time\" \/>\n\t<meta name=\"twitter:data1\" content=\"2 minutes\" \/>\n<script type=\"application\/ld+json\" class=\"yoast-schema-graph\">{\"@context\":\"https:\/\/schema.org\",\"@graph\":[{\"@type\":\"WebPage\",\"@id\":\"https:\/\/gobierno.udd.cl\/cics\/about\/grant\/\",\"url\":\"https:\/\/gobierno.udd.cl\/cics\/about\/grant\/\",\"name\":\"Grants - Centro de Investigaci\u00f3n en Complejidad Social\",\"isPartOf\":{\"@id\":\"https:\/\/gobierno.udd.cl\/cics\/#website\"},\"datePublished\":\"2012-07-27T20:47:00+00:00\",\"breadcrumb\":{\"@id\":\"https:\/\/gobierno.udd.cl\/cics\/about\/grant\/#breadcrumb\"},\"inLanguage\":\"en-US\",\"potentialAction\":[{\"@type\":\"ReadAction\",\"target\":[\"https:\/\/gobierno.udd.cl\/cics\/about\/grant\/\"]}]},{\"@type\":\"BreadcrumbList\",\"@id\":\"https:\/\/gobierno.udd.cl\/cics\/about\/grant\/#breadcrumb\",\"itemListElement\":[{\"@type\":\"ListItem\",\"position\":1,\"name\":\"Portada\",\"item\":\"https:\/\/gobierno.udd.cl\/cics\/\"},{\"@type\":\"ListItem\",\"position\":2,\"name\":\"ABOUT\",\"item\":\"https:\/\/gobierno.udd.cl\/cics\/about\/\"},{\"@type\":\"ListItem\",\"position\":3,\"name\":\"Grants\"}]},{\"@type\":\"WebSite\",\"@id\":\"https:\/\/gobierno.udd.cl\/cics\/#website\",\"url\":\"https:\/\/gobierno.udd.cl\/cics\/\",\"name\":\"Centro de Investigaci\u00f3n en Complejidad Social\",\"description\":\"Facultad de Gobierno - Universidad del Desarrollo\",\"inLanguage\":\"en-US\"}]}<\/script>\n<!-- \/ Yoast SEO plugin. -->","yoast_head_json":{"title":"Grants - Centro de Investigaci\u00f3n en Complejidad Social","robots":{"index":"index","follow":"follow","max-snippet":"max-snippet:-1","max-image-preview":"max-image-preview:large","max-video-preview":"max-video-preview:-1"},"canonical":"https:\/\/gobierno.udd.cl\/cics\/about\/grant\/","og_locale":"en_US","og_type":"article","og_title":"Grants - Centro de Investigaci\u00f3n en Complejidad Social","og_description":"Contest:\u00a0FONDEF IDeA\u00a0Applied Science Second Phase 2016 Institution: CONICYT Project:\u00a0Digital games platform to measure willingness to cooperate in school children Main Researcher:\u00a0Carlos Rodriguez-Sickert Period: 2016-2018 Contest: FONDECYT 2014 Initiation Competition Institution: CONICYT Project:\u00a0Cerebral processes during social decision-making: Disentangling the role of the temporal parietal junction Main Researcher: Pablo Billeke Period: 2015-2017 Contest: FONDECYT 2014 Regular Competition [&hellip;]","og_url":"https:\/\/gobierno.udd.cl\/cics\/about\/grant\/","og_site_name":"Centro de Investigaci\u00f3n en Complejidad Social","twitter_card":"summary_large_image","twitter_misc":{"Est. reading time":"2 minutes"},"schema":{"@context":"https:\/\/schema.org","@graph":[{"@type":"WebPage","@id":"https:\/\/gobierno.udd.cl\/cics\/about\/grant\/","url":"https:\/\/gobierno.udd.cl\/cics\/about\/grant\/","name":"Grants - Centro de Investigaci\u00f3n en Complejidad Social","isPartOf":{"@id":"https:\/\/gobierno.udd.cl\/cics\/#website"},"datePublished":"2012-07-27T20:47:00+00:00","breadcrumb":{"@id":"https:\/\/gobierno.udd.cl\/cics\/about\/grant\/#breadcrumb"},"inLanguage":"en-US","potentialAction":[{"@type":"ReadAction","target":["https:\/\/gobierno.udd.cl\/cics\/about\/grant\/"]}]},{"@type":"BreadcrumbList","@id":"https:\/\/gobierno.udd.cl\/cics\/about\/grant\/#breadcrumb","itemListElement":[{"@type":"ListItem","position":1,"name":"Portada","item":"https:\/\/gobierno.udd.cl\/cics\/"},{"@type":"ListItem","position":2,"name":"ABOUT","item":"https:\/\/gobierno.udd.cl\/cics\/about\/"},{"@type":"ListItem","position":3,"name":"Grants"}]},{"@type":"WebSite","@id":"https:\/\/gobierno.udd.cl\/cics\/#website","url":"https:\/\/gobierno.udd.cl\/cics\/","name":"Centro de Investigaci\u00f3n en Complejidad Social","description":"Facultad de Gobierno - Universidad del Desarrollo","inLanguage":"en-US"}]}},"_links":{"self":[{"href":"https:\/\/gobierno.udd.cl\/cics\/wp-json\/wp\/v2\/pages\/476","targetHints":{"allow":["GET"]}}],"collection":[{"href":"https:\/\/gobierno.udd.cl\/cics\/wp-json\/wp\/v2\/pages"}],"about":[{"href":"https:\/\/gobierno.udd.cl\/cics\/wp-json\/wp\/v2\/types\/page"}],"author":[{"embeddable":true,"href":"https:\/\/gobierno.udd.cl\/cics\/wp-json\/wp\/v2\/users\/9192217"}],"replies":[{"embeddable":true,"href":"https:\/\/gobierno.udd.cl\/cics\/wp-json\/wp\/v2\/comments?post=476"}],"version-history":[{"count":0,"href":"https:\/\/gobierno.udd.cl\/cics\/wp-json\/wp\/v2\/pages\/476\/revisions"}],"up":[{"embeddable":true,"href":"https:\/\/gobierno.udd.cl\/cics\/wp-json\/wp\/v2\/pages\/89"}],"wp:attachment":[{"href":"https:\/\/gobierno.udd.cl\/cics\/wp-json\/wp\/v2\/media?parent=476"}],"curies":[{"name":"wp","href":"https:\/\/api.w.org\/{rel}","templated":true}]}}