{"id":51,"date":"2026-01-06T18:58:33","date_gmt":"2026-01-06T17:58:33","guid":{"rendered":"https:\/\/gobierno.udd.cl\/catedra-sebastian-pinera\/?page_id=51"},"modified":"2026-01-20T11:28:18","modified_gmt":"2026-01-20T14:28:18","slug":"equipo-y-consejo-asesor","status":"publish","type":"page","link":"https:\/\/gobierno.udd.cl\/catedra-sebastian-pinera\/equipo-y-consejo-asesor\/","title":{"rendered":"Equipo y Consejo Asesor"},"content":{"rendered":"\n<p>El Consejo Asesor cumple, orienta y supervisa la C\u00e1tedra, resguardando su coherencia con<br>los valores y principios que guiaron la vida p\u00fablica del ex presidente Sebasti\u00e1n Pi\u00f1era,<br>mediante orientaci\u00f3n estrat\u00e9gica y experiencia. Sus integrantes, vinculados al ex<br>mandatario, sesionan al menos una vez al a\u00f1o y formulan recomendaciones registradas<br>para asegurar seguimiento de avances y acuerdos.<\/p>\n\n\n<div style=\"--udd-blocks-redux--cols: 4; --udd-blocks-redux--min-height: 25rem; --udd-blocks-redux--block-gap: var( --wp--preset--spacing--50 ); --items-vertical-align: flex-end; --mask-opacity: 0.5; min-height:25rem;\" class=\"wp-block-udd-blocks-redux-banners-multiples\" data-show-descriptions=\"hover\">\n\t<div class=\"udd-blocks-has-elements-in-columns\">\n\t\t<div style=\"background-position: 66% 48%;\" class=\"wp-block-udd-blocks-redux-banners-multiples-element\">\n\t<div class=\"udd-banner-multiple-element\" style=\"background-image: url(https:\/\/gobierno.udd.cl\/catedra-sebastian-pinera\/files\/2026\/01\/consejo-asesor-13-blanco-768x768.jpg);\">\n\t\t<span class=\"udd-banner-multiple-element__title\">\n\t\t\tFEDERICO VALD\u00c9S Lafontaine\t\t<\/span>\n\t\t\t\t<div class=\"udd-banner-multiple-element__description\">\n\t\t\tFundador y actual rector de la Universidad del Desarrollo.\t\t<\/div>\n\t\t\t\t\t<\/div>\n<\/div>\n<div style=\"background-position: 68% 51%;\" class=\"wp-block-udd-blocks-redux-banners-multiples-element\">\n\t<div class=\"udd-banner-multiple-element\" style=\"background-image: url(https:\/\/gobierno.udd.cl\/catedra-sebastian-pinera\/files\/2026\/01\/consejo-asesor-11-blanco-768x767.jpg);\">\n\t\t<span class=\"udd-banner-multiple-element__title\">\n\t\t\tERNESTO SILVA M\u00e9ndez\t\t<\/span>\n\t\t\t\t<div class=\"udd-banner-multiple-element__description\">\n\t\t\tProrrector de la Universidad del Desarrollo. Director Ejecutivo de Faro UDD.\t\t<\/div>\n\t\t\t\t\t<\/div>\n<\/div>\n<div style=\"background-position: 66% 51%;\" class=\"wp-block-udd-blocks-redux-banners-multiples-element\">\n\t<div class=\"udd-banner-multiple-element\" style=\"background-image: url(https:\/\/gobierno.udd.cl\/catedra-sebastian-pinera\/files\/2026\/01\/consejo-asesor-07-blanco-768x767.jpg);\">\n\t\t<span class=\"udd-banner-multiple-element__title\">\n\t\t\tCRISTI\u00c1N LARROULET Vignau\t\t<\/span>\n\t\t\t\t<div class=\"udd-banner-multiple-element__description\">\n\t\t\tFundador de la Universidad del Desarrollo. Profesor e Investigador de la Universidad del Desarrollo.\t\t<\/div>\n\t\t\t\t\t<\/div>\n<\/div>\n<div style=\"background-position: 66% 53%;\" class=\"wp-block-udd-blocks-redux-banners-multiples-element\">\n\t<div class=\"udd-banner-multiple-element\" style=\"background-image: url(https:\/\/gobierno.udd.cl\/catedra-sebastian-pinera\/files\/2026\/01\/consejo-asesor-19-blanco-768x767.jpg);\">\n\t\t<span class=\"udd-banner-multiple-element__title\">\n\t\t\tMAGDALENA PI\u00d1ERA MOREL\t\t<\/span>\n\t\t\t\t<div class=\"udd-banner-multiple-element__description\">\n\t\t\tPresidenta de la Fundaci\u00f3n Pi\u00f1era Morel. \t\t<\/div>\n\t\t\t\t\t<\/div>\n<\/div>\n<div style=\"background-position: 66% 55%;\" class=\"wp-block-udd-blocks-redux-banners-multiples-element\">\n\t<div class=\"udd-banner-multiple-element\" style=\"background-image: url(https:\/\/gobierno.udd.cl\/catedra-sebastian-pinera\/files\/2026\/01\/consejo-asesor-09-blanco-768x767.jpg);\">\n\t\t<span class=\"udd-banner-multiple-element__title\">\n\t\t\tEduardo frei ruiz-tagle\t\t<\/span>\n\t\t\t\t<div class=\"udd-banner-multiple-element__description\">\n\t\t\tExpresidente de la Rep\u00fablica de Chile. Consejero Titular de la Fundacion Chilena del Pac\u00edfico. \t\t<\/div>\n\t\t\t\t\t<\/div>\n<\/div>\n<div style=\"background-position: 66% 55%;\" class=\"wp-block-udd-blocks-redux-banners-multiples-element\">\n\t<div class=\"udd-banner-multiple-element\" style=\"background-image: url(https:\/\/gobierno.udd.cl\/catedra-sebastian-pinera\/files\/2026\/01\/consejo-asesor-01-blanco-768x767.jpg);\">\n\t\t<span class=\"udd-banner-multiple-element__title\">\n\t\t\tAlfredo moreno Charme\t\t<\/span>\n\t\t\t\t<div class=\"udd-banner-multiple-element__description\">\n\t\t\tPresidente del Consejo Chileno para las Relaciones Internacionales. Senior advisor de Brennan and Partners.\t\t<\/div>\n\t\t\t\t\t<\/div>\n<\/div>\n<div style=\"background-position: 50% 50%;\" class=\"wp-block-udd-blocks-redux-banners-multiples-element\">\n\t<div class=\"udd-banner-multiple-element\" style=\"background-image: url(https:\/\/gobierno.udd.cl\/catedra-sebastian-pinera\/files\/2026\/01\/consejo-asesor-21-blanco-768x768.jpg);\">\n\t\t<span class=\"udd-banner-multiple-element__title\">\n\t\t\tMar\u00eda margarita zuleta gonz\u00e1lez\t\t<\/span>\n\t\t\t\t<div class=\"udd-banner-multiple-element__description\">\n\t\t\tEx viceministra de Justicia y y profesora de la escuela de Gobierno de la Universidad de los Andes (Colombia).\t\t<\/div>\n\t\t\t\t\t<\/div>\n<\/div>\n<div style=\"background-position: 67% 53%;\" class=\"wp-block-udd-blocks-redux-banners-multiples-element\">\n\t<div class=\"udd-banner-multiple-element\" style=\"background-image: url(https:\/\/gobierno.udd.cl\/catedra-sebastian-pinera\/files\/2026\/01\/consejo-asesor-23-blanco-768x768.jpg);\">\n\t\t<span class=\"udd-banner-multiple-element__title\">\n\t\t\tpaula dazA Narbona\t\t<\/span>\n\t\t\t\t<div class=\"udd-banner-multiple-element__description\">\n\t\t\tDirectora Ejecutiva del Centro de Pol\u00edticas P\u00fablicas e Innovaci\u00f3n en Salud UDD (CIPS).\t\t<\/div>\n\t\t\t\t\t<\/div>\n<\/div>\n<div style=\"background-position: 66% 52%;\" class=\"wp-block-udd-blocks-redux-banners-multiples-element\">\n\t<div class=\"udd-banner-multiple-element\" style=\"background-image: url(https:\/\/gobierno.udd.cl\/catedra-sebastian-pinera\/files\/2026\/01\/consejo-asesor-17-blanco-768x767.jpg);\">\n\t\t<span class=\"udd-banner-multiple-element__title\">\n\t\t\tGerardo Bongiovanni\t\t<\/span>\n\t\t\t\t<div class=\"udd-banner-multiple-element__description\">\n\t\t\tFundador y presidente de la Fundaci\u00f3n Libertad y de la Red Libertad (Argentina). Director general de la Fundaci\u00f3n internacional para la Libertad (FIL).\t\t<\/div>\n\t\t\t\t\t<\/div>\n<\/div>\n<div style=\"background-position: 66% 49%;\" class=\"wp-block-udd-blocks-redux-banners-multiples-element\">\n\t<div class=\"udd-banner-multiple-element\" style=\"background-image: url(https:\/\/gobierno.udd.cl\/catedra-sebastian-pinera\/files\/2026\/01\/consejo-asesor-25-blanco-768x768.jpg);\">\n\t\t<span class=\"udd-banner-multiple-element__title\">\n\t\t\tpABLO tERRAZAS lAGOS\t\t<\/span>\n\t\t\t\t<div class=\"udd-banner-multiple-element__description\">\n\t\t\tAsesor de CAF &#8211; Banco de Desarrollo de Am\u00e9rica Latina y el Caribe.\t\t<\/div>\n\t\t\t\t\t<\/div>\n<\/div>\n<div style=\"background-position: 66% 53%;\" class=\"wp-block-udd-blocks-redux-banners-multiples-element\">\n\t<div class=\"udd-banner-multiple-element\" style=\"background-image: url(https:\/\/gobierno.udd.cl\/catedra-sebastian-pinera\/files\/2026\/01\/consejo-asesor-03-blanco-768x768.jpg);\">\n\t\t<span class=\"udd-banner-multiple-element__title\">\n\t\t\t\u00e1LVARO VARGAS lLOSA\t\t<\/span>\n\t\t\t\t<div class=\"udd-banner-multiple-element__description\">\n\t\t\t Presidente de la Fundaci\u00f3n Internacional para la Libertad (FIL).\t\t<\/div>\n\t\t\t\t\t<\/div>\n<\/div>\n<div style=\"background-position: 66% 49%;\" class=\"wp-block-udd-blocks-redux-banners-multiples-element\">\n\t<div class=\"udd-banner-multiple-element\" style=\"background-image: url(https:\/\/gobierno.udd.cl\/catedra-sebastian-pinera\/files\/2026\/01\/consejo-asesor-05-blanco-768x767.jpg);\">\n\t\t<span class=\"udd-banner-multiple-element__title\">\n\t\t\tCECILIA GUZM\u00c1N ossa\t\t<\/span>\n\t\t\t\t<div class=\"udd-banner-multiple-element__description\">\n\t\t\tSocia Fundadora de G-V.\t\t<\/div>\n\t\t\t\t\t<\/div>\n<\/div>\n<div style=\"background-position: 66% 52%;\" class=\"wp-block-udd-blocks-redux-banners-multiples-element\">\n\t<div class=\"udd-banner-multiple-element\" style=\"background-image: url(https:\/\/gobierno.udd.cl\/catedra-sebastian-pinera\/files\/2026\/01\/consejo-asesor-15-blanco-768x768.jpg);\">\n\t\t<span class=\"udd-banner-multiple-element__title\">\n\t\t\tGonzalo Blumel Mac-Iver\t\t<\/span>\n\t\t\t\t<div class=\"udd-banner-multiple-element__description\">\n\t\t\tMiembro del Directorio de Horizontal y Programa L\u00edderes para Chile.\t\t<\/div>\n\t\t\t\t\t<\/div>\n<\/div>\n\t<\/div>\n<\/div>\n","protected":false},"excerpt":{"rendered":"<p>El Consejo Asesor cumple, orienta y supervisa la C\u00e1tedra, resguardando su coherencia conlos valores y principios que guiaron la vida p\u00fablica del ex presidente Sebasti\u00e1n Pi\u00f1era,mediante orientaci\u00f3n estrat\u00e9gica y experiencia. Sus integrantes, vinculados al exmandatario, sesionan al menos una vez al a\u00f1o y formulan recomendaciones registradaspara asegurar seguimiento de avances y acuerdos.<\/p>\n","protected":false},"author":9192207,"featured_media":0,"parent":0,"menu_order":0,"comment_status":"closed","ping_status":"closed","template":"","meta":{"footnotes":""},"class_list":["post-51","page","type-page","status-publish","hentry"],"yoast_head":"<!-- This site is optimized with the Yoast SEO plugin v26.9 - https:\/\/yoast.com\/product\/yoast-seo-wordpress\/ -->\n<title>Equipo y Consejo Asesor - C\u00e1tedra Sebasti\u00e1n Pi\u00f1era<\/title>\n<meta name=\"description\" content=\"El Equipo y Consejo Asesor cumple, orienta y supervisa la C\u00e1tedra, resguardando su coherencia con los valores y principios que guiaron la vida p\u00fablica del ex presidente Sebasti\u00e1n Pi\u00f1era.\" \/>\n<meta name=\"robots\" content=\"index, follow, max-snippet:-1, max-image-preview:large, max-video-preview:-1\" \/>\n<link rel=\"canonical\" href=\"https:\/\/gobierno.udd.cl\/catedra-sebastian-pinera\/equipo-y-consejo-asesor\/\" \/>\n<meta property=\"og:locale\" content=\"es_ES\" \/>\n<meta property=\"og:type\" content=\"article\" \/>\n<meta property=\"og:title\" content=\"Equipo y Consejo Asesor - C\u00e1tedra Sebasti\u00e1n Pi\u00f1era\" \/>\n<meta property=\"og:description\" content=\"El Equipo y Consejo Asesor cumple, orienta y supervisa la C\u00e1tedra, resguardando su coherencia con los valores y principios que guiaron la vida p\u00fablica del ex presidente Sebasti\u00e1n Pi\u00f1era.\" \/>\n<meta property=\"og:url\" content=\"https:\/\/gobierno.udd.cl\/catedra-sebastian-pinera\/equipo-y-consejo-asesor\/\" \/>\n<meta property=\"og:site_name\" content=\"C\u00e1tedra Sebasti\u00e1n Pi\u00f1era\" \/>\n<meta property=\"article:modified_time\" content=\"2026-01-20T14:28:18+00:00\" \/>\n<meta name=\"twitter:card\" content=\"summary_large_image\" \/>\n<meta name=\"twitter:label1\" content=\"Tiempo de lectura\" \/>\n\t<meta name=\"twitter:data1\" content=\"1 minuto\" \/>\n<script type=\"application\/ld+json\" class=\"yoast-schema-graph\">{\"@context\":\"https:\/\/schema.org\",\"@graph\":[{\"@type\":\"WebPage\",\"@id\":\"https:\/\/gobierno.udd.cl\/catedra-sebastian-pinera\/equipo-y-consejo-asesor\/\",\"url\":\"https:\/\/gobierno.udd.cl\/catedra-sebastian-pinera\/equipo-y-consejo-asesor\/\",\"name\":\"Equipo y Consejo Asesor - C\u00e1tedra Sebasti\u00e1n Pi\u00f1era\",\"isPartOf\":{\"@id\":\"https:\/\/gobierno.udd.cl\/catedra-sebastian-pinera\/#website\"},\"datePublished\":\"2026-01-06T17:58:33+00:00\",\"dateModified\":\"2026-01-20T14:28:18+00:00\",\"description\":\"El Equipo y Consejo Asesor cumple, orienta y supervisa la C\u00e1tedra, resguardando su coherencia con los valores y principios que guiaron la vida p\u00fablica del ex presidente Sebasti\u00e1n Pi\u00f1era.\",\"breadcrumb\":{\"@id\":\"https:\/\/gobierno.udd.cl\/catedra-sebastian-pinera\/equipo-y-consejo-asesor\/#breadcrumb\"},\"inLanguage\":\"es\",\"potentialAction\":[{\"@type\":\"ReadAction\",\"target\":[\"https:\/\/gobierno.udd.cl\/catedra-sebastian-pinera\/equipo-y-consejo-asesor\/\"]}]},{\"@type\":\"BreadcrumbList\",\"@id\":\"https:\/\/gobierno.udd.cl\/catedra-sebastian-pinera\/equipo-y-consejo-asesor\/#breadcrumb\",\"itemListElement\":[{\"@type\":\"ListItem\",\"position\":1,\"name\":\"Portada\",\"item\":\"https:\/\/gobierno.udd.cl\/catedra-sebastian-pinera\/\"},{\"@type\":\"ListItem\",\"position\":2,\"name\":\"Equipo y Consejo Asesor\"}]},{\"@type\":\"WebSite\",\"@id\":\"https:\/\/gobierno.udd.cl\/catedra-sebastian-pinera\/#website\",\"url\":\"https:\/\/gobierno.udd.cl\/catedra-sebastian-pinera\/\",\"name\":\"C\u00e1tedra Sebasti\u00e1n Pi\u00f1era\",\"description\":\"Universidad del Desarrollo\",\"inLanguage\":\"es\"}]}<\/script>\n<!-- \/ Yoast SEO plugin. -->","yoast_head_json":{"title":"Equipo y Consejo Asesor - C\u00e1tedra Sebasti\u00e1n Pi\u00f1era","description":"El Equipo y Consejo Asesor cumple, orienta y supervisa la C\u00e1tedra, resguardando su coherencia con los valores y principios que guiaron la vida p\u00fablica del ex presidente Sebasti\u00e1n Pi\u00f1era.","robots":{"index":"index","follow":"follow","max-snippet":"max-snippet:-1","max-image-preview":"max-image-preview:large","max-video-preview":"max-video-preview:-1"},"canonical":"https:\/\/gobierno.udd.cl\/catedra-sebastian-pinera\/equipo-y-consejo-asesor\/","og_locale":"es_ES","og_type":"article","og_title":"Equipo y Consejo Asesor - C\u00e1tedra Sebasti\u00e1n Pi\u00f1era","og_description":"El Equipo y Consejo Asesor cumple, orienta y supervisa la C\u00e1tedra, resguardando su coherencia con los valores y principios que guiaron la vida p\u00fablica del ex presidente Sebasti\u00e1n Pi\u00f1era.","og_url":"https:\/\/gobierno.udd.cl\/catedra-sebastian-pinera\/equipo-y-consejo-asesor\/","og_site_name":"C\u00e1tedra Sebasti\u00e1n Pi\u00f1era","article_modified_time":"2026-01-20T14:28:18+00:00","twitter_card":"summary_large_image","twitter_misc":{"Tiempo de lectura":"1 minuto"},"schema":{"@context":"https:\/\/schema.org","@graph":[{"@type":"WebPage","@id":"https:\/\/gobierno.udd.cl\/catedra-sebastian-pinera\/equipo-y-consejo-asesor\/","url":"https:\/\/gobierno.udd.cl\/catedra-sebastian-pinera\/equipo-y-consejo-asesor\/","name":"Equipo y Consejo Asesor - C\u00e1tedra Sebasti\u00e1n Pi\u00f1era","isPartOf":{"@id":"https:\/\/gobierno.udd.cl\/catedra-sebastian-pinera\/#website"},"datePublished":"2026-01-06T17:58:33+00:00","dateModified":"2026-01-20T14:28:18+00:00","description":"El Equipo y Consejo Asesor cumple, orienta y supervisa la C\u00e1tedra, resguardando su coherencia con los valores y principios que guiaron la vida p\u00fablica del ex presidente Sebasti\u00e1n Pi\u00f1era.","breadcrumb":{"@id":"https:\/\/gobierno.udd.cl\/catedra-sebastian-pinera\/equipo-y-consejo-asesor\/#breadcrumb"},"inLanguage":"es","potentialAction":[{"@type":"ReadAction","target":["https:\/\/gobierno.udd.cl\/catedra-sebastian-pinera\/equipo-y-consejo-asesor\/"]}]},{"@type":"BreadcrumbList","@id":"https:\/\/gobierno.udd.cl\/catedra-sebastian-pinera\/equipo-y-consejo-asesor\/#breadcrumb","itemListElement":[{"@type":"ListItem","position":1,"name":"Portada","item":"https:\/\/gobierno.udd.cl\/catedra-sebastian-pinera\/"},{"@type":"ListItem","position":2,"name":"Equipo y Consejo Asesor"}]},{"@type":"WebSite","@id":"https:\/\/gobierno.udd.cl\/catedra-sebastian-pinera\/#website","url":"https:\/\/gobierno.udd.cl\/catedra-sebastian-pinera\/","name":"C\u00e1tedra Sebasti\u00e1n Pi\u00f1era","description":"Universidad del Desarrollo","inLanguage":"es"}]}},"_links":{"self":[{"href":"https:\/\/gobierno.udd.cl\/catedra-sebastian-pinera\/wp-json\/wp\/v2\/pages\/51","targetHints":{"allow":["GET"]}}],"collection":[{"href":"https:\/\/gobierno.udd.cl\/catedra-sebastian-pinera\/wp-json\/wp\/v2\/pages"}],"about":[{"href":"https:\/\/gobierno.udd.cl\/catedra-sebastian-pinera\/wp-json\/wp\/v2\/types\/page"}],"author":[{"embeddable":true,"href":"https:\/\/gobierno.udd.cl\/catedra-sebastian-pinera\/wp-json\/wp\/v2\/users\/9192207"}],"replies":[{"embeddable":true,"href":"https:\/\/gobierno.udd.cl\/catedra-sebastian-pinera\/wp-json\/wp\/v2\/comments?post=51"}],"version-history":[{"count":18,"href":"https:\/\/gobierno.udd.cl\/catedra-sebastian-pinera\/wp-json\/wp\/v2\/pages\/51\/revisions"}],"predecessor-version":[{"id":319,"href":"https:\/\/gobierno.udd.cl\/catedra-sebastian-pinera\/wp-json\/wp\/v2\/pages\/51\/revisions\/319"}],"wp:attachment":[{"href":"https:\/\/gobierno.udd.cl\/catedra-sebastian-pinera\/wp-json\/wp\/v2\/media?parent=51"}],"curies":[{"name":"wp","href":"https:\/\/api.w.org\/{rel}","templated":true}]}}