{"id":48,"date":"2026-01-06T18:56:50","date_gmt":"2026-01-06T17:56:50","guid":{"rendered":"https:\/\/gobierno.udd.cl\/catedra-sebastian-pinera\/?page_id=48"},"modified":"2026-01-22T18:03:14","modified_gmt":"2026-01-22T21:03:14","slug":"sobre-la-catedra","status":"publish","type":"page","link":"https:\/\/gobierno.udd.cl\/catedra-sebastian-pinera\/sobre-la-catedra\/","title":{"rendered":"Sobre la C\u00e1tedra"},"content":{"rendered":"\n<p>La repentina y tr\u00e1gica muerte del expresidente chileno Sebasti\u00e1n Pi\u00f1era Echenique, que tuvo lugar en febrero del a\u00f1o 2024, motiv\u00f3 una profunda reflexi\u00f3n sobre su legado. En dicho contexto, la Facultad de Gobierno de la Universidad del Desarrollo en alianza con el Banco de Desarrollo de Am\u00e9rica Latina y el Caribe, crearon una C\u00e1tedra Universitaria que promueva los valores democr\u00e1ticos, el perfeccionamiento de la gesti\u00f3n p\u00fablica a trav\u00e9s de la rendici\u00f3n de cuentas, el adecuado manejo de las emergencias, el fortalecimiento de las instituciones p\u00fablicas, y la gobernanza. Su creaci\u00f3n es necesaria por la creciente p\u00e9rdida de adhesi\u00f3n ciudadana respecto a la democracia y por el deterioro que se observa en las instituciones democr\u00e1ticas de diversos pa\u00edses de la regi\u00f3n.<br><br>PILARES:<\/p>\n\n\n\n<p>1. Defensa de la Democracia<\/p>\n\n\n\n<p>2. Manejo de Emergencias<\/p>\n\n\n\n<p>3. Liderazgo y Gesti\u00f3n P\u00fablica<\/p>\n\n\n\n<p>4. Cooperaci\u00f3n Internacional<\/p>\n\n\n\n<p>5. Infraestructura para el Desarrollo Habilitante<br><\/p>\n\n\n\n<p><br>OFERTA ACAD\u00c9MICA:<\/p>\n\n\n\n<p>Formaci\u00f3n Acad\u00e9mica<br>Investigaci\u00f3n Aplicada<br>Difusi\u00f3n y Debate P\u00fablico<br>Vinculaci\u00f3n Internacional<\/p>\n","protected":false},"excerpt":{"rendered":"<p>La repentina y tr\u00e1gica muerte del expresidente chileno Sebasti\u00e1n Pi\u00f1era Echenique, que tuvo lugar en febrero del a\u00f1o 2024, motiv\u00f3 una profunda reflexi\u00f3n sobre su legado. En dicho contexto, la Facultad de Gobierno de la Universidad del Desarrollo en alianza con el Banco de Desarrollo de Am\u00e9rica Latina y el Caribe, crearon una C\u00e1tedra Universitaria [&hellip;]<\/p>\n","protected":false},"author":9192207,"featured_media":0,"parent":0,"menu_order":0,"comment_status":"closed","ping_status":"closed","template":"","meta":{"footnotes":""},"class_list":["post-48","page","type-page","status-publish","hentry"],"yoast_head":"<!-- This site is optimized with the Yoast SEO plugin v26.9 - https:\/\/yoast.com\/product\/yoast-seo-wordpress\/ -->\n<title>Sobre la C\u00e1tedra - C\u00e1tedra Sebasti\u00e1n Pi\u00f1era<\/title>\n<meta name=\"description\" content=\"La Facultad de Gobierno de la Universidad del Desarrollo en alianza con el Banco de Desarrollo de Am\u00e9rica Latina y el Caribe, crean la C\u00e1tedra Universitaria Sebasti\u00e1n Pi\u00f1era Echenique.\" \/>\n<meta name=\"robots\" content=\"index, follow, max-snippet:-1, max-image-preview:large, max-video-preview:-1\" \/>\n<link rel=\"canonical\" href=\"https:\/\/gobierno.udd.cl\/catedra-sebastian-pinera\/sobre-la-catedra\/\" \/>\n<meta property=\"og:locale\" content=\"es_ES\" \/>\n<meta property=\"og:type\" content=\"article\" \/>\n<meta property=\"og:title\" content=\"Sobre la C\u00e1tedra - C\u00e1tedra Sebasti\u00e1n Pi\u00f1era\" \/>\n<meta property=\"og:description\" content=\"La Facultad de Gobierno de la Universidad del Desarrollo en alianza con el Banco de Desarrollo de Am\u00e9rica Latina y el Caribe, crean la C\u00e1tedra Universitaria Sebasti\u00e1n Pi\u00f1era Echenique.\" \/>\n<meta property=\"og:url\" content=\"https:\/\/gobierno.udd.cl\/catedra-sebastian-pinera\/sobre-la-catedra\/\" \/>\n<meta property=\"og:site_name\" content=\"C\u00e1tedra Sebasti\u00e1n Pi\u00f1era\" \/>\n<meta property=\"article:modified_time\" content=\"2026-01-22T21:03:14+00:00\" \/>\n<meta name=\"twitter:card\" content=\"summary_large_image\" \/>\n<meta name=\"twitter:label1\" content=\"Tiempo de lectura\" \/>\n\t<meta name=\"twitter:data1\" content=\"1 minuto\" \/>\n<script type=\"application\/ld+json\" class=\"yoast-schema-graph\">{\"@context\":\"https:\/\/schema.org\",\"@graph\":[{\"@type\":\"WebPage\",\"@id\":\"https:\/\/gobierno.udd.cl\/catedra-sebastian-pinera\/sobre-la-catedra\/\",\"url\":\"https:\/\/gobierno.udd.cl\/catedra-sebastian-pinera\/sobre-la-catedra\/\",\"name\":\"Sobre la C\u00e1tedra - C\u00e1tedra Sebasti\u00e1n Pi\u00f1era\",\"isPartOf\":{\"@id\":\"https:\/\/gobierno.udd.cl\/catedra-sebastian-pinera\/#website\"},\"datePublished\":\"2026-01-06T17:56:50+00:00\",\"dateModified\":\"2026-01-22T21:03:14+00:00\",\"description\":\"La Facultad de Gobierno de la Universidad del Desarrollo en alianza con el Banco de Desarrollo de Am\u00e9rica Latina y el Caribe, crean la C\u00e1tedra Universitaria Sebasti\u00e1n Pi\u00f1era Echenique.\",\"breadcrumb\":{\"@id\":\"https:\/\/gobierno.udd.cl\/catedra-sebastian-pinera\/sobre-la-catedra\/#breadcrumb\"},\"inLanguage\":\"es\",\"potentialAction\":[{\"@type\":\"ReadAction\",\"target\":[\"https:\/\/gobierno.udd.cl\/catedra-sebastian-pinera\/sobre-la-catedra\/\"]}]},{\"@type\":\"BreadcrumbList\",\"@id\":\"https:\/\/gobierno.udd.cl\/catedra-sebastian-pinera\/sobre-la-catedra\/#breadcrumb\",\"itemListElement\":[{\"@type\":\"ListItem\",\"position\":1,\"name\":\"Portada\",\"item\":\"https:\/\/gobierno.udd.cl\/catedra-sebastian-pinera\/\"},{\"@type\":\"ListItem\",\"position\":2,\"name\":\"Sobre la C\u00e1tedra\"}]},{\"@type\":\"WebSite\",\"@id\":\"https:\/\/gobierno.udd.cl\/catedra-sebastian-pinera\/#website\",\"url\":\"https:\/\/gobierno.udd.cl\/catedra-sebastian-pinera\/\",\"name\":\"C\u00e1tedra Sebasti\u00e1n Pi\u00f1era\",\"description\":\"Universidad del Desarrollo\",\"inLanguage\":\"es\"}]}<\/script>\n<!-- \/ Yoast SEO plugin. -->","yoast_head_json":{"title":"Sobre la C\u00e1tedra - C\u00e1tedra Sebasti\u00e1n Pi\u00f1era","description":"La Facultad de Gobierno de la Universidad del Desarrollo en alianza con el Banco de Desarrollo de Am\u00e9rica Latina y el Caribe, crean la C\u00e1tedra Universitaria Sebasti\u00e1n Pi\u00f1era Echenique.","robots":{"index":"index","follow":"follow","max-snippet":"max-snippet:-1","max-image-preview":"max-image-preview:large","max-video-preview":"max-video-preview:-1"},"canonical":"https:\/\/gobierno.udd.cl\/catedra-sebastian-pinera\/sobre-la-catedra\/","og_locale":"es_ES","og_type":"article","og_title":"Sobre la C\u00e1tedra - C\u00e1tedra Sebasti\u00e1n Pi\u00f1era","og_description":"La Facultad de Gobierno de la Universidad del Desarrollo en alianza con el Banco de Desarrollo de Am\u00e9rica Latina y el Caribe, crean la C\u00e1tedra Universitaria Sebasti\u00e1n Pi\u00f1era Echenique.","og_url":"https:\/\/gobierno.udd.cl\/catedra-sebastian-pinera\/sobre-la-catedra\/","og_site_name":"C\u00e1tedra Sebasti\u00e1n Pi\u00f1era","article_modified_time":"2026-01-22T21:03:14+00:00","twitter_card":"summary_large_image","twitter_misc":{"Tiempo de lectura":"1 minuto"},"schema":{"@context":"https:\/\/schema.org","@graph":[{"@type":"WebPage","@id":"https:\/\/gobierno.udd.cl\/catedra-sebastian-pinera\/sobre-la-catedra\/","url":"https:\/\/gobierno.udd.cl\/catedra-sebastian-pinera\/sobre-la-catedra\/","name":"Sobre la C\u00e1tedra - C\u00e1tedra Sebasti\u00e1n Pi\u00f1era","isPartOf":{"@id":"https:\/\/gobierno.udd.cl\/catedra-sebastian-pinera\/#website"},"datePublished":"2026-01-06T17:56:50+00:00","dateModified":"2026-01-22T21:03:14+00:00","description":"La Facultad de Gobierno de la Universidad del Desarrollo en alianza con el Banco de Desarrollo de Am\u00e9rica Latina y el Caribe, crean la C\u00e1tedra Universitaria Sebasti\u00e1n Pi\u00f1era Echenique.","breadcrumb":{"@id":"https:\/\/gobierno.udd.cl\/catedra-sebastian-pinera\/sobre-la-catedra\/#breadcrumb"},"inLanguage":"es","potentialAction":[{"@type":"ReadAction","target":["https:\/\/gobierno.udd.cl\/catedra-sebastian-pinera\/sobre-la-catedra\/"]}]},{"@type":"BreadcrumbList","@id":"https:\/\/gobierno.udd.cl\/catedra-sebastian-pinera\/sobre-la-catedra\/#breadcrumb","itemListElement":[{"@type":"ListItem","position":1,"name":"Portada","item":"https:\/\/gobierno.udd.cl\/catedra-sebastian-pinera\/"},{"@type":"ListItem","position":2,"name":"Sobre la C\u00e1tedra"}]},{"@type":"WebSite","@id":"https:\/\/gobierno.udd.cl\/catedra-sebastian-pinera\/#website","url":"https:\/\/gobierno.udd.cl\/catedra-sebastian-pinera\/","name":"C\u00e1tedra Sebasti\u00e1n Pi\u00f1era","description":"Universidad del Desarrollo","inLanguage":"es"}]}},"_links":{"self":[{"href":"https:\/\/gobierno.udd.cl\/catedra-sebastian-pinera\/wp-json\/wp\/v2\/pages\/48","targetHints":{"allow":["GET"]}}],"collection":[{"href":"https:\/\/gobierno.udd.cl\/catedra-sebastian-pinera\/wp-json\/wp\/v2\/pages"}],"about":[{"href":"https:\/\/gobierno.udd.cl\/catedra-sebastian-pinera\/wp-json\/wp\/v2\/types\/page"}],"author":[{"embeddable":true,"href":"https:\/\/gobierno.udd.cl\/catedra-sebastian-pinera\/wp-json\/wp\/v2\/users\/9192207"}],"replies":[{"embeddable":true,"href":"https:\/\/gobierno.udd.cl\/catedra-sebastian-pinera\/wp-json\/wp\/v2\/comments?post=48"}],"version-history":[{"count":8,"href":"https:\/\/gobierno.udd.cl\/catedra-sebastian-pinera\/wp-json\/wp\/v2\/pages\/48\/revisions"}],"predecessor-version":[{"id":485,"href":"https:\/\/gobierno.udd.cl\/catedra-sebastian-pinera\/wp-json\/wp\/v2\/pages\/48\/revisions\/485"}],"wp:attachment":[{"href":"https:\/\/gobierno.udd.cl\/catedra-sebastian-pinera\/wp-json\/wp\/v2\/media?parent=48"}],"curies":[{"name":"wp","href":"https:\/\/api.w.org\/{rel}","templated":true}]}}