{"id":478,"date":"2026-01-21T12:59:07","date_gmt":"2026-01-21T15:59:07","guid":{"rendered":"https:\/\/gobierno.udd.cl\/catedra-sebastian-pinera\/?page_id=478"},"modified":"2026-01-21T13:18:46","modified_gmt":"2026-01-21T16:18:46","slug":"preguntas-y-respuestas","status":"publish","type":"page","link":"https:\/\/gobierno.udd.cl\/catedra-sebastian-pinera\/preguntas-y-respuestas\/","title":{"rendered":"Preguntas y Respuestas"},"content":{"rendered":"\n<p><strong>\u00bfQui\u00e9nes pueden asistir al lanzamiento de la C\u00e1tedra?<\/strong><br>El lanzamiento est\u00e1 abierto a todo p\u00fablico.<\/p>\n\n\n\n<p><strong>\u00bfHabr\u00e1 acceso a estacionamiento?<\/strong><br>S\u00ed. El acceso al estacionamiento es por la calle Rep\u00fablica de Honduras.<\/p>\n\n\n\n<p><strong>\u00bfD\u00f3nde ser\u00e1 el lanzamiento?<\/strong><br>En Avenida Plaza 680, Universidad del Desarrollo (Aula Magna).<\/p>\n\n\n\n<p><strong>\u00bfDebo recibir confirmaci\u00f3n despu\u00e9s de completar el formulario?<\/strong><br>No. Al completar el formulario la inscripci\u00f3n queda registrada.<\/p>\n\n\n\n<p><strong>\u00bfQu\u00e9 es la C\u00e1tedra?<\/strong><br>La c\u00e1tedra est\u00e1 alojada en la Facultad de Gobierno de la Universidad del Desarrollo y tiene agendada una serie de actividades para consolidar un dise\u00f1o de c\u00e1tedra innovadora que busca desarrollar, clases magistrales, seminarios, investigaciones y publicaciones por medio del acceso a los archivos del Presidente Pi\u00f1era.<\/p>\n","protected":false},"excerpt":{"rendered":"<p>\u00bfQui\u00e9nes pueden asistir al lanzamiento de la C\u00e1tedra?El lanzamiento est\u00e1 abierto a todo p\u00fablico. \u00bfHabr\u00e1 acceso a estacionamiento?S\u00ed. El acceso al estacionamiento es por la calle Rep\u00fablica de Honduras. \u00bfD\u00f3nde ser\u00e1 el lanzamiento?En Avenida Plaza 680, Universidad del Desarrollo (Aula Magna). \u00bfDebo recibir confirmaci\u00f3n despu\u00e9s de completar el formulario?No. Al completar el formulario la inscripci\u00f3n [&hellip;]<\/p>\n","protected":false},"author":9192207,"featured_media":0,"parent":0,"menu_order":0,"comment_status":"closed","ping_status":"closed","template":"","meta":{"footnotes":""},"class_list":["post-478","page","type-page","status-publish","hentry"],"yoast_head":"<!-- This site is optimized with the Yoast SEO plugin v26.9 - https:\/\/yoast.com\/product\/yoast-seo-wordpress\/ -->\n<title>Preguntas y Respuestas - C\u00e1tedra Sebasti\u00e1n Pi\u00f1era<\/title>\n<meta name=\"description\" content=\"\u00bfQu\u00e9 es la C\u00e1tedra? Qui\u00e9nes pueden asistir al lanzamiento de la C\u00e1tedra?\" \/>\n<meta name=\"robots\" content=\"index, follow, max-snippet:-1, max-image-preview:large, max-video-preview:-1\" \/>\n<link rel=\"canonical\" href=\"https:\/\/gobierno.udd.cl\/catedra-sebastian-pinera\/preguntas-y-respuestas\/\" \/>\n<meta property=\"og:locale\" content=\"es_ES\" \/>\n<meta property=\"og:type\" content=\"article\" \/>\n<meta property=\"og:title\" content=\"Preguntas y Respuestas - C\u00e1tedra Sebasti\u00e1n Pi\u00f1era\" \/>\n<meta property=\"og:description\" content=\"\u00bfQu\u00e9 es la C\u00e1tedra? Qui\u00e9nes pueden asistir al lanzamiento de la C\u00e1tedra?\" \/>\n<meta property=\"og:url\" content=\"https:\/\/gobierno.udd.cl\/catedra-sebastian-pinera\/preguntas-y-respuestas\/\" \/>\n<meta property=\"og:site_name\" content=\"C\u00e1tedra Sebasti\u00e1n Pi\u00f1era\" \/>\n<meta property=\"article:modified_time\" content=\"2026-01-21T16:18:46+00:00\" \/>\n<meta name=\"twitter:card\" content=\"summary_large_image\" \/>\n<meta name=\"twitter:label1\" content=\"Tiempo de lectura\" \/>\n\t<meta name=\"twitter:data1\" content=\"1 minuto\" \/>\n<script type=\"application\/ld+json\" class=\"yoast-schema-graph\">{\"@context\":\"https:\/\/schema.org\",\"@graph\":[{\"@type\":\"WebPage\",\"@id\":\"https:\/\/gobierno.udd.cl\/catedra-sebastian-pinera\/preguntas-y-respuestas\/\",\"url\":\"https:\/\/gobierno.udd.cl\/catedra-sebastian-pinera\/preguntas-y-respuestas\/\",\"name\":\"Preguntas y Respuestas - C\u00e1tedra Sebasti\u00e1n Pi\u00f1era\",\"isPartOf\":{\"@id\":\"https:\/\/gobierno.udd.cl\/catedra-sebastian-pinera\/#website\"},\"datePublished\":\"2026-01-21T15:59:07+00:00\",\"dateModified\":\"2026-01-21T16:18:46+00:00\",\"description\":\"\u00bfQu\u00e9 es la C\u00e1tedra? Qui\u00e9nes pueden asistir al lanzamiento de la C\u00e1tedra?\",\"breadcrumb\":{\"@id\":\"https:\/\/gobierno.udd.cl\/catedra-sebastian-pinera\/preguntas-y-respuestas\/#breadcrumb\"},\"inLanguage\":\"es\",\"potentialAction\":[{\"@type\":\"ReadAction\",\"target\":[\"https:\/\/gobierno.udd.cl\/catedra-sebastian-pinera\/preguntas-y-respuestas\/\"]}]},{\"@type\":\"BreadcrumbList\",\"@id\":\"https:\/\/gobierno.udd.cl\/catedra-sebastian-pinera\/preguntas-y-respuestas\/#breadcrumb\",\"itemListElement\":[{\"@type\":\"ListItem\",\"position\":1,\"name\":\"Portada\",\"item\":\"https:\/\/gobierno.udd.cl\/catedra-sebastian-pinera\/\"},{\"@type\":\"ListItem\",\"position\":2,\"name\":\"Preguntas y Respuestas\"}]},{\"@type\":\"WebSite\",\"@id\":\"https:\/\/gobierno.udd.cl\/catedra-sebastian-pinera\/#website\",\"url\":\"https:\/\/gobierno.udd.cl\/catedra-sebastian-pinera\/\",\"name\":\"C\u00e1tedra Sebasti\u00e1n Pi\u00f1era\",\"description\":\"Universidad del Desarrollo\",\"inLanguage\":\"es\"}]}<\/script>\n<!-- \/ Yoast SEO plugin. -->","yoast_head_json":{"title":"Preguntas y Respuestas - C\u00e1tedra Sebasti\u00e1n Pi\u00f1era","description":"\u00bfQu\u00e9 es la C\u00e1tedra? Qui\u00e9nes pueden asistir al lanzamiento de la C\u00e1tedra?","robots":{"index":"index","follow":"follow","max-snippet":"max-snippet:-1","max-image-preview":"max-image-preview:large","max-video-preview":"max-video-preview:-1"},"canonical":"https:\/\/gobierno.udd.cl\/catedra-sebastian-pinera\/preguntas-y-respuestas\/","og_locale":"es_ES","og_type":"article","og_title":"Preguntas y Respuestas - C\u00e1tedra Sebasti\u00e1n Pi\u00f1era","og_description":"\u00bfQu\u00e9 es la C\u00e1tedra? Qui\u00e9nes pueden asistir al lanzamiento de la C\u00e1tedra?","og_url":"https:\/\/gobierno.udd.cl\/catedra-sebastian-pinera\/preguntas-y-respuestas\/","og_site_name":"C\u00e1tedra Sebasti\u00e1n Pi\u00f1era","article_modified_time":"2026-01-21T16:18:46+00:00","twitter_card":"summary_large_image","twitter_misc":{"Tiempo de lectura":"1 minuto"},"schema":{"@context":"https:\/\/schema.org","@graph":[{"@type":"WebPage","@id":"https:\/\/gobierno.udd.cl\/catedra-sebastian-pinera\/preguntas-y-respuestas\/","url":"https:\/\/gobierno.udd.cl\/catedra-sebastian-pinera\/preguntas-y-respuestas\/","name":"Preguntas y Respuestas - C\u00e1tedra Sebasti\u00e1n Pi\u00f1era","isPartOf":{"@id":"https:\/\/gobierno.udd.cl\/catedra-sebastian-pinera\/#website"},"datePublished":"2026-01-21T15:59:07+00:00","dateModified":"2026-01-21T16:18:46+00:00","description":"\u00bfQu\u00e9 es la C\u00e1tedra? Qui\u00e9nes pueden asistir al lanzamiento de la C\u00e1tedra?","breadcrumb":{"@id":"https:\/\/gobierno.udd.cl\/catedra-sebastian-pinera\/preguntas-y-respuestas\/#breadcrumb"},"inLanguage":"es","potentialAction":[{"@type":"ReadAction","target":["https:\/\/gobierno.udd.cl\/catedra-sebastian-pinera\/preguntas-y-respuestas\/"]}]},{"@type":"BreadcrumbList","@id":"https:\/\/gobierno.udd.cl\/catedra-sebastian-pinera\/preguntas-y-respuestas\/#breadcrumb","itemListElement":[{"@type":"ListItem","position":1,"name":"Portada","item":"https:\/\/gobierno.udd.cl\/catedra-sebastian-pinera\/"},{"@type":"ListItem","position":2,"name":"Preguntas y Respuestas"}]},{"@type":"WebSite","@id":"https:\/\/gobierno.udd.cl\/catedra-sebastian-pinera\/#website","url":"https:\/\/gobierno.udd.cl\/catedra-sebastian-pinera\/","name":"C\u00e1tedra Sebasti\u00e1n Pi\u00f1era","description":"Universidad del Desarrollo","inLanguage":"es"}]}},"_links":{"self":[{"href":"https:\/\/gobierno.udd.cl\/catedra-sebastian-pinera\/wp-json\/wp\/v2\/pages\/478","targetHints":{"allow":["GET"]}}],"collection":[{"href":"https:\/\/gobierno.udd.cl\/catedra-sebastian-pinera\/wp-json\/wp\/v2\/pages"}],"about":[{"href":"https:\/\/gobierno.udd.cl\/catedra-sebastian-pinera\/wp-json\/wp\/v2\/types\/page"}],"author":[{"embeddable":true,"href":"https:\/\/gobierno.udd.cl\/catedra-sebastian-pinera\/wp-json\/wp\/v2\/users\/9192207"}],"replies":[{"embeddable":true,"href":"https:\/\/gobierno.udd.cl\/catedra-sebastian-pinera\/wp-json\/wp\/v2\/comments?post=478"}],"version-history":[{"count":1,"href":"https:\/\/gobierno.udd.cl\/catedra-sebastian-pinera\/wp-json\/wp\/v2\/pages\/478\/revisions"}],"predecessor-version":[{"id":479,"href":"https:\/\/gobierno.udd.cl\/catedra-sebastian-pinera\/wp-json\/wp\/v2\/pages\/478\/revisions\/479"}],"wp:attachment":[{"href":"https:\/\/gobierno.udd.cl\/catedra-sebastian-pinera\/wp-json\/wp\/v2\/media?parent=478"}],"curies":[{"name":"wp","href":"https:\/\/api.w.org\/{rel}","templated":true}]}}